{"id":821,"date":"2017-11-03T09:01:07","date_gmt":"2017-11-03T09:01:07","guid":{"rendered":"http:\/\/websource.co\/qayn\/en\/qayn-annual-report-2013\/"},"modified":"2017-12-14T06:14:34","modified_gmt":"2017-12-14T06:14:34","slug":"annual-report-2013","status":"publish","type":"page","link":"https:\/\/qayn.org\/en\/annual-report-2013\/","title":{"rendered":"Annual Report 2013"},"content":{"rendered":"<div class=\"wpb-content-wrapper\"><p>[vc_row css_animation=&#8221;&#8221; row_type=&#8221;row&#8221; use_row_as_full_screen_section=&#8221;no&#8221; type=&#8221;grid&#8221; angled_section=&#8221;no&#8221; text_align=&#8221;left&#8221; background_image_as_pattern=&#8221;without_pattern&#8221; padding_top=&#8221;50&#8243; padding_bottom=&#8221;50&#8243; el_class=&#8221;single_report_wrapper&#8221;][vc_column][vc_column_text]<\/p>\n<div class=\"wpb_text_column wpb_content_element \">\n<div class=\"wpb_wrapper\">\n<div class=\"wpb_text_column wpb_content_element \">\n<div class=\"wpb_wrapper\">\n<p>Nous avons plac\u00e9 l\u2019ann\u00e9e 2013 sous le signe de la visibilit\u00e9 croissante car le r\u00e9seau a men\u00e9 nombres d\u2019activit\u00e9s pour continuer d\u2019asseoir son importance pour les communaut\u00e9s LGBTQ d\u2019Afrique de l\u2019Ouest et du Cameroun. L\u2019ann\u00e9e a \u00e9t\u00e9 marqu\u00e9e essentiellement par des activit\u00e9s de rencontre de nos communaut\u00e9s, la documentation pour accompagner notre plaidoyer, mais surtout l\u2019occupation de plateformes de revendication des droits humains.<\/p>\n<\/div>\n<\/div>\n<\/div>\n<\/div>\n<div class=\"vc_row wpb_row section vc_row-fluid vc_inner \"><\/div>\n<p>[\/vc_column_text][vc_row_inner row_type=&#8221;row&#8221; type=&#8221;full_width&#8221; text_align=&#8221;center&#8221; padding_top=&#8221;10&#8243; padding_bottom=&#8221;30&#8243; css_animation=&#8221;&#8221;][vc_column_inner][vc_column_text]<\/p>\n<p style=\"text-align: center;\"><a class=\"fancybox-inline qbutton large center enlarge\" style=\"color: #ffffff; border-color: #eb7e2b; background-color: #eb7e2b; padding-left: 29px; padding-right: 29px;\" href=\"#contact_form_pop\" data-hover-background-color=\"#eb7e2b\" data-hover-border-color=\"#eb7e2b\" data-hover-color=\"#ffffff\">DOWNLOAD<\/a><\/p>\n<div class=\"fancybox-hidden\" style=\"display: none;\">\n<div id=\"contact_form_pop\" class=\"hentry popup_form_wapper\" style=\"width: 460px; max-width: 100%; text-align: center;\">\n<h3>Download Now!<\/h3>\n\n<div class=\"wpcf7 no-js\" id=\"wpcf7-f1249-o1\" lang=\"fr-FR\" dir=\"ltr\" data-wpcf7-id=\"1249\">\n<div class=\"screen-reader-response\"><p role=\"status\" aria-live=\"polite\" aria-atomic=\"true\"><\/p> <ul><\/ul><\/div>\n<form action=\"\/en\/wp-json\/wp\/v2\/pages\/821#wpcf7-f1249-o1\" method=\"post\" class=\"wpcf7-form init\" aria-label=\"Formulaire de contact\" novalidate=\"novalidate\" data-status=\"init\">\n<fieldset class=\"hidden-fields-container\"><input type=\"hidden\" name=\"_wpcf7\" value=\"1249\" \/><input type=\"hidden\" name=\"_wpcf7_version\" value=\"6.1.5\" \/><input type=\"hidden\" name=\"_wpcf7_locale\" value=\"fr_FR\" \/><input type=\"hidden\" name=\"_wpcf7_unit_tag\" value=\"wpcf7-f1249-o1\" \/><input type=\"hidden\" name=\"_wpcf7_container_post\" value=\"0\" \/><input type=\"hidden\" name=\"_wpcf7_posted_data_hash\" value=\"\" \/>\n<\/fieldset>\n<p><label> <span class=\"wpcf7-form-control-wrap\" data-name=\"your-name\"><input size=\"40\" maxlength=\"400\" class=\"wpcf7-form-control wpcf7-text wpcf7-validates-as-required\" aria-required=\"true\" aria-invalid=\"false\" placeholder=\"Name\" value=\"\" type=\"text\" name=\"your-name\" \/><\/span> <\/label>\n<\/p>\n<p><label> <span class=\"wpcf7-form-control-wrap\" data-name=\"your-email\"><input size=\"40\" maxlength=\"400\" class=\"wpcf7-form-control wpcf7-email wpcf7-validates-as-required wpcf7-text wpcf7-validates-as-email\" aria-required=\"true\" aria-invalid=\"false\" placeholder=\"Email\" value=\"\" type=\"email\" name=\"your-email\" \/><\/span> <\/label>\n<\/p>\n<p><label> <span class=\"wpcf7-form-control-wrap\" data-name=\"text-912\"><input size=\"40\" maxlength=\"400\" class=\"wpcf7-form-control wpcf7-text wpcf7-validates-as-required\" aria-required=\"true\" aria-invalid=\"false\" placeholder=\"Country\" value=\"\" type=\"text\" name=\"text-912\" \/><\/span> <\/label>\n<\/p>\n<p><label> <span class=\"wpcf7-form-control-wrap\" data-name=\"text-913\"><input size=\"40\" maxlength=\"400\" class=\"wpcf7-form-control wpcf7-text wpcf7-validates-as-required\" aria-required=\"true\" aria-invalid=\"false\" placeholder=\"Affiliation\/Organization\" value=\"\" type=\"text\" name=\"text-913\" \/><\/span> <\/label>\n<\/p>\n<p><input class=\"wpcf7-form-control wpcf7-submit has-spinner\" type=\"submit\" value=\"Download\" \/>\n<\/p><div class=\"wpcf7-response-output\" aria-hidden=\"true\"><\/div>\n<\/form>\n<\/div>\n\n<\/div>\n<\/div>\n<p>[\/vc_column_text][\/vc_column_inner][\/vc_row_inner][vc_row_inner row_type=&#8221;row&#8221; type=&#8221;full_width&#8221; text_align=&#8221;center&#8221; padding_top=&#8221;10&#8243; css_animation=&#8221;&#8221;][vc_column_inner]<a  itemprop=\"url\" href=\"http:\/\/qayn.org\/en\/annual-reports\/\" target=\"_self\" data-hover-background-color=#eb7e2b data-hover-border-color=#eb7e2b data-hover-color=#ffffff class=\"qbutton  large center enlarge\" style=\"color: #ffffff; border-color: #eb7e2b; background-color: #eb7e2b;\">Return to Annual Reports<\/a>[\/vc_column_inner][\/vc_row_inner][\/vc_column][\/vc_row]<\/p>\n<\/div>","protected":false},"excerpt":{"rendered":"<p>[vc_row css_animation=&#8221;&#8221; row_type=&#8221;row&#8221; use_row_as_full_screen_section=&#8221;no&#8221; type=&#8221;grid&#8221; angled_section=&#8221;no&#8221; text_align=&#8221;left&#8221; background_image_as_pattern=&#8221;without_pattern&#8221; padding_top=&#8221;50&#8243; padding_bottom=&#8221;50&#8243; el_class=&#8221;single_report_wrapper&#8221;][vc_column][vc_column_text] Nous avons plac\u00e9 l\u2019ann\u00e9e 2013 sous le signe de la visibilit\u00e9 croissante car le r\u00e9seau a men\u00e9 nombres d\u2019activit\u00e9s&#8230;<\/p>\n","protected":false},"author":1,"featured_media":0,"parent":0,"menu_order":0,"comment_status":"closed","ping_status":"closed","template":"full_width.php","meta":{"rs_blank_template":"","rs_page_bg_color":"","slide_template_v7":"","footnotes":""},"class_list":["post-821","page","type-page","status-publish","hentry"],"_links":{"self":[{"href":"https:\/\/qayn.org\/en\/wp-json\/wp\/v2\/pages\/821","targetHints":{"allow":["GET"]}}],"collection":[{"href":"https:\/\/qayn.org\/en\/wp-json\/wp\/v2\/pages"}],"about":[{"href":"https:\/\/qayn.org\/en\/wp-json\/wp\/v2\/types\/page"}],"author":[{"embeddable":true,"href":"https:\/\/qayn.org\/en\/wp-json\/wp\/v2\/users\/1"}],"replies":[{"embeddable":true,"href":"https:\/\/qayn.org\/en\/wp-json\/wp\/v2\/comments?post=821"}],"version-history":[{"count":7,"href":"https:\/\/qayn.org\/en\/wp-json\/wp\/v2\/pages\/821\/revisions"}],"predecessor-version":[{"id":2007,"href":"https:\/\/qayn.org\/en\/wp-json\/wp\/v2\/pages\/821\/revisions\/2007"}],"wp:attachment":[{"href":"https:\/\/qayn.org\/en\/wp-json\/wp\/v2\/media?parent=821"}],"curies":[{"name":"wp","href":"https:\/\/api.w.org\/{rel}","templated":true}]}}