{"id":617,"date":"2017-11-02T07:57:27","date_gmt":"2017-11-02T07:57:27","guid":{"rendered":"http:\/\/websource.co\/qayn\/en\/voixmariane\/"},"modified":"2017-12-19T01:23:26","modified_gmt":"2017-12-19T01:23:26","slug":"voixmariane","status":"publish","type":"page","link":"https:\/\/qayn.org\/en\/voixmariane\/","title":{"rendered":"Voixmariane"},"content":{"rendered":"<div class=\"wpb-content-wrapper\"><p>[vc_row css_animation=&#8221;&#8221; row_type=&#8221;row&#8221; use_row_as_full_screen_section=&#8221;no&#8221; type=&#8221;grid&#8221; angled_section=&#8221;no&#8221; text_align=&#8221;left&#8221; background_image_as_pattern=&#8221;without_pattern&#8221; padding_top=&#8221;50&#8243; padding_bottom=&#8221;50&#8243; el_class=&#8221;single_audio_wrapper&#8221;][vc_column width=&#8221;1\/3&#8243;][vc_raw_html]JTNDZGl2JTIwY2xhc3MlM0QlMjJhdWRpb19wbGF5X3dyYXBwZXIlMjIlM0UlMEElM0NkaXYlMjBjbGFzcyUzRCUyMnBsYXklMjIlMjBpZCUzRCUyMjElMjIlM0UlM0NpJTIwY2xhc3MlM0QlMjJmYSUyMGZhLXBsYXklMjIlM0UlM0MlMkZpJTNFJTNDJTJGZGl2JTNFJTBBJTNDYXVkaW8lMjBpZCUzRCUyMnNvdW5kMSUyMiUzRSUzQ3NvdXJjZSUyMHNyYyUzRCUyMmh0dHAlM0ElMkYlMkZxYS5ndGVjaGRlbW8uY29tJTJGd3AtY29udGVudCUyRnVwbG9hZHMlMkYyMDE3JTJGMTIlMkYxNi1WT0lYLTE2LUVYUEVSSUVOQ0VTLV8tTUFSSUFORS1DYW1lcm91bi5tcDMlMjIlMjB0eXBlJTNEJTIyYXVkaW8lMkZvZ2clMjIlMjAlMkYlM0UlM0MlMkZhdWRpbyUzRSUwQSUzQ2RpdiUyMGNsYXNzJTNEJTIyYXVkaW9fcmlnaHQlMjIlM0UlM0NoMyUzRSUzQ2ElMjBocmVmJTNEJTIyaHR0cHMlM0ElMkYlMkZ3d3cubWl4Y2xvdWQuY29tJTJGUUFZTiUyRjE2LXZvaXgtMTYtZXhwZXJpZW5jZXMtbWFyaWFuZS1jYW1lcm91biUyRiUzRnV0bV9zb3VyY2UlM0R3aWRnZXQlMjZhbXAlM0JhbXAlM0J1dG1fbWVkaXVtJTNEd2ViJTI2YW1wJTNCYW1wJTNCdXRtX2NhbXBhaWduJTNEYmFzZV9saW5rcyUyNmFtcCUzQmFtcCUzQnV0bV90ZXJtJTNEcmVzb3VyY2VfbGluayUyMiUyMHRhcmdldCUzRCUyMl9ibGFuayUyMiUyMHJlbCUzRCUyMm5vb3BlbmVyJTIyJTNFMTYlMjBWT0lYJTJDJTIwMTYlMjBFWFBFUklFTkNFUyUyMCUzQSUyME1BUklBTkUlMjAlMjhDYW1lcm91biUyOSUzQyUyRmElM0UlM0MlMkZoMyUzRSUwQSUzQ3AlM0VieSUyMCUzQ2ElMjBocmVmJTNEJTIyaHR0cCUzQSUyRiUyRnd3dy5taXhjbG91ZC5jb20lMkZRQVlOJTJGJTNGdXRtX3NvdXJjZSUzRHdpZGdldCUyNmFtcCUzQmFtcCUzQnV0bV9tZWRpdW0lM0R3ZWIlMjZhbXAlM0JhbXAlM0J1dG1fY2FtcGFpZ24lM0RiYXNlX2xpbmtzJTI2YW1wJTNCYW1wJTNCdXRtX3Rlcm0lM0Rwcm9maWxlX2xpbmslMjIlMjB0YXJnZXQlM0QlMjJfYmxhbmslMjIlMjByZWwlM0QlMjJub29wZW5lciUyMiUzRVFheW4lM0MlMkZhJTNFJTIwb24lMjAlM0NhJTIwaHJlZiUzRCUyMmh0dHAlM0ElMkYlMkZ3d3cubWl4Y2xvdWQuY29tJTJGJTNGdXRtX3NvdXJjZSUzRHdpZGdldCUyNmFtcCUzQnV0bV9tZWRpdW0lM0R3ZWIlMjZhbXAlM0J1dG1fY2FtcGFpZ24lM0RiYXNlX2xpbmtzJTI2YW1wJTNCdXRtX3Rlcm0lM0Rob21lcGFnZV9saW5rJTIyJTIwdGFyZ2V0JTNEJTIyX2JsYW5rJTIyJTIwcmVsJTNEJTIybm9vcGVuZXIlMjIlM0UlMjBNaXhjbG91ZCUzQyUyRmElM0UlM0MlMkZwJTNFJTNDJTJGZGl2JTNFJTNDJTJGZGl2JTNF[\/vc_raw_html][vc_column_text]<\/p>\n<h2>T\u00e9moignage de Mariane, 36 ans, du Cameroun<\/h2>\n<p>[\/vc_column_text][vc_column_text]Ma d\u00e9finition de la violence bas\u00e9e sur le genre c\u2019est qu\u2019il s\u2019agit de toutes violences qui s\u2019exercent sur quelqu\u2019un en raison de son sexe. C\u2019est une violence qui dans la plupart du temps est exerc\u00e9e contre les femmes parce que dans la plus part des soci\u00e9t\u00e9s, les femmes sont consid\u00e9r\u00e9s comme inf\u00e9rieures. Et leur famille, leur entourage, les hommes et pas seulement les hommes, les m\u00e8res, les grands-m\u00e8res. En fait la soci\u00e9t\u00e9 a tendance \u00e0 exercer beaucoup de violence vis-\u00e0-vis de la femme, \u00e0 lui retirer la plus part de ses libert\u00e9s, la plus part de ses droits\u00a0; \u00e0 vouloir lui imposer sa conduite, sa mani\u00e8re d\u2019\u00eatre, sa mani\u00e8re de s\u2019habiller, ses choix m\u00eame dans le domaine de la sexualit\u00e9. En fait la violence bas\u00e9e sur le genre c\u2019est cette forme de violence l\u00e0. Qui s\u2019exerce sur les femmes pour leur \u00f4ter le droit d\u2019avoir des choix. Pour les obliger \u00e0 suivre ce que la soci\u00e9t\u00e9 attend d\u2019elles. Et dans ce cas-l\u00e0\u00a0; les femmes qui ont des rapports sexuels avec d\u2019autres femmes se retrouvent doublement victime parce qu\u2019en tant que femme elles subissent cette violence et le fait d\u2019appartenir \u00e0 un groupe minoritaire sur le plan sexuel fait en sorte que les violences se retrouvent exacerb\u00e9es parce que\u00a0 <strong>la soci\u00e9t\u00e9, l\u2019entourage, la famille ne supporte pas cette sexualit\u00e9 sur laquelle ils n\u2019ont aucun contr\u00f4le.\u00a0<\/strong><\/p>\n<p>L\u2019exp\u00e9rience sur la violence je n\u2019en ai pas eu de fa\u00e7on directe du moins tr\u00e8s rarement. Il m\u2019est arriv\u00e9 une seule fois de marcher dans la rue avec mon amie qui \u00e9tait f\u00e9minine et moi aussi et d\u2019entendre des remarques de certaines personnes qui m\u2019ont d\u2019ailleurs surpris parce que je ne m\u2019y attendais pas. Des personnes qui posaient la question que vous \u00eates lesbiennes ou quoi\u00a0? Et je n\u2019ai pas tr\u00e8s bien compris ce qui a pu leur faire croire, leur faire deviner. Et en fait \u00e7a \u00e9t\u00e9 la seule exp\u00e9rience de violence o\u00f9 je me suis sentis questionner d\u2019une mani\u00e8re ind\u00e9cente et o\u00f9 je n\u2019ai pas trouv\u00e9 quoi r\u00e9pondre.[\/vc_column_text][vc_column_text css=&#8221;.vc_custom_1513433294847{margin-top: 25px !important;margin-bottom: 25px !important;}&#8221; el_class=&#8221;q_audio_content_quotes&#8221;]<\/p>\n<blockquote><p>\u201cLa plus part du temps c\u2019est lorsque souvent il m\u2019arrive de me promener avec une fille tr\u00e8s masculine alors l\u00e0 les remarques sont tr\u00e8s nombreuses.\u201d<\/p><\/blockquote>\n<p>[\/vc_column_text][vc_column_text]Mais c\u2019est quoi \u00e7a\u00a0? C\u2019est un homme ou c\u2019est une femme? C\u2019est quoi vous \u00eates des lesbiennes? Et en fait \u00e7a se fait comme cela tout le long du chemin et c\u2019est tr\u00e8s frustrant et effrayant en m\u00eame temps parce que parfois je me dis qu\u2019on va finir par ce faire agresser mais heureusement jusqu\u2019\u00e0 pr\u00e9sent on a jamais \u00e9t\u00e9 victime d\u2019agression physique peut-\u00eatre parce qu\u2019on ne r\u00e9pond pas non plus et qu\u2019on se contente de passer en faisant semblant de ne rien n\u2019entendre.<\/p>\n<p>Les violences de la part des proches\u00a0? Non je n\u2019en ai jamais connu vraiment. En fait, mes proches soup\u00e7onnent mon orientation sexuelle et souvent ils en font des sujets pour rire, pour savoir. On me pose des questions quand on me rencontre avec une fille. On dit alors c\u2019est vrai ce qu\u2019on dit \u00e0 ton sujet\u00a0? Toi c\u2019est plut\u00f4t les femmes\u00a0? Est-ce que tu es lesbienne\u00a0? Mais \u00e7a ne va jamais tr\u00e8s loin. Je ris et leur dit, tout ce qu\u2019il y a \u00e0 savoir, vous le saurez assez t\u00f4t. Et en g\u00e9n\u00e9ral \u00e7a ne va pas plus loin.[\/vc_column_text][\/vc_column][vc_column width=&#8221;1\/3&#8243;][vc_column_text]Des violences de la part d\u2019un inconnu\u00a0? Oui ce sont ces remarques dans la rue au moment o\u00f9 on s\u2019attend le moins parce qu\u2019il ne s\u2019agit pas seulement de gens masculin.\u00a0 Il semble que le fait que deux femmes aient l\u2019air d\u2019\u00eatre heureuses ensemble, \u00e7a d\u00e9range et les personnes se sentent oblig\u00e9es de r\u00e9agir, de vous dire des choses, de vous dire est ce que vous \u00eates lesbiennes\u00a0?[\/vc_column_text][vc_column_text css=&#8221;.vc_custom_1513433257704{margin-top: 25px !important;margin-bottom: 25px !important;}&#8221; el_class=&#8221;q_audio_content_quotes&#8221;]<\/p>\n<blockquote><p>\u201cElles veulent vous mettre mal \u00e0 l\u2019aise parce que \u00e7a les ennuis que deux femmes puissent \u00eatre heureuses ensemble.\u201d<\/p><\/blockquote>\n<p>[\/vc_column_text][vc_column_text]Combien de fois j\u2019ai \u00e9t\u00e9 victime de ce type de violence\u00a0? Pas beaucoup de fois. Mais n\u00e9anmoins je pense que le simple fait d\u2019\u00eatre oblig\u00e9e souvent de dire mon orientation sexuelle pour qu\u2019un homme cesse de me harceler, \u00e7a aussi c\u2019est une forme de violence. Parce que je n\u2019ai pas envie de porter ma sexualit\u00e9 sur mon visage! Mais parfois je me suis retrouv\u00e9e avec certains hommes qui devenaient tellement insistants dans la mani\u00e8re de me faire la cours que j\u2019\u00e9tais oblig\u00e9e en dernier recours de leur dire que moi je pr\u00e9f\u00e8re les femmes. J\u2019ai d\u00fb le faire aussi avec mes parents pour qu\u2019ils me laissent tranquille, pour qu\u2019on ne me parle pas de mariage parce que je voulais arracher ma libert\u00e9. Donc \u00eatre oblig\u00e9e de dire son orientation sexuelle pour retrouver la paix, pour moi c\u2019est \u00e9galement une forme de violence parce que les h\u00e9t\u00e9rosexuels n\u2019ont jamais \u00e0 dire je suis h\u00e9t\u00e9ro, j\u2019aime les hommes, j\u2019aime les femmes, non ils n\u2019ont jamais \u00e0 le faire. Mais nous on est oblig\u00e9es de le faire en dernier recours et pour moi \u00e7a c\u2019est aussi une forme de violence.<\/p>\n<p>En g\u00e9n\u00e9ral, j\u2019essaie de d\u00e9samorcer la violence parce que les gens deviennent agressifs quand ils ont le sentiment qu\u2019on ne sait pas trop ce qu\u2019on veut. Quand ils ont l\u2019impression qu\u2019on est en train de suivre une mauvaise voie, une mauvaise pente et ils veulent nous redresser. Alors moi pour d\u00e9samorcer cette violence, il faut que je rappelle aux gens que je sais qui je suis, ma vie je la ma\u00eetrise parfaitement, je n\u2019ai pas besoin d\u2019aide. Qu\u2019ils me laissent tranquille et qu\u2019ils se contentent de r\u00e9soudre leur propre probl\u00e8me. Et en g\u00e9n\u00e9ral quand on manifeste suffisamment de fermet\u00e9, les gens ont tendance \u00e0 se retenir un peu plus.\u00a0C\u2019est pourquoi j\u2019ai toujours pens\u00e9 que la meilleure mani\u00e8re de condamner cette violence-l\u00e0, c\u2019\u00e9tait de prendre davantage de pouvoir, de se rendre autonome financi\u00e8rement par exemple pour que les autres n\u2019aient plus rien \u00e0 dire sur vous et m\u00eame s\u2019ils ont des choses \u00e0 penser, ils n\u2019osent pas vous le dire en face parce que vous \u00eates une personne d\u2019autorit\u00e9.[\/vc_column_text][vc_column_text css=&#8221;.vc_custom_1513433306839{margin-top: 25px !important;margin-bottom: 25px !important;}&#8221; el_class=&#8221;q_audio_content_quotes&#8221;]<\/p>\n<blockquote><p>\u201cEn g\u00e9n\u00e9rale je ne suis pas pour la revendication mais je suis pour l\u2019affirmation de soi.\u201d<\/p><\/blockquote>\n<p>[\/vc_column_text][vc_column_text]Je pense que et c\u2019est ce que j\u2018ai tendance \u00e0 faire, je pense que lorsqu\u2019on s\u2019assume, lorsqu\u2019on vit en montrant aux gens qu\u2019on sait ce qu\u2019on fait, qu\u2019on sait o\u00f9 on va, en g\u00e9n\u00e9ral ces personnes se sentent diminuer et ils n\u2019osent pas agresser physiquement.[\/vc_column_text][\/vc_column][vc_column width=&#8221;1\/3&#8243;][vc_column_text css=&#8221;.vc_custom_1513433246633{margin-bottom: 25px !important;}&#8221; el_class=&#8221;q_audio_content_quotes&#8221;]<\/p>\n<blockquote><p>\u201cNous avons besoin de nous imposer en tant que personne. Pour cela nous avons besoin de toujours donner aux autres le sentiment, la certitude que nous ne sommes pas des personnes perdues, des personnes qui ne savent pas ce qu\u2019elles veulent.\u201d<\/p><\/blockquote>\n<p>[\/vc_column_text][vc_column_text]Mon engagement personnel pour mettre fin \u00e0 la violence. Il s\u2019agirait de m\u2019impliquer d\u2019avantage dans la vie associative, dans le mouvement identitaire. C\u2019est dans ce mouvement l\u00e0 que j\u2019ai pris conscience qu\u2019il existe milles mani\u00e8res de faire des violences ou de subir des violences. C\u2019est dans ces associations que j\u2019ai compris que parfois exiger d\u2019une personne de changer son apparence pour plaire aux autres, c\u2019est lui faire violence. Et j\u2019ai pris conscience aussi qu\u2019\u00eatre obliger de dire mon orientation sexuelle pour qu\u2019on me fiche la paix, c\u2019est me faire violence. Et donc mon engagement a \u00e9t\u00e9 de prendre de plus en plus conscience des violences que j\u2019exerce ou qui sont exerc\u00e9es sur moi et de les r\u00e9duire au maximum.<\/p>\n<p>Gr\u00e2ce aux associations identitaires, on rencontre d\u2019autres personnes, on partage les exp\u00e9riences des autres, on apprend plus et on devient plus fort. Mon exp\u00e9rience en moi est que nous avons besoin d\u2019\u00eatre plus soud\u00e9e pour faire front commun. Tant qu\u2019on est seules, on est faible. Nous avons besoin de nous imposer en tant que personne. Pour cela nous avons besoin de toujours donner aux autres le sentiment, la certitude que nous ne sommes pas des personnes perdues, des personnes qui ne savent pas ce qu\u2019elles veulent. Mais nous savons tr\u00e8s exactement qui nous sommes, nous savons tr\u00e8s exactement ce que nous voulons faire de notre vie. Dans la vie associative, en partageant les exp\u00e9riences avec les autres, on apprend des autres et on aide aussi les autres \u00e0 grandir. Et de cette fa\u00e7on-l\u00e0 nous diminuons entre nous les violences exerc\u00e9es les unes sur les autres du fait qu\u2019elles soient masculines ou f\u00e9minines. Nous devenons plus conscientes des violences qui sont exerc\u00e9es sur nous et ensemble nous d\u00e9veloppons des moyens pour les \u00e9viter en s\u2019affirmant de plus en plus.[\/vc_column_text][vc_single_image image=&#8221;613&#8243; img_size=&#8221;full&#8221; qode_css_animation=&#8221;&#8221; css=&#8221;.vc_custom_1509612387809{margin-top: 25px !important;}&#8221;][vc_column_text]<\/p>\n<p style=\"font-size: 13px;\">Xonanji<\/p>\n<p>[\/vc_column_text][\/vc_column][\/vc_row]<\/p>\n<\/div>","protected":false},"excerpt":{"rendered":"<p>[vc_row css_animation=&#8221;&#8221; row_type=&#8221;row&#8221; use_row_as_full_screen_section=&#8221;no&#8221; type=&#8221;grid&#8221; angled_section=&#8221;no&#8221; text_align=&#8221;left&#8221; background_image_as_pattern=&#8221;without_pattern&#8221; padding_top=&#8221;50&#8243; padding_bottom=&#8221;50&#8243; el_class=&#8221;single_audio_wrapper&#8221;][vc_column width=&#8221;1\/3&#8243;][vc_raw_html]JTNDZGl2JTIwY2xhc3MlM0QlMjJhdWRpb19wbGF5X3dyYXBwZXIlMjIlM0UlMEElM0NkaXYlMjBjbGFzcyUzRCUyMnBsYXklMjIlMjBpZCUzRCUyMjElMjIlM0UlM0NpJTIwY2xhc3MlM0QlMjJmYSUyMGZhLXBsYXklMjIlM0UlM0MlMkZpJTNFJTNDJTJGZGl2JTNFJTBBJTNDYXVkaW8lMjBpZCUzRCUyMnNvdW5kMSUyMiUzRSUzQ3NvdXJjZSUyMHNyYyUzRCUyMmh0dHAlM0ElMkYlMkZxYS5ndGVjaGRlbW8uY29tJTJGd3AtY29udGVudCUyRnVwbG9hZHMlMkYyMDE3JTJGMTIlMkYxNi1WT0lYLTE2LUVYUEVSSUVOQ0VTLV8tTUFSSUFORS1DYW1lcm91bi5tcDMlMjIlMjB0eXBlJTNEJTIyYXVkaW8lMkZvZ2clMjIlMjAlMkYlM0UlM0MlMkZhdWRpbyUzRSUwQSUzQ2RpdiUyMGNsYXNzJTNEJTIyYXVkaW9fcmlnaHQlMjIlM0UlM0NoMyUzRSUzQ2ElMjBocmVmJTNEJTIyaHR0cHMlM0ElMkYlMkZ3d3cubWl4Y2xvdWQuY29tJTJGUUFZTiUyRjE2LXZvaXgtMTYtZXhwZXJpZW5jZXMtbWFyaWFuZS1jYW1lcm91biUyRiUzRnV0bV9zb3VyY2UlM0R3aWRnZXQlMjZhbXAlM0JhbXAlM0J1dG1fbWVkaXVtJTNEd2ViJTI2YW1wJTNCYW1wJTNCdXRtX2NhbXBhaWduJTNEYmFzZV9saW5rcyUyNmFtcCUzQmFtcCUzQnV0bV90ZXJtJTNEcmVzb3VyY2VfbGluayUyMiUyMHRhcmdldCUzRCUyMl9ibGFuayUyMiUyMHJlbCUzRCUyMm5vb3BlbmVyJTIyJTNFMTYlMjBWT0lYJTJDJTIwMTYlMjBFWFBFUklFTkNFUyUyMCUzQSUyME1BUklBTkUlMjAlMjhDYW1lcm91biUyOSUzQyUyRmElM0UlM0MlMkZoMyUzRSUwQSUzQ3AlM0VieSUyMCUzQ2ElMjBocmVmJTNEJTIyaHR0cCUzQSUyRiUyRnd3dy5taXhjbG91ZC5jb20lMkZRQVlOJTJGJTNGdXRtX3NvdXJjZSUzRHdpZGdldCUyNmFtcCUzQmFtcCUzQnV0bV9tZWRpdW0lM0R3ZWIlMjZhbXAlM0JhbXAlM0J1dG1fY2FtcGFpZ24lM0RiYXNlX2xpbmtzJTI2YW1wJTNCYW1wJTNCdXRtX3Rlcm0lM0Rwcm9maWxlX2xpbmslMjIlMjB0YXJnZXQlM0QlMjJfYmxhbmslMjIlMjByZWwlM0QlMjJub29wZW5lciUyMiUzRVFheW4lM0MlMkZhJTNFJTIwb24lMjAlM0NhJTIwaHJlZiUzRCUyMmh0dHAlM0ElMkYlMkZ3d3cubWl4Y2xvdWQuY29tJTJGJTNGdXRtX3NvdXJjZSUzRHdpZGdldCUyNmFtcCUzQnV0bV9tZWRpdW0lM0R3ZWIlMjZhbXAlM0J1dG1fY2FtcGFpZ24lM0RiYXNlX2xpbmtzJTI2YW1wJTNCdXRtX3Rlcm0lM0Rob21lcGFnZV9saW5rJTIyJTIwdGFyZ2V0JTNEJTIyX2JsYW5rJTIyJTIwcmVsJTNEJTIybm9vcGVuZXIlMjIlM0UlMjBNaXhjbG91ZCUzQyUyRmElM0UlM0MlMkZwJTNFJTNDJTJGZGl2JTNFJTNDJTJGZGl2JTNF[\/vc_raw_html][vc_column_text] T\u00e9moignage de Mariane, 36 ans, du Cameroun [\/vc_column_text][vc_column_text]Ma d\u00e9finition de la violence bas\u00e9e sur le genre c\u2019est qu\u2019il&#8230;<\/p>\n","protected":false},"author":1,"featured_media":0,"parent":0,"menu_order":0,"comment_status":"closed","ping_status":"closed","template":"full_width.php","meta":{"rs_blank_template":"","rs_page_bg_color":"","slide_template_v7":"","footnotes":""},"class_list":["post-617","page","type-page","status-publish","hentry"],"_links":{"self":[{"href":"https:\/\/qayn.org\/en\/wp-json\/wp\/v2\/pages\/617","targetHints":{"allow":["GET"]}}],"collection":[{"href":"https:\/\/qayn.org\/en\/wp-json\/wp\/v2\/pages"}],"about":[{"href":"https:\/\/qayn.org\/en\/wp-json\/wp\/v2\/types\/page"}],"author":[{"embeddable":true,"href":"https:\/\/qayn.org\/en\/wp-json\/wp\/v2\/users\/1"}],"replies":[{"embeddable":true,"href":"https:\/\/qayn.org\/en\/wp-json\/wp\/v2\/comments?post=617"}],"version-history":[{"count":4,"href":"https:\/\/qayn.org\/en\/wp-json\/wp\/v2\/pages\/617\/revisions"}],"predecessor-version":[{"id":2415,"href":"https:\/\/qayn.org\/en\/wp-json\/wp\/v2\/pages\/617\/revisions\/2415"}],"wp:attachment":[{"href":"https:\/\/qayn.org\/en\/wp-json\/wp\/v2\/media?parent=617"}],"curies":[{"name":"wp","href":"https:\/\/api.w.org\/{rel}","templated":true}]}}