{"id":596,"date":"2017-11-02T07:01:39","date_gmt":"2017-11-02T07:01:39","guid":{"rendered":"http:\/\/websource.co\/qayn\/en\/?page_id=596"},"modified":"2017-12-19T02:47:17","modified_gmt":"2017-12-19T02:47:17","slug":"voixoceane","status":"publish","type":"page","link":"https:\/\/qayn.org\/en\/voixoceane\/","title":{"rendered":"Voixoceane"},"content":{"rendered":"<div class=\"wpb-content-wrapper\"><p>[vc_row css_animation=&#8221;&#8221; row_type=&#8221;row&#8221; use_row_as_full_screen_section=&#8221;no&#8221; type=&#8221;grid&#8221; angled_section=&#8221;no&#8221; text_align=&#8221;left&#8221; background_image_as_pattern=&#8221;without_pattern&#8221; padding_top=&#8221;50&#8243; padding_bottom=&#8221;50&#8243; el_class=&#8221;single_audio_wrapper&#8221;][vc_column width=&#8221;1\/3&#8243;][vc_raw_html]JTNDZGl2JTIwY2xhc3MlM0QlMjJhdWRpb19wbGF5X3dyYXBwZXIlMjIlM0UlMEElM0NkaXYlMjBjbGFzcyUzRCUyMnBsYXklMjIlMjBpZCUzRCUyMjElMjIlM0UlM0NpJTIwY2xhc3MlM0QlMjJmYSUyMGZhLXBsYXklMjIlM0UlM0MlMkZpJTNFJTNDJTJGZGl2JTNFJTBBJTNDYXVkaW8lMjBpZCUzRCUyMnNvdW5kMSUyMiUzRSUzQ3NvdXJjZSUyMHNyYyUzRCUyMiUyMiUyMHR5cGUlM0QlMjJhdWRpbyUyRm9nZyUyMiUyMCUyRiUzRSUzQyUyRmF1ZGlvJTNFJTBBJTNDZGl2JTIwY2xhc3MlM0QlMjJhdWRpb19yaWdodCUyMiUzRSUzQ2gzJTNFJTNDYSUyMGhyZWYlM0QlMjJodHRwcyUzQSUyRiUyRnd3dy5taXhjbG91ZC5jb20lMkZRQVlOJTJGMTYtdm9peC0xNi1leHBlcmllbmNlcy1vY2VhbmUtY2FtZXJvdW4lMkYlM0Z1dG1fc291cmNlJTNEd2lkZ2V0JTI2YW1wJTNCYW1wJTNCdXRtX21lZGl1bSUzRHdlYiUyNmFtcCUzQmFtcCUzQnV0bV9jYW1wYWlnbiUzRGJhc2VfbGlua3MlMjZhbXAlM0JhbXAlM0J1dG1fdGVybSUzRHJlc291cmNlX2xpbmslMjIlMjB0YXJnZXQlM0QlMjJfYmxhbmslMjIlMjByZWwlM0QlMjJub29wZW5lciUyMiUzRTE2JTIwVk9JWCUyQyUyMDE2JTIwRVhQRVJJRU5DRVMlMjAlM0ElMjBPQ0VBTkUlMjAlMjhDYW1lcm91biUyOSUzQyUyRmElM0UlM0MlMkZoMyUzRSUwQSUzQ3AlM0VieSUyMCUzQ2ElMjBocmVmJTNEJTIyaHR0cCUzQSUyRiUyRnd3dy5taXhjbG91ZC5jb20lMkZRQVlOJTJGJTNGdXRtX3NvdXJjZSUzRHdpZGdldCUyNmFtcCUzQmFtcCUzQnV0bV9tZWRpdW0lM0R3ZWIlMjZhbXAlM0JhbXAlM0J1dG1fY2FtcGFpZ24lM0RiYXNlX2xpbmtzJTI2YW1wJTNCYW1wJTNCdXRtX3Rlcm0lM0Rwcm9maWxlX2xpbmslMjIlMjB0YXJnZXQlM0QlMjJfYmxhbmslMjIlMjByZWwlM0QlMjJub29wZW5lciUyMiUzRVFheW4lM0MlMkZhJTNFJTIwb24lMjAlM0NhJTIwaHJlZiUzRCUyMmh0dHAlM0ElMkYlMkZ3d3cubWl4Y2xvdWQuY29tJTJGJTNGdXRtX3NvdXJjZSUzRHdpZGdldCUyNmFtcCUzQnV0bV9tZWRpdW0lM0R3ZWIlMjZhbXAlM0J1dG1fY2FtcGFpZ24lM0RiYXNlX2xpbmtzJTI2YW1wJTNCdXRtX3Rlcm0lM0Rob21lcGFnZV9saW5rJTIyJTIwdGFyZ2V0JTNEJTIyX2JsYW5rJTIyJTIwcmVsJTNEJTIybm9vcGVuZXIlMjIlM0UlMjBNaXhjbG91ZCUzQyUyRmElM0UlM0MlMkZwJTNFJTNDJTJGZGl2JTNFJTNDJTJGZGl2JTNF[\/vc_raw_html][vc_column_text]<\/p>\n<h2>T\u00e9moignage de Oc\u00e9ane du Cameroun<\/h2>\n<p>[\/vc_column_text][vc_column_text]Moi c\u2019est Oc\u00e9ane, je vis \u00e0 Douala.<\/p>\n<p>Bon parlant des violences, les violences, c\u2019est l\u2019ensemble des injures, des paroles blessantes et violentes, ainsi que des actes, que certaines personnes, certains individus posent vis-\u00e0-vis de certaines personnes selon leur orientation sexuelle, bon bref c\u2019est ce que moi je pense. D\u2019o\u00f9 moi je pense que c\u2019est la violence bas\u00e9e sur le genre.<\/p>\n<p>Parlant d\u2019une exp\u00e9rience, de ce type de violence, bon la mienne a \u00e9t\u00e9 directe. Ce fut atroce, puisque \u00e7a a \u00e9t\u00e9 un viol correctif, administr\u00e9 par trois messieurs d\u2019une tranche de 30 \u00e0 35 ans dans le quartier dit Cit\u00e9 des palmiers. O\u00f9 j\u2019ai eu, je ne sais pas si j\u2019ai eu. Mais bon j\u2019ai malencontreusement rencontr\u00e9 une jeune fille sur le net, sur un site de rencontre. On a sympathis\u00e9, on a caus\u00e9. Au t\u00e9l\u00e9phone, j\u2019\u00e9tais tout le temps accroch\u00e9 tous les soirs. Avec elle, on causait, on discutait. Elle m\u2019a invit\u00e9 une fois au Ch\u00e2teau Rouge, on s\u2019\u00e9tait vu en tout pour 30 minutes, parce qu\u2019elle \u00e9tait press\u00e9e, il fallait qu\u2019elle aille au travail et consort. Mais bon on s\u2019est juste aper\u00e7ues. Elle \u00e9tait bien jolie, elle m\u2019a plu. Bon bref je pense qu\u2019on s\u2019est plu. Bon selon ce que moi je me disais. On est rest\u00e9e en contact donc du coup \u00e7a a abouti \u00e0 un second rendez-vous. On s\u2019est vues au Dak\u00e9r\u00e9 o\u00f9 on a mang\u00e9, on a bu, on a sympathis\u00e9, on a caus\u00e9 longtemps. Ce qui a abouti \u00e0 un troisi\u00e8me rendez-vous. Donc elle m\u2019a demand\u00e9 de venir chez elle.[\/vc_column_text][vc_column_text css=&#8221;.vc_custom_1513651630519{margin-top: 25px !important;margin-bottom: 25px !important;}&#8221; el_class=&#8221;q_audio_content_quotes&#8221;]<\/p>\n<blockquote><p>\u201cEtant une fille, j\u2019\u00e9tais confiante, ce n\u2019\u00e9tait pas quand m\u00eame un homme pour avoir peur. Je suis partie. \u201d<\/p><\/blockquote>\n<p>[\/vc_column_text][vc_column_text]J\u2019ai quitt\u00e9 chez moi vers 19h 20h, donc j\u2019ai d\u00fb arriver l\u00e0-bas vers les 20h30 21h comme \u00e7a. Je l\u2019ai appel\u00e9, elle m\u2019a dit qu\u2019elle a envoy\u00e9 son chauffeur me chercher. Le chauffeur en question est venu, et il m\u2019a dit,\u00a0\u00ab\u00a0bon \u00e9coutes, vous attendez quelqu\u2019un\u00a0 et si c\u2019\u00e9tait Leila?\u00a0\u00bb j\u2019ai dit oui. Nous sommes partis. On a march\u00e9 pendant un bon moment, mais apr\u00e8s je lui dis mais comment se fait-il qu\u2019on est en train de rentrer au quartier, en plus on s\u2019\u00e9loignait des maisons. D\u00e9j\u00e0 que c\u2019est un quartier que je ne ma\u00eetrise pas.[\/vc_column_text][\/vc_column][vc_column width=&#8221;1\/3&#8243;][vc_column_text]Bon le temps que moi je me retourne pour dire que moi je n\u2019avance plus, deux autres messieurs se sont ramen\u00e9s. Et tous les trois m\u2019ont viol\u00e9s, soit disant que c\u2019est nous qui d\u00e9tournons leurs s\u0153urs au Cameroun. On veut d\u00e9truire leurs s\u0153urs, ils vont me faire aimer le p\u00e9nis patati patata. Regardes comment j\u2019ai un beau corps. L\u2019autre voulait m\u00eame toucher mes seins, j\u2019ai refus\u00e9, il m\u2019a gifl\u00e9. Il m\u2019a dit,\u00a0\u00a0\u00ab\u00a0tu as de beaux seins comme \u00e7a, tu pr\u00e9f\u00e8res aller donner \u00e7a aux filles de sucer, que de venir donner \u00e0 nous les hommes\u00a0\u00bb\u00a0ils m\u2019ont franchement viol\u00e9, je n\u2019arrivais m\u00eame plus \u00e0 marcher. De surcro\u00eet, ils m\u2019ont m\u00eame emport\u00e9e jusqu\u2019\u00e0 la route. Ils m\u2019ont mise sur la moto, ils m\u2019ont pay\u00e9 la moto, pour que la moto me ram\u00e8ne chez moi.<\/p>\n<p>Bon j\u2019ai \u00e9t\u00e9 traumatis\u00e9e, et cela s\u2019est pass\u00e9 juste une fois, mais franchement, je ne souhaiterais \u00e0 personne, \u00e0 aucune autre lesbienne de vivre \u00e7a. Et honn\u00eatement, je n\u2019ai pas r\u00e9agi. Parce que avec la honte et craignant aussi le jugement de la soci\u00e9t\u00e9, j\u2019ai pr\u00e9f\u00e9r\u00e9 garder le silence. D\u00e9j\u00e0 que moi je ne savais pas trop quoi dire. Si je partais porter plainte, je devrais commencer comment\u00a0? Bon j\u2019ai rencontr\u00e9 une fille blablabla, \u00e7a a mal tourn\u00e9\u2026 du coup je pense que pour finir moi-m\u00eame je vais finir en prison si je partais raconter ce genre de chose.<\/p>\n<p>Mais honn\u00eatement, avec le temps, je me suis rendue compte que si il y avait une possibilit\u00e9 pour moi, pour pouvoir changer ce genre de choses, de sorte que \u00e7a ne puisse arriver \u00e0 aucune autre lesbienne, j\u2019aurai aim\u00e9<strong>\u2026 <\/strong>j\u2019en parle, ce n\u2019est pas la premi\u00e8re fois, j\u2019en parle. Et si possible militer pour qu\u2019aucune autre lesbienne, ne subisse ce genre de traumatisme, qui m\u2019a d\u00e9truit pendant beaucoup de temps. Me faisant fuir, le monde sombre, \u00e0 la vue de l\u2019obscurit\u00e9. Parce qu\u2019\u00e0 cette \u00e9poque-l\u00e0, franchement, 17h on ne me trouvait plus dehors. J\u2019ai \u00e9t\u00e9 traumatis\u00e9e pendant plus d\u2019un an. Moi je ne fais plus confiance, plus de rencontre sur le net. M\u00eame quand je rencontre une fille qui me drague en cours de route et qui me demande de venir chez elle, je suis r\u00e9ticente. Je pr\u00e9f\u00e8re g\u00e9rer\u00a0 dehors de peur de subir encore ce genre de chose.<\/p>\n<p>Voil\u00e0 en quelques longues phrases ce que j\u2019ai subi et ce que je pense de la violence bas\u00e9e sur le genre.[\/vc_column_text][\/vc_column][vc_column width=&#8221;1\/3&#8243;][vc_single_image image=&#8221;602&#8243; img_size=&#8221;full&#8221; qode_css_animation=&#8221;&#8221;][vc_column_text css=&#8221;.vc_custom_1513651620303{margin-top: 25px !important;}&#8221; el_class=&#8221;q_audio_content_quotes&#8221;]<\/p>\n<blockquote><p>\u201cTu as de beaux seins comme \u00e7a, tu pr\u00e9f\u00e8res aller donner \u00e7a aux filles de sucer, que de venir donner \u00e0 nous les hommes. \u201d<\/p><\/blockquote>\n<p>[\/vc_column_text][\/vc_column][\/vc_row]<\/p>\n<\/div>","protected":false},"excerpt":{"rendered":"<p>[vc_row css_animation=&#8221;&#8221; row_type=&#8221;row&#8221; use_row_as_full_screen_section=&#8221;no&#8221; type=&#8221;grid&#8221; angled_section=&#8221;no&#8221; text_align=&#8221;left&#8221; background_image_as_pattern=&#8221;without_pattern&#8221; padding_top=&#8221;50&#8243; padding_bottom=&#8221;50&#8243; el_class=&#8221;single_audio_wrapper&#8221;][vc_column width=&#8221;1\/3&#8243;][vc_raw_html]JTNDZGl2JTIwY2xhc3MlM0QlMjJhdWRpb19wbGF5X3dyYXBwZXIlMjIlM0UlMEElM0NkaXYlMjBjbGFzcyUzRCUyMnBsYXklMjIlMjBpZCUzRCUyMjElMjIlM0UlM0NpJTIwY2xhc3MlM0QlMjJmYSUyMGZhLXBsYXklMjIlM0UlM0MlMkZpJTNFJTNDJTJGZGl2JTNFJTBBJTNDYXVkaW8lMjBpZCUzRCUyMnNvdW5kMSUyMiUzRSUzQ3NvdXJjZSUyMHNyYyUzRCUyMiUyMiUyMHR5cGUlM0QlMjJhdWRpbyUyRm9nZyUyMiUyMCUyRiUzRSUzQyUyRmF1ZGlvJTNFJTBBJTNDZGl2JTIwY2xhc3MlM0QlMjJhdWRpb19yaWdodCUyMiUzRSUzQ2gzJTNFJTNDYSUyMGhyZWYlM0QlMjJodHRwcyUzQSUyRiUyRnd3dy5taXhjbG91ZC5jb20lMkZRQVlOJTJGMTYtdm9peC0xNi1leHBlcmllbmNlcy1vY2VhbmUtY2FtZXJvdW4lMkYlM0Z1dG1fc291cmNlJTNEd2lkZ2V0JTI2YW1wJTNCYW1wJTNCdXRtX21lZGl1bSUzRHdlYiUyNmFtcCUzQmFtcCUzQnV0bV9jYW1wYWlnbiUzRGJhc2VfbGlua3MlMjZhbXAlM0JhbXAlM0J1dG1fdGVybSUzRHJlc291cmNlX2xpbmslMjIlMjB0YXJnZXQlM0QlMjJfYmxhbmslMjIlMjByZWwlM0QlMjJub29wZW5lciUyMiUzRTE2JTIwVk9JWCUyQyUyMDE2JTIwRVhQRVJJRU5DRVMlMjAlM0ElMjBPQ0VBTkUlMjAlMjhDYW1lcm91biUyOSUzQyUyRmElM0UlM0MlMkZoMyUzRSUwQSUzQ3AlM0VieSUyMCUzQ2ElMjBocmVmJTNEJTIyaHR0cCUzQSUyRiUyRnd3dy5taXhjbG91ZC5jb20lMkZRQVlOJTJGJTNGdXRtX3NvdXJjZSUzRHdpZGdldCUyNmFtcCUzQmFtcCUzQnV0bV9tZWRpdW0lM0R3ZWIlMjZhbXAlM0JhbXAlM0J1dG1fY2FtcGFpZ24lM0RiYXNlX2xpbmtzJTI2YW1wJTNCYW1wJTNCdXRtX3Rlcm0lM0Rwcm9maWxlX2xpbmslMjIlMjB0YXJnZXQlM0QlMjJfYmxhbmslMjIlMjByZWwlM0QlMjJub29wZW5lciUyMiUzRVFheW4lM0MlMkZhJTNFJTIwb24lMjAlM0NhJTIwaHJlZiUzRCUyMmh0dHAlM0ElMkYlMkZ3d3cubWl4Y2xvdWQuY29tJTJGJTNGdXRtX3NvdXJjZSUzRHdpZGdldCUyNmFtcCUzQnV0bV9tZWRpdW0lM0R3ZWIlMjZhbXAlM0J1dG1fY2FtcGFpZ24lM0RiYXNlX2xpbmtzJTI2YW1wJTNCdXRtX3Rlcm0lM0Rob21lcGFnZV9saW5rJTIyJTIwdGFyZ2V0JTNEJTIyX2JsYW5rJTIyJTIwcmVsJTNEJTIybm9vcGVuZXIlMjIlM0UlMjBNaXhjbG91ZCUzQyUyRmElM0UlM0MlMkZwJTNFJTNDJTJGZGl2JTNFJTNDJTJGZGl2JTNF[\/vc_raw_html][vc_column_text] T\u00e9moignage de Oc\u00e9ane du Cameroun [\/vc_column_text][vc_column_text]Moi c\u2019est Oc\u00e9ane, je vis \u00e0 Douala. Bon parlant des violences, les violences,&#8230;<\/p>\n","protected":false},"author":1,"featured_media":0,"parent":0,"menu_order":0,"comment_status":"closed","ping_status":"closed","template":"full_width.php","meta":{"rs_blank_template":"","rs_page_bg_color":"","slide_template_v7":"","footnotes":""},"class_list":["post-596","page","type-page","status-publish","hentry"],"_links":{"self":[{"href":"https:\/\/qayn.org\/en\/wp-json\/wp\/v2\/pages\/596","targetHints":{"allow":["GET"]}}],"collection":[{"href":"https:\/\/qayn.org\/en\/wp-json\/wp\/v2\/pages"}],"about":[{"href":"https:\/\/qayn.org\/en\/wp-json\/wp\/v2\/types\/page"}],"author":[{"embeddable":true,"href":"https:\/\/qayn.org\/en\/wp-json\/wp\/v2\/users\/1"}],"replies":[{"embeddable":true,"href":"https:\/\/qayn.org\/en\/wp-json\/wp\/v2\/comments?post=596"}],"version-history":[{"count":9,"href":"https:\/\/qayn.org\/en\/wp-json\/wp\/v2\/pages\/596\/revisions"}],"predecessor-version":[{"id":2439,"href":"https:\/\/qayn.org\/en\/wp-json\/wp\/v2\/pages\/596\/revisions\/2439"}],"wp:attachment":[{"href":"https:\/\/qayn.org\/en\/wp-json\/wp\/v2\/media?parent=596"}],"curies":[{"name":"wp","href":"https:\/\/api.w.org\/{rel}","templated":true}]}}