{"id":584,"date":"2017-11-02T06:07:30","date_gmt":"2017-11-02T06:07:30","guid":{"rendered":"http:\/\/websource.co\/qayn\/en\/?page_id=584"},"modified":"2017-12-19T02:44:58","modified_gmt":"2017-12-19T02:44:58","slug":"voixrenee","status":"publish","type":"page","link":"https:\/\/qayn.org\/en\/voixrenee\/","title":{"rendered":"Voixrenee"},"content":{"rendered":"<div class=\"wpb-content-wrapper\"><p>[vc_row css_animation=&#8221;&#8221; row_type=&#8221;row&#8221; use_row_as_full_screen_section=&#8221;no&#8221; type=&#8221;grid&#8221; angled_section=&#8221;no&#8221; text_align=&#8221;left&#8221; background_image_as_pattern=&#8221;without_pattern&#8221; padding_top=&#8221;50&#8243; padding_bottom=&#8221;50&#8243; el_class=&#8221;single_audio_wrapper&#8221;][vc_column width=&#8221;1\/3&#8243;][vc_raw_html]JTNDZGl2JTIwY2xhc3MlM0QlMjJhdWRpb19wbGF5X3dyYXBwZXIlMjIlM0UlMEElM0NkaXYlMjBjbGFzcyUzRCUyMnBsYXklMjIlMjBpZCUzRCUyMjElMjIlM0UlM0NpJTIwY2xhc3MlM0QlMjJmYSUyMGZhLXBsYXklMjIlM0UlM0MlMkZpJTNFJTNDJTJGZGl2JTNFJTBBJTNDYXVkaW8lMjBpZCUzRCUyMnNvdW5kMSUyMiUzRSUzQ3NvdXJjZSUyMHNyYyUzRCUyMmh0dHAlM0ElMkYlMkZxYS5ndGVjaGRlbW8uY29tJTJGd3AtY29udGVudCUyRnVwbG9hZHMlMkYyMDE3JTJGMTIlMkYxNi1WT0lYLTE2LUVYUEVSSUVOQ0VTLV8tUkVORUUtQ2FtZXJvdW4ubXAzJTIyJTIwdHlwZSUzRCUyMmF1ZGlvJTJGb2dnJTIyJTIwJTJGJTNFJTNDJTJGYXVkaW8lM0UlMEElM0NkaXYlMjBjbGFzcyUzRCUyMmF1ZGlvX3JpZ2h0JTIyJTNFJTNDaDMlM0UlM0NhJTIwaHJlZiUzRCUyMmh0dHBzJTNBJTJGJTJGd3d3Lm1peGNsb3VkLmNvbSUyRlFBWU4lMkYxNi12b2l4LTE2LWV4cGVyaWVuY2VzLXJlbmVlLWNhbWVyb3VuJTJGJTNGdXRtX3NvdXJjZSUzRHdpZGdldCUyNmFtcCUzQmFtcCUzQnV0bV9tZWRpdW0lM0R3ZWIlMjZhbXAlM0JhbXAlM0J1dG1fY2FtcGFpZ24lM0RiYXNlX2xpbmtzJTI2YW1wJTNCYW1wJTNCdXRtX3Rlcm0lM0RyZXNvdXJjZV9saW5rJTIyJTIwdGFyZ2V0JTNEJTIyX2JsYW5rJTIyJTIwcmVsJTNEJTIybm9vcGVuZXIlMjIlM0UxNiUyMFZPSVglMkMlMjAxNiUyMEVYUEVSSUVOQ0VTJTIwJTNBJTIwUkVORUUlMjAlMjhDYW1lcm91biUyOSUzQyUyRmElM0UlM0MlMkZoMyUzRSUwQSUzQ3AlM0VieSUyMCUzQ2ElMjBocmVmJTNEJTIyaHR0cCUzQSUyRiUyRnd3dy5taXhjbG91ZC5jb20lMkZRQVlOJTJGJTNGdXRtX3NvdXJjZSUzRHdpZGdldCUyNmFtcCUzQmFtcCUzQnV0bV9tZWRpdW0lM0R3ZWIlMjZhbXAlM0JhbXAlM0J1dG1fY2FtcGFpZ24lM0RiYXNlX2xpbmtzJTI2YW1wJTNCYW1wJTNCdXRtX3Rlcm0lM0Rwcm9maWxlX2xpbmslMjIlMjB0YXJnZXQlM0QlMjJfYmxhbmslMjIlMjByZWwlM0QlMjJub29wZW5lciUyMiUzRVFheW4lM0MlMkZhJTNFJTIwb24lMjAlM0NhJTIwaHJlZiUzRCUyMmh0dHAlM0ElMkYlMkZ3d3cubWl4Y2xvdWQuY29tJTJGJTNGdXRtX3NvdXJjZSUzRHdpZGdldCUyNmFtcCUzQnV0bV9tZWRpdW0lM0R3ZWIlMjZhbXAlM0J1dG1fY2FtcGFpZ24lM0RiYXNlX2xpbmtzJTI2YW1wJTNCdXRtX3Rlcm0lM0Rob21lcGFnZV9saW5rJTIyJTIwdGFyZ2V0JTNEJTIyX2JsYW5rJTIyJTIwcmVsJTNEJTIybm9vcGVuZXIlMjIlM0UlMjBNaXhjbG91ZCUzQyUyRmElM0UlM0MlMkZwJTNFJTNDJTJGZGl2JTNFJTNDJTJGZGl2JTNF[\/vc_raw_html][vc_column_text]<\/p>\n<h2>T\u00e9moignage de Ren\u00e9e du Cameroun<\/h2>\n<p>[\/vc_column_text][vc_column_text]Salut moi c\u2019est Ren\u00e9e, j\u2019ai 24 ans.<\/p>\n<p>La violence bas\u00e9e sur le genre est la violence bas\u00e9e sur l\u2019orientation sexuelle et l\u2019identit\u00e9 sexuelle. Dans mon cas \u00e9tant lesbienne, c\u2019est la violence faite sur des femmes ayant des relations sexuelles avec des femmes. Lorsqu\u2019une femme se met avec une autre femme au Cameroun, c\u2019est consid\u00e9r\u00e9 comme un d\u00e9lit et selon les d\u00e9tenteurs de la bible c\u2019est vu comme un p\u00e9ch\u00e9. Ici les lesbiennes sont tellement violent\u00e9es sur cette base-l\u00e0.<\/p>\n<p>Ma premi\u00e8re exp\u00e9rience a \u00e9t\u00e9 faite dans la cellule familiale avec mon papa, ma maman lorsque des racontages ont \u00e9t\u00e9 faits, des dits sont arriv\u00e9s, des gens ont commenc\u00e9 \u00e0 parler, des gens leur ont dit que votre fille est lesbienne, votre fille passe son temps avec des lesbiennes. Il y avait des filles qui \u00e9taient reconnues comme telle dans la ville et d\u00e8s qu\u2019on m\u2019a vu marcher avec elles, on a commenc\u00e9 \u00e0 me taxer de lesbienne. Mon papa m\u2019a r\u00e9primand\u00e9, il m\u2019a violent\u00e9 que ce soit verbalement, que ce soit physiquement et m\u2019a dit qu\u2019il ne voudrait plus me voir avec ces genres de filles, qu\u2019il n\u2019aimerait plus que je fr\u00e9quente ces genres de filles et qu\u2019il voulait que ces ragots cessent parce que si j\u2019arr\u00eatais \u00e7a, \u00e7a allait cesser.[\/vc_column_text][vc_column_text css=&#8221;.vc_custom_1513651492199{margin-top: 25px !important;margin-bottom: 25px !important;}&#8221; el_class=&#8221;q_audio_content_quotes&#8221;]<\/p>\n<blockquote><p>\u201cJ\u2019ai \u00e9t\u00e9 violent\u00e9e physiquement et moralement par mon papa, par ma maman, par mes fr\u00e8res et s\u0153urs qui disaient que ce n\u2019est pas bien d\u2019\u00eatre lesbienne, c\u2019est une mal\u00e9diction. \u201d<\/p><\/blockquote>\n<p>[\/vc_column_text][vc_column_text]Les gens qui me montraient du doigt dans la rue quand je passais ou quand je partais m\u2019asseoir dans un bar ils me montraient du doigt, quand j\u2019\u00e9tais avec ma copine ils me montraient du doigt, ces deux filles l\u00e0 ce sont des lesbiennes. \u00ab\u00a0Ton papa en a d\u00e9j\u00e0 parl\u00e9, il est fatigu\u00e9 elle ne veut pas comprendre on ne sait pas pourquoi elle est toujours avec cette fille, on ne sait pas ce que cette fille lui donne.\u00a0\u00bb<\/p>\n<p>Concernant ma s\u0153ur, \u00e7a \u00e9t\u00e9 un peu plus violent parce que \u00e7a fait plus d\u2019un an qu\u2019on ne se parle plus, on est all\u00e9es jusqu\u2019aux mains, on a bagarr\u00e9, elle l\u2019a racont\u00e9 \u00e0 toute personne qui voulait l\u2019entendre. Je me suis retrouv\u00e9e entrain de d\u00e9m\u00e9nager parce que je ne pouvais plus vivre dans la cit\u00e9 comme elle \u00e9tait venue le dire \u00e0 tout le monde.[\/vc_column_text][\/vc_column][vc_column width=&#8221;1\/3&#8243;][vc_column_text]Et d\u2019un inconnu dans la rue personnellement \u00e0 moi non mais \u00e0 mes amies si. Mes amies qui ont les allures masculines lorsqu\u2019on nous voit ensemble, pire encore lorsqu\u2019on se tient la main ou lorsqu\u2019on se fait un c\u00e2lin ou lorsqu\u2019on rit \u00e0 haute voix simplement, les gens nous disent qu\u2019est-ce que ces lesbiennes-l\u00e0 font l\u00e0\u00a0? Ma ch\u00e9rie est ce que tu n\u2019as pas honte de marcher avec ce genres de filles\u00a0? Elle va te d\u00e9tourner, elle a le d\u00e9mon en elle, c\u2019est une lesbienne, il faut t\u2019\u00e9loigner d\u2019elle.[\/vc_column_text][vc_column_text css=&#8221;.vc_custom_1513651440014{margin-top: 25px !important;margin-bottom: 25px !important;}&#8221; el_class=&#8221;q_audio_content_quotes&#8221;]<\/p>\n<blockquote><p>\u201cElle a l\u2019air masculine il faut arr\u00eater, il faut arr\u00eater, il ne faut plus, il ne faut plus.\u201d<\/p><\/blockquote>\n<p>[\/vc_column_text][vc_column_text]Je ne peux pas le quantifier parce que \u00e7a ne serait pas vrai. Dans ma famille \u00e7a ne s\u2019est jamais arr\u00eat\u00e9, tout le temps ma maman m\u2019appelle il faut changer ta vie, mon papa m\u2019appelle, mes tantes le font tout le temps. On te voit avec ta copine, elle a l\u2019air collante, elle a l\u2019air masculine il faut arr\u00eater, il faut arr\u00eater, il ne faut plus, il ne faut plus<strong>.<\/strong> A un moment tu te retrouves entrain de pleurer parce que tu te retrouves dans l\u2019embarras du choix, tu dois choisir entre ta famille et ta copine, du coup \u00e7a devient ambigu\u00eb. Et dans la rue lorsque tu es avec ta copine si elle a une allure f\u00e9minine, tout le monde qui passe que ce soit un homme que ce soit une femme, comment deux filles peuvent se retrouver ensemble\u00a0? Vous \u00eates des lesbiennes, on doit vous bruler, on doit vous jeter, vous devez aller en prison. Et de fois on vous fait m\u00eame le chantage.\u00a0 Parce qu\u2019on vous dit que vous \u00eates lesbiennes, il y a des gars qui vous harc\u00e8lent parce que c\u2019est dit que tu es lesbienne et comme il sait que tu es lesbienne, il faudrait bien que soit tu couches avec lui, soit tu lui donne de l\u2019argent pour qu\u2019il te laisse tranquille.<\/p>\n<p>Moi pour condamner cette violence, j\u2019ai deux m\u00e9thodes. Il y a la m\u00e9thode pacifique qui est la m\u00e9thode que j\u2019emploi souvent quand j\u2019en ai assez. Lorsque je marche avec ma copine dans la rue, lorsqu\u2019on part peut \u00eatre dans un bar pour prendre un pot, je ne sais pas lorsqu\u2019on fait une activit\u00e9 quelconque et banale, quelqu\u2019un \u00e0 un moment vient nous dire qu\u2019est-ce que vous faites l\u00e0\u00a0? Ce sont des lesbiennes, ou bien il dit \u00e0 ma copine c\u2019est un homme\u00a0\u00e7a? C\u2019est une fille \u00e7a\u00a0? Tu es quoi\u00a0? Fille, gar\u00e7on\u00a0? Tu ressembles \u00e0 quoi\u00a0? Et il y a beaucoup d\u2019ambigu\u00eft\u00e9 dans ce qu\u2019il dit.\u00a0 Et moi lorsque je me sens-l\u00e0, je me sens fatigu\u00e9e je ne r\u00e9ponds pas. Mais lorsque je me rends compte que \u00e7a fruste vraiment ma copine, je riposte. Je vais souvent jusqu\u2019\u00e0 me quereller avec la personne, \u00e0 l\u2019injurier pour ainsi faire partir ma col\u00e8re, ma frustration, mon angoisse, mon malaise parce que nul n\u2019aimerait marcher en dehors et se faire traiter de lesbienne mais c\u2019est ce qu\u2019on est. Nul n\u2019aimerait se faire insulter en groupe. Donc je m\u2019exprime souvent par la col\u00e8re et tout \u00e7a.[\/vc_column_text][\/vc_column][vc_column width=&#8221;1\/3&#8243;][vc_single_image image=&#8221;591&#8243; img_size=&#8221;full&#8221; qode_css_animation=&#8221;&#8221;][vc_column_text css=&#8221;.vc_custom_1513651429712{margin-top: 25px !important;margin-bottom: 25px !important;}&#8221; el_class=&#8221;q_audio_content_quotes&#8221;]<\/p>\n<blockquote><p>\u201cNous nous acceptons telle que nous sommes et nous n\u2019avons pas besoin de nous justifier. \u201d<\/p><\/blockquote>\n<p>[\/vc_column_text][vc_column_text]Mon engagement personnel en tant que lesbienne, je sais que je suis lesbienne donc je m\u2019assume, je m\u2019aime et je m\u2019affiche avec ma copine o\u00f9 je veux peu importe ce que disent les gens. Ils finiraient bien par comprendre que nous sommes l\u00e0\u00a0; que nous existons, que nous ne sommes pas frustrer pour ce que nous sommes, que nous nous acceptons tel que nous sommes. Nous nous acceptons telle que nous sommes et nous n\u2019avons pas besoin de nous justifier. On nait telle qu\u2019on est. On n\u2019a pas besoin de dire aux gens que c\u2019est ind\u00e9pendant de quoi que ce soit ou d\u2019avoir honte de ce que nous sommes. Et je suis aussi dans une association LGBTI qui \u0153uvre dans les droits et le respect des personnes homosexuelles\u00a0et \u00e7a m\u2019aide parfois \u00e0 m\u2019en sortir quand j\u2019ai certaines boules dans le ventre, quand je ne me sens pas bien, je vais l\u00e0-bas et \u00e7a me redonne du courage. Et lorsque j\u2018ai des amiEs qui ne vont pas bien, je les am\u00e8ne l\u00e0-bas et du coup on se sent bien.[\/vc_column_text][\/vc_column][\/vc_row]<\/p>\n<\/div>","protected":false},"excerpt":{"rendered":"<p>[vc_row css_animation=&#8221;&#8221; row_type=&#8221;row&#8221; use_row_as_full_screen_section=&#8221;no&#8221; type=&#8221;grid&#8221; angled_section=&#8221;no&#8221; text_align=&#8221;left&#8221; background_image_as_pattern=&#8221;without_pattern&#8221; padding_top=&#8221;50&#8243; padding_bottom=&#8221;50&#8243; el_class=&#8221;single_audio_wrapper&#8221;][vc_column width=&#8221;1\/3&#8243;][vc_raw_html]JTNDZGl2JTIwY2xhc3MlM0QlMjJhdWRpb19wbGF5X3dyYXBwZXIlMjIlM0UlMEElM0NkaXYlMjBjbGFzcyUzRCUyMnBsYXklMjIlMjBpZCUzRCUyMjElMjIlM0UlM0NpJTIwY2xhc3MlM0QlMjJmYSUyMGZhLXBsYXklMjIlM0UlM0MlMkZpJTNFJTNDJTJGZGl2JTNFJTBBJTNDYXVkaW8lMjBpZCUzRCUyMnNvdW5kMSUyMiUzRSUzQ3NvdXJjZSUyMHNyYyUzRCUyMmh0dHAlM0ElMkYlMkZxYS5ndGVjaGRlbW8uY29tJTJGd3AtY29udGVudCUyRnVwbG9hZHMlMkYyMDE3JTJGMTIlMkYxNi1WT0lYLTE2LUVYUEVSSUVOQ0VTLV8tUkVORUUtQ2FtZXJvdW4ubXAzJTIyJTIwdHlwZSUzRCUyMmF1ZGlvJTJGb2dnJTIyJTIwJTJGJTNFJTNDJTJGYXVkaW8lM0UlMEElM0NkaXYlMjBjbGFzcyUzRCUyMmF1ZGlvX3JpZ2h0JTIyJTNFJTNDaDMlM0UlM0NhJTIwaHJlZiUzRCUyMmh0dHBzJTNBJTJGJTJGd3d3Lm1peGNsb3VkLmNvbSUyRlFBWU4lMkYxNi12b2l4LTE2LWV4cGVyaWVuY2VzLXJlbmVlLWNhbWVyb3VuJTJGJTNGdXRtX3NvdXJjZSUzRHdpZGdldCUyNmFtcCUzQmFtcCUzQnV0bV9tZWRpdW0lM0R3ZWIlMjZhbXAlM0JhbXAlM0J1dG1fY2FtcGFpZ24lM0RiYXNlX2xpbmtzJTI2YW1wJTNCYW1wJTNCdXRtX3Rlcm0lM0RyZXNvdXJjZV9saW5rJTIyJTIwdGFyZ2V0JTNEJTIyX2JsYW5rJTIyJTIwcmVsJTNEJTIybm9vcGVuZXIlMjIlM0UxNiUyMFZPSVglMkMlMjAxNiUyMEVYUEVSSUVOQ0VTJTIwJTNBJTIwUkVORUUlMjAlMjhDYW1lcm91biUyOSUzQyUyRmElM0UlM0MlMkZoMyUzRSUwQSUzQ3AlM0VieSUyMCUzQ2ElMjBocmVmJTNEJTIyaHR0cCUzQSUyRiUyRnd3dy5taXhjbG91ZC5jb20lMkZRQVlOJTJGJTNGdXRtX3NvdXJjZSUzRHdpZGdldCUyNmFtcCUzQmFtcCUzQnV0bV9tZWRpdW0lM0R3ZWIlMjZhbXAlM0JhbXAlM0J1dG1fY2FtcGFpZ24lM0RiYXNlX2xpbmtzJTI2YW1wJTNCYW1wJTNCdXRtX3Rlcm0lM0Rwcm9maWxlX2xpbmslMjIlMjB0YXJnZXQlM0QlMjJfYmxhbmslMjIlMjByZWwlM0QlMjJub29wZW5lciUyMiUzRVFheW4lM0MlMkZhJTNFJTIwb24lMjAlM0NhJTIwaHJlZiUzRCUyMmh0dHAlM0ElMkYlMkZ3d3cubWl4Y2xvdWQuY29tJTJGJTNGdXRtX3NvdXJjZSUzRHdpZGdldCUyNmFtcCUzQnV0bV9tZWRpdW0lM0R3ZWIlMjZhbXAlM0J1dG1fY2FtcGFpZ24lM0RiYXNlX2xpbmtzJTI2YW1wJTNCdXRtX3Rlcm0lM0Rob21lcGFnZV9saW5rJTIyJTIwdGFyZ2V0JTNEJTIyX2JsYW5rJTIyJTIwcmVsJTNEJTIybm9vcGVuZXIlMjIlM0UlMjBNaXhjbG91ZCUzQyUyRmElM0UlM0MlMkZwJTNFJTNDJTJGZGl2JTNFJTNDJTJGZGl2JTNF[\/vc_raw_html][vc_column_text] T\u00e9moignage de Ren\u00e9e du Cameroun [\/vc_column_text][vc_column_text]Salut moi c\u2019est Ren\u00e9e, j\u2019ai 24 ans. La violence bas\u00e9e sur le genre&#8230;<\/p>\n","protected":false},"author":1,"featured_media":0,"parent":0,"menu_order":0,"comment_status":"closed","ping_status":"closed","template":"full_width.php","meta":{"rs_blank_template":"","rs_page_bg_color":"","slide_template_v7":"","footnotes":""},"class_list":["post-584","page","type-page","status-publish","hentry"],"_links":{"self":[{"href":"https:\/\/qayn.org\/en\/wp-json\/wp\/v2\/pages\/584","targetHints":{"allow":["GET"]}}],"collection":[{"href":"https:\/\/qayn.org\/en\/wp-json\/wp\/v2\/pages"}],"about":[{"href":"https:\/\/qayn.org\/en\/wp-json\/wp\/v2\/types\/page"}],"author":[{"embeddable":true,"href":"https:\/\/qayn.org\/en\/wp-json\/wp\/v2\/users\/1"}],"replies":[{"embeddable":true,"href":"https:\/\/qayn.org\/en\/wp-json\/wp\/v2\/comments?post=584"}],"version-history":[{"count":9,"href":"https:\/\/qayn.org\/en\/wp-json\/wp\/v2\/pages\/584\/revisions"}],"predecessor-version":[{"id":2435,"href":"https:\/\/qayn.org\/en\/wp-json\/wp\/v2\/pages\/584\/revisions\/2435"}],"wp:attachment":[{"href":"https:\/\/qayn.org\/en\/wp-json\/wp\/v2\/media?parent=584"}],"curies":[{"name":"wp","href":"https:\/\/api.w.org\/{rel}","templated":true}]}}