{"id":583,"date":"2017-11-02T05:13:09","date_gmt":"2017-11-02T05:13:09","guid":{"rendered":"http:\/\/websource.co\/qayn\/en\/voixanonyme1\/"},"modified":"2017-12-18T22:53:54","modified_gmt":"2017-12-18T22:53:54","slug":"voixanonyme1","status":"publish","type":"page","link":"https:\/\/qayn.org\/en\/voixanonyme1\/","title":{"rendered":"Voixanonyme1"},"content":{"rendered":"<div class=\"wpb-content-wrapper\"><p>[vc_row css_animation=&#8221;&#8221; row_type=&#8221;row&#8221; use_row_as_full_screen_section=&#8221;no&#8221; type=&#8221;grid&#8221; angled_section=&#8221;no&#8221; text_align=&#8221;left&#8221; background_image_as_pattern=&#8221;without_pattern&#8221; padding_top=&#8221;50&#8243; padding_bottom=&#8221;50&#8243; el_class=&#8221;single_audio_wrapper&#8221;][vc_column width=&#8221;1\/3&#8243;][vc_raw_html]JTNDZGl2JTIwY2xhc3MlM0QlMjJhdWRpb19wbGF5X3dyYXBwZXIlMjIlM0UlMEElM0NkaXYlMjBjbGFzcyUzRCUyMnBsYXklMjIlMjBpZCUzRCUyMjElMjIlM0UlM0NpJTIwY2xhc3MlM0QlMjJmYSUyMGZhLXBsYXklMjIlM0UlM0MlMkZpJTNFJTNDJTJGZGl2JTNFJTBBJTNDYXVkaW8lMjBpZCUzRCUyMnNvdW5kMSUyMiUzRSUzQ3NvdXJjZSUyMHNyYyUzRCUyMiUyMiUyMHR5cGUlM0QlMjJhdWRpbyUyRm9nZyUyMiUyMCUyRiUzRSUzQyUyRmF1ZGlvJTNFJTBBJTNDZGl2JTIwY2xhc3MlM0QlMjJhdWRpb19yaWdodCUyMiUzRSUzQ2gzJTNFJTNDYSUyMGhyZWYlM0QlMjJodHRwcyUzQSUyRiUyRnd3dy5taXhjbG91ZC5jb20lMkZRQVlOJTJGMTYtdm9peC0xNi1leHBlcmllbmNlcy10JTI1QzMlMjVBOW1vaWduYWdlLWFub255bWUtMi1iJTI1QzMlMjVBOW5pbiUyRiUzRnV0bV9zb3VyY2UlM0R3aWRnZXQlMjZhbXAlM0J1dG1fbWVkaXVtJTNEd2ViJTI2YW1wJTNCdXRtX2NhbXBhaWduJTNEYmFzZV9saW5rcyUyNmFtcCUzQnV0bV90ZXJtJTNEcmVzb3VyY2VfbGluayUyMiUyMHRhcmdldCUzRCUyMl9ibGFuayUyMiUyMHJlbCUzRCUyMm5vb3BlbmVyJTIyJTNFMTYlMjBWT0lYJTJDJTIwMTYlMjBFWFBFUklFTkNFUyUyMCUzQSUyMFQlQzMlQTltb2lnbmFnZSUyMEFub255bWUlMjAyJTIwJTI4QiVDMyVBOW5pbiUyOSUzQyUyRmElM0UlM0MlMkZoMyUzRSUwQSUzQ3AlM0VieSUyMCUzQ2ElMjBocmVmJTNEJTIyaHR0cCUzQSUyRiUyRnd3dy5taXhjbG91ZC5jb20lMkZRQVlOJTJGJTNGdXRtX3NvdXJjZSUzRHdpZGdldCUyNmFtcCUzQmFtcCUzQnV0bV9tZWRpdW0lM0R3ZWIlMjZhbXAlM0JhbXAlM0J1dG1fY2FtcGFpZ24lM0RiYXNlX2xpbmtzJTI2YW1wJTNCYW1wJTNCdXRtX3Rlcm0lM0Rwcm9maWxlX2xpbmslMjIlMjB0YXJnZXQlM0QlMjJfYmxhbmslMjIlMjByZWwlM0QlMjJub29wZW5lciUyMiUzRVFheW4lM0MlMkZhJTNFJTIwb24lMjAlM0NhJTIwaHJlZiUzRCUyMmh0dHAlM0ElMkYlMkZ3d3cubWl4Y2xvdWQuY29tJTJGJTNGdXRtX3NvdXJjZSUzRHdpZGdldCUyNmFtcCUzQnV0bV9tZWRpdW0lM0R3ZWIlMjZhbXAlM0J1dG1fY2FtcGFpZ24lM0RiYXNlX2xpbmtzJTI2YW1wJTNCdXRtX3Rlcm0lM0Rob21lcGFnZV9saW5rJTIyJTIwdGFyZ2V0JTNEJTIyX2JsYW5rJTIyJTIwcmVsJTNEJTIybm9vcGVuZXIlMjIlM0UlMjBNaXhjbG91ZCUzQyUyRmElM0UlM0MlMkZwJTNFJTNDJTJGZGl2JTNFJTNDJTJGZGl2JTNF[\/vc_raw_html][vc_column_text]<\/p>\n<h2>T\u00e9moignage anonyme du Benin<\/h2>\n<p>[\/vc_column_text][vc_column_text]Bonsoir, Je suis b\u00e9ninoise, Je suis \u00e9l\u00e8ve, j\u2019ai 21ans, Je suis bi.<\/p>\n<p>Quand mes parents ont appris que j\u2019\u00e9tais bi, ils \u00e9taient furieux jusqu\u2019au point o\u00f9 ils m\u2019ont bastonn\u00e9e, renvoy\u00e9e de la maison, et m\u2019ont coup\u00e9e\u00a0 la scolarit\u00e9 tout. Mais j\u2019ai voulu faire comprendre \u00e0 mes parents que je n\u2019ai pas choisis mais ils ne veulent pas comprendre, donc j\u2019ai d\u00fb laisser le temps pour qu\u2019ils puissent revenir sur leur d\u00e9cision. Ils n\u2019\u00e9taient pas d\u2019accord, ils disent que c\u2019est le sacril\u00e8ge, ce n\u2019est pas permis, qu\u2019on en fait pas \u00e7a et que c\u2019est une abomination, bon chacun a donn\u00e9 son avis, ils n\u2019\u00e9taient pas d\u2019accord et qu\u2019on ne fait pas \u00e7a dans leur famille. Et que ce n\u2019est pas moi qui vais amener \u00e7a dans leur famille,[\/vc_column_text][vc_column_text css=&#8221;.vc_custom_1513432712791{margin-top: 25px !important;margin-bottom: 25px !important;}&#8221; el_class=&#8221;q_audio_content_quotes&#8221;]<\/p>\n<blockquote><p>\u201cjusqu\u2019au point o\u00f9 mon papa m\u2019a reni\u00e9 et que moi je ne suis plus sa fille, quand il mourra de ne pas venir \u00e0 son enterrement.\u201d<\/p><\/blockquote>\n<p>[\/vc_column_text][vc_column_text]Ah il a racont\u00e9 des choses horribles. Oui oui, jusqu\u2019au point o\u00f9 j\u2019ai quitt\u00e9 la maison.<\/p>\n<p>Bon comme j\u2019\u00e9tais dans la tension, j\u2019ai voulu faire comprendre \u00e0 mes parents, mais ils n\u2019ont pas voulu, surtout le vieux a \u00e9t\u00e9 cat\u00e9gorique sur sa d\u00e9cision et n\u2019a jamais voulu qu\u2019on parle de \u00e7a. J\u2019ai une amie, elle aussi elle est dans le domaine, et c\u2019est elle qui m\u2019a h\u00e9berg\u00e9e chez elle jusqu\u2019au point o\u00f9 je trouve quelque chose \u00e0 faire pour pouvoir subvenir \u00e0 mes besoins, et depuis lors, je suis avec elle.<\/p>\n<p><a href=\"http:\/\/qayn.org\/en\/voixanonyme1\/\">[1]<\/a>\u00a0Dans le domaine: un code locale pour parler du lesbianisme[\/vc_column_text][\/vc_column][vc_column width=&#8221;1\/3&#8243;][vc_column_text]J\u2019ai certaines amies qui ne sont pas dans le domaine, qui jugent mon style d\u2019habillement, mon comportement et me voit comme un gar\u00e7on, et ils me voient mal quoi, mais moi\u2026 et ils me suivent parfois m\u00eame publiquement. Que de changer, qu\u2019est-ce que cela veut dire, mais bon\u2026 Je ne r\u00e9plique pas comme \u00e7a parce qu\u2019ils ne pourront pas comprendre en fait, donc j\u2019essaye de prendre mon mal en patience et de leurs faire comprendre que je n\u2019ai pas choisi et que bon, c\u2019est comme \u00e7a et que c\u2019est ma vie. Et que le destin a voulu faire comme \u00e7a.<\/p>\n<p>Une de mes amies \u00e9tait dans la m\u00eame situation jusqu\u2019au point o\u00f9 sa maman lui a interdit de sortir, elle est tout le temps enferm\u00e9e dans la chambre, m\u00eame pour aller au march\u00e9, elle a un garde du corps, des trucs comme \u00e7a. Elle est souvent poursuivit et tout. Et elle n\u2019est pas \u00e0 l\u2019aise dans ses mouvements, m\u00eame son t\u00e9l\u00e9phone est sur \u00e9coute, elle n\u2019est pas \u00e0 l\u2019aise jusqu\u2019au point o\u00f9 la maman lui demande ce dont elle a besoin pour pouvoir \u00eatre bi ou bien pour pouvoir se retrouver dans ce cas, et que la maman veut comprendre parce que sa fille \u00e0 tout \u00e0 sa disposition mais qu\u2019elle ne comprend pas l\u2019orientation de sa fille.<\/p>\n<p>Bon j\u2019ai essay\u00e9 de dire \u00e0 la maman qu\u2019elle ne peut pas choisir pour sa fille et que sa fille est libre de choisir de temps puisque nous sommes dans un pays de droit, chacun est libre de faire ce qu\u2019il veut. Que \u00e7a soit bon ou pas la personne est responsable de ses actes. Et que d\u2019essayer d\u2019accepter le choix de son enfant et de l\u2019aider \u00e0 vivre mieux son orientation.<\/p>\n<p>Moi j\u2019essaye au moins de communiquer \u00e0 mes proches, \u00e0 mes amiEs de classe, de changer leurs comportement, de mieux se comporter dans la soci\u00e9t\u00e9 et n\u2019importe o\u00f9 ils soient\u00a0pour pouvoir \u00eatre accept\u00e9E, et surtout les lesbiennes de changer de comportements et d\u2019\u00eatre bien vues dans la soci\u00e9t\u00e9.[\/vc_column_text][\/vc_column][vc_column width=&#8221;1\/3&#8243;][vc_column_text css=&#8221;.vc_custom_1513432694256{margin-bottom: 25px !important;}&#8221; el_class=&#8221;q_audio_content_quotes&#8221;]<\/p>\n<blockquote><p>\u201cPour que chacun puisse \u00eatre libre dans ses choix et ne plus avoir peur, genre on ne veut plus \u00eatre jug\u00e9es quoi, par le choix, on veut \u00eatre libre.\u201d<\/p><\/blockquote>\n<p>[\/vc_column_text][vc_column_text]Je demande aux partenaires \u00a0d\u2019essayer de jeter souvent un regard bienveillant sur nous, de nous aider \u00e0 \u00eatre plus \u00e0 l\u2019aise dans notre domaine, de ne plus avoir peur et de sensibiliser la population sur l\u2019orientation de chacun et sur le sexe aussi. Pour que chacun puisse \u00eatre libre dans ses choix et ne plus avoir peur, genre on ne veut plus \u00eatre jug\u00e9es quoi, par le choix, on veut \u00eatre libre.<\/p>\n<p>Aux femmes violent\u00e9e, bon moi je vais leur dire de prendre leur mal en patience et que avec le temps, leurs\u00a0 parents vont comprendre leur d\u00e9cision et que de donner un peu de temps \u00e0 chacun, mais d\u2019\u00eatre fi\u00e8res de ce qu\u2019elles ont et de ne pas avoir honte de ce qu\u2019elles sont.[\/vc_column_text][vc_single_image image=&#8221;580&#8243; img_size=&#8221;full&#8221; qode_css_animation=&#8221;&#8221; css=&#8221;.vc_custom_1509601865736{margin-top: 25px !important;}&#8221;][vc_column_text]<\/p>\n<p style=\"font-size: 13px;\">Xonanji<\/p>\n<p>[\/vc_column_text][\/vc_column][\/vc_row]<\/p>\n<\/div>","protected":false},"excerpt":{"rendered":"<p>[vc_row css_animation=&#8221;&#8221; row_type=&#8221;row&#8221; use_row_as_full_screen_section=&#8221;no&#8221; type=&#8221;grid&#8221; angled_section=&#8221;no&#8221; text_align=&#8221;left&#8221; background_image_as_pattern=&#8221;without_pattern&#8221; padding_top=&#8221;50&#8243; padding_bottom=&#8221;50&#8243; el_class=&#8221;single_audio_wrapper&#8221;][vc_column width=&#8221;1\/3&#8243;][vc_raw_html]JTNDZGl2JTIwY2xhc3MlM0QlMjJhdWRpb19wbGF5X3dyYXBwZXIlMjIlM0UlMEElM0NkaXYlMjBjbGFzcyUzRCUyMnBsYXklMjIlMjBpZCUzRCUyMjElMjIlM0UlM0NpJTIwY2xhc3MlM0QlMjJmYSUyMGZhLXBsYXklMjIlM0UlM0MlMkZpJTNFJTNDJTJGZGl2JTNFJTBBJTNDYXVkaW8lMjBpZCUzRCUyMnNvdW5kMSUyMiUzRSUzQ3NvdXJjZSUyMHNyYyUzRCUyMiUyMiUyMHR5cGUlM0QlMjJhdWRpbyUyRm9nZyUyMiUyMCUyRiUzRSUzQyUyRmF1ZGlvJTNFJTBBJTNDZGl2JTIwY2xhc3MlM0QlMjJhdWRpb19yaWdodCUyMiUzRSUzQ2gzJTNFJTNDYSUyMGhyZWYlM0QlMjJodHRwcyUzQSUyRiUyRnd3dy5taXhjbG91ZC5jb20lMkZRQVlOJTJGMTYtdm9peC0xNi1leHBlcmllbmNlcy10JTI1QzMlMjVBOW1vaWduYWdlLWFub255bWUtMi1iJTI1QzMlMjVBOW5pbiUyRiUzRnV0bV9zb3VyY2UlM0R3aWRnZXQlMjZhbXAlM0J1dG1fbWVkaXVtJTNEd2ViJTI2YW1wJTNCdXRtX2NhbXBhaWduJTNEYmFzZV9saW5rcyUyNmFtcCUzQnV0bV90ZXJtJTNEcmVzb3VyY2VfbGluayUyMiUyMHRhcmdldCUzRCUyMl9ibGFuayUyMiUyMHJlbCUzRCUyMm5vb3BlbmVyJTIyJTNFMTYlMjBWT0lYJTJDJTIwMTYlMjBFWFBFUklFTkNFUyUyMCUzQSUyMFQlQzMlQTltb2lnbmFnZSUyMEFub255bWUlMjAyJTIwJTI4QiVDMyVBOW5pbiUyOSUzQyUyRmElM0UlM0MlMkZoMyUzRSUwQSUzQ3AlM0VieSUyMCUzQ2ElMjBocmVmJTNEJTIyaHR0cCUzQSUyRiUyRnd3dy5taXhjbG91ZC5jb20lMkZRQVlOJTJGJTNGdXRtX3NvdXJjZSUzRHdpZGdldCUyNmFtcCUzQmFtcCUzQnV0bV9tZWRpdW0lM0R3ZWIlMjZhbXAlM0JhbXAlM0J1dG1fY2FtcGFpZ24lM0RiYXNlX2xpbmtzJTI2YW1wJTNCYW1wJTNCdXRtX3Rlcm0lM0Rwcm9maWxlX2xpbmslMjIlMjB0YXJnZXQlM0QlMjJfYmxhbmslMjIlMjByZWwlM0QlMjJub29wZW5lciUyMiUzRVFheW4lM0MlMkZhJTNFJTIwb24lMjAlM0NhJTIwaHJlZiUzRCUyMmh0dHAlM0ElMkYlMkZ3d3cubWl4Y2xvdWQuY29tJTJGJTNGdXRtX3NvdXJjZSUzRHdpZGdldCUyNmFtcCUzQnV0bV9tZWRpdW0lM0R3ZWIlMjZhbXAlM0J1dG1fY2FtcGFpZ24lM0RiYXNlX2xpbmtzJTI2YW1wJTNCdXRtX3Rlcm0lM0Rob21lcGFnZV9saW5rJTIyJTIwdGFyZ2V0JTNEJTIyX2JsYW5rJTIyJTIwcmVsJTNEJTIybm9vcGVuZXIlMjIlM0UlMjBNaXhjbG91ZCUzQyUyRmElM0UlM0MlMkZwJTNFJTNDJTJGZGl2JTNFJTNDJTJGZGl2JTNF[\/vc_raw_html][vc_column_text] T\u00e9moignage anonyme du Benin [\/vc_column_text][vc_column_text]Bonsoir, Je suis b\u00e9ninoise, Je suis \u00e9l\u00e8ve, j\u2019ai 21ans, Je suis bi. Quand mes&#8230;<\/p>\n","protected":false},"author":1,"featured_media":0,"parent":0,"menu_order":0,"comment_status":"closed","ping_status":"closed","template":"full_width.php","meta":{"rs_blank_template":"","rs_page_bg_color":"","slide_template_v7":"","footnotes":""},"class_list":["post-583","page","type-page","status-publish","hentry"],"_links":{"self":[{"href":"https:\/\/qayn.org\/en\/wp-json\/wp\/v2\/pages\/583","targetHints":{"allow":["GET"]}}],"collection":[{"href":"https:\/\/qayn.org\/en\/wp-json\/wp\/v2\/pages"}],"about":[{"href":"https:\/\/qayn.org\/en\/wp-json\/wp\/v2\/types\/page"}],"author":[{"embeddable":true,"href":"https:\/\/qayn.org\/en\/wp-json\/wp\/v2\/users\/1"}],"replies":[{"embeddable":true,"href":"https:\/\/qayn.org\/en\/wp-json\/wp\/v2\/comments?post=583"}],"version-history":[{"count":5,"href":"https:\/\/qayn.org\/en\/wp-json\/wp\/v2\/pages\/583\/revisions"}],"predecessor-version":[{"id":2405,"href":"https:\/\/qayn.org\/en\/wp-json\/wp\/v2\/pages\/583\/revisions\/2405"}],"wp:attachment":[{"href":"https:\/\/qayn.org\/en\/wp-json\/wp\/v2\/media?parent=583"}],"curies":[{"name":"wp","href":"https:\/\/api.w.org\/{rel}","templated":true}]}}