{"id":561,"date":"2017-11-01T11:20:15","date_gmt":"2017-11-01T11:20:15","guid":{"rendered":"http:\/\/websource.co\/qayn\/en\/?page_id=561"},"modified":"2017-12-19T02:36:10","modified_gmt":"2017-12-19T02:36:10","slug":"voixfleur","status":"publish","type":"page","link":"https:\/\/qayn.org\/en\/voixfleur\/","title":{"rendered":"Voixfleur"},"content":{"rendered":"<div class=\"wpb-content-wrapper\"><p>[vc_row css_animation=&#8221;&#8221; row_type=&#8221;row&#8221; use_row_as_full_screen_section=&#8221;no&#8221; type=&#8221;grid&#8221; angled_section=&#8221;no&#8221; text_align=&#8221;left&#8221; background_image_as_pattern=&#8221;without_pattern&#8221; padding_top=&#8221;50&#8243; padding_bottom=&#8221;50&#8243; el_class=&#8221;single_audio_wrapper&#8221;][vc_column width=&#8221;1\/3&#8243;][vc_raw_html]JTNDZGl2JTIwY2xhc3MlM0QlMjJhdWRpb19wbGF5X3dyYXBwZXIlMjIlM0UlMEElM0NkaXYlMjBjbGFzcyUzRCUyMnBsYXklMjIlMjBpZCUzRCUyMjElMjIlM0UlM0NpJTIwY2xhc3MlM0QlMjJmYSUyMGZhLXBsYXklMjIlM0UlM0MlMkZpJTNFJTNDJTJGZGl2JTNFJTBBJTNDYXVkaW8lMjBpZCUzRCUyMnNvdW5kMSUyMiUzRSUzQ3NvdXJjZSUyMHNyYyUzRCUyMmh0dHAlM0ElMkYlMkZxYS5ndGVjaGRlbW8uY29tJTJGd3AtY29udGVudCUyRnVwbG9hZHMlMkYyMDE3JTJGMTIlMkYxNi1WT0lYLTE2LUVYUEVSSUVOQ0VTLV8tRkxFVVItQ2FtZXJvdW4ubXAzJTIyJTIwdHlwZSUzRCUyMmF1ZGlvJTJGb2dnJTIyJTIwJTJGJTNFJTNDJTJGYXVkaW8lM0UlMEElM0NkaXYlMjBjbGFzcyUzRCUyMmF1ZGlvX3JpZ2h0JTIyJTNFJTNDaDMlM0UlM0NhJTIwaHJlZiUzRCUyMmh0dHBzJTNBJTJGJTJGd3d3Lm1peGNsb3VkLmNvbSUyRlFBWU4lMkYxNi12b2l4LTE2LWV4cGVyaWVuY2VzLWZsZXVyLWNhbWVyb3VuJTJGJTNGdXRtX3NvdXJjZSUzRHdpZGdldCUyNmFtcCUzQmFtcCUzQnV0bV9tZWRpdW0lM0R3ZWIlMjZhbXAlM0JhbXAlM0J1dG1fY2FtcGFpZ24lM0RiYXNlX2xpbmtzJTI2YW1wJTNCYW1wJTNCdXRtX3Rlcm0lM0RyZXNvdXJjZV9saW5rJTIyJTIwdGFyZ2V0JTNEJTIyX2JsYW5rJTIyJTIwcmVsJTNEJTIybm9vcGVuZXIlMjIlM0UxNiUyMFZPSVglMkMlMjAxNiUyMEVYUEVSSUVOQ0VTJTIwJTNBJTIwRkxFVVIlMjAlMjhDYW1lcm91biUyOSUzQyUyRmElM0UlM0MlMkZoMyUzRSUwQSUzQ3AlM0VieSUyMCUzQ2ElMjBocmVmJTNEJTIyaHR0cCUzQSUyRiUyRnd3dy5taXhjbG91ZC5jb20lMkZRQVlOJTJGJTNGdXRtX3NvdXJjZSUzRHdpZGdldCUyNmFtcCUzQmFtcCUzQnV0bV9tZWRpdW0lM0R3ZWIlMjZhbXAlM0JhbXAlM0J1dG1fY2FtcGFpZ24lM0RiYXNlX2xpbmtzJTI2YW1wJTNCYW1wJTNCdXRtX3Rlcm0lM0Rwcm9maWxlX2xpbmslMjIlMjB0YXJnZXQlM0QlMjJfYmxhbmslMjIlMjByZWwlM0QlMjJub29wZW5lciUyMiUzRVFheW4lM0MlMkZhJTNFJTIwb24lMjAlM0NhJTIwaHJlZiUzRCUyMmh0dHAlM0ElMkYlMkZ3d3cubWl4Y2xvdWQuY29tJTJGJTNGdXRtX3NvdXJjZSUzRHdpZGdldCUyNmFtcCUzQnV0bV9tZWRpdW0lM0R3ZWIlMjZhbXAlM0J1dG1fY2FtcGFpZ24lM0RiYXNlX2xpbmtzJTI2YW1wJTNCdXRtX3Rlcm0lM0Rob21lcGFnZV9saW5rJTIyJTIwdGFyZ2V0JTNEJTIyX2JsYW5rJTIyJTIwcmVsJTNEJTIybm9vcGVuZXIlMjIlM0UlMjBNaXhjbG91ZCUzQyUyRmElM0UlM0MlMkZwJTNFJTNDJTJGZGl2JTNFJTNDJTJGZGl2JTNF[\/vc_raw_html][vc_column_text]<\/p>\n<h2>T\u00e9moignage de Fleur du Cameroun<\/h2>\n<p>[\/vc_column_text][vc_column_text]Bonjour je suis Jackie-Fleur, je suis au ch\u00f4mage.<\/p>\n<p>Pour moi la d\u00e9finition de la violence bas\u00e9e sur le genre, c\u2019est l\u2019atteinte \u00e0 la dignit\u00e9 profonde d\u2019un \u00eatre particuli\u00e8rement nous les femmes, les homosexuelles, les minorit\u00e9s. C\u2019est aussi une mani\u00e8re brute de r\u00e9duire, de r\u00e9duire, de rabaisser les personnes faibles. Une douleur, une peur physique ou morale constante.<\/p>\n<p>Parlant de ma premi\u00e8re exp\u00e9rience avec ce type de violence, \u00e7a remonte \u00e0 tr\u00e8s longtemps, je crois que j\u2018avais 5 ans ou 7 ans. La premi\u00e8re exp\u00e9rience que j\u2019ai eu avec ce type de violence pr\u00e9cis\u00e9ment les violences physique et morale, c\u2019\u00e9tait quand j\u2019avais 7 ans. J\u2018ai eu, on appelle \u00e7a dans les \u00e9coles, un bobo quoi. C\u2019est lui qui me mena\u00e7ait, il m\u2019emp\u00eachait m\u00eame d\u2019aller \u00e0 l\u2019\u00e9cole. Et donc de fois j\u2019arrivais d\u00e9j\u00e0 \u00e0 fuir l\u2019\u00e9cole parce que j\u2019avais tellement peur. Chaque matin il fallait lui faire des comptes, genre lui remettre mon petit d\u00e9jeuner et tout sinon, il me tabassait. \u00c7a c\u2019est un truc qui m\u2019a vraiment troubl\u00e9e depuis mon enfance parce que rien que l\u2019id\u00e9e de me r\u00e9veiller chaque matin et de savoir que je dois aller en classe et que mon bobo qui \u00e9tait mon voisin de banc, il allait me menacer et tout. Je vivais dans une peur qui ne disait vraiment pas son nom. La preuve en est qu\u2019aujourd\u2019hui je me rappelle exactement de tout ce qui s\u2019est pass\u00e9. Mais bon avec le temps j\u2019ai essay\u00e9 de remonter \u00e7a mais ce n\u2019\u00e9tait pas du tout \u00e9vident. Bon pour les autres violences, les violences du genre parlant de viol ou je ne sais pas quoi.[\/vc_column_text][vc_column_text css=&#8221;.vc_custom_1513650961759{margin-top: 25px !important;margin-bottom: 25px !important;}&#8221; el_class=&#8221;q_audio_content_quotes&#8221;]<\/p>\n<blockquote><p>\u201cPour les viols \u00e7a \u00e9t\u00e9 un peu mon itin\u00e9raire de vie. J\u2019ai \u00e9t\u00e9 plusieurs fois atteinte physiquement par\u2026 le bas qui blesse le plus c\u2019est que c\u2019\u00e9tait beaucoup plus des personnes de la famille. \u201d<\/p><\/blockquote>\n<p>[\/vc_column_text][vc_column_text]D\u2019abord il y avait un de mes oncles au village et il y a d\u2019autres membres dans la famille.<\/p>\n<p>Ici je vais un peu beaucoup plus m\u2019attard\u00e9 sur une histoire que j\u2019ai v\u00e9cu beaucoup plus r\u00e9cemment, il y a cela un an et demi. C\u2019\u00e9tait lors de ma derni\u00e8re relation avec ma partenaire. Sinc\u00e8rement de prime \u00e0 bord c\u2019est une personne assez ouverte, qui parle bon bref tr\u00e8s attentionn\u00e9e et tout. Mais elle renferme une possessivit\u00e9 \u00e9norme et une brutalit\u00e9 hors norme. Ce qui fait qu\u2019il y a de cela un an, c\u2019\u00e9tait en juillet dernier. Un matin, il y a une de ses s\u0153urs qui a mont\u00e9 une histoire soit disant j\u2018\u00e9tais l\u00e0 avec elle pour son argent et tout et tout parce qu\u2019elle ne vit pas ici, elle vit en Europe.\u00a0Bon bref sa s\u0153ur a invent\u00e9 une histoire parce que sa s\u0153ur avait l\u2019impression qu\u2019elle portait trop d\u2019attention sur moi. Et sa s\u0153ur avait invent\u00e9 une histoire soit disant, histoire de la remonter, que j\u2019\u00e9tais l\u00e0 uniquement pour de l\u2019argent, mat\u00e9rialiste et tout. Ce que je n\u2019ai jamais \u00e9t\u00e9 dans ma vie parce que je sais sur quoi je compte.\u00a0\u00a0Du coup elle s\u2019est \u00e9nerv\u00e9e, elle s\u2019est emport\u00e9e et elle a m\u00eame commenc\u00e9 \u00e0 me coller des histoires du genre je la trompais, je sortais avec je ne sais qui pourtant durant plus de trois mois qu\u2019elle a pass\u00e9e ici au Cameroun, je ne d\u00e9crochais jamais mon t\u00e9l\u00e9phone par respect pour elle, pour ne pas la mettre mal \u00e0 l\u2019aise. Elle, elle se disait que c\u2019\u00e9tait pour me cacher et tout<\/p>\n<p>Ce jour-l\u00e0 je me suis vraiment senti hyper rabaiss\u00e9e, hyper faible, tr\u00e8s vuln\u00e9rable parce que elle s\u2019est emport\u00e9e un matin, elle s\u2019est mis \u00e0 me bastonner, \u00e7a rallait de partout. Elle a commenc\u00e9 \u00e0 me bastonner dans les toilettes donc vous pouvez imaginer\u00a0ce que \u00e7a fait; les toilettes avec les carreaux qui glissent et tout. C\u2019\u00e9tait, tu glisses \u00e0 gauche, tu glisses \u00e0 droite, c\u2019est la t\u00eate qui est cogn\u00e9e par ci par l\u00e0. L\u00e0 o\u00f9 c\u2019est devenu vraiment grave et j\u2019ai cru que j\u2019allais y passer, c\u2019est quand elle a commenc\u00e9 \u00e0 m\u2019arracher les cheveux de la t\u00eate avec les mains et tout.[\/vc_column_text][\/vc_column][vc_column width=&#8221;1\/3&#8243;][vc_column_text]La seule chose dont je me rappelle c\u2019est que j\u2019ai entendu un craquement au niveau de mes cheveux peut \u00eatre pendant une heure de temps. Du genre quelqu\u2019un t\u2019arrache les cheveux avec les mains. Apr\u00e8s je sentais les picotements mais \u00e0 l\u2019instant je ne r\u00e9alisais pas encore \u00e0 quel niveau, bon bref le degr\u00e9 de blessure que j\u2019avais. Quand quelqu\u2019un t\u2019arrache les cheveux de la t\u00eate avec les mains. \u00c7a c\u2019est une exp\u00e9rience que j\u2019ai v\u00e9cu il y a quelque temps et \u00e7a m\u2019a beaucoup traumatis\u00e9, \u00e7a m\u2019as fait tr\u00e8s peur du coup j\u2019ai m\u00eame du mal \u00e0 me remettre en relation parce que j\u2019ai peur encore de tomber encore sur une personne aussi violente.<\/p>\n<p>Sinc\u00e8rement je ne peux pas faire un \u00e9tat. C\u2019est plusieurs fois et c\u2019\u00e9tait beaucoup plus sur plusieurs \u00e9tapes de ma vie comme on dit tu as l\u2019enfance, tu as l\u2019adolescence, tu as la pubert\u00e9 et tu as l\u2019adolescence. Pour moi, ce type de violence je vis \u00e7a pratiquement sur toute ma vie. Aujourd\u2019hui je suis \u00e2g\u00e9 de 27 ans et je peux dire que j\u2019ai pass\u00e9 presque 20 ans avec ce genre de violences.<strong>\u00a0<\/strong>[\/vc_column_text][vc_column_text css=&#8221;.vc_custom_1513650942149{margin-top: 25px !important;margin-bottom: 25px !important;}&#8221; el_class=&#8221;q_audio_content_quotes&#8221;]<\/p>\n<blockquote><p>\u201cParfois il y a la solitude choisie mais la solitude impos\u00e9e parce que les gens te rejettent et tout et tout, \u00e7a tue le moral. \u201d<\/p><\/blockquote>\n<p>[\/vc_column_text][vc_column_text]<\/p>\n<div id=\"block-yui_3_17_2_7_1417740288635_67664\" class=\"sqs-block html-block sqs-block-html\" data-block-type=\"2\">\n<div class=\"sqs-block-content\">\n<p>Que ce soit des violences physiques, que ce soit des violences morales, que ce soit des violences psychologiques donc je ne peux pas faire un d\u00e9compte l\u00e0 maintenant. Je me dis juste que c\u2019est un truc que j\u2019ai v\u00e9cu pratiquement toute ma vie.<\/p>\n<p>Personnellement, je crois que je vis \u00e7a tout le temps surtout avec la situation que je vis actuellement depuis mon accident avec ma derni\u00e8re partenaire de tout, c\u2019est devenu encore pire m\u00eame dans la famille. Tu as toute la famille qui te rejette parce que tu es homosexuelle. Maintenant \u00e0 c\u00f4t\u00e9 de \u00e7a il y a les injures, il y a un rejet total du genre tu vois on te met en quarantaine parce que toute la famille a appris que tu es ceci, c\u2019est comme si tu \u00e9tais un extra-terrestre, c\u2019est comme si tu \u00e9tais contagieuse, on te met \u00e0 l\u2019\u00e9cart, on ne te parle plus, on estime que tu es un monstre, que tu as sign\u00e9 je ne sais pas un pacte avec le diable et tout et tout.<\/p>\n<p>Et sinc\u00e8rement je ne sais pas, je crois que c\u2019est une des pires choses qu\u2019on peut vivre sur cette terre. Parfois il y a la solitude choisie mais la solitude impos\u00e9e parce que les gens te rejettent et tout et tout, \u00e7a tue le moral. Parfois on pense uniquement \u00e0 ces id\u00e9es et tout et tout. C\u2019est un peu \u00e7a.<\/p>\n<\/div>\n<\/div>\n<p>[\/vc_column_text][vc_single_image image=&#8221;566&#8243; img_size=&#8221;full&#8221; qode_css_animation=&#8221;&#8221; css=&#8221;.vc_custom_1509536731971{margin-top: 25px !important;margin-bottom: 25px !important;}&#8221;][vc_column_text]Particuli\u00e8rement autours de moi je connais beaucoup de filles qui ont v\u00e9cu \u00e7a. Il y a mes tantes d\u2019abord. Mes tantes elles ont beaucoup v\u00e9cues des violences physiques avec leurs conjoints qui les bastonnaient et tout. J\u2019ai v\u00e9cu \u00e7a comment?\u00a0\u00a0Parce que je vivais souvent \u00e7a en direct du genre il y a un conjoint qui bastonne sa femme et tout et sinc\u00e8rement \u00e7a un truc qui m\u2019a toujours mis hors de moi, \u00e7a m\u2019a toujours donn\u00e9 une envie d\u2019avoir une force extr\u00eame et de pouvoir rendre \u00e7a. Mais apr\u00e8s je me dis est ce que la violence avec la violence \u00e7a paye\u00a0? Donc du coup je me disais toujours si je pouvais avoir l\u2019occasion de pouvoir aider toutes les personnes qui se faisait violenter dans tout le monde. Les violences physiques c\u2019est vrai elles sont un peu dures parce qu\u2019on touche le corps et tout mais je crois que c\u2019est la violence morale et psychologique qui est la plus d\u00e9vastatrice.[\/vc_column_text][\/vc_column][vc_column width=&#8221;1\/3&#8243;][vc_column_text css=&#8221;.vc_custom_1513650930838{margin-bottom: 25px !important;}&#8221; el_class=&#8221;q_audio_content_quotes&#8221;]<\/p>\n<blockquote><p>\u201cPour moi, ce type de violence je vis \u00e7a pratiquement sur toute ma vie. Aujourd\u2019hui je suis \u00e2g\u00e9 de 27 ans et je peux dire que j\u2019ai pass\u00e9 presque 20 ans avec ce genre de violences. \u201d<\/p><\/blockquote>\n<p>[\/vc_column_text][vc_single_image image=&#8221;567&#8243; img_size=&#8221;full&#8221; qode_css_animation=&#8221;&#8221; css=&#8221;.vc_custom_1509536752257{margin-bottom: 25px !important;}&#8221;][vc_column_text]Pour \u00e9viter de subir encore des violences, chaque fois ce que j\u2019ai essay\u00e9 de faire, les premi\u00e8res fois quand c\u2019\u00e9tait mes oncles qui ont essay\u00e9 de me violer, j\u2019ai port\u00e9 plainte. Malheureusement lors de ma derni\u00e8re plainte, je me rappelle avec ma partenaire, et ici il y avait un jeune homme qui m\u2019avait agress\u00e9 physiquement parce qu\u2019il insistait, il voulait sortir avec moi et il estimait que je dois sortir avec lui au lieu de sortir avec une femme et tout. Il m\u2019a carr\u00e9ment menac\u00e9, il m\u2019a pratiquement viol\u00e9. Je suis all\u00e9e porter plainte et je peux tout dire que je n\u2019ai pas \u00e9t\u00e9 satisfaite pourquoi parce que la personne chez qui j\u2018ai port\u00e9 plainte, lui il a trouv\u00e9 que c\u2019\u00e9tait l\u2019occasion de mettre \u00e0 vie et il a tout fait pour \u00e9touffer ma plainte et il m\u2019a demand\u00e9e m\u00eame de laisser tomber. \u00a0Apr\u00e8s un moment m\u00eame il a commenc\u00e9 \u00e0 me harceler donc du coup j\u2019ai abandonn\u00e9 le c\u00f4t\u00e9 de la justice. Je me suis dit que \u00e7a ne vaut pas la peine et tout. Par contre je me suis mise, j\u2019ai int\u00e9gr\u00e9 un groupe avec une amie particuli\u00e8re. Elle vit du c\u00f4t\u00e9 de Douala. Quand je suis arriv\u00e9 \u00e0 Douala j\u2019ai int\u00e9gr\u00e9 une association avec une amie. Elle m\u2019a mise en contact avec d\u2019autres personnes qui ont \u00e9t\u00e9 victimes et tout.[\/vc_column_text][vc_column_text css=&#8221;.vc_custom_1513650952166{margin-top: 25px !important;margin-bottom: 25px !important;}&#8221; el_class=&#8221;q_audio_content_quotes&#8221;]<\/p>\n<blockquote><p>\u201cEt \u00e0 travers beaucoup de causeries, beaucoup d\u2019\u00e9coutes et de conseils, le fait de partager, de discuter avec d\u2019autres personnes surtout le milieu homosexuel, \u00e7a \u00e9t\u00e9 vraiment une occasion pour moi de remonter un peu la pente. \u201d<\/p><\/blockquote>\n<p>[\/vc_column_text][vc_column_text]C\u2019est vrai ce n\u2019est pas facile, parce qu\u2019il y a des fois je me r\u00e9veille en sursaut, je continue \u00e0 le vivre et tout et tout mais rien que le fait de savoir quand m\u00eame que tu as des personnes comme toi c\u2019est-\u00e0-dire des personnes de la communaut\u00e9, et qui te soutiennent et qui malgr\u00e9 tout partage avec toi leur exp\u00e9rience, tu te rends compte que tu n\u2019es pas la seule personne qui vit \u00e7a. Donc du coup \u00e7a aide un peu \u00e0 remonter la pente. Et aujourd\u2019hui moi je me suis engag\u00e9e personnellement \u00e0 aider tous ces gens qui passent par l\u00e0 et qui vivent ces genres de violences.<\/p>\n<p>Particuli\u00e8rement ce que je fais, j\u2019\u00e9coute beaucoup plus parce que bref certaines personnes disent que j\u2019ai un don pour la psychologie. Donc ce que je fais, j\u2019essaie d\u2019\u00e9couter avec le groupe, je m\u00e9dite et je donne les conseils \u00e0 partir de ma propre exp\u00e9rience et tous les trucs violents que j\u2019ai v\u00e9cus dans ma vie. Mais je dirais quand m\u00eame pour finir que les violences sur le genre surtout pour nous les homosexuelles, je crois qu\u2019il est imp\u00e9ratif qu\u2019on trouve une solution assez fiable surtout pour nous les femmes. Parce que ce n\u2019est pas du tout \u00e9vident. Parfois on a beau jou\u00e9 le moral devant les gens et tout et tout genre on a le moral dur, on a le mental haut et tout \u00e7a, mais sinc\u00e8rement ce n\u2019est pas du tout \u00e9vident. Pourquoi? Parce que quand tu es d\u2019abord rejet\u00e9e, tu es vuln\u00e9rable et tout, tu as en face de toi beaucoup de tentations et de vices. Donc \u00e0 un moment tu peux \u00eatre abattue, te dire que tu es seule et tu ne sais pas comment il faut faire pour t\u2019en sortir. Donc je crois quand m\u00eame que le fait de partager d\u00e9j\u00e0 les causeries c\u2019est d\u00e9j\u00e0 un truc mais si on peut encore avoir d\u2019autres solutions je crois que \u00e7a sera encore mieux. Bon je crois.[\/vc_column_text][\/vc_column][\/vc_row]<\/p>\n<\/div>","protected":false},"excerpt":{"rendered":"<p>[vc_row css_animation=&#8221;&#8221; row_type=&#8221;row&#8221; use_row_as_full_screen_section=&#8221;no&#8221; type=&#8221;grid&#8221; angled_section=&#8221;no&#8221; text_align=&#8221;left&#8221; background_image_as_pattern=&#8221;without_pattern&#8221; padding_top=&#8221;50&#8243; padding_bottom=&#8221;50&#8243; el_class=&#8221;single_audio_wrapper&#8221;][vc_column width=&#8221;1\/3&#8243;][vc_raw_html]JTNDZGl2JTIwY2xhc3MlM0QlMjJhdWRpb19wbGF5X3dyYXBwZXIlMjIlM0UlMEElM0NkaXYlMjBjbGFzcyUzRCUyMnBsYXklMjIlMjBpZCUzRCUyMjElMjIlM0UlM0NpJTIwY2xhc3MlM0QlMjJmYSUyMGZhLXBsYXklMjIlM0UlM0MlMkZpJTNFJTNDJTJGZGl2JTNFJTBBJTNDYXVkaW8lMjBpZCUzRCUyMnNvdW5kMSUyMiUzRSUzQ3NvdXJjZSUyMHNyYyUzRCUyMmh0dHAlM0ElMkYlMkZxYS5ndGVjaGRlbW8uY29tJTJGd3AtY29udGVudCUyRnVwbG9hZHMlMkYyMDE3JTJGMTIlMkYxNi1WT0lYLTE2LUVYUEVSSUVOQ0VTLV8tRkxFVVItQ2FtZXJvdW4ubXAzJTIyJTIwdHlwZSUzRCUyMmF1ZGlvJTJGb2dnJTIyJTIwJTJGJTNFJTNDJTJGYXVkaW8lM0UlMEElM0NkaXYlMjBjbGFzcyUzRCUyMmF1ZGlvX3JpZ2h0JTIyJTNFJTNDaDMlM0UlM0NhJTIwaHJlZiUzRCUyMmh0dHBzJTNBJTJGJTJGd3d3Lm1peGNsb3VkLmNvbSUyRlFBWU4lMkYxNi12b2l4LTE2LWV4cGVyaWVuY2VzLWZsZXVyLWNhbWVyb3VuJTJGJTNGdXRtX3NvdXJjZSUzRHdpZGdldCUyNmFtcCUzQmFtcCUzQnV0bV9tZWRpdW0lM0R3ZWIlMjZhbXAlM0JhbXAlM0J1dG1fY2FtcGFpZ24lM0RiYXNlX2xpbmtzJTI2YW1wJTNCYW1wJTNCdXRtX3Rlcm0lM0RyZXNvdXJjZV9saW5rJTIyJTIwdGFyZ2V0JTNEJTIyX2JsYW5rJTIyJTIwcmVsJTNEJTIybm9vcGVuZXIlMjIlM0UxNiUyMFZPSVglMkMlMjAxNiUyMEVYUEVSSUVOQ0VTJTIwJTNBJTIwRkxFVVIlMjAlMjhDYW1lcm91biUyOSUzQyUyRmElM0UlM0MlMkZoMyUzRSUwQSUzQ3AlM0VieSUyMCUzQ2ElMjBocmVmJTNEJTIyaHR0cCUzQSUyRiUyRnd3dy5taXhjbG91ZC5jb20lMkZRQVlOJTJGJTNGdXRtX3NvdXJjZSUzRHdpZGdldCUyNmFtcCUzQmFtcCUzQnV0bV9tZWRpdW0lM0R3ZWIlMjZhbXAlM0JhbXAlM0J1dG1fY2FtcGFpZ24lM0RiYXNlX2xpbmtzJTI2YW1wJTNCYW1wJTNCdXRtX3Rlcm0lM0Rwcm9maWxlX2xpbmslMjIlMjB0YXJnZXQlM0QlMjJfYmxhbmslMjIlMjByZWwlM0QlMjJub29wZW5lciUyMiUzRVFheW4lM0MlMkZhJTNFJTIwb24lMjAlM0NhJTIwaHJlZiUzRCUyMmh0dHAlM0ElMkYlMkZ3d3cubWl4Y2xvdWQuY29tJTJGJTNGdXRtX3NvdXJjZSUzRHdpZGdldCUyNmFtcCUzQnV0bV9tZWRpdW0lM0R3ZWIlMjZhbXAlM0J1dG1fY2FtcGFpZ24lM0RiYXNlX2xpbmtzJTI2YW1wJTNCdXRtX3Rlcm0lM0Rob21lcGFnZV9saW5rJTIyJTIwdGFyZ2V0JTNEJTIyX2JsYW5rJTIyJTIwcmVsJTNEJTIybm9vcGVuZXIlMjIlM0UlMjBNaXhjbG91ZCUzQyUyRmElM0UlM0MlMkZwJTNFJTNDJTJGZGl2JTNFJTNDJTJGZGl2JTNF[\/vc_raw_html][vc_column_text] T\u00e9moignage de Fleur du Cameroun [\/vc_column_text][vc_column_text]Bonjour je suis Jackie-Fleur, je suis au ch\u00f4mage. Pour moi la d\u00e9finition de&#8230;<\/p>\n","protected":false},"author":1,"featured_media":0,"parent":0,"menu_order":0,"comment_status":"closed","ping_status":"closed","template":"full_width.php","meta":{"rs_blank_template":"","rs_page_bg_color":"","slide_template_v7":"","footnotes":""},"class_list":["post-561","page","type-page","status-publish","hentry"],"_links":{"self":[{"href":"https:\/\/qayn.org\/en\/wp-json\/wp\/v2\/pages\/561","targetHints":{"allow":["GET"]}}],"collection":[{"href":"https:\/\/qayn.org\/en\/wp-json\/wp\/v2\/pages"}],"about":[{"href":"https:\/\/qayn.org\/en\/wp-json\/wp\/v2\/types\/page"}],"author":[{"embeddable":true,"href":"https:\/\/qayn.org\/en\/wp-json\/wp\/v2\/users\/1"}],"replies":[{"embeddable":true,"href":"https:\/\/qayn.org\/en\/wp-json\/wp\/v2\/comments?post=561"}],"version-history":[{"count":7,"href":"https:\/\/qayn.org\/en\/wp-json\/wp\/v2\/pages\/561\/revisions"}],"predecessor-version":[{"id":2430,"href":"https:\/\/qayn.org\/en\/wp-json\/wp\/v2\/pages\/561\/revisions\/2430"}],"wp:attachment":[{"href":"https:\/\/qayn.org\/en\/wp-json\/wp\/v2\/media?parent=561"}],"curies":[{"name":"wp","href":"https:\/\/api.w.org\/{rel}","templated":true}]}}