{"id":559,"date":"2017-11-01T10:44:47","date_gmt":"2017-11-01T10:44:47","guid":{"rendered":"http:\/\/websource.co\/qayn\/en\/voixakon\/"},"modified":"2017-12-18T22:00:43","modified_gmt":"2017-12-18T22:00:43","slug":"voixakon","status":"publish","type":"page","link":"https:\/\/qayn.org\/en\/voixakon\/","title":{"rendered":"Voixakon"},"content":{"rendered":"<div class=\"wpb-content-wrapper\"><p>[vc_row css_animation=&#8221;&#8221; row_type=&#8221;row&#8221; use_row_as_full_screen_section=&#8221;no&#8221; type=&#8221;grid&#8221; angled_section=&#8221;no&#8221; text_align=&#8221;left&#8221; background_image_as_pattern=&#8221;without_pattern&#8221; padding_top=&#8221;50&#8243; padding_bottom=&#8221;50&#8243; el_class=&#8221;single_audio_wrapper&#8221;][vc_column width=&#8221;1\/3&#8243;][vc_raw_html]JTNDZGl2JTIwY2xhc3MlM0QlMjJhdWRpb19wbGF5X3dyYXBwZXIlMjIlM0UlMEElM0NkaXYlMjBjbGFzcyUzRCUyMnBsYXklMjIlMjBpZCUzRCUyMjElMjIlM0UlM0NpJTIwY2xhc3MlM0QlMjJmYSUyMGZhLXBsYXklMjIlM0UlM0MlMkZpJTNFJTNDJTJGZGl2JTNFJTBBJTNDYXVkaW8lMjBpZCUzRCUyMnNvdW5kMSUyMiUzRSUzQ3NvdXJjZSUyMHNyYyUzRCUyMmh0dHAlM0ElMkYlMkZxYS5ndGVjaGRlbW8uY29tJTJGd3AtY29udGVudCUyRnVwbG9hZHMlMkYyMDE3JTJGMTIlMkYxNi1WT0lYLTE2LUVYUEVSSUVOQ0VTLV8tQUtPTi1CdXJraW5hLUZhc28ubXAzJTIyJTIwdHlwZSUzRCUyMmF1ZGlvJTJGb2dnJTIyJTIwJTJGJTNFJTNDJTJGYXVkaW8lM0UlMEElM0NkaXYlMjBjbGFzcyUzRCUyMmF1ZGlvX3JpZ2h0JTIyJTNFJTNDaDMlM0UlM0NhJTIwaHJlZiUzRCUyMmh0dHBzJTNBJTJGJTJGd3d3Lm1peGNsb3VkLmNvbSUyRlFBWU4lMkYxNi12b2l4LTE2LWV4cGVyaWVuY2VzLWFrb24tYnVya2luYS1mYXNvJTJGJTNGdXRtX3NvdXJjZSUzRHdpZGdldCUyNmFtcCUzQmFtcCUzQnV0bV9tZWRpdW0lM0R3ZWIlMjZhbXAlM0JhbXAlM0J1dG1fY2FtcGFpZ24lM0RiYXNlX2xpbmtzJTI2YW1wJTNCYW1wJTNCdXRtX3Rlcm0lM0RyZXNvdXJjZV9saW5rJTIyJTIwdGFyZ2V0JTNEJTIyX2JsYW5rJTIyJTIwcmVsJTNEJTIybm9vcGVuZXIlMjIlM0UxNiUyMFZPSVglMkMlMjAxNiUyMEVYUEVSSUVOQ0VTJTIwJTNBJTIwQUtPTiUyMCUyOEJ1cmtpbmElMjBGYXNvJTI5JTNDJTJGYSUzRSUzQyUyRmgzJTNFJTBBJTNDcCUzRWJ5JTIwJTNDYSUyMGhyZWYlM0QlMjJodHRwJTNBJTJGJTJGd3d3Lm1peGNsb3VkLmNvbSUyRlFBWU4lMkYlM0Z1dG1fc291cmNlJTNEd2lkZ2V0JTI2YW1wJTNCYW1wJTNCdXRtX21lZGl1bSUzRHdlYiUyNmFtcCUzQmFtcCUzQnV0bV9jYW1wYWlnbiUzRGJhc2VfbGlua3MlMjZhbXAlM0JhbXAlM0J1dG1fdGVybSUzRHByb2ZpbGVfbGluayUyMiUyMHRhcmdldCUzRCUyMl9ibGFuayUyMiUyMHJlbCUzRCUyMm5vb3BlbmVyJTIyJTNFUWF5biUzQyUyRmElM0UlMjBvbiUyMCUzQ2ElMjBocmVmJTNEJTIyaHR0cCUzQSUyRiUyRnd3dy5taXhjbG91ZC5jb20lMkYlM0Z1dG1fc291cmNlJTNEd2lkZ2V0JTI2YW1wJTNCdXRtX21lZGl1bSUzRHdlYiUyNmFtcCUzQnV0bV9jYW1wYWlnbiUzRGJhc2VfbGlua3MlMjZhbXAlM0J1dG1fdGVybSUzRGhvbWVwYWdlX2xpbmslMjIlMjB0YXJnZXQlM0QlMjJfYmxhbmslMjIlMjByZWwlM0QlMjJub29wZW5lciUyMiUzRSUyME1peGNsb3VkJTNDJTJGYSUzRSUzQyUyRnAlM0UlM0MlMkZkaXYlM0UlM0MlMkZkaXYlM0U=[\/vc_raw_html][vc_column_text]<\/p>\n<h2>T\u00e9moignage de Akon du Burkina Faso<\/h2>\n<p>[\/vc_column_text][vc_column_text]On m\u2019appelle Akon. Je suis n\u00e9 le 31\/12\/1987 \u00e0 Bobo Dioulasso et je suis burkinab\u00e9.<\/p>\n<p>Selon moi la violence, c\u2019est par exemple nous comme \u00e7a on s\u2019habille comme des gar\u00e7ons, il y a des gens si on te voit, on veut t\u2019agresser. Les gens disent ceux-l\u00e0 ils s\u2019habillent en gar\u00e7on, on ne sait pas qu\u2019est-ce que ils font. Il y a des gens qui disent, c\u2019est des lesbiennes donc il faut qu\u2019on essaie de les taquiner voir. Bon selon moi tout \u00e7a l\u00e0 \u00e7a y est dans la violence. De fois il y a d\u2019autres qui viennent, ils te parlent, ils te draguent pour voir comment tu vas r\u00e9agir. Bon si toi tu r\u00e9agis bizarrement, ils vont essayer de te violer.<\/p>\n<p>Plusieurs fois j\u2019ai eu \u00e7a. Il y a des hommes m\u00eame quand il te voit, il sait que tu es telle personne, tu es comme \u00e7a. Il va essayer. \u00a0Il peut dire que ceux-l\u00e0 ceux sont des lesbiennes. Peut-\u00eatre ils ont entendu \u00e7a quelque part mais ils ne croient pas \u00e0 \u00e7a et ils vont tenter voir si r\u00e9ellement c\u2019est \u00e7a. Par exemple ils sont assis, il y a des gens qui doutent de \u00e7a et s\u2019il y a quelqu\u2019un qui est l\u00e0, qui est au courant de tout \u00e7a, il peut dire ah ceux-l\u00e0 ceux sont des lesbiennes, vous ne voyez pas leur habillement tout et tout. La personne va dire ah je vais essayer de les tenter voir si r\u00e9ellement ils sont comme \u00e7a. Moi j\u2018ai v\u00e9cu ces genres de trucs l\u00e0.[\/vc_column_text][vc_column_text css=&#8221;.vc_custom_1513484389915{margin-top: 25px !important;margin-bottom: 25px !important;}&#8221; el_class=&#8221;q_audio_content_quotes&#8221;]<\/p>\n<blockquote><p>\u201cQu\u2019ici en bo\u00eete l\u00e0 tout le monde les connait. Que m\u00eame si eux, ils tuent quelqu\u2019un personne ne va parler. \u201d<\/p><\/blockquote>\n<p>[\/vc_column_text][vc_column_text]Pour moi on \u00e9tait dans un maquis, on avait un ami, il est venu avec un de ses amis donc il n\u2019y avait pas la place. Donc moi je me suis lev\u00e9e comme je connais la personne l\u00e0. Je lui ai demand\u00e9 vous avez eu la place\u00a0? Il me dit non on n\u2019a pas eu la place. Je dis si c\u2019est \u00e7a nous on a la place \u00e0 cot\u00e9 de nous. Puisse qu\u2019\u00e0 chaque fois nous on part entre filles au maquis. Donc directement ils sont venus s\u2019asseoir. Entre temps mon ami l\u00e0 me dit que non ah sinc\u00e8rement que l\u2019ami que lui il a amen\u00e9, il s\u2019int\u00e9resse \u00e0 moi et tout et tout alors que lui-m\u00eame il savait que non, nous on est lesbienne. Que non, que son ami l\u00e0 est int\u00e9ress\u00e9. Je dis non que \u00e7a ne peut pas aller.\u00a0Il dit non que pourquoi? Il dit que si lui il voit que moi je refuse que c\u2019est pour aller faire nos conneries l\u00e0-bas. Donc moi je n\u2019ai rien dit. Entre temps il me dit que son ami l\u00e0 veut qu\u2019on change de coin.\u00a0Je dis non je suis avec mes amies s\u2019il veut causer avec moi, on est assis ici on peut causer il n\u2019y a pas de probl\u00e8me. Il me dit que non non que ce n\u2019est pas possible.\u00a0Je dis non si c\u2019est \u00e7a, je vais aller voir mes camarades. Donc directement quand je suis rentr\u00e9e, je suis all\u00e9e voir X, je lui ai expliqu\u00e9. X dit que non elle-m\u00eame elle a eu ce m\u00eame cas. Que le gars-l\u00e0 a fait la m\u00eame chose avec elle. Je dis non moi je lui ai dit que sinc\u00e8rement \u00e7a ne peut pas aller, je ne veux pas sortir et il me dit que non comme nous on veut aller faire nos conneries l\u00e0 l\u00e0-bas et tout.[\/vc_column_text][\/vc_column][vc_column width=&#8221;1\/3&#8243;][vc_column_text]Chaque fois quand on est assis devant la porte, il passe, il salue\u00a0 personne ne r\u00e9pond c\u2019est moi qui le r\u00e9pond. Donc il a vu que non lui il passe et moi je ne parle pas, lui-m\u00eame il est g\u00ean\u00e9. Il est all\u00e9 envoyer un de ses amis de venir me demander pardon que sinc\u00e8rement vraiment ce que lui-m\u00eame il a fait c\u2019est pas \u00e7a. Et puis c\u2019est fini. Nous on a eu ce cas-l\u00e0 plusieurs fois et puis nous on a vu que si tu vas \u00e9couter les gens tu ne vas pas progresser quoi.<\/p>\n<p>J\u2019ai eu un autre cas tr\u00e8s tr\u00e8s grave une fois. Ce jour on \u00e9tait \u00e0 bobo, il y a des amis qui sont venus pour jouer. On a jou\u00e9 ensemble. Bon apr\u00e8s le match ils nous ont invit\u00e9s en bo\u00eete pour qu\u2019on puisse aller faire le show. Et si ce n\u2019\u00e9tait pas \u00e0 cette occasion-l\u00e0, moi je ne fr\u00e9quentais pas les bo\u00eetes comme \u00e7a parce qu\u2019\u00e0 bobo l\u00e0 les gens quand on te connait trop il faut que tu te caches un peu. Donc ce jour quand on est all\u00e9e en boite, j\u2018\u00e9tais avec ma copine on est all\u00e9es s\u2019asseoir, s\u2019amuser. Entre temps il y avait une amie qui est l\u00e0. Elle dit que comme il y a longtemps on a fait le show ensemble, elle veut qu\u2019on reste pour continuer le show jusqu\u2019au matin.\u00a0Elle dit non non qu\u2019il faut qu\u2019on reste. Je dis non qu\u2019on ne peut pas. Entre temps elle me dit de l\u2019accompagner qu\u2019elle va aller payer cigarette dehors. Maintenant moi je l\u2019ai remorqu\u00e9, on est all\u00e9 dans une boutique pour payer cigarette. Quand elle a fini de payer, on repartait en bo\u00eete, elle a vu deux filles. Elle m\u2019a dit de m\u2019arr\u00eater elle elle va essayer de causer avec. Donc je me suis arr\u00eat\u00e9e elle est descendue pour parler avec les filles. Les filles disent que non elles sont entrain de rentrer, elles ne peuvent pas retourner l\u00e0-bas.\u00a0Eux ils \u00e9taient en train d\u2019attendre leur fr\u00e8re pour qu\u2019il vient les chercher mais apparemment eux ils sont en train de prendre le taxi.[\/vc_column_text][vc_single_image image=&#8221;554&#8243; img_size=&#8221;full&#8221; qode_css_animation=&#8221;&#8221; css=&#8221;.vc_custom_1509533813061{margin-top: 25px !important;margin-bottom: 25px !important;}&#8221;][vc_column_text css=&#8221;.vc_custom_1513484408494{margin-top: 25px !important;margin-bottom: 25px !important;}&#8221;]<\/p>\n<p style=\"font-size: 13px;\">Xonanji<\/p>\n<p>[\/vc_column_text][vc_column_text]Donc directement ma camarade l\u00e0 a r\u00e9agi mal. Elle dit que si elles ne veulent pas revenir, elle, elle va les suivre. Elle \u00e9tait sous l\u2019effet de l\u2019alcool l\u00e0 donc moi j\u2019ai essay\u00e9 de lui parler elle ne m\u2019a pas \u00e9cout\u00e9. Entre temps on a vu deux gars qui venaient dans le 6 m\u00e8tres. Donc quand eux ils venaient moi j\u2019ai dit elle n\u2019a qu\u2019\u00e0 monter on va partir. Donc elle est mont\u00e9e on est all\u00e9es en boite.<\/p>\n<p>Quand on \u00e9tait en train de faire le show entre temps, moi je voyais les gars-l\u00e0 sur le comptoir en train de nous regarder. Donc directement moi j\u2019ai su que y a quelque chose. En faisant le show nous on a dit \u00e0 la fin l\u00e0 qu\u2019on va rentrer. Quand nous on est sortie seulement la fille l\u00e0 nous a suivi. Donc quand elle nous a suivi, ma copine l\u00e0 dit que non faut aller la d\u00e9poser et tu reviens me prendre on va partir.[\/vc_column_text][\/vc_column][vc_column width=&#8221;1\/3&#8243;][vc_single_image image=&#8221;556&#8243; img_size=&#8221;full&#8221; qode_css_animation=&#8221;&#8221;][vc_column_text css=&#8221;.vc_custom_1513484364413{margin-top: 25px !important;margin-bottom: 25px !important;}&#8221;]<\/p>\n<p style=\"font-size: 13px;\">Xonanji<\/p>\n<p>[\/vc_column_text][vc_column_text css=&#8221;.vc_custom_1513484371225{margin-top: 25px !important;margin-bottom: 25px !important;}&#8221; el_class=&#8221;q_audio_content_quotes&#8221;]<\/p>\n<blockquote><p>\u201cDonc par le respect, de fois, de ta famille, il faut que tu te caches, c\u2019est quelque chose ce n\u2019est pas accept\u00e9 d\u2019abord. \u201d<\/p><\/blockquote>\n<p>[\/vc_column_text][vc_column_text]Donc, elle a eu une chance l\u00e0-bas. Donc moi je suis all\u00e9e l\u00e0 d\u00e9poser \u00e0 l\u2019h\u00f4tel. Quand moi je suis revenue pour prendre la fille l\u00e0, il y a les gars-l\u00e0 qui sont venus nous entourer. Donc ils sont venus nous entourer maintenant ils disent que non que ma copine je suis all\u00e9e la d\u00e9poser que parce que quand nous on \u00e9tait au goudron avec leur s\u0153ur, que ma copine l\u00e0 \u00e0 fait sortir un couteau pour les menacer. Je dis non qu\u2019on n\u2019a pas fait sortir un couteau. Je dis non que moi j\u2019\u00e9tais avec elle, qu\u2019elle a essay\u00e9\u00a0 juste de les taquiner seulement que sinon elle n\u2019avait pas de couteau, moi non plus. Que nous on croit que ce qu\u2019on est en train de faire l\u00e0 que nous on croit que c\u2019est bien? Qu\u2019on se prend comme si on est des gar\u00e7ons quoi. Qu\u2019ici en bo\u00eete l\u00e0 tout le monde les connait. Que m\u00eame si eux, ils tuent quelqu\u2019un personne ne va parler. Je dis, moi je m\u2019excuse, moi-m\u00eame c\u2019est ma premi\u00e8re fois de venir en boite comme \u00e7a. Quand j\u2019essayais de l\u2019expliquer, l\u2019autre-l\u00e0 ne veut pas comprendre puisque lui il voulait faire palabre. Directement moi ma copine l\u00e0 s\u2019est assise derri\u00e8re, elle m\u2019a signal\u00e9 que de ne pas r\u00e9agir puisqu\u2019elle-m\u00eame elle me connait. Donc j\u2019ai expliqu\u00e9 \u00e7a \u00e0 l\u2019autre gars.\u00a0 L\u2019autre gars-l\u00e0 dit que sinc\u00e8rement que tu as raison. Je dis \u00e0 chaque fois vous vous \u00eates en bo\u00eete est ce que vous m\u2019avez d\u00e9j\u00e0 remarqu\u00e9 en bo\u00eete ici? L\u2019autre l\u00e0 dit non, l\u2019autre l\u00e0 veut faire palabre. Moi je l\u2019ai demand\u00e9 pardon. Que non, que nous on se croit comment? Que vous voyez que les gens m\u00eame se cherchent vous vous \u00eates l\u00e0 en train de faire n\u2019importe quoi. Ce n\u2019est m\u00eame pas accepter quoi. Moi je dis non je ne veux pas aller loin. Moi je veux que vous nous excusiez pour tout ce qui s\u2019est pass\u00e9. Que nous on a eu la chance que sinon eux ils allaient nous frapper ici et puis personne n\u2019allait parler. Que m\u00eame si eux m\u00eame ils nous ont tu\u00e9 l\u00e0 personne ne vas parler. Moi je lui ai demand\u00e9 des excuses et je suis partie.<\/p>\n<p>Ah moi-m\u00eame j\u2019ai eu peur ce jour-l\u00e0. Ce n\u2019est pas facile. Bon depuis ces cas-l\u00e0 sont pass\u00e9s, je n\u2019ai jamais eu mais bon quand je sors les gens savent que c\u2019est comme \u00e7a. J\u2019ai dit \u00e0 quelqu\u2019un, je dis, toi tu ne m\u2019as pas mis au monde, tout ce que moi je fais c\u2019est ma vie priv\u00e9e. C\u2019est moi et puis Dieu. Je lui ai dit comme \u00e7a. Je dis que personne ne peut m\u2019emp\u00eacher de faire ce que moi je veux. Il y a des gens m\u00eames qui disent que je fume et puis\u2026 je dis que m\u00eame si je fume c\u2019est ma vie priv\u00e9e. Je dis m\u00eame \u00e0 la maison quand moi je fume, personne ne peut me dire pourquoi c\u2019est comme ci. Donc par le respect, de fois, de ta famille, il faut que tu te caches, c\u2019est quelque chose ce n\u2019est pas accept\u00e9 d\u2019abord. A chaque fois je dis comme \u00e7a \u00e0 mes amis. Je leur dis je suis un Homme, si je fais, je ne sais pas pourquoi je suis rentr\u00e9e dedans donc tu me laisse faire ma vie et c\u2019est tout.<\/p>\n<p><a href=\"http:\/\/qayn.org\/en\/voixakon\/\">[1]<\/a>\u00a06 m\u00e8tres veut dire\u00a0La Rue[\/vc_column_text][\/vc_column][\/vc_row]<\/p>\n<\/div>","protected":false},"excerpt":{"rendered":"<p>[vc_row css_animation=&#8221;&#8221; row_type=&#8221;row&#8221; use_row_as_full_screen_section=&#8221;no&#8221; type=&#8221;grid&#8221; angled_section=&#8221;no&#8221; text_align=&#8221;left&#8221; background_image_as_pattern=&#8221;without_pattern&#8221; padding_top=&#8221;50&#8243; padding_bottom=&#8221;50&#8243; el_class=&#8221;single_audio_wrapper&#8221;][vc_column width=&#8221;1\/3&#8243;][vc_raw_html]JTNDZGl2JTIwY2xhc3MlM0QlMjJhdWRpb19wbGF5X3dyYXBwZXIlMjIlM0UlMEElM0NkaXYlMjBjbGFzcyUzRCUyMnBsYXklMjIlMjBpZCUzRCUyMjElMjIlM0UlM0NpJTIwY2xhc3MlM0QlMjJmYSUyMGZhLXBsYXklMjIlM0UlM0MlMkZpJTNFJTNDJTJGZGl2JTNFJTBBJTNDYXVkaW8lMjBpZCUzRCUyMnNvdW5kMSUyMiUzRSUzQ3NvdXJjZSUyMHNyYyUzRCUyMmh0dHAlM0ElMkYlMkZxYS5ndGVjaGRlbW8uY29tJTJGd3AtY29udGVudCUyRnVwbG9hZHMlMkYyMDE3JTJGMTIlMkYxNi1WT0lYLTE2LUVYUEVSSUVOQ0VTLV8tQUtPTi1CdXJraW5hLUZhc28ubXAzJTIyJTIwdHlwZSUzRCUyMmF1ZGlvJTJGb2dnJTIyJTIwJTJGJTNFJTNDJTJGYXVkaW8lM0UlMEElM0NkaXYlMjBjbGFzcyUzRCUyMmF1ZGlvX3JpZ2h0JTIyJTNFJTNDaDMlM0UlM0NhJTIwaHJlZiUzRCUyMmh0dHBzJTNBJTJGJTJGd3d3Lm1peGNsb3VkLmNvbSUyRlFBWU4lMkYxNi12b2l4LTE2LWV4cGVyaWVuY2VzLWFrb24tYnVya2luYS1mYXNvJTJGJTNGdXRtX3NvdXJjZSUzRHdpZGdldCUyNmFtcCUzQmFtcCUzQnV0bV9tZWRpdW0lM0R3ZWIlMjZhbXAlM0JhbXAlM0J1dG1fY2FtcGFpZ24lM0RiYXNlX2xpbmtzJTI2YW1wJTNCYW1wJTNCdXRtX3Rlcm0lM0RyZXNvdXJjZV9saW5rJTIyJTIwdGFyZ2V0JTNEJTIyX2JsYW5rJTIyJTIwcmVsJTNEJTIybm9vcGVuZXIlMjIlM0UxNiUyMFZPSVglMkMlMjAxNiUyMEVYUEVSSUVOQ0VTJTIwJTNBJTIwQUtPTiUyMCUyOEJ1cmtpbmElMjBGYXNvJTI5JTNDJTJGYSUzRSUzQyUyRmgzJTNFJTBBJTNDcCUzRWJ5JTIwJTNDYSUyMGhyZWYlM0QlMjJodHRwJTNBJTJGJTJGd3d3Lm1peGNsb3VkLmNvbSUyRlFBWU4lMkYlM0Z1dG1fc291cmNlJTNEd2lkZ2V0JTI2YW1wJTNCYW1wJTNCdXRtX21lZGl1bSUzRHdlYiUyNmFtcCUzQmFtcCUzQnV0bV9jYW1wYWlnbiUzRGJhc2VfbGlua3MlMjZhbXAlM0JhbXAlM0J1dG1fdGVybSUzRHByb2ZpbGVfbGluayUyMiUyMHRhcmdldCUzRCUyMl9ibGFuayUyMiUyMHJlbCUzRCUyMm5vb3BlbmVyJTIyJTNFUWF5biUzQyUyRmElM0UlMjBvbiUyMCUzQ2ElMjBocmVmJTNEJTIyaHR0cCUzQSUyRiUyRnd3dy5taXhjbG91ZC5jb20lMkYlM0Z1dG1fc291cmNlJTNEd2lkZ2V0JTI2YW1wJTNCdXRtX21lZGl1bSUzRHdlYiUyNmFtcCUzQnV0bV9jYW1wYWlnbiUzRGJhc2VfbGlua3MlMjZhbXAlM0J1dG1fdGVybSUzRGhvbWVwYWdlX2xpbmslMjIlMjB0YXJnZXQlM0QlMjJfYmxhbmslMjIlMjByZWwlM0QlMjJub29wZW5lciUyMiUzRSUyME1peGNsb3VkJTNDJTJGYSUzRSUzQyUyRnAlM0UlM0MlMkZkaXYlM0UlM0MlMkZkaXYlM0U=[\/vc_raw_html][vc_column_text] T\u00e9moignage de Akon du Burkina Faso [\/vc_column_text][vc_column_text]On m\u2019appelle Akon. Je suis n\u00e9 le 31\/12\/1987 \u00e0 Bobo Dioulasso et&#8230;<\/p>\n","protected":false},"author":1,"featured_media":0,"parent":0,"menu_order":0,"comment_status":"closed","ping_status":"closed","template":"full_width.php","meta":{"rs_blank_template":"","rs_page_bg_color":"","slide_template_v7":"","footnotes":""},"class_list":["post-559","page","type-page","status-publish","hentry"],"_links":{"self":[{"href":"https:\/\/qayn.org\/en\/wp-json\/wp\/v2\/pages\/559","targetHints":{"allow":["GET"]}}],"collection":[{"href":"https:\/\/qayn.org\/en\/wp-json\/wp\/v2\/pages"}],"about":[{"href":"https:\/\/qayn.org\/en\/wp-json\/wp\/v2\/types\/page"}],"author":[{"embeddable":true,"href":"https:\/\/qayn.org\/en\/wp-json\/wp\/v2\/users\/1"}],"replies":[{"embeddable":true,"href":"https:\/\/qayn.org\/en\/wp-json\/wp\/v2\/comments?post=559"}],"version-history":[{"count":5,"href":"https:\/\/qayn.org\/en\/wp-json\/wp\/v2\/pages\/559\/revisions"}],"predecessor-version":[{"id":2395,"href":"https:\/\/qayn.org\/en\/wp-json\/wp\/v2\/pages\/559\/revisions\/2395"}],"wp:attachment":[{"href":"https:\/\/qayn.org\/en\/wp-json\/wp\/v2\/media?parent=559"}],"curies":[{"name":"wp","href":"https:\/\/api.w.org\/{rel}","templated":true}]}}