{"id":539,"date":"2017-11-01T10:18:53","date_gmt":"2017-11-01T10:18:53","guid":{"rendered":"http:\/\/websource.co\/qayn\/en\/?page_id=539"},"modified":"2017-12-19T02:34:45","modified_gmt":"2017-12-19T02:34:45","slug":"voixb","status":"publish","type":"page","link":"https:\/\/qayn.org\/en\/voixb\/","title":{"rendered":"Voixb"},"content":{"rendered":"<div class=\"wpb-content-wrapper\"><p>[vc_row css_animation=&#8221;&#8221; row_type=&#8221;row&#8221; use_row_as_full_screen_section=&#8221;no&#8221; type=&#8221;grid&#8221; angled_section=&#8221;no&#8221; text_align=&#8221;left&#8221; background_image_as_pattern=&#8221;without_pattern&#8221; padding_top=&#8221;50&#8243; padding_bottom=&#8221;50&#8243; el_class=&#8221;single_audio_wrapper&#8221;][vc_column width=&#8221;1\/3&#8243;][vc_raw_html]JTNDZGl2JTIwY2xhc3MlM0QlMjJhdWRpb19wbGF5X3dyYXBwZXIlMjIlM0UlMEElM0NkaXYlMjBjbGFzcyUzRCUyMnBsYXklMjIlMjBpZCUzRCUyMjElMjIlM0UlM0NpJTIwY2xhc3MlM0QlMjJmYSUyMGZhLXBsYXklMjIlM0UlM0MlMkZpJTNFJTNDJTJGZGl2JTNFJTBBJTNDYXVkaW8lMjBpZCUzRCUyMnNvdW5kMSUyMiUzRSUzQ3NvdXJjZSUyMHNyYyUzRCUyMmh0dHAlM0ElMkYlMkZxYS5ndGVjaGRlbW8uY29tJTJGd3AtY29udGVudCUyRnVwbG9hZHMlMkYyMDE3JTJGMTIlMkYxNi1WT0lYLTE2LUVYUEVSSUVOQ0VTLV8tQi1Ub2dvLm1wMyUyMiUyMHR5cGUlM0QlMjJhdWRpbyUyRm9nZyUyMiUyMCUyRiUzRSUzQyUyRmF1ZGlvJTNFJTBBJTNDZGl2JTIwY2xhc3MlM0QlMjJhdWRpb19yaWdodCUyMiUzRSUzQ2gzJTNFJTNDYSUyMGhyZWYlM0QlMjJodHRwcyUzQSUyRiUyRnd3dy5taXhjbG91ZC5jb20lMkZRQVlOJTJGMTYtdm9peC0xNi1leHBlcmllbmNlcy1iLXRvZ28lMkYlM0Z1dG1fc291cmNlJTNEd2lkZ2V0JTI2YW1wJTNCYW1wJTNCdXRtX21lZGl1bSUzRHdlYiUyNmFtcCUzQmFtcCUzQnV0bV9jYW1wYWlnbiUzRGJhc2VfbGlua3MlMjZhbXAlM0JhbXAlM0J1dG1fdGVybSUzRHJlc291cmNlX2xpbmslMjIlMjB0YXJnZXQlM0QlMjJfYmxhbmslMjIlMjByZWwlM0QlMjJub29wZW5lciUyMiUzRTE2JTIwVk9JWCUyQyUyMDE2JTIwRVhQRVJJRU5DRVMlMjAlM0ElMjBCJTIwJTI4VG9nbyUyOSUzQyUyRmElM0UlM0MlMkZoMyUzRSUwQSUzQ3AlM0VieSUyMCUzQ2ElMjBocmVmJTNEJTIyaHR0cCUzQSUyRiUyRnd3dy5taXhjbG91ZC5jb20lMkZRQVlOJTJGJTNGdXRtX3NvdXJjZSUzRHdpZGdldCUyNmFtcCUzQmFtcCUzQnV0bV9tZWRpdW0lM0R3ZWIlMjZhbXAlM0JhbXAlM0J1dG1fY2FtcGFpZ24lM0RiYXNlX2xpbmtzJTI2YW1wJTNCYW1wJTNCdXRtX3Rlcm0lM0Rwcm9maWxlX2xpbmslMjIlMjB0YXJnZXQlM0QlMjJfYmxhbmslMjIlMjByZWwlM0QlMjJub29wZW5lciUyMiUzRVFheW4lM0MlMkZhJTNFJTIwb24lMjAlM0NhJTIwaHJlZiUzRCUyMmh0dHAlM0ElMkYlMkZ3d3cubWl4Y2xvdWQuY29tJTJGJTNGdXRtX3NvdXJjZSUzRHdpZGdldCUyNmFtcCUzQnV0bV9tZWRpdW0lM0R3ZWIlMjZhbXAlM0J1dG1fY2FtcGFpZ24lM0RiYXNlX2xpbmtzJTI2YW1wJTNCdXRtX3Rlcm0lM0Rob21lcGFnZV9saW5rJTIyJTIwdGFyZ2V0JTNEJTIyX2JsYW5rJTIyJTIwcmVsJTNEJTIybm9vcGVuZXIlMjIlM0UlMjBNaXhjbG91ZCUzQyUyRmElM0UlM0MlMkZwJTNFJTNDJTJGZGl2JTNFJTNDJTJGZGl2JTNF[\/vc_raw_html][vc_column_text]<\/p>\n<h2>T\u00e9moignage de B du Togo<\/h2>\n<p>[\/vc_column_text][vc_column_text]Je suis togolaise, j\u2019ai 28 ans et je suis assistante technique dans une institution de la place.<\/p>\n<p>Je pense que si j\u2019ai une bonne m\u00e9moire, ma toute premi\u00e8re exp\u00e9rience remonte \u00e0 quatre ans d\u00e9j\u00e0 et c\u2019\u00e9tait au cours d\u2019une excursion au nord du Togo. Et si j\u2019ai bonne m\u00e9moire c\u2019\u00e9tait \u00e0 Sokod\u00e9 dans la r\u00e9gion centrale. Et comme vous le savez, la r\u00e9gion centrale c\u2019est une ville \u00e0 tendance islamique et quand on parle de femme, on doit s\u2019habiller d\u2019une mani\u00e8re un peu islamique. Et lorsqu\u2019on \u00e9tait sortie un apr\u00e8s-midi, il y avait des regards tout au long de notre passage et tout le monde voulait savoir exactement si j\u2019\u00e9tais femme ou si j\u2019\u00e9tais un gar\u00e7on. Et c\u2019\u00e9tait un peu difficile puisqu\u2019on \u00e9tait en groupe et j\u2019\u00e9tais la seule personne qui avait \u00e9t\u00e9 cibl\u00e9e. Et je pense que \u00e7a m\u2019a beaucoup g\u00ean\u00e9e mais je me disais que j\u2019\u00e9tais de passage, j\u2019\u00e9tais l\u00e0 pour une mission et l\u2019essentiel est que la mission finisse tr\u00e8s vite et que je puisse repartir et \u00eatre \u00e0 l\u2019abri donc de toute cette curiosit\u00e9 de l\u2019entourage dans lequel je me suis retrouv\u00e9e tout au long de cette p\u00e9riode.<\/p>\n<p>Bien s\u00fbr, c\u2019est moi qui suis cibl\u00e9e le jour-l\u00e0. Ca \u00e9t\u00e9 un peu difficile. Voil\u00e0 c\u2019est des gens que je ne connais pas, qui se sont mis \u00e0 parler de mon habillement surtout. J\u2019\u00e9tais en pantalon et chemise et bah voil\u00e0.[\/vc_column_text][vc_column_text css=&#8221;.vc_custom_1513650879215{margin-top: 25px !important;margin-bottom: 25px !important;}&#8221; el_class=&#8221;q_audio_content_quotes&#8221;]<\/p>\n<blockquote><p>\u201cJe dirais simplement qu\u2019\u00e0 chaque fois que je passe \u00e0 des endroits inhabituels, je suis toujours aper\u00e7ue et ce regard de l\u2019endroit o\u00f9 je passe qui cherche toujours \u00e0 savoir si je suis du sexe masculin ou du sexe f\u00e9minin. \u201d<\/p><\/blockquote>\n<p>[\/vc_column_text][vc_column_text]Parlants du nombre de fois, je dirais tout simplement plusieurs fois parce que l\u00e0 vous savez la population togolaise a une autre culture et que c\u2019est souvent difficile de passer inaper\u00e7ue par rapport \u00e0 mon habillement et \u00e0 ma d\u00e9marche. Partout \u00e0 chaque fois que je passe \u00e0 des endroits, tout le monde veut toujours savoir si je suis de sexe masculin ou si je suis de sexe f\u00e9minin. C\u2019est un peu difficile. Ca \u00e9t\u00e9 plusieurs fois, m\u00eame \u00e0 Lom\u00e9, que ce soit dans mon quartier,\u00a0vous venez demandez[\/vc_column_text][\/vc_column][vc_column width=&#8221;1\/3&#8243;][vc_column_text]d\u2019apr\u00e8s moi\u00a0par exemple et qu\u2019on ne me connait pas, vous essayez de demander, de faire un peu mon portrait, les gens te disent en m\u00eame temps ah cette fille-l\u00e0 qui s\u2019habille toujours en chemise, en pantalon, bah voil\u00e0.\u00a0Je dirais simplement qu\u2019\u00e0 chaque fois que je passe \u00e0 des endroits inhabituels, je suis toujours aper\u00e7ue et ce regard de l\u2019endroit o\u00f9 je passe qui cherche toujours \u00e0 savoir si je suis du sexe masculin ou du sexe f\u00e9minin.<\/p>\n<p>Je ne m\u00e8ne pas d\u2019action parce que l\u00e0 quand vous prenez la mentalit\u00e9 de la population togolaise, les gens se disent que bah une fille qui s\u2019habille de fa\u00e7on masculine est homo et l\u00e0 c\u2019est un peu difficile. Si vous ne faites pas attention et si vous ne vous retrouvez pas au bon endroit par rapport \u00e0 ces genres de violences surtout verbales et si vous ne faites pas attention, vous risquez donc d\u2019\u00eatre agress\u00e9es verbalement et des fois m\u00eame physiquement. Donc raison pour laquelle ces genres de situations m\u2019arrivent \u00e0 des endroits o\u00f9 je fr\u00e9quente rarement, la seule mani\u00e8re, le seul moyen pour moi c\u2019est de m\u2019extraire de cet endroit pour \u00eatre \u00e0 l\u2019abri de tout ce qui peut arriver.<\/p>\n<p>Bah, je pense que mon engagement personnel pour mettre fin \u00e0 la violence bas\u00e9e sur le genre, je pense qu\u2019il faudrait d\u2019abord qu\u2019on essaie de sensibiliser la population togolaise parce que aujourd\u2019hui les gens ont tendance \u00e0 confondre et le sexe et le genre alors le sexe et le genre n\u2019ont pas la m\u00eame signification. On peut \u00eatre de sexe f\u00e9minin et avoir un genre masculin, on peut avoir un sexe masculin et avoir un genre f\u00e9minin. C\u2019est ce que la population togolaise ne semble pas comprendre et \u00e0 chaque fois que vous n\u2019\u00eates pas dans la logique de ce que pense cette population, on pense que voil\u00e0 vous \u00eates homme homme, vous \u00eates homo, et c\u2019est surtout difficile. Et chaque fois qu\u2019on est face \u00e0 ces genres de situations, il faut extr\u00eamement faire attention parce que quand on sait que le code p\u00e9nal du Togo condamne donc les actes contres natures, il faudrait donc faire extr\u00eamement attention pour \u00e9viter que beaucoup de choses ne vous arrivent \u00e0 un endroit o\u00f9 vous passez par rapport \u00e0 votre habillement, \u00e0 votre d\u00e9marche. Donc en somme je dirais que le seul moyen c\u2019est la sensibilisation. Il faut sensibiliser cette population pour qu\u2019elle puisse savoir qu\u2019en r\u00e9alit\u00e9 quand on parle du sexe, c\u2019est diff\u00e9rent du genre. Donc le sexe oui mais le sexe n\u2019est pas \u00e9gal au genre. Et puis le sexe et le genre n\u2019ont pas la m\u00eame signification.[\/vc_column_text][\/vc_column][vc_column width=&#8221;1\/3&#8243;][vc_single_image image=&#8221;544&#8243; img_size=&#8221;full&#8221; qode_css_animation=&#8221;&#8221;][vc_column_text css=&#8221;.vc_custom_1513650863994{margin-top: 25px !important;}&#8221; el_class=&#8221;q_audio_content_quotes&#8221;]<\/p>\n<blockquote><p>\u201cEt chaque fois qu\u2019on est face \u00e0 ces genres de situations, il faut extr\u00eamement faire attention parce que quand on sait que le code p\u00e9nal du Togo condamne donc les actes contres natures, il faudrait donc faire extr\u00eamement attention.\u201d<\/p><\/blockquote>\n<p>[\/vc_column_text][\/vc_column][\/vc_row]<\/p>\n<\/div>","protected":false},"excerpt":{"rendered":"<p>[vc_row css_animation=&#8221;&#8221; row_type=&#8221;row&#8221; use_row_as_full_screen_section=&#8221;no&#8221; type=&#8221;grid&#8221; angled_section=&#8221;no&#8221; text_align=&#8221;left&#8221; background_image_as_pattern=&#8221;without_pattern&#8221; padding_top=&#8221;50&#8243; padding_bottom=&#8221;50&#8243; el_class=&#8221;single_audio_wrapper&#8221;][vc_column width=&#8221;1\/3&#8243;][vc_raw_html]JTNDZGl2JTIwY2xhc3MlM0QlMjJhdWRpb19wbGF5X3dyYXBwZXIlMjIlM0UlMEElM0NkaXYlMjBjbGFzcyUzRCUyMnBsYXklMjIlMjBpZCUzRCUyMjElMjIlM0UlM0NpJTIwY2xhc3MlM0QlMjJmYSUyMGZhLXBsYXklMjIlM0UlM0MlMkZpJTNFJTNDJTJGZGl2JTNFJTBBJTNDYXVkaW8lMjBpZCUzRCUyMnNvdW5kMSUyMiUzRSUzQ3NvdXJjZSUyMHNyYyUzRCUyMmh0dHAlM0ElMkYlMkZxYS5ndGVjaGRlbW8uY29tJTJGd3AtY29udGVudCUyRnVwbG9hZHMlMkYyMDE3JTJGMTIlMkYxNi1WT0lYLTE2LUVYUEVSSUVOQ0VTLV8tQi1Ub2dvLm1wMyUyMiUyMHR5cGUlM0QlMjJhdWRpbyUyRm9nZyUyMiUyMCUyRiUzRSUzQyUyRmF1ZGlvJTNFJTBBJTNDZGl2JTIwY2xhc3MlM0QlMjJhdWRpb19yaWdodCUyMiUzRSUzQ2gzJTNFJTNDYSUyMGhyZWYlM0QlMjJodHRwcyUzQSUyRiUyRnd3dy5taXhjbG91ZC5jb20lMkZRQVlOJTJGMTYtdm9peC0xNi1leHBlcmllbmNlcy1iLXRvZ28lMkYlM0Z1dG1fc291cmNlJTNEd2lkZ2V0JTI2YW1wJTNCYW1wJTNCdXRtX21lZGl1bSUzRHdlYiUyNmFtcCUzQmFtcCUzQnV0bV9jYW1wYWlnbiUzRGJhc2VfbGlua3MlMjZhbXAlM0JhbXAlM0J1dG1fdGVybSUzRHJlc291cmNlX2xpbmslMjIlMjB0YXJnZXQlM0QlMjJfYmxhbmslMjIlMjByZWwlM0QlMjJub29wZW5lciUyMiUzRTE2JTIwVk9JWCUyQyUyMDE2JTIwRVhQRVJJRU5DRVMlMjAlM0ElMjBCJTIwJTI4VG9nbyUyOSUzQyUyRmElM0UlM0MlMkZoMyUzRSUwQSUzQ3AlM0VieSUyMCUzQ2ElMjBocmVmJTNEJTIyaHR0cCUzQSUyRiUyRnd3dy5taXhjbG91ZC5jb20lMkZRQVlOJTJGJTNGdXRtX3NvdXJjZSUzRHdpZGdldCUyNmFtcCUzQmFtcCUzQnV0bV9tZWRpdW0lM0R3ZWIlMjZhbXAlM0JhbXAlM0J1dG1fY2FtcGFpZ24lM0RiYXNlX2xpbmtzJTI2YW1wJTNCYW1wJTNCdXRtX3Rlcm0lM0Rwcm9maWxlX2xpbmslMjIlMjB0YXJnZXQlM0QlMjJfYmxhbmslMjIlMjByZWwlM0QlMjJub29wZW5lciUyMiUzRVFheW4lM0MlMkZhJTNFJTIwb24lMjAlM0NhJTIwaHJlZiUzRCUyMmh0dHAlM0ElMkYlMkZ3d3cubWl4Y2xvdWQuY29tJTJGJTNGdXRtX3NvdXJjZSUzRHdpZGdldCUyNmFtcCUzQnV0bV9tZWRpdW0lM0R3ZWIlMjZhbXAlM0J1dG1fY2FtcGFpZ24lM0RiYXNlX2xpbmtzJTI2YW1wJTNCdXRtX3Rlcm0lM0Rob21lcGFnZV9saW5rJTIyJTIwdGFyZ2V0JTNEJTIyX2JsYW5rJTIyJTIwcmVsJTNEJTIybm9vcGVuZXIlMjIlM0UlMjBNaXhjbG91ZCUzQyUyRmElM0UlM0MlMkZwJTNFJTNDJTJGZGl2JTNFJTNDJTJGZGl2JTNF[\/vc_raw_html][vc_column_text] T\u00e9moignage de B du Togo [\/vc_column_text][vc_column_text]Je suis togolaise, j\u2019ai 28 ans et je suis assistante technique dans une&#8230;<\/p>\n","protected":false},"author":1,"featured_media":0,"parent":0,"menu_order":0,"comment_status":"closed","ping_status":"closed","template":"full_width.php","meta":{"rs_blank_template":"","rs_page_bg_color":"","slide_template_v7":"","footnotes":""},"class_list":["post-539","page","type-page","status-publish","hentry"],"_links":{"self":[{"href":"https:\/\/qayn.org\/en\/wp-json\/wp\/v2\/pages\/539","targetHints":{"allow":["GET"]}}],"collection":[{"href":"https:\/\/qayn.org\/en\/wp-json\/wp\/v2\/pages"}],"about":[{"href":"https:\/\/qayn.org\/en\/wp-json\/wp\/v2\/types\/page"}],"author":[{"embeddable":true,"href":"https:\/\/qayn.org\/en\/wp-json\/wp\/v2\/users\/1"}],"replies":[{"embeddable":true,"href":"https:\/\/qayn.org\/en\/wp-json\/wp\/v2\/comments?post=539"}],"version-history":[{"count":7,"href":"https:\/\/qayn.org\/en\/wp-json\/wp\/v2\/pages\/539\/revisions"}],"predecessor-version":[{"id":2429,"href":"https:\/\/qayn.org\/en\/wp-json\/wp\/v2\/pages\/539\/revisions\/2429"}],"wp:attachment":[{"href":"https:\/\/qayn.org\/en\/wp-json\/wp\/v2\/media?parent=539"}],"curies":[{"name":"wp","href":"https:\/\/api.w.org\/{rel}","templated":true}]}}