{"id":537,"date":"2017-11-01T09:38:02","date_gmt":"2017-11-01T09:38:02","guid":{"rendered":"http:\/\/websource.co\/qayn\/en\/voixtherese\/"},"modified":"2017-12-18T21:06:20","modified_gmt":"2017-12-18T21:06:20","slug":"voixtherese","status":"publish","type":"page","link":"https:\/\/qayn.org\/en\/voixtherese\/","title":{"rendered":"Voixtherese"},"content":{"rendered":"<div class=\"wpb-content-wrapper\"><p>[vc_row css_animation=&#8221;&#8221; row_type=&#8221;row&#8221; use_row_as_full_screen_section=&#8221;no&#8221; type=&#8221;grid&#8221; angled_section=&#8221;no&#8221; text_align=&#8221;left&#8221; background_image_as_pattern=&#8221;without_pattern&#8221; padding_top=&#8221;50&#8243; padding_bottom=&#8221;50&#8243; el_class=&#8221;single_audio_wrapper&#8221;][vc_column width=&#8221;1\/3&#8243;][vc_raw_html]JTNDZGl2JTIwY2xhc3MlM0QlMjJhdWRpb19wbGF5X3dyYXBwZXIlMjIlM0UlMEElM0NkaXYlMjBjbGFzcyUzRCUyMnBsYXklMjIlMjBpZCUzRCUyMjElMjIlM0UlM0NpJTIwY2xhc3MlM0QlMjJmYSUyMGZhLXBsYXklMjIlM0UlM0MlMkZpJTNFJTNDJTJGZGl2JTNFJTBBJTNDYXVkaW8lMjBpZCUzRCUyMnNvdW5kMSUyMiUzRSUzQ3NvdXJjZSUyMHNyYyUzRCUyMmh0dHAlM0ElMkYlMkZxYS5ndGVjaGRlbW8uY29tJTJGd3AtY29udGVudCUyRnVwbG9hZHMlMkYyMDE3JTJGMTIlMkYxNi1WT0lYLTE2LUVYUEVSSUVOQ0VTLV8tVEhFUkVTRS1DYW1lcm91bi5tcDMlMjIlMjB0eXBlJTNEJTIyYXVkaW8lMkZvZ2clMjIlMjAlMkYlM0UlM0MlMkZhdWRpbyUzRSUwQSUzQ2RpdiUyMGNsYXNzJTNEJTIyYXVkaW9fcmlnaHQlMjIlM0UlM0NoMyUzRSUzQ2ElMjBocmVmJTNEJTIyaHR0cHMlM0ElMkYlMkZ3d3cubWl4Y2xvdWQuY29tJTJGUUFZTiUyRjE2LXZvaXgtMTYtZXhwZXJpZW5jZXMtdGhlcmVzZS1jYW1lcm91biUyRiUzRnV0bV9zb3VyY2UlM0R3aWRnZXQlMjZhbXAlM0JhbXAlM0J1dG1fbWVkaXVtJTNEd2ViJTI2YW1wJTNCYW1wJTNCdXRtX2NhbXBhaWduJTNEYmFzZV9saW5rcyUyNmFtcCUzQmFtcCUzQnV0bV90ZXJtJTNEcmVzb3VyY2VfbGluayUyMiUyMHRhcmdldCUzRCUyMl9ibGFuayUyMiUyMHJlbCUzRCUyMm5vb3BlbmVyJTIyJTNFMTYlMjBWT0lYJTJDJTIwMTYlMjBFWFBFUklFTkNFUyUyMCUzQSUyMFRIRVJFU0UlMjAlMjhDYW1lcm91biUyOSUzQyUyRmElM0UlM0MlMkZoMyUzRSUwQSUzQ3AlM0VieSUyMCUzQ2ElMjBocmVmJTNEJTIyaHR0cCUzQSUyRiUyRnd3dy5taXhjbG91ZC5jb20lMkZRQVlOJTJGJTNGdXRtX3NvdXJjZSUzRHdpZGdldCUyNmFtcCUzQmFtcCUzQnV0bV9tZWRpdW0lM0R3ZWIlMjZhbXAlM0JhbXAlM0J1dG1fY2FtcGFpZ24lM0RiYXNlX2xpbmtzJTI2YW1wJTNCYW1wJTNCdXRtX3Rlcm0lM0Rwcm9maWxlX2xpbmslMjIlMjB0YXJnZXQlM0QlMjJfYmxhbmslMjIlMjByZWwlM0QlMjJub29wZW5lciUyMiUzRVFheW4lM0MlMkZhJTNFJTIwb24lMjAlM0NhJTIwaHJlZiUzRCUyMmh0dHAlM0ElMkYlMkZ3d3cubWl4Y2xvdWQuY29tJTJGJTNGdXRtX3NvdXJjZSUzRHdpZGdldCUyNmFtcCUzQnV0bV9tZWRpdW0lM0R3ZWIlMjZhbXAlM0J1dG1fY2FtcGFpZ24lM0RiYXNlX2xpbmtzJTI2YW1wJTNCdXRtX3Rlcm0lM0Rob21lcGFnZV9saW5rJTIyJTIwdGFyZ2V0JTNEJTIyX2JsYW5rJTIyJTIwcmVsJTNEJTIybm9vcGVuZXIlMjIlM0UlMjBNaXhjbG91ZCUzQyUyRmElM0UlM0MlMkZwJTNFJTNDJTJGZGl2JTNFJTNDJTJGZGl2JTNF[\/vc_raw_html][vc_column_text]<\/p>\n<h2>T\u00e9moignage de Th\u00e9r\u00e8se du Cameroun<\/h2>\n<p>[\/vc_column_text][vc_column_text]Moi c\u2019est Th\u00e9r\u00e8se, j\u2019ai 28 ans.<\/p>\n<p>La premi\u00e8re exp\u00e9rience \u00e0 laquelle j\u2019ai fait face, \u00e0 laquelle j\u2019ai \u00e9t\u00e9 expos\u00e9e c\u2019\u00e9tait en milieu universitaire. La premi\u00e8re cit\u00e9 dans laquelle j\u2019ai eu \u00e0 rester. J\u2019avais des voisins compl\u00e8tement homophobes qui n\u2019ont pas manqu\u00e9 de me le faire savoir des fa\u00e7ons les plus violentes possibles. J\u2019ai eu des messieurs qui m\u2019ont menac\u00e9e verbalement, ils ont menac\u00e9 \u00e0 ma vie si je ne d\u00e9cidais pas de changer. Ils ont menac\u00e9 d\u2019atteindre ma compagne parce qu\u2019elle \u00e9tait dans le corps enseignant. Ils ont dit comment l\u2019\u00e9ducation de leurs enfants pouvait se faire avec de pareils gens dans l\u2019enseignement. Ils ont vraiment employ\u00e9s des paroles vraiment dures, ils ont mont\u00e9 les femmes de leurs voisins, leurs familles et leurs entourages qu\u2019ils devaient concorder une guerre froide. On ne me parlait pas, on me traitait comme par arri\u00e8re de la soci\u00e9t\u00e9. Bon j\u2019ai vraiment travers\u00e9 cette p\u00e9riode-l\u00e0 parce qu\u2019ils ne venaient pas \u00e0 moi directement. Ils \u00e9taient de leur c\u00f4t\u00e9 et j\u2019\u00e9tais du mien. Je sentais juste cette r\u00e9ticence-l\u00e0.<\/p>\n<p>Ensuite j\u2019ai d\u00e9m\u00e9nag\u00e9 de l\u00e0; je suis all\u00e9e dans une autre cit\u00e9. L\u00e0 c\u2019\u00e9tait encore plus grave parce que l\u00e0 mes voisins venaient s\u2019asseoir devant ma v\u00e9randa \u00e0 l\u2019int\u00e9rieur de mon balcon pour me dire chaque matin c\u2019est-\u00e0-dire c\u2019est eux qui me r\u00e9veillait \u00e0 6h, ils disaient non je devais arr\u00eater \u00e7a, que j\u2019\u00e9tais en train de polluer la cit\u00e9 et qu\u2019ils allaient faire venir un commissaire ou des agents de la s\u00e9curit\u00e9 pour m\u2019arr\u00eater. Ils l\u2019ont fait pendant une semaine. Pour que je sorte de chez moi il fallait que je leur demande de me c\u00e9der le passage. Ils \u00e9taient plac\u00e9s l\u00e0, ils ne r\u00e9agissaient pas mais ils attendaient juste une interaction. Ils \u00e9taient devant moi et il fallait que je les \u00f4te \u00a0pour passer, pour sortir de chez moi. En m\u00eame temps quand je revenais et qu\u2019ils me voyaient arriver ils faisaient le m\u00eame sc\u00e9nario. Ils se mettaient devant ma porte et me frustraient moralement, me lan\u00e7aient des insultes, me mena\u00e7aient et tout. Bon \u00e7\u2019a dur\u00e9 un temps.[\/vc_column_text][vc_single_image image=&#8221;528&#8243; img_size=&#8221;full&#8221; qode_css_animation=&#8221;&#8221; css=&#8221;.vc_custom_1509530323619{margin-top: 25px !important;}&#8221;][vc_column_text css=&#8221;.vc_custom_1513484124381{margin-top: 25px !important;margin-bottom: 25px !important;}&#8221;]<\/p>\n<p style=\"font-size: 13px;\">Xonanji<\/p>\n<p>[\/vc_column_text][vc_column_text css=&#8221;.vc_custom_1513484132120{margin-top: 25px !important;margin-bottom: 25px !important;}&#8221; el_class=&#8221;q_audio_content_quotes&#8221;]<\/p>\n<blockquote><p>\u201cIls ont menac\u00e9 d\u2019atteindre ma compagne parce qu\u2019elle \u00e9tait dans le corps enseignant. Ils ont dit comment l\u2019\u00e9ducation de leurs enfants pouvait se faire avec de pareils gens dans l\u2019enseignement.\u201d<\/p><\/blockquote>\n<p>[\/vc_column_text][\/vc_column][vc_column width=&#8221;1\/3&#8243;][vc_column_text]Aussi dans la famille, j\u2019ai eu des probl\u00e8mes dans la famille. J\u2019ai un fr\u00e8re qui m\u2019a demand\u00e9 de lib\u00e9rer le domicile familial parce qu\u2019effectivement j\u2018\u00e9tais homosexuelle et donc il ne partageait pas \u00e7a, il n\u2019y a pas \u00e7a dans sa famille. Il fallait donc que je lib\u00e8re la famille et que je consid\u00e8re que je n\u2019ai plus de famille. J\u2019ai eu ces violences-l\u00e0. Et il m\u2019a menac\u00e9e physiquement, il m\u2019a menac\u00e9e verbalement. Il m\u2019a dit que s\u2019il me rencontrait encore avec une fille qui qu\u2019elle soit il m\u2019arr\u00eaterait. C\u2019est mon grand fr\u00e8re, il a failli porter main sur moi, il y a eu des gens qui l\u2019ont arr\u00eat\u00e9 mais si on \u00e9tait que deux il aurait franchi ce pas.<\/p>\n<p>Pour les acteurs de ces violences, bon il y a eu d\u2019une part des proches la famille, mon fr\u00e8re et d\u2019autre part des inconnus c\u2019est-\u00e0-dire les voisins et m\u00eame dans la rue des gens qui en passant regarde ton allure et estiment que tu appartiens \u00e0 une cat\u00e9gorie de personnes et d\u00e9cident impun\u00e9ment de lancer des mots, de lancer des salet\u00e9s, de lancer des menaces et bon on passe.<\/p>\n<p>Bon de fa\u00e7on directe c\u2019est-\u00e0-dire de fa\u00e7on permanente, des violences qui ont \u00e9t\u00e9 faites par des personnes que je connaissais pr\u00e9cis\u00e9ment il faut compter environ cinq, six fois ou plus mais des violences faites par des inconnus dans la rue je ne peux m\u00eame pas compter parce que c\u2019est tellement r\u00e9current c\u2019est tous les jours, tous les jours. A force m\u00eame on s\u2019habitue et puis on passe dessus du moment o\u00f9 ils ne viennent pas pr\u00e9cis\u00e9ment. Je crois que l\u00e0-dessus, c\u2019est mon allure physique qui freine beaucoup de gens.[\/vc_column_text][vc_single_image image=&#8221;530&#8243; img_size=&#8221;full&#8221; qode_css_animation=&#8221;&#8221; css=&#8221;.vc_custom_1509529816080{margin-top: 25px !important;}&#8221;][vc_column_text css=&#8221;.vc_custom_1513485316998{margin-top: 25px !important;margin-bottom: 25px !important;}&#8221;]<\/p>\n<p style=\"font-size: 13px;\">Chouf<\/p>\n<p>[\/vc_column_text][vc_column_text css=&#8221;.vc_custom_1513484097480{margin-top: 25px !important;margin-bottom: 25px !important;}&#8221; el_class=&#8221;q_audio_content_quotes&#8221;]<\/p>\n<blockquote><p>\u201cDes violences faites par des inconnus dans la rue je ne peux m\u00eame pas compter parce que c\u2019est tellement r\u00e9current c\u2019est tous les jours, tous les jours. A force m\u00eame on s\u2019habitue\u201d<\/p><\/blockquote>\n<p>[\/vc_column_text][vc_column_text]<\/p>\n<p id=\"yui_3_17_2_3_1417567022505_53790\"><span id=\"yui_3_17_2_3_1417567022505_53789\">Parce que je vois cette violence-l\u00e0 dans leurs yeux et j\u2019imagine si j\u2019avais \u00e9t\u00e9 quelqu\u2019un plus fr\u00eale, plus faible vraiment j\u2019aurais eu mal \u00e0 partir. Mais l\u00e0 je pense que cette allure, ce physique l\u00e0 les freine beaucoup mais ce n\u2019est pas l\u2019envie qui les manque. Je vis \u00e7a tous les jours bon je ne peux pas compter, je ne peux pas compter.<\/span><\/p>\n<p id=\"yui_3_17_2_3_1417567022505_52761\"><span id=\"yui_3_17_2_3_1417567022505_52763\">Moi la principale action \u00e0 laquelle j\u2019ai eu recours c\u2019\u00e9tait en milieu universitaire, la deuxi\u00e8me c\u2019\u00e9tait la cit\u00e9 dans laquelle mes voisins \u00e9taient devant ma porte puis ils me mena\u00e7aient d\u2019amener des agents de l\u2019ordre m\u2019arr\u00eater parce que j\u2019\u00e9tais homosexuelle. A ce niveau-l\u00e0 j\u2019ai eu recours \u00e0 une association qui existait \u00e0 l\u2019\u00e9poque. Ils avaient \u00e0 leur disposition un avocat et je crois aussi un huissier de justice. Je les ai appel\u00e9, ils m\u2019ont envoy\u00e9 un avocat, un huissier aussi et je crois deux ou trois personnes de la loi. Ils sont venus, ils ont constat\u00e9 la violation de domicile parce que le jour o\u00f9 ils sont arriv\u00e9s fort heureusement je dirais, ils \u00e9taient toujours l\u00e0 devant ma porte, on a d\u00fb les \u00e9carter nous sommes entr\u00e9s. Ils ont not\u00e9s ce constat-l\u00e0\u00a0: la violation de domicile.\u00a0<\/span><\/p>\n<p>[\/vc_column_text][\/vc_column][vc_column width=&#8221;1\/3&#8243;][vc_single_image image=&#8221;533&#8243; img_size=&#8221;full&#8221; qode_css_animation=&#8221;&#8221;][vc_column_text css=&#8221;.vc_custom_1513484060183{margin-top: 25px !important;margin-bottom: 25px !important;}&#8221;]<\/p>\n<p style=\"font-size: 13px;\">Xonanji<\/p>\n<p>[\/vc_column_text][vc_column_text css=&#8221;.vc_custom_1513484159830{margin-top: 25px !important;margin-bottom: 25px !important;}&#8221; el_class=&#8221;q_audio_content_quotes&#8221;]<\/p>\n<blockquote><p>\u201cDonc \u00e0 mon petit niveau chaque fois que je rencontre quelqu\u2019un qui a ce genre de probl\u00e8mes, je me force de lui expliquer ou de l\u2019amener vers qui de droit pouvant lui expliquer, lui montrer qu\u2019il n\u2019a pas besoin de subir \u00e7a, qu\u2019il peut se d\u00e9fendre. \u201d<\/p><\/blockquote>\n<p>[\/vc_column_text][vc_column_text]faux t\u00e9moignage et diffamation de nom et ils devraient r\u00e9pondre pour \u00e7a. Ils ont \u00e9t\u00e9 fermes. Et les voisins ont compris, ils ont lib\u00e9r\u00e9s les lieux, ils se sont carapat\u00e9s; ils ont m\u00eames d\u00e9m\u00e9nag\u00e9s.<\/p>\n<p>C\u2019est l\u00e0 o\u00f9 j\u2019ai eu la paix, j\u2018ai repris de l\u2019assurance. Apr\u00e8s une ann\u00e9e en cit\u00e9 o\u00f9 je partais, j\u2019\u00e9tais vraiment calme parce que cette histoire a fait vague dans l\u2019oc\u00e9an, les gens ont compris qu\u2019on a des droits, qu\u2019on ne peut pas nous malmener n\u2019importe comment et impun\u00e9ment donc \u00e7a s\u2019est transmis. Partout o\u00f9 j\u2019allais, ils \u00e9taient r\u00e9ticents, bon ils n\u2019\u00e9taient tout de m\u00eame pas mena\u00e7ants.<\/p>\n<p>Personnellement d\u2019abord, il y a l\u2019assurance puisque je suis s\u00fbr de moi, je sais que je n\u2019ai pas commise une faute, je ne me reproche de rien et donc je n\u2019ai pas \u00e0 subir les frustrations des autres. Donc j\u2019estime qu\u2019\u00e0 chaque fois que je suis face \u00e0 ce genre de probl\u00e8me, je m\u2019affirme d\u2019abord, je me prot\u00e8ge d\u2019abord parce que je ne permets pas \u00e0 ce qu\u2019il entre dans moi avec ces violences morales donc je mets d\u2019abord ces limites-l\u00e0. Et donc je fais l\u2019effort de leur dire chaque fois aux gens que je rencontre, je leur fais comprendre qu\u2019ils ont des droits.\u00a0Ils n\u2019ont pas \u00e0 subir certaines choses, ils n\u2019ont pas \u00e0 subir les frustrations des autres donc ils doivent se d\u00e9fendre et ainsi de suite et \u00e0 force de le faire ces gens-l\u00e0 resteront \u00e0 leur place et il y a la loi pour \u00e7a. Et justement le probl\u00e8me c\u2019est que beaucoup de gens ne savent pas qu\u2019ils sont prot\u00e9g\u00e9s par la loi, beaucoup de gens ne savent pas quels sont leurs lois.<\/p>\n<p>Donc \u00e0 mon petit niveau chaque fois que je rencontre quelqu\u2019un qui a ce genre de probl\u00e8mes, je me force de lui expliquer ou de l\u2019amener vers qui de droit pouvant lui expliquer, lui montrer qu\u2019il n\u2019a pas besoin de subir \u00e7a, qu\u2019il peut se d\u00e9fendre. Et aussi je fais l\u2019effort de le rapprocher des associations parce que seul on ne peut vraiment rien faire hors dans le milieu associatif on retrouve d\u2019abord le soutien morale ensuite physique parce que quand on voit un nombre, quand on voit beaucoup de gens c\u2019est beaucoup plus imposant, beaucoup plus impressionnant que lorsqu\u2019on est seul. Et donc je m\u2019approche beaucoup des associations. L\u00e0 aussi, il y a beaucoup de conseils misent \u00e0 disposition. Des choses dont on n\u2019est pas au courant forc\u00e9ment et qui grandissent notre exp\u00e9rience et nous permettent de nous exprimer mieux face aux situations concr\u00e8tes. Et justement je fais aussi l\u2019effort d\u2019amener le maximum de gens que je peux vers le milieu associatif parce que ce qu\u2019on ne peut pas avoir dans la rue au milieu de toutes ces violences on peut le retrouver dans les associations avec les gens avec qui on se comprend et qui ont eu \u00e0 traverser les m\u00eames violences.[\/vc_column_text][\/vc_column][\/vc_row]<\/p>\n<\/div>","protected":false},"excerpt":{"rendered":"<p>[vc_row css_animation=&#8221;&#8221; row_type=&#8221;row&#8221; use_row_as_full_screen_section=&#8221;no&#8221; type=&#8221;grid&#8221; angled_section=&#8221;no&#8221; text_align=&#8221;left&#8221; background_image_as_pattern=&#8221;without_pattern&#8221; padding_top=&#8221;50&#8243; padding_bottom=&#8221;50&#8243; el_class=&#8221;single_audio_wrapper&#8221;][vc_column width=&#8221;1\/3&#8243;][vc_raw_html]JTNDZGl2JTIwY2xhc3MlM0QlMjJhdWRpb19wbGF5X3dyYXBwZXIlMjIlM0UlMEElM0NkaXYlMjBjbGFzcyUzRCUyMnBsYXklMjIlMjBpZCUzRCUyMjElMjIlM0UlM0NpJTIwY2xhc3MlM0QlMjJmYSUyMGZhLXBsYXklMjIlM0UlM0MlMkZpJTNFJTNDJTJGZGl2JTNFJTBBJTNDYXVkaW8lMjBpZCUzRCUyMnNvdW5kMSUyMiUzRSUzQ3NvdXJjZSUyMHNyYyUzRCUyMmh0dHAlM0ElMkYlMkZxYS5ndGVjaGRlbW8uY29tJTJGd3AtY29udGVudCUyRnVwbG9hZHMlMkYyMDE3JTJGMTIlMkYxNi1WT0lYLTE2LUVYUEVSSUVOQ0VTLV8tVEhFUkVTRS1DYW1lcm91bi5tcDMlMjIlMjB0eXBlJTNEJTIyYXVkaW8lMkZvZ2clMjIlMjAlMkYlM0UlM0MlMkZhdWRpbyUzRSUwQSUzQ2RpdiUyMGNsYXNzJTNEJTIyYXVkaW9fcmlnaHQlMjIlM0UlM0NoMyUzRSUzQ2ElMjBocmVmJTNEJTIyaHR0cHMlM0ElMkYlMkZ3d3cubWl4Y2xvdWQuY29tJTJGUUFZTiUyRjE2LXZvaXgtMTYtZXhwZXJpZW5jZXMtdGhlcmVzZS1jYW1lcm91biUyRiUzRnV0bV9zb3VyY2UlM0R3aWRnZXQlMjZhbXAlM0JhbXAlM0J1dG1fbWVkaXVtJTNEd2ViJTI2YW1wJTNCYW1wJTNCdXRtX2NhbXBhaWduJTNEYmFzZV9saW5rcyUyNmFtcCUzQmFtcCUzQnV0bV90ZXJtJTNEcmVzb3VyY2VfbGluayUyMiUyMHRhcmdldCUzRCUyMl9ibGFuayUyMiUyMHJlbCUzRCUyMm5vb3BlbmVyJTIyJTNFMTYlMjBWT0lYJTJDJTIwMTYlMjBFWFBFUklFTkNFUyUyMCUzQSUyMFRIRVJFU0UlMjAlMjhDYW1lcm91biUyOSUzQyUyRmElM0UlM0MlMkZoMyUzRSUwQSUzQ3AlM0VieSUyMCUzQ2ElMjBocmVmJTNEJTIyaHR0cCUzQSUyRiUyRnd3dy5taXhjbG91ZC5jb20lMkZRQVlOJTJGJTNGdXRtX3NvdXJjZSUzRHdpZGdldCUyNmFtcCUzQmFtcCUzQnV0bV9tZWRpdW0lM0R3ZWIlMjZhbXAlM0JhbXAlM0J1dG1fY2FtcGFpZ24lM0RiYXNlX2xpbmtzJTI2YW1wJTNCYW1wJTNCdXRtX3Rlcm0lM0Rwcm9maWxlX2xpbmslMjIlMjB0YXJnZXQlM0QlMjJfYmxhbmslMjIlMjByZWwlM0QlMjJub29wZW5lciUyMiUzRVFheW4lM0MlMkZhJTNFJTIwb24lMjAlM0NhJTIwaHJlZiUzRCUyMmh0dHAlM0ElMkYlMkZ3d3cubWl4Y2xvdWQuY29tJTJGJTNGdXRtX3NvdXJjZSUzRHdpZGdldCUyNmFtcCUzQnV0bV9tZWRpdW0lM0R3ZWIlMjZhbXAlM0J1dG1fY2FtcGFpZ24lM0RiYXNlX2xpbmtzJTI2YW1wJTNCdXRtX3Rlcm0lM0Rob21lcGFnZV9saW5rJTIyJTIwdGFyZ2V0JTNEJTIyX2JsYW5rJTIyJTIwcmVsJTNEJTIybm9vcGVuZXIlMjIlM0UlMjBNaXhjbG91ZCUzQyUyRmElM0UlM0MlMkZwJTNFJTNDJTJGZGl2JTNFJTNDJTJGZGl2JTNF[\/vc_raw_html][vc_column_text] T\u00e9moignage de Th\u00e9r\u00e8se du Cameroun [\/vc_column_text][vc_column_text]Moi c\u2019est Th\u00e9r\u00e8se, j\u2019ai 28 ans. La premi\u00e8re exp\u00e9rience \u00e0 laquelle j\u2019ai fait&#8230;<\/p>\n","protected":false},"author":1,"featured_media":0,"parent":0,"menu_order":0,"comment_status":"closed","ping_status":"closed","template":"full_width.php","meta":{"rs_blank_template":"","rs_page_bg_color":"","slide_template_v7":"","footnotes":""},"class_list":["post-537","page","type-page","status-publish","hentry"],"_links":{"self":[{"href":"https:\/\/qayn.org\/en\/wp-json\/wp\/v2\/pages\/537","targetHints":{"allow":["GET"]}}],"collection":[{"href":"https:\/\/qayn.org\/en\/wp-json\/wp\/v2\/pages"}],"about":[{"href":"https:\/\/qayn.org\/en\/wp-json\/wp\/v2\/types\/page"}],"author":[{"embeddable":true,"href":"https:\/\/qayn.org\/en\/wp-json\/wp\/v2\/users\/1"}],"replies":[{"embeddable":true,"href":"https:\/\/qayn.org\/en\/wp-json\/wp\/v2\/comments?post=537"}],"version-history":[{"count":4,"href":"https:\/\/qayn.org\/en\/wp-json\/wp\/v2\/pages\/537\/revisions"}],"predecessor-version":[{"id":2386,"href":"https:\/\/qayn.org\/en\/wp-json\/wp\/v2\/pages\/537\/revisions\/2386"}],"wp:attachment":[{"href":"https:\/\/qayn.org\/en\/wp-json\/wp\/v2\/media?parent=537"}],"curies":[{"name":"wp","href":"https:\/\/api.w.org\/{rel}","templated":true}]}}