{"id":514,"date":"2017-11-01T09:07:42","date_gmt":"2017-11-01T09:07:42","guid":{"rendered":"http:\/\/websource.co\/qayn\/en\/?page_id=514"},"modified":"2017-12-19T02:33:39","modified_gmt":"2017-12-19T02:33:39","slug":"voixanna","status":"publish","type":"page","link":"https:\/\/qayn.org\/en\/voixanna\/","title":{"rendered":"Voixanna"},"content":{"rendered":"<div class=\"wpb-content-wrapper\"><p>[vc_row css_animation=&#8221;&#8221; row_type=&#8221;row&#8221; use_row_as_full_screen_section=&#8221;no&#8221; type=&#8221;grid&#8221; angled_section=&#8221;no&#8221; text_align=&#8221;left&#8221; background_image_as_pattern=&#8221;without_pattern&#8221; padding_top=&#8221;50&#8243; padding_bottom=&#8221;50&#8243; el_class=&#8221;single_audio_wrapper&#8221;][vc_column width=&#8221;1\/3&#8243;][vc_raw_html]JTNDZGl2JTIwY2xhc3MlM0QlMjJhdWRpb19wbGF5X3dyYXBwZXIlMjIlM0UlMEElM0NkaXYlMjBjbGFzcyUzRCUyMnBsYXklMjIlMjBpZCUzRCUyMjElMjIlM0UlM0NpJTIwY2xhc3MlM0QlMjJmYSUyMGZhLXBsYXklMjIlM0UlM0MlMkZpJTNFJTNDJTJGZGl2JTNFJTBBJTNDYXVkaW8lMjBpZCUzRCUyMnNvdW5kMSUyMiUzRSUzQ3NvdXJjZSUyMHNyYyUzRCUyMiUyMiUyMHR5cGUlM0QlMjJhdWRpbyUyRm9nZyUyMiUyMCUyRiUzRSUzQyUyRmF1ZGlvJTNFJTBBJTNDZGl2JTIwY2xhc3MlM0QlMjJhdWRpb19yaWdodCUyMiUzRSUzQ2gzJTNFJTNDYSUyMGhyZWYlM0QlMjJodHRwcyUzQSUyRiUyRnd3dy5taXhjbG91ZC5jb20lMkZRQVlOJTJGMTYtdm9peC0xNi1leHBlcmllbmNlcy1hbm5hLXNlbmVnYWwlMkZuJTJGJTNGdXRtX3NvdXJjZSUzRHdpZGdldCUyNmFtcCUzQmFtcCUzQnV0bV9tZWRpdW0lM0R3ZWIlMjZhbXAlM0JhbXAlM0J1dG1fY2FtcGFpZ24lM0RiYXNlX2xpbmtzJTI2YW1wJTNCYW1wJTNCdXRtX3Rlcm0lM0RyZXNvdXJjZV9saW5rJTIyJTIwdGFyZ2V0JTNEJTIyX2JsYW5rJTIyJTIwcmVsJTNEJTIybm9vcGVuZXIlMjIlM0UxNiUyMFZPSVglMkMlMjAxNiUyMEVYUEVSSUVOQ0VTJTIwJTNBJTIwQU5OQSUyMCUyOFNlbmVnYWwlMjklM0MlMkZhJTNFJTNDJTJGaDMlM0UlMEElM0NwJTNFYnklMjAlM0NhJTIwaHJlZiUzRCUyMmh0dHAlM0ElMkYlMkZ3d3cubWl4Y2xvdWQuY29tJTJGUUFZTiUyRiUzRnV0bV9zb3VyY2UlM0R3aWRnZXQlMjZhbXAlM0JhbXAlM0J1dG1fbWVkaXVtJTNEd2ViJTI2YW1wJTNCYW1wJTNCdXRtX2NhbXBhaWduJTNEYmFzZV9saW5rcyUyNmFtcCUzQmFtcCUzQnV0bV90ZXJtJTNEcHJvZmlsZV9saW5rJTIyJTIwdGFyZ2V0JTNEJTIyX2JsYW5rJTIyJTIwcmVsJTNEJTIybm9vcGVuZXIlMjIlM0VRYXluJTNDJTJGYSUzRSUyMG9uJTIwJTNDYSUyMGhyZWYlM0QlMjJodHRwJTNBJTJGJTJGd3d3Lm1peGNsb3VkLmNvbSUyRiUzRnV0bV9zb3VyY2UlM0R3aWRnZXQlMjZhbXAlM0J1dG1fbWVkaXVtJTNEd2ViJTI2YW1wJTNCdXRtX2NhbXBhaWduJTNEYmFzZV9saW5rcyUyNmFtcCUzQnV0bV90ZXJtJTNEaG9tZXBhZ2VfbGluayUyMiUyMHRhcmdldCUzRCUyMl9ibGFuayUyMiUyMHJlbCUzRCUyMm5vb3BlbmVyJTIyJTNFJTIwTWl4Y2xvdWQlM0MlMkZhJTNFJTNDJTJGcCUzRSUzQyUyRmRpdiUzRSUzQyUyRmRpdiUzRQ==[\/vc_raw_html][vc_column_text el_class=&#8221;q_audio_content_quotes&#8221;]<\/p>\n<blockquote><p>T\u00e9moignage de Anna du S\u00e9n\u00e9gal.<\/p><\/blockquote>\n<p>[\/vc_column_text][vc_column_text]Je m\u2019appelle Anna, j\u2019habite \u00e0 Rufisque, je suis \u00e9l\u00e8ve en classe de terminale, J\u2019ai 21 ans.<\/p>\n<p>Bah voil\u00e0, comme tout le monde hein, on est consid\u00e9r\u00e9es comme des personnes anormales, des personnes hors loi quoi. On pense qu\u2019on veut s\u2019identifier aux hommes alors que ce n\u2019est pas le cas\u00a0; c\u2019est juste un probl\u00e8me de sentiment. Bah, on arrive juste \u00e0 connaitre que, on arrive \u00e0 satisfaire nos besoins sexuels avec les personnes du m\u00eame sexe. J\u2019aime les hommes, j\u2019aime les filles mais je pr\u00e9f\u00e8re les filles en tant qu\u2019 voil\u00e0. Bon on rencontre beaucoup de probl\u00e8mes hein\u00a0!\u00a0 A l\u2019\u00e9cole comme la maison, partout. On ne nous comprend pas. Bah m\u00eame la mani\u00e8re dont on s\u2019habille l\u00e0, tout pose probl\u00e8me. Ils ne nous comprennent pas.[\/vc_column_text][vc_column_text css=&#8221;.vc_custom_1513650816485{margin-top: 25px !important;margin-bottom: 25px !important;}&#8221; el_class=&#8221;q_audio_content_quotes&#8221;]<\/p>\n<blockquote><p>Mais s\u2019ils savent, ils ont une preuve concr\u00e8te, Iiiiieee je serais morte.<\/p><\/blockquote>\n<p>[\/vc_column_text][vc_column_text]Bah il y a certaines filles m\u00eame qui nous fuient hein. Elles pensent qu\u2019on va leur transmettre \u00e7a alors que on nait avec. On ne travaille pas \u00e0 \u00eatre lesbienne ou autre chose. On d\u00e9couvre qu\u2019on l\u2019est et puis bon on l\u2019admet quoi. \u00a0Je suis plus attir\u00e9e par les filles, depuis que je fais le primaire hein, CM2 \u00e0 l\u2019\u00e9l\u00e9mentaire. Depuis bon quand je vois les filles, j\u2019imagine comment est leur sexe (rire) c\u2019est \u00e7a. Depuis mon enfance, je pensais que c\u2019\u00e9tait normal quoi. Au fur et \u00e0 mesure j\u2019entends les rumeurs parler comme \u00e7a. Alors j\u2019ai su que c\u2019est \u00e7a la lesbiennet\u00e9\u00a0et tout \u00e7a.<\/p>\n<p>Il y a assez de rumeurs qui coulent. La fille l\u00e0 elle est gouine, elle n\u2019aime que les filles, elle ne parle pas aux hommes, voil\u00e0. Mais j\u2019ai jamais \u00e9t\u00e9 agress\u00e9e \u00e0 l\u2019\u00e9cole parce que elles font gaffes \u00e0 nous quoi, parfois.<\/p>\n<p>&nbsp;<\/p>\n<p>&nbsp;<\/p>\n<p>&nbsp;<\/p>\n<p><a href=\"http:\/\/qayn.org\/en\/voixanna\/\" data-cke-saved-href=\"#_ftnref1\">[1]<\/a>\u00a0Banlieue\u00a0de Dakar[\/vc_column_text][\/vc_column][vc_column width=&#8221;1\/3&#8243;][vc_column_text]Elles ont peur. M\u00eame les hommes hein. Ils vont dire que, \u00ab\u00a0si je lui parle de \u00e7a, elle va me tuer\u00a0\u00bb. Elle n\u2019est pas du genre quoi. Parce qu\u2019automatiquement si tu t\u2019habille comme les hommes, ils vont dire que tu n\u2019es pas int\u00e9ress\u00e9e par les hommes, et bah, ils ne vont pas t\u2019approcher pour te draguer.<\/p>\n<p>A la maison c\u2019est dur hein. Je ne vis pas avec mon p\u00e8re ni avec ma m\u00e8re depuis l\u2019\u00e2ge de 5 ans. Je vis avec une tante. Ma maman et mon papa, ils vivent en C\u00f4te d\u2019ivoire. Ils sont tous l\u00e0-bas, toute la famille. Bon il y a une copine \u00e0 moi qu\u2019ils avaient d\u00e9couvert, ils ont dit qu\u2019on sortait ensemble, j\u2019ai dit que non. Ils ont dit que c\u2019est les rumeurs qui coulent quoi. Ils m\u2019ont demand\u00e9 de la quitter, j\u2019ai dit non je ne peux pas la quitter c\u2019est une amie juste. Bon ils m\u2019ont laiss\u00e9, ils ne me parlaient plus. Plus de trois mois moi je ne parlais avec personne \u00e0 la maison. Je g\u00e8re. Mais s\u2019ils savent, ils ont une preuve concr\u00e8te, Iiiiieee je serais morte. Ils vont me faire sortir l\u00e0-bas je sais. Parce qu\u2019ils ne vont pas accepter de vivre avec \u00e7a. C\u2019est un p\u00e9ch\u00e9 pour eux.[\/vc_column_text][vc_column_text css=&#8221;.vc_custom_1513650392262{margin-top: 25px !important;margin-bottom: 25px !important;}&#8221; el_class=&#8221;q_audio_content_quotes&#8221;]<\/p>\n<blockquote><p>Je suis musulmane. Je suis peulh aussi. Ouais, ouais, mais on n\u2019accepte pas \u00e7a chez nous. Non.<\/p><\/blockquote>\n<p>[\/vc_column_text][vc_column_text]J\u2019ai commenc\u00e9 \u00e0 m\u2019habiller comme \u00e7a depuis le bas \u00e2ge quoi. On m\u2019a \u00e9duqu\u00e9 ainsi. Ce n\u2019est pas parce que je vois les filles s\u2019habiller ainsi que je m\u2019habille ainsi. Parfois je m\u2019habille comme les autres filles, parfois je m\u2019habille ainsi quoi\u00a0; comme bon me semble.\u00a0Je m\u2019habille comme je veux moi. Mais je ne porte pas de jupes ou des robes, des pantalons quoi. Les jeans serr\u00e9s quoi, baskets et puis.<\/p>\n<p>chaque jour \u00e0 l\u2019\u00e9cole je subis \u00e7a, des agressions verbales, par rapport \u00e0 ma fa\u00e7on de m\u2019habiller. M\u00eame il y a mes professeurs qui disent que (rire) ils me sentent bizarre quoi.[\/vc_column_text][\/vc_column][vc_column width=&#8221;1\/3&#8243;][vc_single_image image=&#8221;518&#8243; img_size=&#8221;full&#8221; qode_css_animation=&#8221;&#8221;][vc_column_text css=&#8221;.vc_custom_1513650348453{margin-top: 25px !important;margin-bottom: 25px !important;}&#8221; el_class=&#8221;q_audio_content_quotes&#8221;]<\/p>\n<blockquote><p>\u201cIl \u00e9tait pr\u00eat \u00e0 me tuer, \u00e0 me mettre \u00e0 mort, \u00e0 me battre \u00e0 mort, juste pour ce que je suis. \u201d<\/p><\/blockquote>\n<p>[\/vc_column_text][vc_column_text]Par la mani\u00e8re dont je m\u2019habille, bah je ne me fais pas belle, voil\u00e0 je ne communique pas tout temps avec les filles, une fois que je suis dedans je me coule, tu vois\u00a0? Je reste toute seule quoi. Je prends \u00e7a \u00e0 la l\u00e9g\u00e8re parce que bon \u00e7a me concerne quoi, \u00e7a ne les concerne pas. C\u2019est ma vie et puis je m\u2019engage. Et je suis plus attach\u00e9e aux professeurs, qu\u2019aux \u00e9l\u00e8ves m\u00eame.<\/p>\n<p>Je joue au foot avec les X l\u00e0 et autres. \u00a0Bon l\u00e0-bas c\u2019est plus cool quoi. Quand on est l\u00e0-bas, on se sent chez nous quoi. On est accept\u00e9es, on vit toutes la m\u00eame chose quoi. Ouais on discute ensemble, on se parle, chacune am\u00e8ne sa copine, vous l\u00e0 pr\u00e9senter et puis elle est accept\u00e9e quoi.[\/vc_column_text][\/vc_column][\/vc_row]<\/p>\n<\/div>","protected":false},"excerpt":{"rendered":"<p>[vc_row css_animation=&#8221;&#8221; row_type=&#8221;row&#8221; use_row_as_full_screen_section=&#8221;no&#8221; type=&#8221;grid&#8221; angled_section=&#8221;no&#8221; text_align=&#8221;left&#8221; background_image_as_pattern=&#8221;without_pattern&#8221; padding_top=&#8221;50&#8243; padding_bottom=&#8221;50&#8243; el_class=&#8221;single_audio_wrapper&#8221;][vc_column width=&#8221;1\/3&#8243;][vc_raw_html]JTNDZGl2JTIwY2xhc3MlM0QlMjJhdWRpb19wbGF5X3dyYXBwZXIlMjIlM0UlMEElM0NkaXYlMjBjbGFzcyUzRCUyMnBsYXklMjIlMjBpZCUzRCUyMjElMjIlM0UlM0NpJTIwY2xhc3MlM0QlMjJmYSUyMGZhLXBsYXklMjIlM0UlM0MlMkZpJTNFJTNDJTJGZGl2JTNFJTBBJTNDYXVkaW8lMjBpZCUzRCUyMnNvdW5kMSUyMiUzRSUzQ3NvdXJjZSUyMHNyYyUzRCUyMiUyMiUyMHR5cGUlM0QlMjJhdWRpbyUyRm9nZyUyMiUyMCUyRiUzRSUzQyUyRmF1ZGlvJTNFJTBBJTNDZGl2JTIwY2xhc3MlM0QlMjJhdWRpb19yaWdodCUyMiUzRSUzQ2gzJTNFJTNDYSUyMGhyZWYlM0QlMjJodHRwcyUzQSUyRiUyRnd3dy5taXhjbG91ZC5jb20lMkZRQVlOJTJGMTYtdm9peC0xNi1leHBlcmllbmNlcy1hbm5hLXNlbmVnYWwlMkZuJTJGJTNGdXRtX3NvdXJjZSUzRHdpZGdldCUyNmFtcCUzQmFtcCUzQnV0bV9tZWRpdW0lM0R3ZWIlMjZhbXAlM0JhbXAlM0J1dG1fY2FtcGFpZ24lM0RiYXNlX2xpbmtzJTI2YW1wJTNCYW1wJTNCdXRtX3Rlcm0lM0RyZXNvdXJjZV9saW5rJTIyJTIwdGFyZ2V0JTNEJTIyX2JsYW5rJTIyJTIwcmVsJTNEJTIybm9vcGVuZXIlMjIlM0UxNiUyMFZPSVglMkMlMjAxNiUyMEVYUEVSSUVOQ0VTJTIwJTNBJTIwQU5OQSUyMCUyOFNlbmVnYWwlMjklM0MlMkZhJTNFJTNDJTJGaDMlM0UlMEElM0NwJTNFYnklMjAlM0NhJTIwaHJlZiUzRCUyMmh0dHAlM0ElMkYlMkZ3d3cubWl4Y2xvdWQuY29tJTJGUUFZTiUyRiUzRnV0bV9zb3VyY2UlM0R3aWRnZXQlMjZhbXAlM0JhbXAlM0J1dG1fbWVkaXVtJTNEd2ViJTI2YW1wJTNCYW1wJTNCdXRtX2NhbXBhaWduJTNEYmFzZV9saW5rcyUyNmFtcCUzQmFtcCUzQnV0bV90ZXJtJTNEcHJvZmlsZV9saW5rJTIyJTIwdGFyZ2V0JTNEJTIyX2JsYW5rJTIyJTIwcmVsJTNEJTIybm9vcGVuZXIlMjIlM0VRYXluJTNDJTJGYSUzRSUyMG9uJTIwJTNDYSUyMGhyZWYlM0QlMjJodHRwJTNBJTJGJTJGd3d3Lm1peGNsb3VkLmNvbSUyRiUzRnV0bV9zb3VyY2UlM0R3aWRnZXQlMjZhbXAlM0J1dG1fbWVkaXVtJTNEd2ViJTI2YW1wJTNCdXRtX2NhbXBhaWduJTNEYmFzZV9saW5rcyUyNmFtcCUzQnV0bV90ZXJtJTNEaG9tZXBhZ2VfbGluayUyMiUyMHRhcmdldCUzRCUyMl9ibGFuayUyMiUyMHJlbCUzRCUyMm5vb3BlbmVyJTIyJTNFJTIwTWl4Y2xvdWQlM0MlMkZhJTNFJTNDJTJGcCUzRSUzQyUyRmRpdiUzRSUzQyUyRmRpdiUzRQ==[\/vc_raw_html][vc_column_text el_class=&#8221;q_audio_content_quotes&#8221;] T\u00e9moignage de Anna du S\u00e9n\u00e9gal. [\/vc_column_text][vc_column_text]Je m\u2019appelle Anna, j\u2019habite \u00e0 Rufisque, je suis \u00e9l\u00e8ve en classe de&#8230;<\/p>\n","protected":false},"author":1,"featured_media":0,"parent":0,"menu_order":0,"comment_status":"closed","ping_status":"closed","template":"full_width.php","meta":{"rs_blank_template":"","rs_page_bg_color":"","slide_template_v7":"","footnotes":""},"class_list":["post-514","page","type-page","status-publish","hentry"],"_links":{"self":[{"href":"https:\/\/qayn.org\/en\/wp-json\/wp\/v2\/pages\/514","targetHints":{"allow":["GET"]}}],"collection":[{"href":"https:\/\/qayn.org\/en\/wp-json\/wp\/v2\/pages"}],"about":[{"href":"https:\/\/qayn.org\/en\/wp-json\/wp\/v2\/types\/page"}],"author":[{"embeddable":true,"href":"https:\/\/qayn.org\/en\/wp-json\/wp\/v2\/users\/1"}],"replies":[{"embeddable":true,"href":"https:\/\/qayn.org\/en\/wp-json\/wp\/v2\/comments?post=514"}],"version-history":[{"count":11,"href":"https:\/\/qayn.org\/en\/wp-json\/wp\/v2\/pages\/514\/revisions"}],"predecessor-version":[{"id":2428,"href":"https:\/\/qayn.org\/en\/wp-json\/wp\/v2\/pages\/514\/revisions\/2428"}],"wp:attachment":[{"href":"https:\/\/qayn.org\/en\/wp-json\/wp\/v2\/media?parent=514"}],"curies":[{"name":"wp","href":"https:\/\/api.w.org\/{rel}","templated":true}]}}