{"id":502,"date":"2017-11-01T07:45:14","date_gmt":"2017-11-01T07:45:14","guid":{"rendered":"http:\/\/websource.co\/qayn\/en\/?page_id=502"},"modified":"2017-12-18T20:04:20","modified_gmt":"2017-12-18T20:04:20","slug":"voixdom","status":"publish","type":"page","link":"https:\/\/qayn.org\/en\/voixdom\/","title":{"rendered":"Voixdom"},"content":{"rendered":"<div class=\"wpb-content-wrapper\"><p>[vc_row css_animation=&#8221;&#8221; row_type=&#8221;row&#8221; use_row_as_full_screen_section=&#8221;no&#8221; type=&#8221;grid&#8221; angled_section=&#8221;no&#8221; text_align=&#8221;left&#8221; background_image_as_pattern=&#8221;without_pattern&#8221; padding_top=&#8221;50&#8243; padding_bottom=&#8221;50&#8243; el_class=&#8221;single_audio_wrapper&#8221;][vc_column width=&#8221;1\/3&#8243;][vc_raw_html]JTNDZGl2JTIwY2xhc3MlM0QlMjJhdWRpb19wbGF5X3dyYXBwZXIlMjIlM0UlMEElM0NkaXYlMjBjbGFzcyUzRCUyMnBsYXklMjIlMjBpZCUzRCUyMjElMjIlM0UlM0NpJTIwY2xhc3MlM0QlMjJmYSUyMGZhLXBsYXklMjIlM0UlM0MlMkZpJTNFJTNDJTJGZGl2JTNFJTBBJTNDYXVkaW8lMjBpZCUzRCUyMnNvdW5kMSUyMiUzRSUzQ3NvdXJjZSUyMHNyYyUzRCUyMmh0dHAlM0ElMkYlMkZxYS5ndGVjaGRlbW8uY29tJTJGd3AtY29udGVudCUyRnVwbG9hZHMlMkYyMDE3JTJGMTIlMkYxNi1WT0lYLTE2LUVYUEVSSUVOQ0VTLV8tRE9NLUJ1cmtpbmEtRmFzby5tcDMlMjIlMjB0eXBlJTNEJTIyYXVkaW8lMkZvZ2clMjIlMjAlMkYlM0UlM0MlMkZhdWRpbyUzRSUwQSUzQ2RpdiUyMGNsYXNzJTNEJTIyYXVkaW9fcmlnaHQlMjIlM0UlM0NoMyUzRSUzQ2ElMjBocmVmJTNEJTIyaHR0cHMlM0ElMkYlMkZ3d3cubWl4Y2xvdWQuY29tJTJGUUFZTiUyRjE2LXZvaXgtMTYtZXhwZXJpZW5jZXMtZG9tLWJ1cmtpbmEtZmFzbyUyRiUzRnV0bV9zb3VyY2UlM0R3aWRnZXQlMjZhbXAlM0J1dG1fbWVkaXVtJTNEd2ViJTI2YW1wJTNCdXRtX2NhbXBhaWduJTNEYmFzZV9saW5rcyUyNmFtcCUzQnV0bV90ZXJtJTNEcmVzb3VyY2VfbGluayUyMiUyMHRhcmdldCUzRCUyMl9ibGFuayUyMiUyMHJlbCUzRCUyMm5vb3BlbmVyJTIyJTNFMTYlMjBWT0lYJTJDJTIwMTYlMjBFWFBFUklFTkNFUyUyMCUzQSUyMERPTSUyMCUyOEJ1cmtpbmElMjBGYXNvJTI5JTNDJTJGYSUzRSUzQyUyRmgzJTNFJTBBJTNDcCUzRWJ5JTIwJTNDYSUyMGhyZWYlM0QlMjJodHRwJTNBJTJGJTJGd3d3Lm1peGNsb3VkLmNvbSUyRlFBWU4lMkYlM0Z1dG1fc291cmNlJTNEd2lkZ2V0JTI2YW1wJTNCYW1wJTNCdXRtX21lZGl1bSUzRHdlYiUyNmFtcCUzQmFtcCUzQnV0bV9jYW1wYWlnbiUzRGJhc2VfbGlua3MlMjZhbXAlM0JhbXAlM0J1dG1fdGVybSUzRHByb2ZpbGVfbGluayUyMiUyMHRhcmdldCUzRCUyMl9ibGFuayUyMiUyMHJlbCUzRCUyMm5vb3BlbmVyJTIyJTNFUWF5biUzQyUyRmElM0UlMjBvbiUyMCUzQ2ElMjBocmVmJTNEJTIyaHR0cCUzQSUyRiUyRnd3dy5taXhjbG91ZC5jb20lMkYlM0Z1dG1fc291cmNlJTNEd2lkZ2V0JTI2YW1wJTNCdXRtX21lZGl1bSUzRHdlYiUyNmFtcCUzQnV0bV9jYW1wYWlnbiUzRGJhc2VfbGlua3MlMjZhbXAlM0J1dG1fdGVybSUzRGhvbWVwYWdlX2xpbmslMjIlMjB0YXJnZXQlM0QlMjJfYmxhbmslMjIlMjByZWwlM0QlMjJub29wZW5lciUyMiUzRSUyME1peGNsb3VkJTNDJTJGYSUzRSUzQyUyRnAlM0UlM0MlMkZkaXYlM0UlM0MlMkZkaXYlM0U=[\/vc_raw_html][vc_column_text]<\/p>\n<h2>T\u00e9moignage de Dom du Burkina Faso<\/h2>\n<p>[\/vc_column_text][vc_column_text]Je r\u00e9ponds au nom de Domi. J\u2019ai 33 ans, de nationalit\u00e9 burkinab\u00e9, je suis technicienne en b\u00e2timent. Comme orientation sexuelle, je suis lesbienne.<\/p>\n<p>Pour moi la violence bas\u00e9e sur le genre c\u2019est une personnalit\u00e9 qu\u2019on d\u00e9gage qui ne r\u00e9pond pas aux attentes de sa soci\u00e9t\u00e9 ou de sa communaut\u00e9 tout simplement parce que je me dis que quand on parle de genre, il y a le genre typique. On peut \u00eatre un homme et on attend quelque chose de ton genre. Si toute fois tu choisissais un chemin qui n\u2019a rien \u00e0 voir avec ceci, tu es stigmatis\u00e9, tu es mal vu, tu es index\u00e9 d\u2019office. Si tu es une femme qui ne r\u00e9pond pas aux normes ou aux attentes de ton genre dans ta communaut\u00e9 aussi, tu seras tout droit point\u00e9e du doigt et bon voil\u00e0. On sera l\u00e0 \u00e0 te marginaliser, \u00e0 te dire tout ce qu\u2019on veut parce que ce n\u2019est pas tout le monde qui as une compr\u00e9hension avanc\u00e9e des choses. Pour moi d\u00e9j\u00e0 quand il y a un complexe de genre cela veut dire que la personne est d\u00e9j\u00e0 contrainte \u00e0 ce que tout le monde attend de lui.<\/p>\n<p>Tout ceux-ci sont des violences parce que c\u2019est cela \u00a0qui va conduire \u00e0 la violence. C\u2019est parce qu\u2019on a remarqu\u00e9 que tu n\u2019es pas \u00ab\u00a0normale\u00a0\u00bb que peut \u00eatre on a envie de t\u2019agresser parce qu\u2019on aurait aim\u00e9 te voir comme les autres et le fait que tu sois comme tu es aussi, cela ne les donne pas beaucoup trop d\u2019avantages \u00e0 faire de toi ce qu\u2019ils veulent parce qu\u2019il y a une r\u00e9bellion qui se pose automatiquement. Lorsque vous n\u2019\u00eates pas pareilles dans vos fa\u00e7ons d\u2019\u00eatre donc automatiquement cela pose probl\u00e8me. Si tout le monde arrive \u00e0 constater une fille qui est comme un gar\u00e7on, automatiquement le gar\u00e7on qui est l\u00e0 se dit quoi? Celle-l\u00e0 il faut que je l\u2019agresse. Personnellement depuis que j\u2019\u00e9tais petite j\u2018ai eu ces probl\u00e8mes soit \u00e0 l\u2019\u00e9cole, soit dans mes divers milieux que je fr\u00e9quente. Parce qu\u2019on te voit tu es une fille, ils savent que tu es une fille mais tu as l\u2019aspect physique d\u2019un homme et parfois m\u00eame mental. On veut te tester, on t\u2019agresse pour savoir de quoi tu es capable. Est-ce \u00e9tant comme tu es, tu es aussi tenace comme tu es. Et on a envie de savoir ce que tu caches au fond de toi sur tous les plans.[\/vc_column_text][vc_column_text css=&#8221;.vc_custom_1509523099958{margin-top: 25px !important;margin-bottom: 25px !important;}&#8221;]<\/p>\n<blockquote><p>\u2019autres m\u00eame se permettent de faire des paris pour venir te draguer, te faire la cours, coucher avec toi pour savoir ce que tu as, qu\u2019est-ce que tu caches derri\u00e8re ce coquillage-l\u00e0.<\/p><\/blockquote>\n<p>[\/vc_column_text][vc_column_text]pr\u00e8s au passage jusqu\u2019\u00e0 ce que je sois mature j\u2019ai toujours eu ces genres d\u2019agrippement l\u00e0 \u00e0 des endroits, d\u2019agression \u00e0 des endroits o\u00f9 c\u2019est li\u00e9 \u00e0 mon genre. Bon mais en fait moi je n\u2019ai pas toujours trouv\u00e9 \u00e7a comme un probl\u00e8me parce que j\u2018arrive toujours \u00e0 me d\u00e9fendre et c\u2019est le plus important. Et je pense que des gens \u00e0 ma place ne sauront pas se d\u00e9fendre ou ne pourrons pas se d\u00e9fendre donc je pense que c\u2019est une cause qu\u2019il faut vraiment d\u00e9fendre aussi et puis pouvoir pr\u00e9server les autres \u00e0 l\u2019avenir.[\/vc_column_text][vc_single_image image=&#8221;509&#8243; img_size=&#8221;full&#8221; qode_css_animation=&#8221;&#8221; css=&#8221;.vc_custom_1509523105841{margin-top: 25px !important;margin-bottom: 25px !important;}&#8221;][vc_column_text]Apr\u00e8s au passage jusqu\u2019\u00e0 ce que je sois mature j\u2019ai toujours eu ces genres d\u2019agrippement l\u00e0 \u00e0 des endroits, d\u2019agression \u00e0 des endroits o\u00f9 c\u2019est li\u00e9 \u00e0 mon genre. <strong>Bon mais en fait moi je n\u2019ai pas toujours trouv\u00e9 \u00e7a comme un probl\u00e8me parce que j\u2018arrive toujours \u00e0 me d\u00e9fendre et c\u2019est le plus important. <\/strong>Et je pense que des gens \u00e0 ma place ne sauront pas se d\u00e9fendre ou ne pourrons pas se d\u00e9fendre donc je pense que c\u2019est une cause qu\u2019il faut vraiment d\u00e9fendre aussi et puis pouvoir pr\u00e9server les autres \u00e0 l\u2019avenir.<\/p>\n<p>G\u00e9n\u00e9ralement, il arrive que des gens viennent dans le maquis, vous \u00eates l\u00e0, ils sont assis avec quelqu\u2019un qui te connait, ils commencent \u00e0 faire la discussion, l\u2019un dit non c\u2019est une fille, l\u2019autre dis non c\u2019est un homme, l\u2019un dit c\u2019est une fille moi je la connais. L\u2019autre se met \u00e0 dire non si c\u2019est une fille ce n\u2019est pas la peine. Il se l\u00e8ve, d\u00e9j\u00e0 de l\u00e0 o\u00f9 il est, il commence \u00e0 t\u2019agresser. D\u00e9j\u00e0 m\u00eame sa fa\u00e7on de te parler c\u2019est d\u2019abord une injure \u00e7a c\u2019est un; tout simplement parce qu\u2019il s\u2019attend \u00e0 ce que tu revendique le respect.[\/vc_column_text][\/vc_column][vc_column width=&#8221;1\/3&#8243;][vc_column_text]Et quand tu vas revendiquer le respect dans le langage qu\u2019il t\u2019a adress\u00e9, il profite de \u00e7a et il veut te poser la main dessus. Et moi j\u2019en connais qui ont eu ce probl\u00e8me et moi personnellement j\u2019ai d\u00e9fendu ces genres de causes l\u00e0 plusieurs fois dans mon entourage parce que moi j\u2018\u00e9tais tr\u00e8s impulsive et j\u2019avais horreur qu\u2019on me blesse, qu\u2019on me manque de respect parce que je me dis que non toi comme moi on est pareille. La seule diff\u00e9rence est que moi j\u2019ai choisi d\u2019\u00eatre comme je suis et toi tu es comme tu es. Si tu veux ressembler \u00e0 ce que les gens veulent \u00e7a te regarde. Moi je veux ressembler \u00e0 moi-m\u00eame et c\u2019est \u00e7a seul qui fait la diff\u00e9rence. [\/vc_column_text][vc_column_text css=&#8221;.vc_custom_1509523123246{margin-top: 25px !important;margin-bottom: 25px !important;}&#8221;]<\/p>\n<blockquote><p>Ouais on dira tu es l\u00e0 tu laisse les gar\u00e7ons, tu veux jouer avec les filles, des trucs comme \u00e7a, patati patata, tu sauras ceci ou cela. Parce qu\u2019il a n\u00e9goci\u00e9 on ne veut pas accepter, parce que tu es comme \u00e7a, ils veulent forcer.<\/p><\/blockquote>\n<p>[\/vc_column_text][vc_column_text]Il y a des violences verbales, physiques aussi parfois. Il y a des hommes qui parfois par exemple quand tu es une femme, parce que ce n\u2019est pas parce que nous on est comme \u00e7a que des hommes ne nous d\u00e9sirent pas. Il y a parfois des hommes et quand tu tombes sur le voyou par exemple, qui n\u2019a pas une certaine stabilit\u00e9 mentale, quand il se rend compte qu\u2019il t\u2019aime et qu\u2019il te d\u00e9sire voir sexuellement par exemple et que toi tu n\u2019as pas cette tendance, \u00e7a ne t\u2019int\u00e9resse pas, on peut te violer express\u00e9ment. Il y a eu des cas comme \u00e7a. Moi j\u2018ai une amie qui a connu \u00e7a. M\u00eame si elle a pu se d\u00e9fendre et que l\u2019acte n\u2019a pas \u00e9t\u00e9 commis, l\u2019intention c\u2019\u00e9tait \u00e7a en fait. Ouais on dira tu es l\u00e0 tu laisse les gar\u00e7ons, tu veux jouer avec les filles, des trucs comme \u00e7a, patati patata, tu sauras ceci ou cela. Parce qu\u2019il a n\u00e9goci\u00e9 on ne veut pas accepter, parce que tu es comme \u00e7a, ils veulent forcer<strong>.<\/strong> C\u2019est une violence. Donc les cas comme \u00e7a aussi, j\u2019en ai connu comme d\u2019autres filles qui ne sont pas du genre masculin, qui sont f\u00e9minines et qui m\u00eame souvent sont des bisexuelles mais \u00e0 cause de \u00e7a m\u00eame se font souvent agresser, on veut les violer, on veut les prendre.<\/p>\n<p>La violence verbale en tout cas c\u2019est tr\u00e8s courant ici. Physique \u00e7a c\u2019est quelques rares fois. Ils ne veulent pas avoir \u00e0 faire \u00e0 toi, il pr\u00e9f\u00e8re t\u2019agresser verbalement parce que, voil\u00e0 tu es comme une personne contre nature, comme une personne qui ne m\u00e9rite pas d\u2019\u00eatre. Parce qu\u2019on ne peut pas comprendre qu\u2019il y a des hommes qui te courent apr\u00e8s et tu pr\u00e9f\u00e8res aller te masturber aux c\u00f4t\u00e9s d\u2019une femme. Ils ne peuvent pas comprendre \u00e7a.<\/p>\n<p>Ils utilisent souvent ce terme p\u00e9joratif par exemple en langue moor\u00e9 g\u00e9n\u00e9ralement ils emploient le terme POGLIN DAOGO qui veut dire que tu n\u2019es ni une fille, tu n\u2019es ni un gar\u00e7on. Et je peux dire qu\u2019ici on te piste de lesbienne \u00e0 partir de ton genre g\u00e9n\u00e9ralement. Parce qu\u2019ici, quand la fille est correcte, elle s\u2019habille en dame correctement, elle n\u2019est pas mal vue, m\u00eame si on apprenait qu\u2019elle \u00e9tait lesbienne elle a moins de soucis. Mais quand d\u00e9j\u00e0 tu es comme \u00e7a (en se d\u00e9signant elle-m\u00eame, son apparence masculine) m\u00eame si tu n\u2019es pas \u00e7a. L\u2019\u00e9tiquette est d\u00e9j\u00e0 coll\u00e9e et on fait tout pour te frustrer \u00e0 l\u2019occasion.<\/p>\n<p>Lorsqu\u2019on m\u2019agresse, tr\u00e8s souvent je r\u00e9ponds par la violence parce que c\u2019est quand \u00e7a atteint ce stade que moi j\u2018interviens. Je r\u00e9ponds par la fa\u00e7on dont la personne veut venir.<\/p>\n<p>J\u2019ai eu plusieurs fois, \u00e0 me battre, justement pour ces genres de discrimination, de stigmatisation et consort l\u00e0 moi franchement c\u2019est une chose que je n\u2019arrivais pas \u00e0 tol\u00e9rer parce que je pense que chacun \u00e0 une vie. Ce que tu as choisi de faire je peux te dire que je te d\u00e9teste parce que tu couches avec une femme. Pourquoi pas\u00a0? Mais si \u00e7a ne me d\u00e9range pas le fait que moi je couche avec ma camarade \u00e7a ne doit pas te d\u00e9ranger\u00a0! Ce n\u2019est pas ton enfant, ce n\u2019est pas ta maman. Moi c\u2019est g\u00e9n\u00e9ralement les termes je j\u2019emploie. Et quand tu commences il y en a m\u00eame qui disent que si tu t\u2019amuses l\u00e0 on va te baiser l\u00e0, je dis mais vas baiser ta m\u00e8re elle n\u2019est pas \u00e0 la maison\u00a0?Ou d\u2019autres m\u00eame viennent express\u00e9ment ils disent c\u2019est combien combien\u00a0? Moi j\u2019ai fait des bagarres comme \u00e7a. C\u2019est combien combien\u00a0? Je dis beh ta m\u00e8re vend combien\u00a0? Ou bien qu\u2019est-ce que tu ne peux pas faire avec ton argent mais vas baiser ton argent\u00a0! Tr\u00e8s g\u00e9n\u00e9ralement quand tu viens tu veux me tester, je suis la premi\u00e8re \u00e0 te frustrer parce qu\u2019en ce moment je m\u2019attends maintenant \u00e0 ce que tu essais de t\u2019accrocher\u00a0 pour qu\u2019on se r\u00e8gle facilement les comptes quoi parce que je n\u2019aime pas non plus trop parler.<\/p>\n<p>&nbsp;<\/p>\n<p><a href=\"http:\/\/qayn.org\/en\/voixdom\/\">[1]<\/a>\u00a0Langue majoritairement parl\u00e9 dans la r\u00e9gion du Centre du Burkina<\/p>\n<p><a href=\"http:\/\/qayn.org\/en\/voixdom\/\">[2]<\/a>\u00a0Terme signifiant litt\u00e9ralement \u00ab\u00a0Femme-Homme\u00a0\u00bb qui est aussi utilis\u00e9 pour d\u00e9signer les personnes intersexu\u00e9s. A l\u2019origine il n\u2019\u00e9tait pas p\u00e9joratif mais aujourd\u2019hui il l\u2019est.[\/vc_column_text][\/vc_column][vc_column width=&#8221;1\/3&#8243;][vc_single_image image=&#8221;510&#8243; img_size=&#8221;full&#8221; qode_css_animation=&#8221;&#8221;][vc_column_text css=&#8221;.vc_custom_1509523138750{margin-top: 25px !important;margin-bottom: 25px !important;}&#8221;]<\/p>\n<blockquote><p>\u201cla soci\u00e9t\u00e9 \u00e0 un moment donn\u00e9 nous transcrit leur r\u00e8gle et puis voil\u00e0 on essai par tous les moyens de suivre\u201d<\/p><\/blockquote>\n<p>[\/vc_column_text][vc_column_text]Aujourd\u2019hui je dirais que en fait ce qui arrivait avant c\u2019\u00e9tait lier \u00e0 l\u2019\u00e2ge et c\u2019\u00e9tait aussi lier au fait qu\u2019on \u00e9tait les premi\u00e8res \u00e0 avoir adopt\u00e9 ce style l\u00e0 et que les gens n\u2019arrivaient pas du tout \u00e0 admettre, \u00e0 accepter \u00e7a. Mais l\u2019avantage aujourd\u2019hui c\u2019est quoi\u00a0? Quand tu regardes presque dans chaque famille, on peut retrouver une personne soit de genre contraire soit une tendance. Donc on est arriv\u00e9 au fait que tout le monde n\u00e9 comme \u00e7a mais que la soci\u00e9t\u00e9 \u00e0 un moment donn\u00e9 nous transcrit leur r\u00e8gle et puis voil\u00e0 on essai par tous les moyens de suivre. Mais je connais des dames marier, des hommes marier, de vielles personnes qui sont comme \u00e7a. Quand il te voit automatiquement dans le regard, dans ta mani\u00e8re de faire tu sais que\u2026 Et moi pr\u00e9sentement j\u2019ai un coin o\u00f9 je cause et des dames comme \u00e7a viennent. Des dames qui ont de grands enfants 15, 16ans, des enfants qui sont d\u00e9j\u00e0 adultes pratiquement mais qui sont comme \u00e7a.<\/p>\n<p>Aujourd\u2019hui moi personnellement je ne fais plus la guerre. Moi quand tu me vois ce que tu veux savoir c\u2019est ce que je te dis en riant. Ah non je ne te laisse m\u00eame plus l\u2019occasion de tenter d\u2019agresser. Tu vas venir, tu vas tendre un n\u0153ud pour m\u2019\u00e9nerver ou pour \u00e9nerver quelqu\u2019un parce que g\u00e9n\u00e9ralement si je suis \u00e0 c\u00f4t\u00e9 je dis laisser \u00e7a, ne r\u00e9pondez pas parce que vous \u00eates en train de consommer avec votre argent. Est-ce que vous avez un gar\u00e7on sur votre table\u00a0? En fait j\u2019utilise \u00e7a aujourd\u2019hui maintenant pour blesser en retour. Quand tu commences \u00e0 m\u2019adresser des paroles bizarres, je me mets \u00e0 rire et je te demande et alors il y a quel probl\u00e8me\u00a0? \u00c7a te pose probl\u00e8me que je sois comme \u00e7a\u00a0? Je ne suis pas de chez vous hein\u00a0! Tranquille\u00a0! Je ne suis ni ta s\u0153ur, ni ta maman. De fa\u00e7on tranquille, douce quoi. Donc si tu as un probl\u00e8me avec moi mais peut-\u00eatre c\u2019est toi qui vas changer d\u2019endroit parce que moi franchement \u00a0je suis bien o\u00f9 je suis. Je dis ou bien tu veux qu\u2019on rentre pour que tu v\u00e9rifies\u00a0? C\u2019est g\u00e9n\u00e9ralement ce que je dis ou bien tu veux qu\u2019elle rentre et tu vas v\u00e9rifier\u00a0? Les personnes avec qui je suis. C\u2019est g\u00e9n\u00e9ralement comme cela moi je fais mais passer \u00e0 cette violence de corps \u00e0 corps moi je trouve que c\u2019est r\u00e9volu ce temps l\u00e0 parce qu\u2019aujourd\u2019hui quand tu sors \u00e0 chaque 500m tu vas croiser une personne qui ressemble \u00e0 un homme qui est une femme. En fait la promotion est assur\u00e9e hein actuellement la promotion est assur\u00e9e pour les personnes transgenres franchement. Quand \u00e7a commence \u00e0 \u00eatre beaucoup, ils passent \u00e0 autre chose. Imagine quand tu arrives dans un maquis aujourd\u2019hui, tu es seul et on commence \u00e0 parler de toi,\u00a0 quand vous \u00eates devenus nombreuses \u00e0 un moment donn\u00e9 on vous oublie on ne parle m\u00eame plus de vous. Donc c\u2019est dire en fait c\u2019est la matraque d\u2019esprit-l\u00e0 qui peut nous aider aujourd\u2019hui \u00e0 surpasser ces violences-l\u00e0.[\/vc_column_text][vc_single_image image=&#8221;511&#8243; img_size=&#8221;full&#8221; qode_css_animation=&#8221;&#8221; css=&#8221;.vc_custom_1509523144876{margin-top: 25px !important;}&#8221;][\/vc_column][\/vc_row]<\/p>\n<\/div>","protected":false},"excerpt":{"rendered":"<p>[vc_row css_animation=&#8221;&#8221; row_type=&#8221;row&#8221; use_row_as_full_screen_section=&#8221;no&#8221; type=&#8221;grid&#8221; angled_section=&#8221;no&#8221; text_align=&#8221;left&#8221; background_image_as_pattern=&#8221;without_pattern&#8221; padding_top=&#8221;50&#8243; padding_bottom=&#8221;50&#8243; el_class=&#8221;single_audio_wrapper&#8221;][vc_column width=&#8221;1\/3&#8243;][vc_raw_html]JTNDZGl2JTIwY2xhc3MlM0QlMjJhdWRpb19wbGF5X3dyYXBwZXIlMjIlM0UlMEElM0NkaXYlMjBjbGFzcyUzRCUyMnBsYXklMjIlMjBpZCUzRCUyMjElMjIlM0UlM0NpJTIwY2xhc3MlM0QlMjJmYSUyMGZhLXBsYXklMjIlM0UlM0MlMkZpJTNFJTNDJTJGZGl2JTNFJTBBJTNDYXVkaW8lMjBpZCUzRCUyMnNvdW5kMSUyMiUzRSUzQ3NvdXJjZSUyMHNyYyUzRCUyMmh0dHAlM0ElMkYlMkZxYS5ndGVjaGRlbW8uY29tJTJGd3AtY29udGVudCUyRnVwbG9hZHMlMkYyMDE3JTJGMTIlMkYxNi1WT0lYLTE2LUVYUEVSSUVOQ0VTLV8tRE9NLUJ1cmtpbmEtRmFzby5tcDMlMjIlMjB0eXBlJTNEJTIyYXVkaW8lMkZvZ2clMjIlMjAlMkYlM0UlM0MlMkZhdWRpbyUzRSUwQSUzQ2RpdiUyMGNsYXNzJTNEJTIyYXVkaW9fcmlnaHQlMjIlM0UlM0NoMyUzRSUzQ2ElMjBocmVmJTNEJTIyaHR0cHMlM0ElMkYlMkZ3d3cubWl4Y2xvdWQuY29tJTJGUUFZTiUyRjE2LXZvaXgtMTYtZXhwZXJpZW5jZXMtZG9tLWJ1cmtpbmEtZmFzbyUyRiUzRnV0bV9zb3VyY2UlM0R3aWRnZXQlMjZhbXAlM0J1dG1fbWVkaXVtJTNEd2ViJTI2YW1wJTNCdXRtX2NhbXBhaWduJTNEYmFzZV9saW5rcyUyNmFtcCUzQnV0bV90ZXJtJTNEcmVzb3VyY2VfbGluayUyMiUyMHRhcmdldCUzRCUyMl9ibGFuayUyMiUyMHJlbCUzRCUyMm5vb3BlbmVyJTIyJTNFMTYlMjBWT0lYJTJDJTIwMTYlMjBFWFBFUklFTkNFUyUyMCUzQSUyMERPTSUyMCUyOEJ1cmtpbmElMjBGYXNvJTI5JTNDJTJGYSUzRSUzQyUyRmgzJTNFJTBBJTNDcCUzRWJ5JTIwJTNDYSUyMGhyZWYlM0QlMjJodHRwJTNBJTJGJTJGd3d3Lm1peGNsb3VkLmNvbSUyRlFBWU4lMkYlM0Z1dG1fc291cmNlJTNEd2lkZ2V0JTI2YW1wJTNCYW1wJTNCdXRtX21lZGl1bSUzRHdlYiUyNmFtcCUzQmFtcCUzQnV0bV9jYW1wYWlnbiUzRGJhc2VfbGlua3MlMjZhbXAlM0JhbXAlM0J1dG1fdGVybSUzRHByb2ZpbGVfbGluayUyMiUyMHRhcmdldCUzRCUyMl9ibGFuayUyMiUyMHJlbCUzRCUyMm5vb3BlbmVyJTIyJTNFUWF5biUzQyUyRmElM0UlMjBvbiUyMCUzQ2ElMjBocmVmJTNEJTIyaHR0cCUzQSUyRiUyRnd3dy5taXhjbG91ZC5jb20lMkYlM0Z1dG1fc291cmNlJTNEd2lkZ2V0JTI2YW1wJTNCdXRtX21lZGl1bSUzRHdlYiUyNmFtcCUzQnV0bV9jYW1wYWlnbiUzRGJhc2VfbGlua3MlMjZhbXAlM0J1dG1fdGVybSUzRGhvbWVwYWdlX2xpbmslMjIlMjB0YXJnZXQlM0QlMjJfYmxhbmslMjIlMjByZWwlM0QlMjJub29wZW5lciUyMiUzRSUyME1peGNsb3VkJTNDJTJGYSUzRSUzQyUyRnAlM0UlM0MlMkZkaXYlM0UlM0MlMkZkaXYlM0U=[\/vc_raw_html][vc_column_text] T\u00e9moignage de Dom du Burkina Faso [\/vc_column_text][vc_column_text]Je r\u00e9ponds au nom de Domi. J\u2019ai 33 ans, de nationalit\u00e9 burkinab\u00e9,&#8230;<\/p>\n","protected":false},"author":1,"featured_media":0,"parent":0,"menu_order":0,"comment_status":"closed","ping_status":"closed","template":"full_width.php","meta":{"rs_blank_template":"","rs_page_bg_color":"","slide_template_v7":"","footnotes":""},"class_list":["post-502","page","type-page","status-publish","hentry"],"_links":{"self":[{"href":"https:\/\/qayn.org\/en\/wp-json\/wp\/v2\/pages\/502","targetHints":{"allow":["GET"]}}],"collection":[{"href":"https:\/\/qayn.org\/en\/wp-json\/wp\/v2\/pages"}],"about":[{"href":"https:\/\/qayn.org\/en\/wp-json\/wp\/v2\/types\/page"}],"author":[{"embeddable":true,"href":"https:\/\/qayn.org\/en\/wp-json\/wp\/v2\/users\/1"}],"replies":[{"embeddable":true,"href":"https:\/\/qayn.org\/en\/wp-json\/wp\/v2\/comments?post=502"}],"version-history":[{"count":7,"href":"https:\/\/qayn.org\/en\/wp-json\/wp\/v2\/pages\/502\/revisions"}],"predecessor-version":[{"id":2373,"href":"https:\/\/qayn.org\/en\/wp-json\/wp\/v2\/pages\/502\/revisions\/2373"}],"wp:attachment":[{"href":"https:\/\/qayn.org\/en\/wp-json\/wp\/v2\/media?parent=502"}],"curies":[{"name":"wp","href":"https:\/\/api.w.org\/{rel}","templated":true}]}}