{"id":501,"date":"2017-11-01T06:54:56","date_gmt":"2017-11-01T06:54:56","guid":{"rendered":"http:\/\/websource.co\/qayn\/en\/voixanonyme2-2\/"},"modified":"2017-12-18T19:52:29","modified_gmt":"2017-12-18T19:52:29","slug":"voixanonyme2","status":"publish","type":"page","link":"https:\/\/qayn.org\/en\/voixanonyme2\/","title":{"rendered":"Voixanonyme2"},"content":{"rendered":"<div class=\"wpb-content-wrapper\"><p>[vc_row css_animation=&#8221;&#8221; row_type=&#8221;row&#8221; use_row_as_full_screen_section=&#8221;no&#8221; type=&#8221;grid&#8221; angled_section=&#8221;no&#8221; text_align=&#8221;left&#8221; background_image_as_pattern=&#8221;without_pattern&#8221; padding_top=&#8221;50&#8243; padding_bottom=&#8221;50&#8243; el_class=&#8221;single_audio_wrapper&#8221;][vc_column width=&#8221;1\/3&#8243;][vc_raw_html]JTNDZGl2JTIwY2xhc3MlM0QlMjJhdWRpb19wbGF5X3dyYXBwZXIlMjIlM0UlMEElM0NkaXYlMjBjbGFzcyUzRCUyMnBsYXklMjIlMjBpZCUzRCUyMjElMjIlM0UlM0NpJTIwY2xhc3MlM0QlMjJmYSUyMGZhLXBsYXklMjIlM0UlM0MlMkZpJTNFJTNDJTJGZGl2JTNFJTBBJTNDYXVkaW8lMjBpZCUzRCUyMnNvdW5kMSUyMiUzRSUzQ3NvdXJjZSUyMHNyYyUzRCUyMiUyMiUyMHR5cGUlM0QlMjJhdWRpbyUyRm9nZyUyMiUyMCUyRiUzRSUzQyUyRmF1ZGlvJTNFJTBBJTNDZGl2JTIwY2xhc3MlM0QlMjJhdWRpb19yaWdodCUyMiUzRSUzQ2gzJTNFJTNDYSUyMGhyZWYlM0QlMjJodHRwcyUzQSUyRiUyRnd3dy5taXhjbG91ZC5jb20lMkZRQVlOJTJGMTYtdm9peC0xNi1leHBlcmllbmNlcy10JTI1QzMlMjVBOW1vaWduYWdlLWFub255bWUtYiUyNUMzJTI1QTluaW4lMjIlMjB0YXJnZXQlM0QlMjJfYmxhbmslMjIlMjByZWwlM0QlMjJub29wZW5lciUyMiUzRTE2JTIwVk9JWCUyQyUyMDE2JTIwRVhQRVJJRU5DRVMlMjAlM0ElMjBUJUMzJUE5bW9pZ25hZ2UlMjBBbm9ueW1lJTIwJTI4QiVDMyVBOW5pbiUyOSUzQyUyRmElM0UlM0MlMkZoMyUzRSUwQSUzQ3AlM0VieSUyMCUzQ2ElMjBocmVmJTNEJTIyaHR0cCUzQSUyRiUyRnd3dy5taXhjbG91ZC5jb20lMkZRQVlOJTJGJTNGdXRtX3NvdXJjZSUzRHdpZGdldCUyNmFtcCUzQmFtcCUzQnV0bV9tZWRpdW0lM0R3ZWIlMjZhbXAlM0JhbXAlM0J1dG1fY2FtcGFpZ24lM0RiYXNlX2xpbmtzJTI2YW1wJTNCYW1wJTNCdXRtX3Rlcm0lM0Rwcm9maWxlX2xpbmslMjIlMjB0YXJnZXQlM0QlMjJfYmxhbmslMjIlMjByZWwlM0QlMjJub29wZW5lciUyMiUzRVFheW4lM0MlMkZhJTNFJTIwb24lMjAlM0NhJTIwaHJlZiUzRCUyMmh0dHAlM0ElMkYlMkZ3d3cubWl4Y2xvdWQuY29tJTJGJTNGdXRtX3NvdXJjZSUzRHdpZGdldCUyNmFtcCUzQnV0bV9tZWRpdW0lM0R3ZWIlMjZhbXAlM0J1dG1fY2FtcGFpZ24lM0RiYXNlX2xpbmtzJTI2YW1wJTNCdXRtX3Rlcm0lM0Rob21lcGFnZV9saW5rJTIyJTIwdGFyZ2V0JTNEJTIyX2JsYW5rJTIyJTIwcmVsJTNEJTIybm9vcGVuZXIlMjIlM0UlMjBNaXhjbG91ZCUzQyUyRmElM0UlM0MlMkZwJTNFJTNDJTJGZGl2JTNFJTNDJTJGZGl2JTNFJTBB[\/vc_raw_html][vc_column_text]<\/p>\n<h2>T\u00e9moignage Anonyme 2 du B\u00e9nin<\/h2>\n<p>[\/vc_column_text][vc_column_text]Je suis B\u00e9ninoise, j\u2019ai 24 ans, je suis secr\u00e9taire caissi\u00e8re, Je suis Bisexuelle.<\/p>\n<p>Chaque jour que Dieu fait, je subis la violence verbale dans mon quartier et entourage, il y a des amiEs qui m\u2019injurient, qui me traitent de tous les noms, de diablesse, de je ne sais quoi d\u2019autres. Donc j\u2019essaye de leurs expliquer que je n\u2019ai pas voulu faire \u00e7a ! Mais on ne me laisse pas le choix. D\u2019autres vont jusqu\u2019\u00e0 me menacer d\u2019aller tout raconter \u00e0 mes parents.<\/p>\n<p>Je ne r\u00e9plique pas dans tous les cas, j\u2019essaie d\u2019expliquer que je n\u2019ai pas voulu faire \u00e7a.<\/p>\n<p>Ces violences sont faites par mes amiEs, les gens du quartier \u00e0 qui, je ne dis m\u00eame pas bonjour mais je ne sais pas comment ils ont su ce que je fais. Peut-\u00eatre dans mes comportements.[\/vc_column_text][\/vc_column][vc_column width=&#8221;1\/3&#8243;][vc_column_text]J\u2019ai une amie qui a d\u00e9j\u00e0 subi une violence pareille comme moi. Je lui ai dit de faire la m\u00eame chose que moi, de ne pas toujours les r\u00e9pliquer, mais tout le monde ne peut euh, tout le monde n\u2019a pas la patience, c\u2019en est assez, \u00e0 chaque fois d\u2019\u00eatre injuri\u00e9e et tout. Mais, je ne suis pas, je ne suis pas d\u00e9courag\u00e9e.<\/p>\n<p>J\u2019apprends d\u2019\u00eatre descente, je contr\u00f4le un peu mes comportements et mani\u00e8re de faire, surtout ma fa\u00e7on de m\u2019habiller, je compte bien l\u2019am\u00e9liorer. Parce que c\u2019est le style de v\u00eatement qui fait qu\u2019on est souvent violent\u00e9es.<\/p>\n<p>J\u2019exhorte les autorit\u00e9s pour une sensibilisation, aux populations, aux amiEs et autres. Parce qu\u2019on arrive plus \u00e0 vaquer librement \u00e0 nos occupations. Les injures et autres on veut que \u00e7a cesse. On veut \u00eatre libre de nos mouvements.[\/vc_column_text][\/vc_column][vc_column width=&#8221;1\/3&#8243;][vc_single_image image=&#8221;495&#8243; img_size=&#8221;full&#8221; qode_css_animation=&#8221;&#8221;][vc_column_text css=&#8221;.vc_custom_1513483767589{margin-top: 25px !important;}&#8221;]<\/p>\n<p style=\"font-size: 13px;\">Xonanji<\/p>\n<p>[\/vc_column_text][vc_column_text css=&#8221;.vc_custom_1513398159944{margin-top: 25px !important;}&#8221; el_class=&#8221;q_audio_content_quotes&#8221;]<\/p>\n<blockquote><p>\u201cOn veut \u00eatre libre de nos mouvements.\u201d<\/p><\/blockquote>\n<p>[\/vc_column_text][\/vc_column][\/vc_row]<\/p>\n<\/div>","protected":false},"excerpt":{"rendered":"<p>[vc_row css_animation=&#8221;&#8221; row_type=&#8221;row&#8221; use_row_as_full_screen_section=&#8221;no&#8221; type=&#8221;grid&#8221; angled_section=&#8221;no&#8221; text_align=&#8221;left&#8221; background_image_as_pattern=&#8221;without_pattern&#8221; padding_top=&#8221;50&#8243; padding_bottom=&#8221;50&#8243; el_class=&#8221;single_audio_wrapper&#8221;][vc_column width=&#8221;1\/3&#8243;][vc_raw_html]JTNDZGl2JTIwY2xhc3MlM0QlMjJhdWRpb19wbGF5X3dyYXBwZXIlMjIlM0UlMEElM0NkaXYlMjBjbGFzcyUzRCUyMnBsYXklMjIlMjBpZCUzRCUyMjElMjIlM0UlM0NpJTIwY2xhc3MlM0QlMjJmYSUyMGZhLXBsYXklMjIlM0UlM0MlMkZpJTNFJTNDJTJGZGl2JTNFJTBBJTNDYXVkaW8lMjBpZCUzRCUyMnNvdW5kMSUyMiUzRSUzQ3NvdXJjZSUyMHNyYyUzRCUyMiUyMiUyMHR5cGUlM0QlMjJhdWRpbyUyRm9nZyUyMiUyMCUyRiUzRSUzQyUyRmF1ZGlvJTNFJTBBJTNDZGl2JTIwY2xhc3MlM0QlMjJhdWRpb19yaWdodCUyMiUzRSUzQ2gzJTNFJTNDYSUyMGhyZWYlM0QlMjJodHRwcyUzQSUyRiUyRnd3dy5taXhjbG91ZC5jb20lMkZRQVlOJTJGMTYtdm9peC0xNi1leHBlcmllbmNlcy10JTI1QzMlMjVBOW1vaWduYWdlLWFub255bWUtYiUyNUMzJTI1QTluaW4lMjIlMjB0YXJnZXQlM0QlMjJfYmxhbmslMjIlMjByZWwlM0QlMjJub29wZW5lciUyMiUzRTE2JTIwVk9JWCUyQyUyMDE2JTIwRVhQRVJJRU5DRVMlMjAlM0ElMjBUJUMzJUE5bW9pZ25hZ2UlMjBBbm9ueW1lJTIwJTI4QiVDMyVBOW5pbiUyOSUzQyUyRmElM0UlM0MlMkZoMyUzRSUwQSUzQ3AlM0VieSUyMCUzQ2ElMjBocmVmJTNEJTIyaHR0cCUzQSUyRiUyRnd3dy5taXhjbG91ZC5jb20lMkZRQVlOJTJGJTNGdXRtX3NvdXJjZSUzRHdpZGdldCUyNmFtcCUzQmFtcCUzQnV0bV9tZWRpdW0lM0R3ZWIlMjZhbXAlM0JhbXAlM0J1dG1fY2FtcGFpZ24lM0RiYXNlX2xpbmtzJTI2YW1wJTNCYW1wJTNCdXRtX3Rlcm0lM0Rwcm9maWxlX2xpbmslMjIlMjB0YXJnZXQlM0QlMjJfYmxhbmslMjIlMjByZWwlM0QlMjJub29wZW5lciUyMiUzRVFheW4lM0MlMkZhJTNFJTIwb24lMjAlM0NhJTIwaHJlZiUzRCUyMmh0dHAlM0ElMkYlMkZ3d3cubWl4Y2xvdWQuY29tJTJGJTNGdXRtX3NvdXJjZSUzRHdpZGdldCUyNmFtcCUzQnV0bV9tZWRpdW0lM0R3ZWIlMjZhbXAlM0J1dG1fY2FtcGFpZ24lM0RiYXNlX2xpbmtzJTI2YW1wJTNCdXRtX3Rlcm0lM0Rob21lcGFnZV9saW5rJTIyJTIwdGFyZ2V0JTNEJTIyX2JsYW5rJTIyJTIwcmVsJTNEJTIybm9vcGVuZXIlMjIlM0UlMjBNaXhjbG91ZCUzQyUyRmElM0UlM0MlMkZwJTNFJTNDJTJGZGl2JTNFJTNDJTJGZGl2JTNFJTBB[\/vc_raw_html][vc_column_text] T\u00e9moignage Anonyme 2 du B\u00e9nin [\/vc_column_text][vc_column_text]Je suis B\u00e9ninoise, j\u2019ai 24 ans, je suis secr\u00e9taire caissi\u00e8re, Je suis Bisexuelle&#8230;.<\/p>\n","protected":false},"author":1,"featured_media":0,"parent":0,"menu_order":0,"comment_status":"closed","ping_status":"closed","template":"full_width.php","meta":{"rs_blank_template":"","rs_page_bg_color":"","slide_template_v7":"","footnotes":""},"class_list":["post-501","page","type-page","status-publish","hentry"],"_links":{"self":[{"href":"https:\/\/qayn.org\/en\/wp-json\/wp\/v2\/pages\/501","targetHints":{"allow":["GET"]}}],"collection":[{"href":"https:\/\/qayn.org\/en\/wp-json\/wp\/v2\/pages"}],"about":[{"href":"https:\/\/qayn.org\/en\/wp-json\/wp\/v2\/types\/page"}],"author":[{"embeddable":true,"href":"https:\/\/qayn.org\/en\/wp-json\/wp\/v2\/users\/1"}],"replies":[{"embeddable":true,"href":"https:\/\/qayn.org\/en\/wp-json\/wp\/v2\/comments?post=501"}],"version-history":[{"count":3,"href":"https:\/\/qayn.org\/en\/wp-json\/wp\/v2\/pages\/501\/revisions"}],"predecessor-version":[{"id":2368,"href":"https:\/\/qayn.org\/en\/wp-json\/wp\/v2\/pages\/501\/revisions\/2368"}],"wp:attachment":[{"href":"https:\/\/qayn.org\/en\/wp-json\/wp\/v2\/media?parent=501"}],"curies":[{"name":"wp","href":"https:\/\/api.w.org\/{rel}","templated":true}]}}