{"id":477,"date":"2017-11-01T06:21:24","date_gmt":"2017-11-01T06:21:24","guid":{"rendered":"http:\/\/websource.co\/qayn\/en\/?page_id=477"},"modified":"2017-12-18T19:23:17","modified_gmt":"2017-12-18T19:23:17","slug":"voixjoelle","status":"publish","type":"page","link":"https:\/\/qayn.org\/en\/voixjoelle\/","title":{"rendered":"Voixjoelle"},"content":{"rendered":"<div class=\"wpb-content-wrapper\"><p>[vc_row css_animation=&#8221;&#8221; row_type=&#8221;row&#8221; use_row_as_full_screen_section=&#8221;no&#8221; type=&#8221;grid&#8221; angled_section=&#8221;no&#8221; text_align=&#8221;left&#8221; background_image_as_pattern=&#8221;without_pattern&#8221; padding_top=&#8221;50&#8243; padding_bottom=&#8221;50&#8243; el_class=&#8221;single_audio_wrapper&#8221;][vc_column width=&#8221;1\/3&#8243;][vc_raw_html]JTNDZGl2JTIwY2xhc3MlM0QlMjJhdWRpb19wbGF5X3dyYXBwZXIlMjIlM0UlMEElM0NkaXYlMjBjbGFzcyUzRCUyMnBsYXklMjIlMjBpZCUzRCUyMjElMjIlM0UlM0NpJTIwY2xhc3MlM0QlMjJmYSUyMGZhLXBsYXklMjIlM0UlM0MlMkZpJTNFJTNDJTJGZGl2JTNFJTBBJTNDYXVkaW8lMjBpZCUzRCUyMnNvdW5kMSUyMiUzRSUzQ3NvdXJjZSUyMHNyYyUzRCUyMmh0dHAlM0ElMkYlMkZxYS5ndGVjaGRlbW8uY29tJTJGd3AtY29udGVudCUyRnVwbG9hZHMlMkYyMDE3JTJGMTIlMkYxNi1WT0lYLTE2LUVYUEVSSUVOQ0VTLV8tSk9FTExFLUNhbWVyb3VuLm1wMyUyMiUyMHR5cGUlM0QlMjJhdWRpbyUyRm9nZyUyMiUyMCUyRiUzRSUzQyUyRmF1ZGlvJTNFJTBBJTNDZGl2JTIwY2xhc3MlM0QlMjJhdWRpb19yaWdodCUyMiUzRSUzQ2gzJTNFJTNDYSUyMGhyZWYlM0QlMjJodHRwJTNBJTJGJTJGd3d3Lm1peGNsb3VkLmNvbSUyRlFBWU4lMkYxNi12b2l4LTE2LWV4cGVyaWVuY2VzLWRqaWJyaWwtY2FtZXJvdW4lMkYlM0Z1dG1fc291cmNlJTNEd2lkZ2V0JTI2YW1wJTNCYW1wJTNCdXRtX21lZGl1bSUzRHdlYiUyNmFtcCUzQmFtcCUzQnV0bV9jYW1wYWlnbiUzRGJhc2VfbGlua3MlMjZhbXAlM0JhbXAlM0J1dG1fdGVybSUzRHJlc291cmNlX2xpbmslMjIlMjB0YXJnZXQlM0QlMjJfYmxhbmslMjIlMjByZWwlM0QlMjJub29wZW5lciUyMiUzRTE2JTIwVk9JWCUyQyUyMDE2JTIwRVhQRVJJRU5DRVMlMjAlM0ElMjBKT0VMTEUlMjAlMjhDYW1lcm91biUyOSUzQyUyRmElM0UlM0MlMkZoMyUzRSUwQSUzQ3AlM0VieSUyMCUzQ2ElMjBocmVmJTNEJTIyaHR0cCUzQSUyRiUyRnd3dy5taXhjbG91ZC5jb20lMkZRQVlOJTJGJTNGdXRtX3NvdXJjZSUzRHdpZGdldCUyNmFtcCUzQmFtcCUzQnV0bV9tZWRpdW0lM0R3ZWIlMjZhbXAlM0JhbXAlM0J1dG1fY2FtcGFpZ24lM0RiYXNlX2xpbmtzJTI2YW1wJTNCYW1wJTNCdXRtX3Rlcm0lM0Rwcm9maWxlX2xpbmslMjIlMjB0YXJnZXQlM0QlMjJfYmxhbmslMjIlMjByZWwlM0QlMjJub29wZW5lciUyMiUzRVFheW4lM0MlMkZhJTNFJTIwb24lMjAlM0NhJTIwaHJlZiUzRCUyMmh0dHAlM0ElMkYlMkZ3d3cubWl4Y2xvdWQuY29tJTJGJTNGdXRtX3NvdXJjZSUzRHdpZGdldCUyNmFtcCUzQnV0bV9tZWRpdW0lM0R3ZWIlMjZhbXAlM0J1dG1fY2FtcGFpZ24lM0RiYXNlX2xpbmtzJTI2YW1wJTNCdXRtX3Rlcm0lM0Rob21lcGFnZV9saW5rJTIyJTIwdGFyZ2V0JTNEJTIyX2JsYW5rJTIyJTIwcmVsJTNEJTIybm9vcGVuZXIlMjIlM0UlMjBNaXhjbG91ZCUzQyUyRmElM0UlM0MlMkZwJTNFJTNDJTJGZGl2JTNFJTNDJTJGZGl2JTNF[\/vc_raw_html][vc_column_text]<\/p>\n<h2>T\u00e9moignage de Joelle du Cameroun<\/h2>\n<p>[\/vc_column_text][vc_column_text]Moi c\u2019est Joelle. J\u2019ai 21 ans et je r\u00e9side \u00e0 Douala.<\/p>\n<p>Pour moi la d\u00e9finition de la violence bas\u00e9e sur le genre est le refus, le rejet et la discrimination d\u2019autrui vis-\u00e0-vis de son orientation sexuelle.<\/p>\n<p>Ma premi\u00e8re exp\u00e9rience avec ce type de violence a \u00e9t\u00e9 directe, c\u2019\u00e9tait vraiment tr\u00e8s d\u00e9sagr\u00e9able. Et venant de mon papa. Quelqu\u2019un de tr\u00e8s proche.<\/p>\n<p>C\u2019\u00e9tait un dimanche tandis que je faisais la lessive dehors, j\u2019ai re\u00e7u un SMS. Le t\u00e9l\u00e9phone qui sonnait, mon papa est all\u00e9 prendre. Il a constat\u00e9 que c\u2019\u00e9tait un SMS. Il s\u2019est mis \u00e0 lire. Il est ressorti, bon ce jour je me suis quand m\u00eame inqui\u00e9t\u00e9e. Je vois il sort rapidement, il montait. Je ne savais pas qu\u2019il allait appeler ce num\u00e9ro qui avait envoy\u00e9 le message. Il est all\u00e9 appeler, apr\u00e8s avoir appel\u00e9, il rentre. Moi maintenant j\u2019\u00e9tais dans la chambre, j\u2019ai pris le t\u00e9l\u00e9phone, bon je ne m\u2019inqui\u00e9tais pas. J\u2019ai lu le message, je ne m\u2019inqui\u00e9tais pas. C\u2019\u00e9tait une amie, euh avec qui j\u2019ai fr\u00e9quent\u00e9, qui n\u2019\u00e9tait pas du genre. Bon d\u2019o\u00f9, moi o\u00f9 je voulais d\u00e9poser le t\u00e9l\u00e9phone, je me tourne, les coups de poings, je commence \u00e0 recevoir des coups de poings \u00ab\u00a0Ooooh\u00a0!!! Tu es lesbienne\u00a0!!! C\u2019est ceci\u00a0\u00bb j\u2019ai dit ok, je ne suis pas. Qu\u2019est ce qui te fait dire que je suis comme \u00e7a. Il dit \u00ab\u00a0J\u2019ai vu ton message, je suis all\u00e9 appeler, c\u2019est une fille qui d\u00e9croche, en plus je parle elle m\u2019insulte, elle me manque de respect\u00a0\u00bb il me dit tout cela. J\u2019ai dit mais comment tu peux me dire cela? Quelle fille? De quelle fille tu parles? Il dit celle qui t\u2019a envoy\u00e9 le message. J\u2019ai dit comment celle qui m\u2019a envoy\u00e9 de message. Il s\u2019est mis \u00e0 me battre. Sa femme a suivi, elle s\u2019est mise \u00e0 crier. Les voisins sont sortis. On a \u00e9t\u00e9 s\u00e9par\u00e9.[\/vc_column_text][vc_column_text css=&#8221;.vc_custom_1509517974918{margin-top: 25px !important;margin-bottom: 25px !important;}&#8221;]<\/p>\n<blockquote><p>Partout o\u00f9 je passais, j\u2019entendais des nouvelles de mon papa. Partout o\u00f9 je vais voir ma fille, je vais la cogner avec la voiture, moi-m\u00eame je lui ai donn\u00e9 la vie, je vais la reprendre.<\/p><\/blockquote>\n<p>[\/vc_column_text][vc_column_text]Donc c\u2019est depuis ce jour qu\u2019il a commenc\u00e9 \u00e0 enqu\u00eater sur moi\u2026 Et en ce moment j\u2019\u00e9tais en instance de s\u00e9paration avec une amie et qui n\u2019acceptait pas cette s\u00e9paration. Je trouve que \u00e7a n\u2019allait pas, je voulais qu\u2019on prenne une pause, qu\u2019on essaye un peu de prendre le temps et r\u00e9fl\u00e9chir. Mais elle n\u2019acceptait pas. Je ne sais pas comment elle est rentr\u00e9e en possession du num\u00e9ro de mon papa. Un jour elle appelle mon papa, ils ont pris un rendez-vous, ils se rencontrent. Etant avec, elle appelle, elle m\u2019appelle et met le t\u00e9l\u00e9phone sur haut-parleur. Elle se met \u00e0 parler \u00abJe t\u2019ai dit que je n\u2019accepte pas notre s\u00e9paration, toi c\u2019est seulement aller voir les bordelles\u00bb elle raconte du n\u2019importe quoi. Et mon papa alors lui, il a \u00e9cout\u00e9 tout \u00e7a.<\/p>\n<p>Elle fait allusion \u00e0 l\u2019appartenance \u00e0 la communaut\u00e9 LGBT[\/vc_column_text][vc_single_image image=&#8221;483&#8243; img_size=&#8221;full&#8221; qode_css_animation=&#8221;&#8221; css=&#8221;.vc_custom_1509517765626{margin-bottom: 25px !important;}&#8221;][vc_column_text]J\u2019\u00e9tais couch\u00e9e, je manipulais mon t\u00e9l\u00e9phone, il a pris le t\u00e9l\u00e9phone, frapper \u00e0 terre, se mettre \u00e0 me battre. Prendre la bouteille et casser sur ma t\u00eate (sanglot) avec ses ongles il m\u2019a d\u00e9figur\u00e9, m\u2019a bless\u00e9, je saignais franchement de partout. Et en ce moment je tressais les locks. Il m\u2019a tir\u00e9 par les cheveux, toutes les bordures du c\u00f4t\u00e9 droit \u00e9taient arrach\u00e9es. Je saignais.\u00a0Quand j\u2019ai pu \u00e9chapper entre ses mains, j\u2019ai fui, je suis all\u00e9e dehors; mais il \u00e9tait derri\u00e8re, il me poursuivait. Quand je prenais un peu de la distance, il s\u2019est mis a cri\u00e9\u00a0: \u00abBandite!!! Bandite!!!\u00bb c\u2019est en ce moment que les gens sont tomb\u00e9s derri\u00e8re moi. M\u2019arr\u00eat\u00e9e, me mettre des coups de poings par ci des coups de poings par l\u00e0. Et j\u2019allais vraiment mal (pleurs) je me sentais vraiment mal. Ce jour j\u2019avais franchement mal. Je n\u2019arrivais pas \u00e0 croire que bon c\u2019est mon papa qui puisse me faire un truc comme \u00e7a. Il \u00e9tait pr\u00eat \u00e0 me tuer, \u00e0 me mettre \u00e0 mort, \u00e0 me battre \u00e0 mort, juste pour ce que je suis.<strong>\u00a0<\/strong>Ce que je suis c\u2019est ce que moi je suis. Je n\u2019ai pas forc\u00e9, je n\u2019ai pas demand\u00e9 \u00e0 l\u2019\u00eatre. C\u2019est ainsi que, il y avait un monsieur, qui passait aussi, bon peut \u00eatre par piti\u00e9. Il est entr\u00e9, il a essay\u00e9, il m\u2019a retir\u00e9 ente les mains de ces gens. Il s\u2019est \u00e9loign\u00e9 avec moi. Il m\u2019a demand\u00e9 ce qui se passe. Au fait moi je lui ai expliqu\u00e9. Il m\u2019a dit que non, il faut essayer de te calmer. Vas, ou si tu as un endroit o\u00f9 tu peux aller, vas-y d\u2019abord\u00a0; moi j\u2019\u00e9tais vraiment mal, je ne parvenais pas \u00e0 marcher.\u00a0Quand j\u2019ai pu \u00e9chapper entre ses mains, j\u2019ai fui, je suis all\u00e9e dehors; mais il \u00e9tait derri\u00e8re, il me poursuivait. Quand je prenais un peu de la distance, il s\u2019est mis a cri\u00e9\u00a0: \u00abBandite!!! Bandite!!!\u00bb c\u2019est en ce moment que les gens sont tomb\u00e9s derri\u00e8re moi. M\u2019arr\u00eat\u00e9e, me mettre des coups de poings par ci des coups de poings par l\u00e0. Et j\u2019allais vraiment mal (pleurs) je me sentais vraiment mal.[\/vc_column_text][\/vc_column][vc_column width=&#8221;1\/3&#8243;][vc_column_text]Ce jour j\u2019avais franchement mal. Je n\u2019arrivais pas \u00e0 croire que bon c\u2019est mon papa qui puisse me faire un truc comme \u00e7a. Il \u00e9tait pr\u00eat \u00e0 me tuer, \u00e0 me mettre \u00e0 mort, \u00e0 me battre \u00e0 mort, juste pour ce que je suis. Ce que je suis c\u2019est ce que moi je suis. Je n\u2019ai pas forc\u00e9, je n\u2019ai pas demand\u00e9 \u00e0 l\u2019\u00eatre. C\u2019est ainsi que, il y avait un monsieur, qui passait aussi, bon peut \u00eatre par piti\u00e9. Il est entr\u00e9, il a essay\u00e9, il m\u2019a retir\u00e9 ente les mains de ces gens. Il s\u2019est \u00e9loign\u00e9 avec moi. Il m\u2019a demand\u00e9 ce qui se passe. Au fait moi je lui ai expliqu\u00e9. Il m\u2019a dit que non, il faut essayer de te calmer. Vas, ou si tu as un endroit o\u00f9 tu peux aller, vas-y d\u2019abord\u00a0; moi j\u2019\u00e9tais vraiment mal, je ne parvenais pas \u00e0 marcher. Et j\u2019ai fait l\u2019effort ce jour, comme la maison de mon papa est \u00e0 Togu\u00e9b\u00e9 \u00e0 Yaound\u00e9, j\u2019ai quitt\u00e9 l\u00e0-bas, vers les 20h pour l\u2019immeuble Jaco \u00e0 pied. Je suis arriv\u00e9e, l\u2019argent que le monsieur m\u2019a donn\u00e9 pour prendre le taxi (200 francs) j\u2019ai pr\u00e9f\u00e9r\u00e9 appeler mon amie. Je lui ai dit je suis devant ta porte, et mon papa a d\u00e9couvert que je suis lesbienne. Donc il s\u2019est mis \u00e0 me battre. Je ne sais o\u00f9 aller. Je saigne franchement de partout. Je me sens mal. Elle est sortie. Et comme sa maman, c\u2019est du genre \u00ab\u00a0les amiEs ne viennent pas \u00e0 la maison\u00bb. Elle a tout fait et puis moi je suis rentr\u00e9e.\u00a0 Et elle a dit \u00e0 sa maman, qu\u2019elle ne se sentait pas bien, elle allait s\u2019acheter des m\u00e9dicaments en route. Elle est all\u00e9e m\u2019acheter des anti-inflammatoires, et les antibiotiques pour essayer de calmer la douleur parce que j\u2019avais vraiment mal. J\u2019\u00e9tais couch\u00e9e l\u00e0, sa maman ne savait m\u00eame pas que j\u2019\u00e9tais l\u00e0. Je suis rentr\u00e9e, et quand sa maman voulait rentrer dans sa chambre, il fallait que j\u2019aille me cacher dans l\u2019armoire pour qu\u2019elle ne me voit pas. Bon j\u2019ai essay\u00e9 de rester pendant trois jours chez elle. Elle-m\u00eame elle n\u2019en pouvait plus, parce que du jour au lendemain sa maman pouvait \u00eatre au courant qu\u2019elle h\u00e9bergeait quelqu\u2019un dans la maison. Elle m\u2019a demand\u00e9 d\u2019essayer de voir o\u00f9 je peux partir. Quand \u00e7a allait un peu mieux. Je suis all\u00e9e o\u00f9 je m\u2019entra\u00eenais. En ce moment je faisais du renfort \u00e0 l\u2019\u00e9quipe des All Star \u00e0 Yaound\u00e9. Il y avait un coach, je suis all\u00e9e le voir. J\u2019ai essay\u00e9 de l\u2019expliquer ce qui n\u2019allait pas.\u00a0 Et que je ne savais pas o\u00f9 passer la nuit. Il m\u2019a dit ok tu peux passer la nuit \u00e0 la maison. J\u2019ai dit oui, je suis all\u00e9e ce soir-l\u00e0. Bon je ne savais pas qu\u2019il \u00e9tait dans une chambre et il \u00e9tait un homme mari\u00e9. Je me sentais vraiment mal \u00e0 l\u2019aise. Je me demandais, mais qu\u2019est-ce que sa femme en pense. Elle va se dire que je suis peut \u00eatre une de ses dragueuses, de ces filles qu\u2019il drague\u00a0; je ne sais pas.[\/vc_column_text][vc_column_text css=&#8221;.vc_custom_1509517981325{margin-top: 25px !important;margin-bottom: 25px !important;}&#8221;]<\/p>\n<blockquote><p>J\u2019ai d\u00e9pos\u00e9 la main sur la voiture pour essayer de prendre \u00e9quilibre pour tourner et fuir. Il a lanc\u00e9 la machette, d\u00e8s que j\u2019ai enlev\u00e9 ma main, la machette est sur la voiture. Donc c\u2019est-\u00e0-dire qu\u2019il voulait vraiment me couper la main. J\u2019ai commenc\u00e9 \u00e0 fuir, il a lanc\u00e9 la machette, \u00e7a m\u2019avait bless\u00e9 au dos.<\/p><\/blockquote>\n<p>[\/vc_column_text][vc_column_text]Le lendemain donc, il y a une autre amie, \u00e0 Yaound\u00e9, elle s\u2019entrainait avec nous, elle loue un studio. Elle m\u2019a dit que, il faut venir on reste ensemble. Je lui ai expliqu\u00e9, elle m\u2019a dit vient on reste ensemble, il n\u2019y a pas de soucis. Elle \u00e9tait l\u00e0 chaque jour, on mangeait, on sortait, il y avait pas de soucis. Quand j\u2019\u00e9tais sur pied, j\u2019ai recommenc\u00e9 \u00e0 m\u2019entra\u00eener, je jouais mais j\u2019avais toujours peur de marcher dehors. J\u2019avais toujours peur, parce que partout o\u00f9 je passais, j\u2019entendais des nouvelles de mon papa. Partout o\u00f9 je vais voir ma fille, je vais la cogner avec la voiture, moi-m\u00eame je lui ai donn\u00e9 la vie, je vais la reprendre. Ce sont des termes, qu\u2019il n\u2019arr\u00eatait pas d\u2019utiliser. Que moi je t\u2019ai donn\u00e9 la vie, je vais la reprendre et tout \u00e7a. Bon j\u2019avais tellement peur.<\/p>\n<p>Quand je marchais, chaque fois \u00a0je sursaute d\u00e8s que je vois peut \u00eatre une voiture, la voiture acc\u00e9l\u00e8re un peu. D\u00e8s que j\u2019attends \u00ab\u00a0oooooooooohhhhh\u00a0!!!\u00bb j\u2019ai peur. Je marchais avec la frayeur dans le c\u0153ur. C\u2019est o\u00f9 j\u2019ai trouv\u00e9 un boulot, il y a une amie.\u00a0Mon amie qui m\u2019avait h\u00e9berg\u00e9e ce soir-l\u00e0, elle m\u2019avait dit que l\u00e0 o\u00f9 elle bossait dans un snack bar, qu\u2019il y a un monsieur qui cherche quelqu\u2019un pour le restaurant. Le m\u00eame soir, je suis all\u00e9e. On s\u2019est entendu sur les modalit\u00e9s, \u00e7a allait. J\u2019ai commenc\u00e9 \u00e0 travailler l\u00e0. J\u2019ai commenc\u00e9 un peu \u00e0 me relever un peu. \u00c7a allait un peu mieux. Je n\u2019avais pas de pi\u00e8ces sur moi ni de carte d\u2019identit\u00e9, rien rien. Tout \u00e9tait rest\u00e9 \u00e0 la maison. Et je n\u2019avais pas acc\u00e8s \u00e0 la maison.<\/p>\n<p>Un soir alors apr\u00e8s mon salaire, j\u2019ai donc d\u00e9cid\u00e9, qu\u2019il faut que j\u2019aille chercher ma carte d\u2019identit\u00e9 tout \u00e7a. C\u2019\u00e9tait euh, je dirai, un truc comme sept mois apr\u00e8s ce qui s\u2019est pass\u00e9. Je suis all\u00e9e ce jour, \u00e0 la maison, je me suis dit que les tensions ont baiss\u00e9es, bon qui ne risque rien n\u2019a rien. Je vais aller \u00e0 la maison et voir si je peux rentrer en possession au moins de mes pi\u00e8ces, j\u2019ai fait sept mois sans ma carte d\u2019identit\u00e9. J\u2019avais m\u00eame pas mes dipl\u00f4mes. Mon BAC et tout \u00e7a, c\u2019est rest\u00e9 l\u00e0. D\u2019o\u00f9 alors j\u2019arrive, il \u00e9tait dans le salon. Je rentre, je dis bonsoir\u00a0; il se l\u00e8ve et dit \u00ab\u00a0qu\u2019est-ce que tu viens faire ici?\u00a0\u00bb j\u2019ai dit \u00ab\u00a0Stp papa, j\u2019aimerais juste avoir ma carte d\u2019identit\u00e9, le relev\u00e9 de mes dipl\u00f4mes, pour pouvoir chercher du travail avec\u00a0\u00bb il \u00e9tait en train de boire du whisky dans un verre.\u00a0Il a pris le verre et lanc\u00e9\u00e9\u00e9! J\u2019ai dit ok, si c\u2019est comme \u00e7a, les tensions ne sont pas encore baiss\u00e9es. Je suis sortie, je suis mont\u00e9e. Je cherchais\u2026 puisque j\u2019avais des verres, j\u2019avais des probl\u00e8mes d\u2019yeux. Je suis mont\u00e9e chercher les pi\u00e8ces pour prendre la moto et rentrer. J\u2019avais la t\u00eate baiss\u00e9e, je voulais prendre, quelque chose m\u2019a dit, l\u00e8ve la t\u00eate, d\u00e8s que je l\u00e8ve la t\u00eate, mon papa \u00e9tait \u00e0 2 m\u00e8tres de moi avec la machette.[\/vc_column_text][\/vc_column][vc_column width=&#8221;1\/3&#8243;][vc_single_image image=&#8221;484&#8243; img_size=&#8221;full&#8221; qode_css_animation=&#8221;&#8221;][vc_column_text css=&#8221;.vc_custom_1509517898422{margin-top: 25px !important;margin-bottom: 25px !important;}&#8221;]<\/p>\n<blockquote><p>\u201cAujourd\u2019hui je peux dire que, je vis avec la peur. M\u00eame \u00e9tant \u00e0 Douala, quand je marche, je regarde derri\u00e8re. J\u2019ai toujours peur. \u201d<\/p><\/blockquote>\n<p>[\/vc_column_text][vc_column_text]Cette nuit-l\u00e0 il avait plu, il \u00e9tait vers les 19h. C\u2019est o\u00f9 alors je me mets \u00e0 prendre la fuite. Il y avait juste une voiture gar\u00e9e apr\u00e8s moi. J\u2019ai d\u00e9pos\u00e9 la main sur la voiture pour essayer de prendre \u00e9quilibre pour tourner et fuir. Il a lanc\u00e9 la machette, d\u00e8s que j\u2019ai enlev\u00e9 ma main, la machette est sur la voiture. Donc c\u2019est-\u00e0-dire qu\u2019il voulait vraiment me couper la main. J\u2019ai commenc\u00e9 \u00e0 fuir, il a lanc\u00e9 la machette, \u00e7a m\u2019avait bless\u00e9 au dos. Il a lanc\u00e9, \u00e7a m\u2019avait pris \u00e0 la main. Il voulait me fendre. Quand j\u2019ai gliss\u00e9 je suis tomb\u00e9e, il a m\u00eame lanc\u00e9 la machette. J\u2019avais des blessures au dos, jusqu\u2019aujourd\u2019hui j\u2019ai encore les cicatrices de \u00e7a. Je peux apporter les habits, un genre parce que j\u2019ai les cicatrices derri\u00e8re le dos. J\u2019ai essay\u00e9 de fuir, ce jour-l\u00e0 j\u2019ai cass\u00e9 mes verres l\u00e0-bas. Et lorsque, j\u2019essayais de prendre la distance comme la derni\u00e8re fois, il s\u2019est mis \u00e0 dire\u00a0: oooooohhhh bandite\u00a0! bandite\u00a0!!! Elle a vol\u00e9\u00a0!!! Arr\u00eatez la oh\u00a0!!! Et les gens se sont lev\u00e9s me poursuivre et se mettre \u00e0 me battre, me taper (sanglots) il y a un gars qui me connaissait, il a gar\u00e9 la moto que je monte sur la moto. D\u00e8s que je monte sur la moto on tire la moto, on nous renverse. On m\u2019a battu ce jour, j\u2019avais mal \u00e0 l\u2019\u0153il, j\u2019avais l\u2019\u0153il tout rouge. J\u2019ai\u2026.(pleur) c\u2019\u00e9tait vraiment atroce.<\/p>\n<p>Je vous assure, je n\u2019aimerais vraiment pas revivre cette exp\u00e9rience, parce que, il m\u2019a promis la bastonnade, il m\u2019a promis la mort!!! Il a dit partout o\u00f9 il me verrait, il va me battre, il va me tuer avec la moto. Il avait dit \u00e0 la famille que j\u2019\u00e9tais dans la secte. Quand j\u2019appelle n\u2019importe qui, on me raccroche au nez. \u00c7a n\u2019allait pas, m\u00eame au moment o\u00f9, j\u2019\u00e9tais malade, j\u2019avais rien. Je ne pouvais appeler \u00a0personne. Quand j\u2019appelle, on me raccroche au nez. On me dit \u00ab\u00a0je veux pas mourir, je veux pas que tu me prennes pour aller mettre dans la secte et tout \u00e7a\u00a0\u00bb et c\u2019est toute ma famille (sanglots) toute ma famille m\u2019a rejet\u00e9 et\u2026 du jour au lendemain, je ne savais pas o\u00f9 me placer, j\u2019avais tellement peur, quand je marchais dans la ville. Un bon matin, j\u2019ai dit, bon, d\u00e8s que j\u2019ai re\u00e7u mon salaire, j\u2019ai dit, je vais aller sur Douala.\u00a0 Je vais essayer d\u2019aller sur Douala, me battre. Je suis arriv\u00e9e sur Douala, avec le sac au dos, je n\u2019avais rien. Et l\u2019argent que j\u2019avais \u00e9conomis\u00e9, j\u2019avais environ 150\u00a0000 sur moi, je suis venue m\u2019installer. Au d\u00e9but j\u2019avais rien j\u2019ai essay\u00e9. C\u2019est comme \u00e7a que j\u2019ai essay\u00e9 de me battre, petit \u00e0 petit. Je peux vous dire que \u00e7a n\u2019a pas vraiment \u00e9t\u00e9 facile. Pas facile\u2026. pas facile (sanglots) bon j\u2019ai essay\u00e9 de faire avec ce que j\u2019avais. Quand \u00e7a a commenc\u00e9 un peu d\u2019aller, quand j\u2019ai c\u00f4toy\u00e9 les sites comme Facebook, c\u2019est l\u00e0 o\u00f9 je suis tomb\u00e9e sur \u00ab\u00a0les LB du Cameroun\u00a0\u00bb et j\u2019ai essay\u00e9 de poser mes probl\u00e8mes. Jusqu\u2019aujourd\u2019hui pas de papier\u00a0; pas de dipl\u00f4me. Tout a \u00e9t\u00e9 confisqu\u00e9. Et que r\u00e9cemment, j\u2019ai essay\u00e9 de refaire ma carte avec une copie de ma CNI que j\u2019ai retrouv\u00e9e. Aujourd\u2019hui je peux dire que, je vis avec la peur. M\u00eame \u00e9tant \u00e0 Douala, quand je marche, je regarde derri\u00e8re. J\u2019ai toujours peur. Quand je marche. Parce qu\u2019aujourd\u2019hui, il envoie toujours les nouvelles, qu\u2019il va me tuer. Deux ans apr\u00e8s, jusqu\u2019\u00e0 deux ans apr\u00e8s, il dit toujours qu\u2019il va me tuer. Et vraiment, je ne sais pas. Bon je n\u2019ai eu recours\u2026..je n\u2019ai aucun recours pour condamner. Je ne savais pas vers qui me tourner, je ne connaissais pas mes droits. Je ne savais rien au fait. Moi, d\u00e9j\u00e0 on m\u2019avait mis dans la t\u00eate que ce que je fais, c\u2019est un crime, c\u2019est\u2026 bon on m\u2019avait tout racont\u00e9, donc je savais que j\u2019\u00e9tais vraiment eeehhh, le diable sur terre, une personne, qui ne m\u00e9ritait pas de vivre. Je ne savais pas quoi faire, rien.<\/p>\n<p>J\u2019ai eu une autre violence comme \u00e7a mais c\u2019\u00e9tait avec ma grand-m\u00e8re. Quand je suis all\u00e9e \u00e0 l\u2019ouest pour saluer ma grand-m\u00e8re, en plein march\u00e9\u00a0!!!! Elle m\u2019a descendue \u00ab\u00a0oooohhhh\u00a0!!! Lesbienne\u00a0\u00bb, machin tout \u00e7a. Oooohhh\u00a0!!!Lesbienne, tu viens me pr\u00e9senter ta femme? Je ne veux pas te voir, vas t\u2019en\u00a0!!! Les gens du march\u00e9, ceux qui su\u00e7aient les oranges, ont commenc\u00e9 \u00e0 me lancer, les peaux d\u2019oranges, me lancer la salet\u00e9, ouhhhhhhh !!! Des gens qui huaient derri\u00e8re moi. J\u2019\u00e9tais oblig\u00e9e de quitter, je suis rentr\u00e9e. Depuis ce jour, plus \u2026 de contact avec ma famille, jusqu\u2019\u00e0 ce jour. Personne et personne ne m\u2019appelle, personne\u00a0! Quand j\u2019appelle on me raccroche au nez. Rien rien rien\u00a0!<\/p>\n<p>Bon moi mon engagement personnel, je dirai je suis pr\u00eate \u00e0 tout, je peux tout faire. Suffit juste de me dire de faire telle chose, moi je vais aller faire. Pourvu que cette violence cesse, parce que c\u2019est \u2026 c\u2019est vraiment pas facile. C\u2019est un truc qui fait tr\u00e8s mal (voix rauque) vraiment difficile. Puisque aujourd\u2019hui je vis avec la peur. Euh bon, je ne trouve pas \u00e7a facile. Moi je suis pr\u00eate \u00e0 tout hein, suffit de me dire ce qu\u2019il faut et je le ferai.[\/vc_column_text][\/vc_column][\/vc_row]<\/p>\n<\/div>","protected":false},"excerpt":{"rendered":"<p>[vc_row css_animation=&#8221;&#8221; row_type=&#8221;row&#8221; use_row_as_full_screen_section=&#8221;no&#8221; type=&#8221;grid&#8221; angled_section=&#8221;no&#8221; text_align=&#8221;left&#8221; background_image_as_pattern=&#8221;without_pattern&#8221; padding_top=&#8221;50&#8243; padding_bottom=&#8221;50&#8243; el_class=&#8221;single_audio_wrapper&#8221;][vc_column width=&#8221;1\/3&#8243;][vc_raw_html]JTNDZGl2JTIwY2xhc3MlM0QlMjJhdWRpb19wbGF5X3dyYXBwZXIlMjIlM0UlMEElM0NkaXYlMjBjbGFzcyUzRCUyMnBsYXklMjIlMjBpZCUzRCUyMjElMjIlM0UlM0NpJTIwY2xhc3MlM0QlMjJmYSUyMGZhLXBsYXklMjIlM0UlM0MlMkZpJTNFJTNDJTJGZGl2JTNFJTBBJTNDYXVkaW8lMjBpZCUzRCUyMnNvdW5kMSUyMiUzRSUzQ3NvdXJjZSUyMHNyYyUzRCUyMmh0dHAlM0ElMkYlMkZxYS5ndGVjaGRlbW8uY29tJTJGd3AtY29udGVudCUyRnVwbG9hZHMlMkYyMDE3JTJGMTIlMkYxNi1WT0lYLTE2LUVYUEVSSUVOQ0VTLV8tSk9FTExFLUNhbWVyb3VuLm1wMyUyMiUyMHR5cGUlM0QlMjJhdWRpbyUyRm9nZyUyMiUyMCUyRiUzRSUzQyUyRmF1ZGlvJTNFJTBBJTNDZGl2JTIwY2xhc3MlM0QlMjJhdWRpb19yaWdodCUyMiUzRSUzQ2gzJTNFJTNDYSUyMGhyZWYlM0QlMjJodHRwJTNBJTJGJTJGd3d3Lm1peGNsb3VkLmNvbSUyRlFBWU4lMkYxNi12b2l4LTE2LWV4cGVyaWVuY2VzLWRqaWJyaWwtY2FtZXJvdW4lMkYlM0Z1dG1fc291cmNlJTNEd2lkZ2V0JTI2YW1wJTNCYW1wJTNCdXRtX21lZGl1bSUzRHdlYiUyNmFtcCUzQmFtcCUzQnV0bV9jYW1wYWlnbiUzRGJhc2VfbGlua3MlMjZhbXAlM0JhbXAlM0J1dG1fdGVybSUzRHJlc291cmNlX2xpbmslMjIlMjB0YXJnZXQlM0QlMjJfYmxhbmslMjIlMjByZWwlM0QlMjJub29wZW5lciUyMiUzRTE2JTIwVk9JWCUyQyUyMDE2JTIwRVhQRVJJRU5DRVMlMjAlM0ElMjBKT0VMTEUlMjAlMjhDYW1lcm91biUyOSUzQyUyRmElM0UlM0MlMkZoMyUzRSUwQSUzQ3AlM0VieSUyMCUzQ2ElMjBocmVmJTNEJTIyaHR0cCUzQSUyRiUyRnd3dy5taXhjbG91ZC5jb20lMkZRQVlOJTJGJTNGdXRtX3NvdXJjZSUzRHdpZGdldCUyNmFtcCUzQmFtcCUzQnV0bV9tZWRpdW0lM0R3ZWIlMjZhbXAlM0JhbXAlM0J1dG1fY2FtcGFpZ24lM0RiYXNlX2xpbmtzJTI2YW1wJTNCYW1wJTNCdXRtX3Rlcm0lM0Rwcm9maWxlX2xpbmslMjIlMjB0YXJnZXQlM0QlMjJfYmxhbmslMjIlMjByZWwlM0QlMjJub29wZW5lciUyMiUzRVFheW4lM0MlMkZhJTNFJTIwb24lMjAlM0NhJTIwaHJlZiUzRCUyMmh0dHAlM0ElMkYlMkZ3d3cubWl4Y2xvdWQuY29tJTJGJTNGdXRtX3NvdXJjZSUzRHdpZGdldCUyNmFtcCUzQnV0bV9tZWRpdW0lM0R3ZWIlMjZhbXAlM0J1dG1fY2FtcGFpZ24lM0RiYXNlX2xpbmtzJTI2YW1wJTNCdXRtX3Rlcm0lM0Rob21lcGFnZV9saW5rJTIyJTIwdGFyZ2V0JTNEJTIyX2JsYW5rJTIyJTIwcmVsJTNEJTIybm9vcGVuZXIlMjIlM0UlMjBNaXhjbG91ZCUzQyUyRmElM0UlM0MlMkZwJTNFJTNDJTJGZGl2JTNFJTNDJTJGZGl2JTNF[\/vc_raw_html][vc_column_text] T\u00e9moignage de Joelle du Cameroun [\/vc_column_text][vc_column_text]Moi c\u2019est Joelle. J\u2019ai 21 ans et je r\u00e9side \u00e0 Douala. Pour moi&#8230;<\/p>\n","protected":false},"author":1,"featured_media":0,"parent":0,"menu_order":0,"comment_status":"closed","ping_status":"closed","template":"full_width.php","meta":{"rs_blank_template":"","rs_page_bg_color":"","slide_template_v7":"","footnotes":""},"class_list":["post-477","page","type-page","status-publish","hentry"],"_links":{"self":[{"href":"https:\/\/qayn.org\/en\/wp-json\/wp\/v2\/pages\/477","targetHints":{"allow":["GET"]}}],"collection":[{"href":"https:\/\/qayn.org\/en\/wp-json\/wp\/v2\/pages"}],"about":[{"href":"https:\/\/qayn.org\/en\/wp-json\/wp\/v2\/types\/page"}],"author":[{"embeddable":true,"href":"https:\/\/qayn.org\/en\/wp-json\/wp\/v2\/users\/1"}],"replies":[{"embeddable":true,"href":"https:\/\/qayn.org\/en\/wp-json\/wp\/v2\/comments?post=477"}],"version-history":[{"count":8,"href":"https:\/\/qayn.org\/en\/wp-json\/wp\/v2\/pages\/477\/revisions"}],"predecessor-version":[{"id":2361,"href":"https:\/\/qayn.org\/en\/wp-json\/wp\/v2\/pages\/477\/revisions\/2361"}],"wp:attachment":[{"href":"https:\/\/qayn.org\/en\/wp-json\/wp\/v2\/media?parent=477"}],"curies":[{"name":"wp","href":"https:\/\/api.w.org\/{rel}","templated":true}]}}