{"id":475,"date":"2017-11-01T05:51:02","date_gmt":"2017-11-01T05:51:02","guid":{"rendered":"http:\/\/websource.co\/qayn\/en\/voixa\/"},"modified":"2017-12-18T19:12:04","modified_gmt":"2017-12-18T19:12:04","slug":"voixa","status":"publish","type":"page","link":"https:\/\/qayn.org\/en\/voixa\/","title":{"rendered":"Voixa"},"content":{"rendered":"<div class=\"wpb-content-wrapper\"><p>[vc_row css_animation=&#8221;&#8221; row_type=&#8221;row&#8221; use_row_as_full_screen_section=&#8221;no&#8221; type=&#8221;grid&#8221; angled_section=&#8221;no&#8221; text_align=&#8221;left&#8221; background_image_as_pattern=&#8221;without_pattern&#8221; padding_top=&#8221;50&#8243; padding_bottom=&#8221;50&#8243; el_class=&#8221;single_audio_wrapper&#8221;][vc_column width=&#8221;1\/3&#8243;][vc_raw_html]JTNDZGl2JTIwY2xhc3MlM0QlMjJhdWRpb19wbGF5X3dyYXBwZXIlMjIlM0UlMEElM0NkaXYlMjBjbGFzcyUzRCUyMnBsYXklMjIlMjBpZCUzRCUyMjElMjIlM0UlM0NpJTIwY2xhc3MlM0QlMjJmYSUyMGZhLXBsYXklMjIlM0UlM0MlMkZpJTNFJTNDJTJGZGl2JTNFJTBBJTNDYXVkaW8lMjBpZCUzRCUyMnNvdW5kMSUyMiUzRSUzQ3NvdXJjZSUyMHNyYyUzRCUyMiUyMiUyMHR5cGUlM0QlMjJhdWRpbyUyRm9nZyUyMiUyMCUyRiUzRSUzQyUyRmF1ZGlvJTNFJTBBJTNDZGl2JTIwY2xhc3MlM0QlMjJhdWRpb19yaWdodCUyMiUzRSUzQ2gzJTNFJTNDYSUyMGhyZWYlM0QlMjJodHRwJTNBJTJGJTJGd3d3Lm1peGNsb3VkLmNvbSUyRlFBWU4lMkYxNi12b2l4LTE2LWV4cGVyaWVuY2VzLWRqaWJyaWwtY2FtZXJvdW4lMkYlM0Z1dG1fc291cmNlJTNEd2lkZ2V0JTI2YW1wJTNCYW1wJTNCdXRtX21lZGl1bSUzRHdlYiUyNmFtcCUzQmFtcCUzQnV0bV9jYW1wYWlnbiUzRGJhc2VfbGlua3MlMjZhbXAlM0JhbXAlM0J1dG1fdGVybSUzRHJlc291cmNlX2xpbmslMjIlMjB0YXJnZXQlM0QlMjJfYmxhbmslMjIlMjByZWwlM0QlMjJub29wZW5lciUyMiUzRTE2JTIwVk9JWCUyQyUyMDE2JTIwRVhQRVJJRU5DRVMlMjAlM0ElMjBBJTIwJTI4VG9nbyUyOSUzQyUyRmElM0UlM0MlMkZoMyUzRSUwQSUzQ3AlM0VieSUyMCUzQ2ElMjBocmVmJTNEJTIyaHR0cCUzQSUyRiUyRnd3dy5taXhjbG91ZC5jb20lMkZRQVlOJTJGJTNGdXRtX3NvdXJjZSUzRHdpZGdldCUyNmFtcCUzQmFtcCUzQnV0bV9tZWRpdW0lM0R3ZWIlMjZhbXAlM0JhbXAlM0J1dG1fY2FtcGFpZ24lM0RiYXNlX2xpbmtzJTI2YW1wJTNCYW1wJTNCdXRtX3Rlcm0lM0Rwcm9maWxlX2xpbmslMjIlMjB0YXJnZXQlM0QlMjJfYmxhbmslMjIlMjByZWwlM0QlMjJub29wZW5lciUyMiUzRVFheW4lM0MlMkZhJTNFJTIwb24lMjAlM0NhJTIwaHJlZiUzRCUyMmh0dHAlM0ElMkYlMkZ3d3cubWl4Y2xvdWQuY29tJTJGJTNGdXRtX3NvdXJjZSUzRHdpZGdldCUyNmFtcCUzQnV0bV9tZWRpdW0lM0R3ZWIlMjZhbXAlM0J1dG1fY2FtcGFpZ24lM0RiYXNlX2xpbmtzJTI2YW1wJTNCdXRtX3Rlcm0lM0Rob21lcGFnZV9saW5rJTIyJTIwdGFyZ2V0JTNEJTIyX2JsYW5rJTIyJTIwcmVsJTNEJTIybm9vcGVuZXIlMjIlM0UlMjBNaXhjbG91ZCUzQyUyRmElM0UlM0MlMkZwJTNFJTNDJTJGZGl2JTNFJTNDJTJGZGl2JTNF[\/vc_raw_html][vc_column_text]<\/p>\n<h2>T\u00c9MOIGNAGE DE A DU TOGO<\/h2>\n<p>[\/vc_column_text][vc_column_text]Par rapport \u00e0 la d\u00e9finition du mot genre, le genre c\u2019est un comportement d\u2019une personne par rapport \u00e0 la f\u00e9minit\u00e9 ou \u00e0 la masculinit\u00e9. Donc parlant de la violence du genre, c\u2019est une violence que l\u2019on subit par rapport \u00e0 son comportement, son habillement, sa d\u00e9marche, sa mani\u00e8re de faire, sa f\u00e9minit\u00e9 ou sa masculinit\u00e9.<\/p>\n<p>Si je me souviens bien, j\u2019ai subi ma toute premi\u00e8re violence quand j\u2019avais 17 ans. Je me rappelle que c\u2019\u00e9tait \u00e0 l\u2019\u00e9cole, le temps de la Semaine Culturelle \u2013 c\u2019\u00e9tait par rapport \u00e0 mon habillement parce que j\u2019ai un style masculin. Il y a un groupe d\u2019hommes quelque part qui disait que, me traitant de ce que je ne suis pas quoi. Ils parlaient\u00a0: \u00ab\u00a0Regardez cette fille habill\u00e9e en masculin c\u2019est une tant tant\u00a0\u00bb\u2026 Ils ont commenc\u00e9 par m\u2019agresser moralement. En train de m\u2019insulter, de me lancer des mots comme d\u2019habitude.<\/p>\n<p>Expression r\u00e9f\u00e9rent qu\u2019elle est lesbienne[\/vc_column_text][\/vc_column][vc_column width=&#8221;1\/3&#8243;][vc_column_text]Parlant des acteurs de cette violence, il y a toujours des proches hein qui ont font partie. C\u2019est les proches qui nous indexent parce qu\u2019ils nous connaissent, ils nous voient par rapport \u00e0 notre habillement. Et parfois \u00e7a vient aussi d\u2019un inconnu dans un groupe quand on te voit t\u2019habiller, marcher ou bien devant un groupe on dit eux c\u2019est tant bon, on nous inflige les mots qu\u2019il faut. M\u00eame \u00e0 haute voix quoi pour que tu entendes parce que tu ne peux pas te d\u00e9fendre.<\/p>\n<p>J\u2019ai \u00e9t\u00e9 victimes de ces violences plusieurs fois. M\u00eame jusqu\u2019\u00e0 pr\u00e9sent ces violences continuent.<\/p>\n<p>Par rapport \u00e0 mon pays, on n\u2019a pas des ONGs ou quoi que ce soit pour nous d\u00e9fendre. M\u00eame si je suis face \u00e0 ces agressions, je fais tout possible pour \u2026 le groupe quoi. Ne pas r\u00e9pondre et \u00eatre coupable.<\/p>\n<p>Par rapport \u00e0 mon engagement personnel pour mettre fin \u00e0 cette violence bas\u00e9e sur le genre, c\u2019est l\u2019acceptation. Nous accepter comme nous sommes. Faire comprendre \u00e0 tout le monde, \u00e0 la population ou au peuple\u00a0 qu\u2019il y a le genre qui\u2026 accepter nos habillements, nos comportements. Et si c&#8217;est fait, l\u2019\u00e9tat puisse sensibiliser pour qu\u2019on puisse nous accepter. Je suis s\u00fbre qu\u2019il n\u2019y aurait plus de violence envers nous.[\/vc_column_text][\/vc_column][vc_column width=&#8221;1\/3&#8243;][vc_single_image image=&#8221;472&#8243; img_size=&#8221;full&#8221; qode_css_animation=&#8221;&#8221;][vc_column_text css=&#8221;.vc_custom_1513483466294{margin-top: 25px !important;}&#8221;]<\/p>\n<p style=\"font-size: 13px;\">Xonanji<\/p>\n<p>[\/vc_column_text][vc_column_text css=&#8221;.vc_custom_1513397076844{margin-top: 25px !important;}&#8221; el_class=&#8221;q_audio_content_quotes&#8221;]<\/p>\n<blockquote><p>\u201cJ\u2019ai \u00e9t\u00e9 victimes de ces violences plusieurs fois. M\u00eame jusqu\u2019\u00e0 pr\u00e9sent ces violences continuent.\u201d<\/p><\/blockquote>\n<p>[\/vc_column_text][\/vc_column][\/vc_row]<\/p>\n<\/div>","protected":false},"excerpt":{"rendered":"<p>[vc_row css_animation=&#8221;&#8221; row_type=&#8221;row&#8221; use_row_as_full_screen_section=&#8221;no&#8221; type=&#8221;grid&#8221; angled_section=&#8221;no&#8221; text_align=&#8221;left&#8221; background_image_as_pattern=&#8221;without_pattern&#8221; padding_top=&#8221;50&#8243; padding_bottom=&#8221;50&#8243; el_class=&#8221;single_audio_wrapper&#8221;][vc_column width=&#8221;1\/3&#8243;][vc_raw_html]JTNDZGl2JTIwY2xhc3MlM0QlMjJhdWRpb19wbGF5X3dyYXBwZXIlMjIlM0UlMEElM0NkaXYlMjBjbGFzcyUzRCUyMnBsYXklMjIlMjBpZCUzRCUyMjElMjIlM0UlM0NpJTIwY2xhc3MlM0QlMjJmYSUyMGZhLXBsYXklMjIlM0UlM0MlMkZpJTNFJTNDJTJGZGl2JTNFJTBBJTNDYXVkaW8lMjBpZCUzRCUyMnNvdW5kMSUyMiUzRSUzQ3NvdXJjZSUyMHNyYyUzRCUyMiUyMiUyMHR5cGUlM0QlMjJhdWRpbyUyRm9nZyUyMiUyMCUyRiUzRSUzQyUyRmF1ZGlvJTNFJTBBJTNDZGl2JTIwY2xhc3MlM0QlMjJhdWRpb19yaWdodCUyMiUzRSUzQ2gzJTNFJTNDYSUyMGhyZWYlM0QlMjJodHRwJTNBJTJGJTJGd3d3Lm1peGNsb3VkLmNvbSUyRlFBWU4lMkYxNi12b2l4LTE2LWV4cGVyaWVuY2VzLWRqaWJyaWwtY2FtZXJvdW4lMkYlM0Z1dG1fc291cmNlJTNEd2lkZ2V0JTI2YW1wJTNCYW1wJTNCdXRtX21lZGl1bSUzRHdlYiUyNmFtcCUzQmFtcCUzQnV0bV9jYW1wYWlnbiUzRGJhc2VfbGlua3MlMjZhbXAlM0JhbXAlM0J1dG1fdGVybSUzRHJlc291cmNlX2xpbmslMjIlMjB0YXJnZXQlM0QlMjJfYmxhbmslMjIlMjByZWwlM0QlMjJub29wZW5lciUyMiUzRTE2JTIwVk9JWCUyQyUyMDE2JTIwRVhQRVJJRU5DRVMlMjAlM0ElMjBBJTIwJTI4VG9nbyUyOSUzQyUyRmElM0UlM0MlMkZoMyUzRSUwQSUzQ3AlM0VieSUyMCUzQ2ElMjBocmVmJTNEJTIyaHR0cCUzQSUyRiUyRnd3dy5taXhjbG91ZC5jb20lMkZRQVlOJTJGJTNGdXRtX3NvdXJjZSUzRHdpZGdldCUyNmFtcCUzQmFtcCUzQnV0bV9tZWRpdW0lM0R3ZWIlMjZhbXAlM0JhbXAlM0J1dG1fY2FtcGFpZ24lM0RiYXNlX2xpbmtzJTI2YW1wJTNCYW1wJTNCdXRtX3Rlcm0lM0Rwcm9maWxlX2xpbmslMjIlMjB0YXJnZXQlM0QlMjJfYmxhbmslMjIlMjByZWwlM0QlMjJub29wZW5lciUyMiUzRVFheW4lM0MlMkZhJTNFJTIwb24lMjAlM0NhJTIwaHJlZiUzRCUyMmh0dHAlM0ElMkYlMkZ3d3cubWl4Y2xvdWQuY29tJTJGJTNGdXRtX3NvdXJjZSUzRHdpZGdldCUyNmFtcCUzQnV0bV9tZWRpdW0lM0R3ZWIlMjZhbXAlM0J1dG1fY2FtcGFpZ24lM0RiYXNlX2xpbmtzJTI2YW1wJTNCdXRtX3Rlcm0lM0Rob21lcGFnZV9saW5rJTIyJTIwdGFyZ2V0JTNEJTIyX2JsYW5rJTIyJTIwcmVsJTNEJTIybm9vcGVuZXIlMjIlM0UlMjBNaXhjbG91ZCUzQyUyRmElM0UlM0MlMkZwJTNFJTNDJTJGZGl2JTNFJTNDJTJGZGl2JTNF[\/vc_raw_html][vc_column_text] T\u00c9MOIGNAGE DE A DU TOGO [\/vc_column_text][vc_column_text]Par rapport \u00e0 la d\u00e9finition du mot genre, le genre c\u2019est un comportement&#8230;<\/p>\n","protected":false},"author":1,"featured_media":0,"parent":0,"menu_order":0,"comment_status":"closed","ping_status":"closed","template":"full_width.php","meta":{"rs_blank_template":"","rs_page_bg_color":"","slide_template_v7":"","footnotes":""},"class_list":["post-475","page","type-page","status-publish","hentry"],"_links":{"self":[{"href":"https:\/\/qayn.org\/en\/wp-json\/wp\/v2\/pages\/475","targetHints":{"allow":["GET"]}}],"collection":[{"href":"https:\/\/qayn.org\/en\/wp-json\/wp\/v2\/pages"}],"about":[{"href":"https:\/\/qayn.org\/en\/wp-json\/wp\/v2\/types\/page"}],"author":[{"embeddable":true,"href":"https:\/\/qayn.org\/en\/wp-json\/wp\/v2\/users\/1"}],"replies":[{"embeddable":true,"href":"https:\/\/qayn.org\/en\/wp-json\/wp\/v2\/comments?post=475"}],"version-history":[{"count":5,"href":"https:\/\/qayn.org\/en\/wp-json\/wp\/v2\/pages\/475\/revisions"}],"predecessor-version":[{"id":2358,"href":"https:\/\/qayn.org\/en\/wp-json\/wp\/v2\/pages\/475\/revisions\/2358"}],"wp:attachment":[{"href":"https:\/\/qayn.org\/en\/wp-json\/wp\/v2\/media?parent=475"}],"curies":[{"name":"wp","href":"https:\/\/api.w.org\/{rel}","templated":true}]}}