{"id":464,"date":"2017-11-01T05:26:46","date_gmt":"2017-11-01T05:26:46","guid":{"rendered":"http:\/\/websource.co\/qayn\/en\/voixperpetue\/"},"modified":"2017-12-18T17:36:22","modified_gmt":"2017-12-18T17:36:22","slug":"voixperpetue","status":"publish","type":"page","link":"https:\/\/qayn.org\/en\/voixperpetue\/","title":{"rendered":"Voixperpetue"},"content":{"rendered":"<div class=\"wpb-content-wrapper\"><p>[vc_row css_animation=&#8221;&#8221; row_type=&#8221;row&#8221; use_row_as_full_screen_section=&#8221;no&#8221; type=&#8221;grid&#8221; angled_section=&#8221;no&#8221; text_align=&#8221;left&#8221; background_image_as_pattern=&#8221;without_pattern&#8221; padding_top=&#8221;50&#8243; padding_bottom=&#8221;50&#8243; el_class=&#8221;single_audio_wrapper&#8221;][vc_column width=&#8221;1\/3&#8243;][vc_raw_html]JTNDZGl2JTIwY2xhc3MlM0QlMjJhdWRpb19wbGF5X3dyYXBwZXIlMjIlM0UlMEElM0NkaXYlMjBjbGFzcyUzRCUyMnBsYXklMjIlMjBpZCUzRCUyMjElMjIlM0UlM0NpJTIwY2xhc3MlM0QlMjJmYSUyMGZhLXBsYXklMjIlM0UlM0MlMkZpJTNFJTNDJTJGZGl2JTNFJTBBJTNDYXVkaW8lMjBpZCUzRCUyMnNvdW5kMSUyMiUzRSUzQ3NvdXJjZSUyMHNyYyUzRCUyMmh0dHAlM0ElMkYlMkZxYS5ndGVjaGRlbW8uY29tJTJGd3AtY29udGVudCUyRnVwbG9hZHMlMkYyMDE3JTJGMTIlMkYxNi1WT0lYLTE2LUVYUEVSSUVOQ0VTLV8tUEVSUEVUVUUtQ2FtZXJvdW4ubXAzJTIyJTIwdHlwZSUzRCUyMmF1ZGlvJTJGb2dnJTIyJTIwJTJGJTNFJTNDJTJGYXVkaW8lM0UlMEElM0NkaXYlMjBjbGFzcyUzRCUyMmF1ZGlvX3JpZ2h0JTIyJTNFJTNDaDMlM0UlM0NhJTIwaHJlZiUzRCUyMmh0dHBzJTNBJTJGJTJGd3d3Lm1peGNsb3VkLmNvbSUyRlFBWU4lMkYxNi12b2l4LTE2LWV4cGVyaWVuY2VzLXBlcnBldHVlLWNhbWVyb3VuJTJGJTNGdXRtX3NvdXJjZSUzRHdpZGdldCUyNmFtcCUzQmFtcCUzQnV0bV9tZWRpdW0lM0R3ZWIlMjZhbXAlM0JhbXAlM0J1dG1fY2FtcGFpZ24lM0RiYXNlX2xpbmtzJTI2YW1wJTNCYW1wJTNCdXRtX3Rlcm0lM0RyZXNvdXJjZV9saW5rJTIyJTIwdGFyZ2V0JTNEJTIyX2JsYW5rJTIyJTIwcmVsJTNEJTIybm9vcGVuZXIlMjIlM0UxNiUyMFZPSVglMkMlMjAxNiUyMEVYUEVSSUVOQ0VTJTIwJTNBJTIwUEVSUEVUVUUlMjAlMjhDYW1lcm91biUyOSUzQyUyRmElM0UlM0MlMkZoMyUzRSUwQSUzQ3AlM0VieSUyMCUzQ2ElMjBocmVmJTNEJTIyaHR0cCUzQSUyRiUyRnd3dy5taXhjbG91ZC5jb20lMkZRQVlOJTJGJTNGdXRtX3NvdXJjZSUzRHdpZGdldCUyNmFtcCUzQmFtcCUzQnV0bV9tZWRpdW0lM0R3ZWIlMjZhbXAlM0JhbXAlM0J1dG1fY2FtcGFpZ24lM0RiYXNlX2xpbmtzJTI2YW1wJTNCYW1wJTNCdXRtX3Rlcm0lM0Rwcm9maWxlX2xpbmslMjIlMjB0YXJnZXQlM0QlMjJfYmxhbmslMjIlMjByZWwlM0QlMjJub29wZW5lciUyMiUzRVFheW4lM0MlMkZhJTNFJTIwb24lMjAlM0NhJTIwaHJlZiUzRCUyMmh0dHAlM0ElMkYlMkZ3d3cubWl4Y2xvdWQuY29tJTJGJTNGdXRtX3NvdXJjZSUzRHdpZGdldCUyNmFtcCUzQnV0bV9tZWRpdW0lM0R3ZWIlMjZhbXAlM0J1dG1fY2FtcGFpZ24lM0RiYXNlX2xpbmtzJTI2YW1wJTNCdXRtX3Rlcm0lM0Rob21lcGFnZV9saW5rJTIyJTIwdGFyZ2V0JTNEJTIyX2JsYW5rJTIyJTIwcmVsJTNEJTIybm9vcGVuZXIlMjIlM0UlMjBNaXhjbG91ZCUzQyUyRmElM0UlM0MlMkZwJTNFJTNDJTJGZGl2JTNFJTNDJTJGZGl2JTNF[\/vc_raw_html][vc_column_text]<\/p>\n<h2>T\u00e9moignage de Perp\u00e9tue du Cameroun<\/h2>\n<p>[\/vc_column_text][vc_column_text]Moi, c\u2019est Perp\u00e9tue j\u2019ai 23 ans, je suis camerounaise.<\/p>\n<p>J\u2019\u00e9tais dans un bar, dans un bar au camp\u2026 en fait. J\u2019\u00e9tais avec une amie, une copine \u00e0 moi avec qui je sortais. Il y avait un monsieur en fait bon, il s\u2019est avanc\u00e9 vers moi, il a voulu me faire la cour et tout. Bon moi je lui avais d\u00e9j\u00e0 dit que ce n\u2019\u00e9tait pas possible, que je ne voulais pas. Bon, il insistait et ma copine lui avait dit non elle ne sort pas avec les hommes, elle est lesbienne et tout, nous sommes ensemble et tout et tout. Le monsieur s\u2019\u00e9tait donc enflamm\u00e9, il a gifl\u00e9 ma copine. Moi aussi voulant faire genre, d\u00e9fendre ma copine, je me suis lanc\u00e9 vers lui, il m\u2019a claqu\u00e9 aussi et puis il s\u2019\u00e9tait mis \u00e0 crier sur nous, nous afficher genre des lesbiennes, ce n\u2019est pas autoris\u00e9 ici au pays, en tout cas je vais alerter les gens et tout, vous n\u2019\u00eates que des lesbiennes, c\u2019est interdit et tout et tout. Que c\u2019est normal, comment deux filles peuvent sortir ensemble\u00a0? \u00c7a ne se fait pas, \u00e7a c\u2019est Sodome et Gomores. Bon apr\u00e8s avoir appel\u00e9 mon oncle, il \u00e9tait venu, il nous a pris mais en passant d\u00e9j\u00e0 quand nous \u00e9tions en train d\u2019emprunter le taxi il y avait des regards, les regards des passagers m\u00eame qui nous insultaient de lesbiennes et tout. \u00ab\u00a0C\u2019est sure que celui-l\u00e0 m\u00eame l\u00e0 qui est venu vous prendre est un p\u00e9d\u00e9 et tout et tout.\u00a0\u00bb Donc c\u2019\u00e9tait \u00e7a.<\/p>\n<p>Mon oncle ne connait pas mon orientation sexuelle en fait. Et apr\u00e8s il m\u2019a demand\u00e9 c\u2019est quelle histoire \u00e7a. Moi j\u2019ai menti, j\u2019ai dit\u00a0:\u00a0\u00ab\u00a0le monsieur est venu vers nous, nous faire la cour. C\u2019est parce qu\u2019on a refus\u00e9, il nous a saut\u00e9 dessus quoi.\u00a0\u00bb[\/vc_column_text][vc_column_text css=&#8221;.vc_custom_1513397755791{margin-top: 25px !important;margin-bottom: 25px !important;}&#8221; el_class=&#8221;q_audio_content_quotes&#8221;]<\/p>\n<blockquote><p>Des lesbiennes, ce n\u2019est pas autoris\u00e9 ici au pays, en tout cas je vais alerter les gens et tout, vous n\u2019\u00eates que des lesbiennes, c\u2019est interdit et tout et tout.<\/p><\/blockquote>\n<p>[\/vc_column_text][vc_column_text]J\u2019ai \u00e9t\u00e9 aussi victime de violence sur la base de mon orientation sexuelle, il s\u2019agit d\u2019un homme, bon en fait il m\u2019avait fait la cours. Il m\u2019avait fait la cour dans un taxi. On s\u2019\u00e9tait \u00e9chang\u00e9s de contacts et tout, il m\u2019avait appel\u00e9, il m\u2019a invit\u00e9 une fois, je suis all\u00e9e. Bon il m\u2019avait fait comprendre qu\u2019il \u00e9tait vraiment int\u00e9ress\u00e9 par moi, et qu\u2019il voulait que je sois sa copine quoi, qu\u2019actuellement il n\u2019avait pas de copine et tout et que j\u2019\u00e9tais bien. Il voulait avoir une relation s\u00e9rieuse avec moi et moi je lui avais dit\u00a0: \u00ab\u00a0je ne peux pas \u00eatre ta copine\u00a0\u00bb, parce que d\u00e9j\u00e0 moi, je ne lui avais pas dit clairement que j\u2019\u00e9tais une lesbienne mais je lui avais dit genre bon moi, \u00ab\u00a0je ne peux pas sortir avec toi parce que je ne suis pas trop homme en fait.\u00a0\u00bb Il m\u2019avait demand\u00e9 pourquoi\u00a0? Je lui avais dit comme \u00e7a parce que j\u2019ai \u00e9t\u00e9 trop enferm\u00e9e durant ma jeunesse quoi. Donc je ne voulais pas. Il m\u2019a donc demand\u00e9 si j\u2019ai eu \u00e0 coucher avec une fille, je lui ai dit oui. Et il me dit comment se fait-il que tu couches avec une fille\u00a0? En couchant avec la fille est ce que tu avais eu un plaisir quelconque\u00a0? Je lui avais dit oui et tout. Bon apr\u00e8s il m\u2019avait donc dit qu\u2019il n\u2019y a pas de soucis, on peut rester des amis. Bon il a dit qu\u2019il voulait vraiment qu\u2019on soit amis, j\u2019ai compris qu\u2019on restait de simples amis, du genre il pouvait m\u2019appeler pour m\u2019inviter et tout. Je lui avais dit oui et il continuait \u00e0 m\u2019appeler, on s\u2019\u00e9crivait mais on ne se voyait pas. Il me dit donc\u00a0: \u00e7a te dirait de venir chez moi et tout\u00a0? Je lui avais dit je ne pouvais pas passer, j\u2019\u00e9tais avec une copine. Il me dit qu\u2019elle copine\u00a0? Je lui avais dit une go, en blaguant genre une go oui ma copine et tout. Il me dit tu es s\u00e9rieuse\u00a0? Je dis oui. Il me dit ok il n\u2019y a pas de souci quand tu seras disponible fais-moi signe.[\/vc_column_text][\/vc_column][vc_column width=&#8221;1\/3&#8243;][vc_column_text]Je lui avais dit je ne pouvais pas passer, j\u2019\u00e9tais avec une copine. Il me dit qu\u2019elle copine\u00a0? Je lui avais dit une go, en blaguant genre une go oui ma copine et tout. Il me dit tu es s\u00e9rieuse\u00a0? Je dis oui. Il me dit ok il n\u2019y a pas de souci quand tu seras disponible fais-moi signe.<\/p>\n<p>Plus le temps passait, les mois, les jours et tout, et un jour comme \u00e7a il m\u2019appelle et dit mais toi tu ne m\u2019appelle plus depuis, tu ne fais pas signe depuis, c\u2019est quoi\u00a0? Tu m\u2019as d\u00e9j\u00e0 mis de c\u00f4t\u00e9\u00a0? J\u2018ai dit que je veux \u00eatre ton ami, m\u00eame l\u2019amiti\u00e9 tu ne veux pas\u00a0? Je lui avais dit que ce n\u2019est pas \u00e7a, j\u2018\u00e9tais trop occup\u00e9e. Il m\u2019a donc invit\u00e9 chez lui.<\/p>\n<p>Quand nous sommes arriv\u00e9s chez lui, il m\u2019a donn\u00e9 \u00e0 manger, il m\u2019a donn\u00e9 \u00e0 boire, on a bavard\u00e9, il m\u2019a fait visiter la maison genre bon,\u00a0 \u00ab\u00a0si tu as fini, viens je vais te faire visiter la maison et tout et tout.\u00a0\u00bb Nous sommes all\u00e9s \u00e0 la cuisine, on a visit\u00e9 le parking, nous sommes all\u00e9s \u00e0 l\u2019\u00e9tage en fait. On a visit\u00e9 les douches et tout, les chambres, et apr\u00e8s nous sommes all\u00e9s dans la chambre principale qui \u00e9tait sa chambre. Il a ferm\u00e9 la porte, il m\u2019a dit, tu sais tu m\u2019excites et tout. Je lui avais dit bon t\u2019exciter comment\u00a0? Je ne comprends pas. Il me dit tu es une femme, tu ne m\u2019excite pas comment\u00a0? Comment peux-tu dire que tu ne comprends pas\u00a0? Genre je veux faire l\u2019amour avec toi. Je lui avais dit que non ce n\u2019est pas possible. Il me dit ce n\u2019est pas possible comment\u00a0? Donc on ta dit que je t\u2019ai fait venir ici parce qu\u2019il fallait qu\u2019on cause ou quoi que ce soit\u00a0? Je veux coucher avec toi. Je lui avais dit non. Bon il s\u2019\u00e9tait mis \u00e0 me violenter, il m\u2019a gifl\u00e9, il a pris ma main en fait il a bloqu\u00e9 derri\u00e8re. Bon il me tenait par le coup, il m\u2019a bloqu\u00e9 contre le mur. Comme j\u2019avais la robe, il avait soulev\u00e9 ma robe, il s\u2019est prot\u00e9g\u00e9 et m\u2019a mis sur le lit en fait. Il a bloqu\u00e9 mes mains, il a attach\u00e9 mes mains. Il a commenc\u00e9 \u00e0 faire ses choses, il me dit tu aimes\u00a0? Tu n\u2019aimes pas\u00a0? Tu aimes\u00a0? Pourquoi tu sors avec les filles\u00a0et tout alors qu\u2019il y a des gars comme moi qui peuvent bien te garder, bien te faire l\u2019amour. Bon je pleurais, j\u2019\u00e9tais en larme, je lui disais juste dit si tu as fini laisse-moi partir. Il m\u2019a encore gifl\u00e9, il me dit finir de quoi\u00a0? Je n\u2019ai pas fini, tu vas rester ici jusqu\u2019\u00e0 ce que je finisse de faire ce que j\u2019ai \u00e0 faire. Quand il avait fini, il m\u2019a dit c\u2019est parti, part.[\/vc_column_text][vc_column_text css=&#8221;.vc_custom_1513397764358{margin-top: 25px !important;margin-bottom: 25px !important;}&#8221; el_class=&#8221;q_audio_content_quotes&#8221;]<\/p>\n<blockquote><p>Tu es une femme, tu ne m\u2019excite pas comment? Comment peux-tu dire que tu ne comprends pas?<\/p><\/blockquote>\n<p>[\/vc_column_text][vc_column_text]Bon j\u2018\u00e9tais traumatis\u00e9, je suis all\u00e9 voir mon papa. J\u2019ai vu mon papa, je lui avais expliqu\u00e9, nous sommes partis ensemble, \u00a0il n\u2019\u00e9tait pas l\u00e0. Apr\u00e8s donc mon papa m\u2019avais dit de lui faire genre pi\u00e8ge, genre j\u2019ai envie de le voir, j\u2019ai oubli\u00e9 ce qui c\u2019\u00e9tait pass\u00e9. Il a dit ok et tout. Nous sommes all\u00e9s, je l\u2019ai appel\u00e9, il m\u2019a dit qu\u2019il arrivait genre dans une heure. On l\u2019attendait, en fait il ne savait pas que j\u2019\u00e9tais avec mon p\u00e8re. Quand il est arriv\u00e9, il m\u2019a appel\u00e9 en me disant\u00a0:\u00a0\u00ab\u00a0Tu es o\u00f9\u00a0? Je suis d\u00e9j\u00e0 l\u00e0 tu peux venir\u00a0\u00bb Nous sommes descendus, on a sonn\u00e9, il a ouvert le portail. Je l\u2019ai montr\u00e9 \u00e0 mon papa\u00a0: \u00ab\u00a0c\u2019est lui le monsieur qui m\u2019avait viol\u00e9\u00a0\u00bb. Il a d\u2019abord ni\u00e9 qu\u2019il ne m\u2019a jamais viol\u00e9, est ce qu\u2019il peut violer une grande fille comme moi et tout et tout, que j\u2019\u00e9tais d\u2019accord. J\u2019avais expliqu\u00e9 \u00e0 mon p\u00e8re, il avait compris. Nous sommes all\u00e9s, on a port\u00e9 plainte contre le monsieur. La police est all\u00e9e l\u2019embarquer chez lui, on l\u2019a amen\u00e9, c\u2019\u00e9tait un peu \u00e7a. Mais, c\u2019\u00e9tait la seule fois que je vivais une situation pareille. Et c\u2019est mon papa a port\u00e9 plainte. Mais le monsieur a \u00e9t\u00e9 enferm\u00e9 pendant seulement deux semaines. Au commissariat, il a fait allusion au fait que je suis lesbienne mais mon p\u00e8re a d\u00e9menti, et moi aussi.[\/vc_column_text][\/vc_column][vc_column width=&#8221;1\/3&#8243;][vc_column_text css=&#8221;.vc_custom_1513397734342{margin-top: 0px !important;margin-bottom: 25px !important;}&#8221; el_class=&#8221;q_audio_content_quotes&#8221;]<\/p>\n<blockquote><p>\u201cIl a bloqu\u00e9 mes mains, il a attach\u00e9 mes mains. Il a commenc\u00e9 \u00e0 faire ses choses, il me dit tu aimes? Tu n\u2019aimes pas ? Tu aimes ? Pourquoi tu sors avec les filles et tout alors qu\u2019il y a des gars comme moi qui peuvent bien te garder, bien te faire l\u2019amour. \u201d<\/p><\/blockquote>\n<p>[\/vc_column_text][vc_single_image image=&#8221;462&#8243; img_size=&#8221;full&#8221; qode_css_animation=&#8221;&#8221; css=&#8221;.vc_custom_1509515233893{margin-bottom: 25px !important;}&#8221;][vc_column_text css=&#8221;.vc_custom_1513482999002{margin-top: 0px !important;margin-bottom: 25px !important;}&#8221;]<\/p>\n<p style=\"font-size: 13px;\">Xonanji<\/p>\n<p>[\/vc_column_text][vc_column_text]Cette violence qui s\u2019exerce que les lesbiennes n\u2019est pas normal en fait et ce n\u2019est pas bien. Pour moi d\u00e9j\u00e0 je me dis que tu sois homo ou que tu sois h\u00e9t\u00e9ro, nous devons avoir les m\u00eames droits. Nous devrions \u00eatre vu de la m\u00eame fa\u00e7on et ne pas juger les gens. Peut-\u00eatre moi je me sens bien avec des femmes. Peut-\u00eatre un autre homme va te dire qu\u2019il se sent bien avec une femme, ou un homme dira qu\u2019il se sent bien avec un homme et tout. Je n\u2019accepte plus la cour des hommes parce que j\u2019ai vraiment, vraiment \u00e9t\u00e9 traumatis\u00e9e parce qu\u2019apr\u00e8s j\u2019\u00e9tais all\u00e9 \u00e0 l\u2019h\u00f4pital, on m\u2019avait fait des examens et j\u2019ai toujours cette image en fait.<\/p>\n<p>Ce qui m\u2019a pouss\u00e9 \u00e0 me rapprocher des associations identitaires, en fait d\u00e9j\u00e0 moi je ne savais pas qu\u2019il existait une association de ce genre. C\u2019est une amie \u00e0 moi qui m\u2019a parl\u00e9 de cette association HUMANITY FIRST. Elle m\u2019avait parl\u00e9, elle ne m\u2019avait vraiment pas expliqu\u00e9 en profondeur mais d\u00e9j\u00e0 j\u2019avais \u00e9t\u00e9 int\u00e9ress\u00e9e. Si je suis venue c\u2019est juste pour combattre pour le droit des homosexuels (les) et tout. Moi j\u2019aimerais peut-\u00eatre que notre association aille de l\u2019avant. Je ne sais pas si elle peut faire quelque chose pour nous les gays. Genre peut \u00eatre tu as ta copine, tu te balades avec elle n\u2019importe comment, que tu sois \u00e0 l\u2019aise en te baladant, qu\u2019on ne te frustre pas, ou qu\u2019en marchant des gens sortent de nulle part ailleurs et te traiter de lesbienne et de ceci. J\u2019aimerais bien qu\u2019on ait les m\u00eames droits que les h\u00e9t\u00e9ros en fait. Qu\u2019on ne soit plus stigmatis\u00e9es, que nous ayons les m\u00eames droits quoi.[\/vc_column_text][\/vc_column][\/vc_row]<\/p>\n<\/div>","protected":false},"excerpt":{"rendered":"<p>[vc_row css_animation=&#8221;&#8221; row_type=&#8221;row&#8221; use_row_as_full_screen_section=&#8221;no&#8221; type=&#8221;grid&#8221; angled_section=&#8221;no&#8221; text_align=&#8221;left&#8221; background_image_as_pattern=&#8221;without_pattern&#8221; padding_top=&#8221;50&#8243; padding_bottom=&#8221;50&#8243; el_class=&#8221;single_audio_wrapper&#8221;][vc_column width=&#8221;1\/3&#8243;][vc_raw_html]JTNDZGl2JTIwY2xhc3MlM0QlMjJhdWRpb19wbGF5X3dyYXBwZXIlMjIlM0UlMEElM0NkaXYlMjBjbGFzcyUzRCUyMnBsYXklMjIlMjBpZCUzRCUyMjElMjIlM0UlM0NpJTIwY2xhc3MlM0QlMjJmYSUyMGZhLXBsYXklMjIlM0UlM0MlMkZpJTNFJTNDJTJGZGl2JTNFJTBBJTNDYXVkaW8lMjBpZCUzRCUyMnNvdW5kMSUyMiUzRSUzQ3NvdXJjZSUyMHNyYyUzRCUyMmh0dHAlM0ElMkYlMkZxYS5ndGVjaGRlbW8uY29tJTJGd3AtY29udGVudCUyRnVwbG9hZHMlMkYyMDE3JTJGMTIlMkYxNi1WT0lYLTE2LUVYUEVSSUVOQ0VTLV8tUEVSUEVUVUUtQ2FtZXJvdW4ubXAzJTIyJTIwdHlwZSUzRCUyMmF1ZGlvJTJGb2dnJTIyJTIwJTJGJTNFJTNDJTJGYXVkaW8lM0UlMEElM0NkaXYlMjBjbGFzcyUzRCUyMmF1ZGlvX3JpZ2h0JTIyJTNFJTNDaDMlM0UlM0NhJTIwaHJlZiUzRCUyMmh0dHBzJTNBJTJGJTJGd3d3Lm1peGNsb3VkLmNvbSUyRlFBWU4lMkYxNi12b2l4LTE2LWV4cGVyaWVuY2VzLXBlcnBldHVlLWNhbWVyb3VuJTJGJTNGdXRtX3NvdXJjZSUzRHdpZGdldCUyNmFtcCUzQmFtcCUzQnV0bV9tZWRpdW0lM0R3ZWIlMjZhbXAlM0JhbXAlM0J1dG1fY2FtcGFpZ24lM0RiYXNlX2xpbmtzJTI2YW1wJTNCYW1wJTNCdXRtX3Rlcm0lM0RyZXNvdXJjZV9saW5rJTIyJTIwdGFyZ2V0JTNEJTIyX2JsYW5rJTIyJTIwcmVsJTNEJTIybm9vcGVuZXIlMjIlM0UxNiUyMFZPSVglMkMlMjAxNiUyMEVYUEVSSUVOQ0VTJTIwJTNBJTIwUEVSUEVUVUUlMjAlMjhDYW1lcm91biUyOSUzQyUyRmElM0UlM0MlMkZoMyUzRSUwQSUzQ3AlM0VieSUyMCUzQ2ElMjBocmVmJTNEJTIyaHR0cCUzQSUyRiUyRnd3dy5taXhjbG91ZC5jb20lMkZRQVlOJTJGJTNGdXRtX3NvdXJjZSUzRHdpZGdldCUyNmFtcCUzQmFtcCUzQnV0bV9tZWRpdW0lM0R3ZWIlMjZhbXAlM0JhbXAlM0J1dG1fY2FtcGFpZ24lM0RiYXNlX2xpbmtzJTI2YW1wJTNCYW1wJTNCdXRtX3Rlcm0lM0Rwcm9maWxlX2xpbmslMjIlMjB0YXJnZXQlM0QlMjJfYmxhbmslMjIlMjByZWwlM0QlMjJub29wZW5lciUyMiUzRVFheW4lM0MlMkZhJTNFJTIwb24lMjAlM0NhJTIwaHJlZiUzRCUyMmh0dHAlM0ElMkYlMkZ3d3cubWl4Y2xvdWQuY29tJTJGJTNGdXRtX3NvdXJjZSUzRHdpZGdldCUyNmFtcCUzQnV0bV9tZWRpdW0lM0R3ZWIlMjZhbXAlM0J1dG1fY2FtcGFpZ24lM0RiYXNlX2xpbmtzJTI2YW1wJTNCdXRtX3Rlcm0lM0Rob21lcGFnZV9saW5rJTIyJTIwdGFyZ2V0JTNEJTIyX2JsYW5rJTIyJTIwcmVsJTNEJTIybm9vcGVuZXIlMjIlM0UlMjBNaXhjbG91ZCUzQyUyRmElM0UlM0MlMkZwJTNFJTNDJTJGZGl2JTNFJTNDJTJGZGl2JTNF[\/vc_raw_html][vc_column_text] T\u00e9moignage de Perp\u00e9tue du Cameroun [\/vc_column_text][vc_column_text]Moi, c\u2019est Perp\u00e9tue j\u2019ai 23 ans, je suis camerounaise. J\u2019\u00e9tais dans un bar,&#8230;<\/p>\n","protected":false},"author":1,"featured_media":0,"parent":0,"menu_order":0,"comment_status":"closed","ping_status":"closed","template":"full_width.php","meta":{"rs_blank_template":"","rs_page_bg_color":"","slide_template_v7":"","footnotes":""},"class_list":["post-464","page","type-page","status-publish","hentry"],"_links":{"self":[{"href":"https:\/\/qayn.org\/en\/wp-json\/wp\/v2\/pages\/464","targetHints":{"allow":["GET"]}}],"collection":[{"href":"https:\/\/qayn.org\/en\/wp-json\/wp\/v2\/pages"}],"about":[{"href":"https:\/\/qayn.org\/en\/wp-json\/wp\/v2\/types\/page"}],"author":[{"embeddable":true,"href":"https:\/\/qayn.org\/en\/wp-json\/wp\/v2\/users\/1"}],"replies":[{"embeddable":true,"href":"https:\/\/qayn.org\/en\/wp-json\/wp\/v2\/comments?post=464"}],"version-history":[{"count":9,"href":"https:\/\/qayn.org\/en\/wp-json\/wp\/v2\/pages\/464\/revisions"}],"predecessor-version":[{"id":2346,"href":"https:\/\/qayn.org\/en\/wp-json\/wp\/v2\/pages\/464\/revisions\/2346"}],"wp:attachment":[{"href":"https:\/\/qayn.org\/en\/wp-json\/wp\/v2\/media?parent=464"}],"curies":[{"name":"wp","href":"https:\/\/api.w.org\/{rel}","templated":true}]}}