{"id":450,"date":"2017-11-01T05:00:52","date_gmt":"2017-11-01T05:00:52","guid":{"rendered":"http:\/\/websource.co\/qayn\/en\/voixgayture\/"},"modified":"2017-12-18T17:11:19","modified_gmt":"2017-12-18T17:11:19","slug":"voixgayture","status":"publish","type":"page","link":"https:\/\/qayn.org\/en\/voixgayture\/","title":{"rendered":"Voixgayture"},"content":{"rendered":"<div class=\"wpb-content-wrapper\"><p>[vc_row css_animation=&#8221;&#8221; row_type=&#8221;row&#8221; use_row_as_full_screen_section=&#8221;no&#8221; type=&#8221;grid&#8221; angled_section=&#8221;no&#8221; text_align=&#8221;left&#8221; background_image_as_pattern=&#8221;without_pattern&#8221; padding_top=&#8221;50&#8243; padding_bottom=&#8221;50&#8243; el_class=&#8221;single_audio_wrapper&#8221;][vc_column width=&#8221;1\/3&#8243;][vc_raw_html]JTNDZGl2JTIwY2xhc3MlM0QlMjJhdWRpb19wbGF5X3dyYXBwZXIlMjIlM0UlMEElM0NkaXYlMjBjbGFzcyUzRCUyMnBsYXklMjIlMjBpZCUzRCUyMjElMjIlM0UlM0NpJTIwY2xhc3MlM0QlMjJmYSUyMGZhLXBsYXklMjIlM0UlM0MlMkZpJTNFJTNDJTJGZGl2JTNFJTBBJTNDYXVkaW8lMjBpZCUzRCUyMnNvdW5kMSUyMiUzRSUzQ3NvdXJjZSUyMHNyYyUzRCUyMmh0dHAlM0ElMkYlMkZxYS5ndGVjaGRlbW8uY29tJTJGd3AtY29udGVudCUyRnVwbG9hZHMlMkYyMDE3JTJGMTIlMkYxNi1WT0lYLTE2LUVYUEVSSUVOQ0VTLV8tR0FZVFVSRS1CdXJraW5hLUZhc28ubXAzJTIyJTIwdHlwZSUzRCUyMmF1ZGlvJTJGb2dnJTIyJTIwJTJGJTNFJTNDJTJGYXVkaW8lM0UlMEElM0NkaXYlMjBjbGFzcyUzRCUyMmF1ZGlvX3JpZ2h0JTIyJTNFJTNDaDMlM0UlM0NhJTIwaHJlZiUzRCUyMmh0dHBzJTNBJTJGJTJGd3d3Lm1peGNsb3VkLmNvbSUyRlFBWU4lMkYxNi12b2l4LTE2LWV4cGVyaWVuY2VzLWdheXR1cmUtYnVya2luYS1mYXNvJTJGJTNGdXRtX3NvdXJjZSUzRHdpZGdldCUyNmFtcCUzQmFtcCUzQnV0bV9tZWRpdW0lM0R3ZWIlMjZhbXAlM0JhbXAlM0J1dG1fY2FtcGFpZ24lM0RiYXNlX2xpbmtzJTI2YW1wJTNCYW1wJTNCdXRtX3Rlcm0lM0RyZXNvdXJjZV9saW5rJTIyJTIwdGFyZ2V0JTNEJTIyX2JsYW5rJTIyJTIwcmVsJTNEJTIybm9vcGVuZXIlMjIlM0UxNiUyMFZPSVglMkMlMjAxNiUyMEVYUEVSSUVOQ0VTJTIwJTNBJTIwR0FZVFVSRSUyMCUyOEJ1cmtpbmElMjBGYXNvJTNDJTJGYSUzRSUzQyUyRmgzJTNFJTBBJTNDcCUzRWJ5JTIwJTNDYSUyMGhyZWYlM0QlMjJodHRwJTNBJTJGJTJGd3d3Lm1peGNsb3VkLmNvbSUyRlFBWU4lMkYlM0Z1dG1fc291cmNlJTNEd2lkZ2V0JTI2YW1wJTNCYW1wJTNCdXRtX21lZGl1bSUzRHdlYiUyNmFtcCUzQmFtcCUzQnV0bV9jYW1wYWlnbiUzRGJhc2VfbGlua3MlMjZhbXAlM0JhbXAlM0J1dG1fdGVybSUzRHByb2ZpbGVfbGluayUyMiUyMHRhcmdldCUzRCUyMl9ibGFuayUyMiUyMHJlbCUzRCUyMm5vb3BlbmVyJTIyJTNFUWF5biUzQyUyRmElM0UlMjBvbiUyMCUzQ2ElMjBocmVmJTNEJTIyaHR0cCUzQSUyRiUyRnd3dy5taXhjbG91ZC5jb20lMkYlM0Z1dG1fc291cmNlJTNEd2lkZ2V0JTI2YW1wJTNCdXRtX21lZGl1bSUzRHdlYiUyNmFtcCUzQnV0bV9jYW1wYWlnbiUzRGJhc2VfbGlua3MlMjZhbXAlM0J1dG1fdGVybSUzRGhvbWVwYWdlX2xpbmslMjIlMjB0YXJnZXQlM0QlMjJfYmxhbmslMjIlMjByZWwlM0QlMjJub29wZW5lciUyMiUzRSUyME1peGNsb3VkJTNDJTJGYSUzRSUzQyUyRnAlM0UlM0MlMkZkaXYlM0UlM0MlMkZkaXYlM0U=[\/vc_raw_html][vc_column_text]<\/p>\n<h2>T\u00e9moignage de Gayture du Burkina Faso<\/h2>\n<p>[\/vc_column_text][vc_column_text]Moi c\u2019est Gayture je suis burkinab\u00e9 et je suis lesbienne.<\/p>\n<p>Moi je dirais que les gens ils se fient sur l\u2019apparence de la personne pour lui porter certains pr\u00e9jug\u00e9es que ce soit moral ou physique. Bon je peux dire que j\u2019ai subi ces violences plusieurs fois m\u00eame hein. Plusieurs fois parce que je suis quand m\u00eame connu, un peu connu en tout cas. Et maintenant avec les gens qui entendent par ci par l\u00e0 que un tel est comme \u00e7a et quand un tel ressemble \u00e0 \u00e7a, cela veut dire qu\u2019elle est comme ci parce qu\u2019elle ressemble \u00e0 un gar\u00e7on. Voil\u00e0 c\u2019est un peu le ph\u00e9nom\u00e8ne maintenant. Donc s\u2019il te voit comme \u00e7a, il te regarde. D\u2019autres te demande bon. Je peux dire m\u00eame souvent si on te demande mais tu as une poitrine bien bomb\u00e9e devant toi mais on fait expr\u00e8s on te demande tu es gar\u00e7on ou tu es femme? Ca m\u00eame je pense que d\u00e9j\u00e0 psychologiquement ce n\u2019est pas int\u00e9ressant. Mais il y a ces gens qui vont faire expr\u00e8s venir te dire ouai elle est lesbienne, tu ne sais pas qu\u2019elle est lesbienne? Bon ils savent que tu entends ou d\u2019autres m\u00eame qui vont venir te dire carr\u00e9ment tu es lesbienne l\u00e0 m\u00eame \u00e7a veut dire quoi? D\u2019autres m\u00eame vont dire, elle est lesbienne, les lesbiennes moi je les d\u00e9teste. Si celle-l\u00e0 elle marche sur mon pied je vais la frapper quoi. Donc tu vois. D\u2019autres osent venir s\u2019arr\u00eater devant toi, en te disant : \u00ab tu t\u2019habille comme un gar\u00e7on comme \u00e7a est ce que tu ne vas pas essayer de t\u2019habiller comme une femme? \u00bb Bon je pense que souvent \u00e7a joue sur le moral aussi quoi. [\/vc_column_text][vc_column_text css=&#8221;.vc_custom_1513397984788{margin-top: 25px !important;margin-bottom: 25px !important;}&#8221; el_class=&#8221;q_audio_content_quotes&#8221;]<\/p>\n<blockquote><p>C\u2019est gar\u00e7on qui est fini dans pays-l\u00e0? Tu n\u2019as pas honte.<\/p><\/blockquote>\n<p>[\/vc_column_text][vc_single_image image=&#8221;438&#8243; img_size=&#8221;full&#8221; qode_css_animation=&#8221;&#8221; css=&#8221;.vc_custom_1509515114349{margin-bottom: 25px !important;}&#8221;][vc_column_text css=&#8221;.vc_custom_1513482857462{margin-top: 25px !important;margin-bottom: 25px !important;}&#8221;]<\/p>\n<p style=\"font-size: 13px;\">Xonanji<\/p>\n<p>[\/vc_column_text][vc_column_text]Parce que je ne pense pas que quelqu\u2019un ait le droit de venir te dire pourquoi tu es comme ci, tu es comme \u00e7a. Ou bien quelqu\u2019un qui vient te dire tu es comme ci l\u00e0, pourquoi tu es comme ci? Tu ne peux pas \u00eatre comme les autres? Ce n\u2019est pas int\u00e9ressant quoi. Ou soit tu es l\u00e0 tu marches calmement et quelqu\u2019un vient te dire\u2026 moi il m\u2019est arriv\u00e9 plusieurs fois en tout cas, plusieurs fois o\u00f9 des gens ont parl\u00e9, d\u2019autres m\u00eame sont venus me dire pourquoi tu es lesbienne? C\u2019est gar\u00e7on qui est fini dans pays-l\u00e0? Tu n\u2019as pas honte. Des trucs comme \u00e7a, te parler mal. Ce n\u2019est pas physique mais c\u2019est moral quoi.[\/vc_column_text][\/vc_column][vc_column width=&#8221;1\/3&#8243;][vc_column_text]J\u2019ai pleins d\u2019amis qui souvent quand on est assis quelqu\u2019un vas t\u2019expliquer ce qui lui est arriv\u00e9 et la plus part du temps c\u2019est un peu la m\u00eame chose.<\/p>\n<p>Mais je n\u2019ai jamais \u00e9t\u00e9 victime de violence physique parce que je suis lesbienne, je pense que je ne suis pas encore arriv\u00e9e \u00e0 l\u00e0.<\/p>\n<p>Je peux dire que la violence je l\u2019ai subi partout. Que ce soit en circulation, en mon lieu de travail, en famille. Une fois, j\u2019ai eu quelques probl\u00e8mes en famille, il y a des gens de la famille qui n\u2019ont pas \u00e9t\u00e9 cool avec moi mais ce n\u2019\u00e9tait pas tout le monde. Mais c\u2019\u00e9tait moral quoi ce n\u2019\u00e9tait pas une violence physique. En tout cas la violence elle est partout. Par exemple actuellement l\u00e0 o\u00f9 je travaille, je sais qu\u2019il y a des gens qui ont d\u00e9j\u00e0 entendu parler de moi parce qu\u2019il y a de ces paroles, quand il te parle, tu sens que non, ils veulent venir vers l\u00e0. Je sais mais moi aussi je les \u00e9coute. Quand il te demande ah mais pourquoi toi-m\u00eame tu ne t\u2019habille jamais comme une femme, tu t\u2019habille comme un homme, pourquoi tu es comme \u00e7a? Habille-toi comme les autres. M\u00eame ma patronne actuellement c\u2019est ce qu\u2019elle me dit. J\u2019ai un monsieur avec qui je causais la derni\u00e8re fois il m\u2019a demand\u00e9 que [\/vc_column_text][vc_column_text css=&#8221;.vc_custom_1513397973532{margin-top: 25px !important;margin-bottom: 25px !important;}&#8221; el_class=&#8221;q_audio_content_quotes&#8221;]<\/p>\n<blockquote><p>\u00ab toi-m\u00eame tu ne t\u2019habille pas comme les autres filles, est-ce que toi-m\u00eame tu as \u00e0 faire aux hommes? \u00bb<\/p><\/blockquote>\n<p>[\/vc_column_text][vc_column_text]Je dis bon je pense que cela ne te regarde pas ce qui est sure c\u2019est mon probl\u00e8me.\u00a0Tu vois, quand quelqu\u2019un te pose ces genres de questions tu vois directement que la personne veut te faire savoir que c\u2019est comme \u00e7a. Par exemple la derni\u00e8re fois, on \u00e9tait en train de parler des gays, c\u2019est une discussion qu\u2019on a eu un peu \u00e0 la caf\u00e8te. Des gens qui disaient qu\u2019eux ils d\u00e9testent les gays patati patata mais les lesbiennes eux \u00e7a vaut mieux,\u2026 que ce n\u2019est pas int\u00e9ressant, c\u2019est sale, jusqu\u2019\u00e0 d\u2019autres disent que si je vois un gay m\u00eame qui vient faire quoi je vais le frapper\u2026 Bon j\u2019ai essay\u00e9 de raisonner un peu mais l\u2019histoire des mossis l\u00e0 ce n\u2019est pas du tout facile mais j\u2019ai essay\u00e9 de les raisonner. Mais ils ont sentis que je n\u2019\u00e9tais pas avec eux puisqu\u2019ils \u00e9taient tous contre ce que je disais donc apr\u00e8s y a un monsieur qui m\u2019a demand\u00e9 que bon \u00ab\u00a0toi-m\u00eame tu t\u2019habille comme un homme comme \u00e7a est ce que toi-m\u00eame tu n\u2019aimes pas les femmes?\u00a0\u00bb Je dis bon m\u00eame si c\u2019est le cas je ne pense pas que ce serait un probl\u00e8me vu que toi et moi on n\u2019est pas familier je ne pense pas que \u00e7a puisse te poser probl\u00e8me. Que \u00e7a peut poser un probl\u00e8me parce que lui il peut ne plus me saluer hein. Je dis bon \u00e7a ne regarde que toi parce que si tu vas porter ton jugement sur les gens, l\u00e0 o\u00f9 tu es je ne pense pas que tu es aussi saint que \u00e7a hein. Si tu vas \u00eatre honn\u00eate avec toi-m\u00eame tu vas voir que tu fais des trucs m\u00eames qui d\u00e9passent. Et tu dis que tu penses que les homosexuel-le-s ils n\u2019ont rien \u00e0 faire que le sexe? Bon \u00e7a faillit faire un peu de bruit quoi, je me suis lever prendre mon sac me casser.<\/p>\n<p>La violence elle est partout, tu le subis partout, mais \u00e7a d\u00e9pend y a des gens qui ont des familles souples. Au niveau de la famille, si tu as une famille compr\u00e9hensive, souvent l\u00e0-bas \u00e7a passe un peu. Moi j\u2019ai eu la chance ce n\u2019est pas arriv\u00e9 chez mes parents vraiment. J\u2019\u00e9tais chez ma tante, c\u2019est l\u00e0-bas que \u00e7a a d\u00e9g\u00e9n\u00e9r\u00e9 mais heureusement c\u2019est rester l\u00e0-bas.<\/p>\n<p>A la famille je sais que c\u2019est une fois mais au dehors je ne pourrais m\u00eame pas te donner le nombre. <strong>Ou bien de fois tu es assise on va venir te cracher \u00e0 la figure sale lesbienne. Je ne peux m\u00eame pas le compter.\u00a0<\/strong>Des gens qui savent que oui, bon ils ont entendu que cette femme-l\u00e0 est comme \u00e7a, ils sont l\u00e0 \u00e0 c\u00f4t\u00e9 de toi expr\u00e8s pour parler, genre t\u2019amener \u00e0 l\u2019\u00e9nervement un truc comme \u00e7a. La plupart du temps m\u00eame c\u2019est dans les maquis,\u00a0 Dieu merci j\u2018ai toujours \u00e9t\u00e9 une personne qui \u00e9vite de faire la bagarre dans les coins comme cela, je n\u2019aime pas. M\u00eame en circulation quelqu\u2019un peut passer et dit mais ceux sont des lesbiennes, tu es une lesbienne?[\/vc_column_text][\/vc_column][vc_column width=&#8221;1\/3&#8243;][vc_single_image image=&#8221;439&#8243; img_size=&#8221;full&#8221; qode_css_animation=&#8221;&#8221;][vc_column_text css=&#8221;.vc_custom_1513482835134{margin-top: 25px !important;margin-bottom: 25px !important;}&#8221;]<\/p>\n<p style=\"font-size: 13px;\">Xonanji<\/p>\n<p>[\/vc_column_text][vc_column_text css=&#8221;.vc_custom_1513397960560{margin-top: 25px !important;margin-bottom: 25px !important;}&#8221; el_class=&#8221;q_audio_content_quotes&#8221;]<\/p>\n<blockquote><p>\u201cC\u2019est vrai que ces personnes-l\u00e0 ce n\u2019est pas des gens que je pourrais ramener \u00e0 la raison donc je les laisse.\u201d<\/p><\/blockquote>\n<p>[\/vc_column_text][vc_column_text]Et il te regarde. Souvent bon \u00e7a d\u00e9pend de tes humeurs. C\u2019est vrai c\u2019est ce que je suis. On ne va pas passer et voir un h\u00e9t\u00e9ro et dire ouais il est h\u00e9t\u00e9ro quoi. Souvent \u00e7a te fait mal. Je ne peux m\u00eame pas compter le nombre de fois qu\u2019on m\u2019a crach\u00e9 \u00e7a quoi. Mais je sais qu\u2019en famille c\u2019est une seule fois mais ce n\u2019\u00e9tait pas vraiment avec mes parents heureusement d\u2019ailleurs. Mais, \u00e7a d\u00e9pend de comment elle arrive. Parce que si je sens imm\u00e9diatement que\u2026 si par exemple au dehors comme \u00e7a, dans un maquis je suis assis avec mes amis ou je suis seul ou sur le goudron comme \u00e7a, quelqu\u2019un passe, il te parle mal ou quelque chose comme \u00e7a, <strong>c\u2019est vrai que ces personnes-l\u00e0 ce n\u2019est pas des gens que je pourrais ramener \u00e0 la raison donc je les laisse<\/strong>. \u00c7a me fait mal mais je les laisse et je pars. Mais si par exemple ce sont des gens qui sont arr\u00eat\u00e9s, qui sont en train de parler un peu calmement, qui disent ouais, j\u2019ai vu un p\u00e9d\u00e9 qui as fait \u00e7a, j\u2019ai vu une lesbienne, pourquoi ils sont comme \u00e7a, comme \u00e7a, je peux essayer \u00e0 les ramener un peu \u00e0 la raison pour qu\u2019ils comprennent que ces gens-l\u00e0 n\u2019ont pas fait un choix, ils ont fait, mais en fait ils sont n\u00e9s avec. C\u2019est quelque chose que\u2026 je prends souvent des exemples hein pour essayer de les montrer voir, pour qu\u2019ils essaient de comprendre que ces gens-l\u00e0 ils ne se sont pas lev\u00e9s un jour et dire bon je vais me comporter comme une femme, je vais me comporter comme un homme. J\u2019essaie souvent, vraiment ceux que tu vois que tu peux tenter le coup je vais laisser. Par exemple l\u2019histoire de la caf\u00e8te. Parfois on est arr\u00eat\u00e9 bon on cause, \u00e7a tourne un peu on vient parler des homosexuels, bon je ne vais pas aller commencer \u00e0 parler avec des gens que je ne connais m\u00eame pas d\u2019ailleurs. Si c\u2019est les gens ouais bonjour\u2026 c\u2019est comment\u00a0? Je peux qu\u2019\u00e0 m\u00eame m\u2019arr\u00eater essayer de dialoguer un peu avec ces gens-l\u00e0. Je ne pourrais pas les faire changer d\u2019avis c\u2019est vrai mais je vais essayer de mettre un petit quelque chose dans leur t\u00eate. Si c\u2019est carr\u00e9ment dans les maquis au dehors je n\u2019ose m\u00eame pas. Je me tais, je fais ce que j\u2019ai \u00e0 faire. C\u2019est vrai que l\u2019oreille aussi il est un peu bordel, il entend ce qu\u2019on dit l\u00e0, il est tout temps concentr\u00e9 pour \u00e9couter ce qu\u2019on dit de l\u2019autre c\u00f4t\u00e9. J\u2019\u00e9coute mais je ne veux rien dire.<\/p>\n<p>C\u2019est un engagement que j\u2019ai pris mais tout en me m\u00e9fiant quoi parce que je ne peux pas croiser quelqu\u2019un qui est sur sa moto ou qui est dans un maquis que je ne connais pas, bon. Comme ce que je l\u2019ai dit, \u00e7a d\u00e9pend de comment est la personne. La personne m\u00eame il est comment? Il est arrogant, il est un peu gentil, il est truc\u2026 \u00e7a veut dire que je ne vais pas me lever de ma table pour aller parler \u00e0 quelqu\u2019un qui est assis en train de parler parce que je ne sais pas qui est la personne je ne sais pas de quoi il est capable. Mais dans mon entourage oui.<\/p>\n<p>A chaque fois que j\u2019aurais l\u2019occasion de leur faire savoir qu\u2019ils n\u2019ont pas le droit de r\u00e9agir comme cela, je vais le faire. En tout cas je suis pr\u00eate \u00e0 \u00e7a mais pas \u00e0 l\u2019emporte-pi\u00e8ce quoi. A chaque fois que j\u2019aurais l\u2019occasion de dire que les gars vont savez ce n\u2019est pas comme \u00e7a, ce n\u2019est pas comme \u00e7a, vous devez essayer de voir autrement, je vais le faire. C\u2019est ce qui est dans ma t\u00eate.[\/vc_column_text][\/vc_column][\/vc_row]<\/p>\n<\/div>","protected":false},"excerpt":{"rendered":"<p>[vc_row css_animation=&#8221;&#8221; row_type=&#8221;row&#8221; use_row_as_full_screen_section=&#8221;no&#8221; type=&#8221;grid&#8221; angled_section=&#8221;no&#8221; text_align=&#8221;left&#8221; background_image_as_pattern=&#8221;without_pattern&#8221; padding_top=&#8221;50&#8243; padding_bottom=&#8221;50&#8243; el_class=&#8221;single_audio_wrapper&#8221;][vc_column width=&#8221;1\/3&#8243;][vc_raw_html]JTNDZGl2JTIwY2xhc3MlM0QlMjJhdWRpb19wbGF5X3dyYXBwZXIlMjIlM0UlMEElM0NkaXYlMjBjbGFzcyUzRCUyMnBsYXklMjIlMjBpZCUzRCUyMjElMjIlM0UlM0NpJTIwY2xhc3MlM0QlMjJmYSUyMGZhLXBsYXklMjIlM0UlM0MlMkZpJTNFJTNDJTJGZGl2JTNFJTBBJTNDYXVkaW8lMjBpZCUzRCUyMnNvdW5kMSUyMiUzRSUzQ3NvdXJjZSUyMHNyYyUzRCUyMmh0dHAlM0ElMkYlMkZxYS5ndGVjaGRlbW8uY29tJTJGd3AtY29udGVudCUyRnVwbG9hZHMlMkYyMDE3JTJGMTIlMkYxNi1WT0lYLTE2LUVYUEVSSUVOQ0VTLV8tR0FZVFVSRS1CdXJraW5hLUZhc28ubXAzJTIyJTIwdHlwZSUzRCUyMmF1ZGlvJTJGb2dnJTIyJTIwJTJGJTNFJTNDJTJGYXVkaW8lM0UlMEElM0NkaXYlMjBjbGFzcyUzRCUyMmF1ZGlvX3JpZ2h0JTIyJTNFJTNDaDMlM0UlM0NhJTIwaHJlZiUzRCUyMmh0dHBzJTNBJTJGJTJGd3d3Lm1peGNsb3VkLmNvbSUyRlFBWU4lMkYxNi12b2l4LTE2LWV4cGVyaWVuY2VzLWdheXR1cmUtYnVya2luYS1mYXNvJTJGJTNGdXRtX3NvdXJjZSUzRHdpZGdldCUyNmFtcCUzQmFtcCUzQnV0bV9tZWRpdW0lM0R3ZWIlMjZhbXAlM0JhbXAlM0J1dG1fY2FtcGFpZ24lM0RiYXNlX2xpbmtzJTI2YW1wJTNCYW1wJTNCdXRtX3Rlcm0lM0RyZXNvdXJjZV9saW5rJTIyJTIwdGFyZ2V0JTNEJTIyX2JsYW5rJTIyJTIwcmVsJTNEJTIybm9vcGVuZXIlMjIlM0UxNiUyMFZPSVglMkMlMjAxNiUyMEVYUEVSSUVOQ0VTJTIwJTNBJTIwR0FZVFVSRSUyMCUyOEJ1cmtpbmElMjBGYXNvJTNDJTJGYSUzRSUzQyUyRmgzJTNFJTBBJTNDcCUzRWJ5JTIwJTNDYSUyMGhyZWYlM0QlMjJodHRwJTNBJTJGJTJGd3d3Lm1peGNsb3VkLmNvbSUyRlFBWU4lMkYlM0Z1dG1fc291cmNlJTNEd2lkZ2V0JTI2YW1wJTNCYW1wJTNCdXRtX21lZGl1bSUzRHdlYiUyNmFtcCUzQmFtcCUzQnV0bV9jYW1wYWlnbiUzRGJhc2VfbGlua3MlMjZhbXAlM0JhbXAlM0J1dG1fdGVybSUzRHByb2ZpbGVfbGluayUyMiUyMHRhcmdldCUzRCUyMl9ibGFuayUyMiUyMHJlbCUzRCUyMm5vb3BlbmVyJTIyJTNFUWF5biUzQyUyRmElM0UlMjBvbiUyMCUzQ2ElMjBocmVmJTNEJTIyaHR0cCUzQSUyRiUyRnd3dy5taXhjbG91ZC5jb20lMkYlM0Z1dG1fc291cmNlJTNEd2lkZ2V0JTI2YW1wJTNCdXRtX21lZGl1bSUzRHdlYiUyNmFtcCUzQnV0bV9jYW1wYWlnbiUzRGJhc2VfbGlua3MlMjZhbXAlM0J1dG1fdGVybSUzRGhvbWVwYWdlX2xpbmslMjIlMjB0YXJnZXQlM0QlMjJfYmxhbmslMjIlMjByZWwlM0QlMjJub29wZW5lciUyMiUzRSUyME1peGNsb3VkJTNDJTJGYSUzRSUzQyUyRnAlM0UlM0MlMkZkaXYlM0UlM0MlMkZkaXYlM0U=[\/vc_raw_html][vc_column_text] T\u00e9moignage de Gayture du Burkina Faso [\/vc_column_text][vc_column_text]Moi c\u2019est Gayture je suis burkinab\u00e9 et je suis lesbienne. Moi je&#8230;<\/p>\n","protected":false},"author":1,"featured_media":0,"parent":0,"menu_order":0,"comment_status":"closed","ping_status":"closed","template":"full_width.php","meta":{"rs_blank_template":"","rs_page_bg_color":"","slide_template_v7":"","footnotes":""},"class_list":["post-450","page","type-page","status-publish","hentry"],"_links":{"self":[{"href":"https:\/\/qayn.org\/en\/wp-json\/wp\/v2\/pages\/450","targetHints":{"allow":["GET"]}}],"collection":[{"href":"https:\/\/qayn.org\/en\/wp-json\/wp\/v2\/pages"}],"about":[{"href":"https:\/\/qayn.org\/en\/wp-json\/wp\/v2\/types\/page"}],"author":[{"embeddable":true,"href":"https:\/\/qayn.org\/en\/wp-json\/wp\/v2\/users\/1"}],"replies":[{"embeddable":true,"href":"https:\/\/qayn.org\/en\/wp-json\/wp\/v2\/comments?post=450"}],"version-history":[{"count":7,"href":"https:\/\/qayn.org\/en\/wp-json\/wp\/v2\/pages\/450\/revisions"}],"predecessor-version":[{"id":2324,"href":"https:\/\/qayn.org\/en\/wp-json\/wp\/v2\/pages\/450\/revisions\/2324"}],"wp:attachment":[{"href":"https:\/\/qayn.org\/en\/wp-json\/wp\/v2\/media?parent=450"}],"curies":[{"name":"wp","href":"https:\/\/api.w.org\/{rel}","templated":true}]}}