{"id":423,"date":"2017-11-01T03:49:09","date_gmt":"2017-11-01T03:49:09","guid":{"rendered":"http:\/\/websource.co\/qayn\/en\/djibril\/"},"modified":"2017-12-18T19:35:17","modified_gmt":"2017-12-18T19:35:17","slug":"djibril","status":"publish","type":"page","link":"https:\/\/qayn.org\/en\/djibril\/","title":{"rendered":"Djibril"},"content":{"rendered":"<div class=\"wpb-content-wrapper\"><p>[vc_row css_animation=&#8221;&#8221; row_type=&#8221;row&#8221; use_row_as_full_screen_section=&#8221;no&#8221; type=&#8221;grid&#8221; angled_section=&#8221;no&#8221; text_align=&#8221;left&#8221; background_image_as_pattern=&#8221;without_pattern&#8221; padding_top=&#8221;50&#8243; padding_bottom=&#8221;50&#8243; el_class=&#8221;single_audio_wrapper&#8221;][vc_column width=&#8221;1\/3&#8243;][vc_raw_html]JTNDZGl2JTIwY2xhc3MlM0QlMjJhdWRpb19wbGF5X3dyYXBwZXIlMjIlM0UlMEElM0NkaXYlMjBjbGFzcyUzRCUyMnBsYXklMjIlMjBpZCUzRCUyMjElMjIlM0UlM0NpJTIwY2xhc3MlM0QlMjJmYSUyMGZhLXBsYXklMjIlM0UlM0MlMkZpJTNFJTNDJTJGZGl2JTNFJTBBJTNDYXVkaW8lMjBpZCUzRCUyMnNvdW5kMSUyMiUzRSUzQ3NvdXJjZSUyMHNyYyUzRCUyMmh0dHAlM0ElMkYlMkZxYS5ndGVjaGRlbW8uY29tJTJGd3AtY29udGVudCUyRnVwbG9hZHMlMkYyMDE3JTJGMTIlMkYxNi1WT0lYLTE2LUVYUEVSSUVOQ0VTLV8tREpJQlJJTC1DYW1lcm91bi5tcDMlMjIlMjB0eXBlJTNEJTIyYXVkaW8lMkZvZ2clMjIlMjAlMkYlM0UlM0MlMkZhdWRpbyUzRSUwQSUzQ2RpdiUyMGNsYXNzJTNEJTIyYXVkaW9fcmlnaHQlMjIlM0UlM0NoMyUzRSUzQ2ElMjBocmVmJTNEJTIyaHR0cCUzQSUyRiUyRnd3dy5taXhjbG91ZC5jb20lMkZRQVlOJTJGMTYtdm9peC0xNi1leHBlcmllbmNlcy1kamlicmlsLWNhbWVyb3VuJTJGJTNGdXRtX3NvdXJjZSUzRHdpZGdldCUyNmFtcCUzQmFtcCUzQnV0bV9tZWRpdW0lM0R3ZWIlMjZhbXAlM0JhbXAlM0J1dG1fY2FtcGFpZ24lM0RiYXNlX2xpbmtzJTI2YW1wJTNCYW1wJTNCdXRtX3Rlcm0lM0RyZXNvdXJjZV9saW5rJTIyJTIwdGFyZ2V0JTNEJTIyX2JsYW5rJTIyJTIwcmVsJTNEJTIybm9vcGVuZXIlMjIlM0UxNiUyMFZPSVglMkMlMjAxNiUyMEVYUEVSSUVOQ0VTJTIwJTNBJTIwREpJQlJJTCUyMCUyOENhbWVyb3VuJTI5JTNDJTJGYSUzRSUzQyUyRmgzJTNFJTBBJTNDcCUzRWJ5JTIwJTNDYSUyMGhyZWYlM0QlMjJodHRwJTNBJTJGJTJGd3d3Lm1peGNsb3VkLmNvbSUyRlFBWU4lMkYlM0Z1dG1fc291cmNlJTNEd2lkZ2V0JTI2YW1wJTNCYW1wJTNCdXRtX21lZGl1bSUzRHdlYiUyNmFtcCUzQmFtcCUzQnV0bV9jYW1wYWlnbiUzRGJhc2VfbGlua3MlMjZhbXAlM0JhbXAlM0J1dG1fdGVybSUzRHByb2ZpbGVfbGluayUyMiUyMHRhcmdldCUzRCUyMl9ibGFuayUyMiUyMHJlbCUzRCUyMm5vb3BlbmVyJTIyJTNFUWF5biUzQyUyRmElM0UlMjBvbiUyMCUzQ2ElMjBocmVmJTNEJTIyaHR0cCUzQSUyRiUyRnd3dy5taXhjbG91ZC5jb20lMkYlM0Z1dG1fc291cmNlJTNEd2lkZ2V0JTI2YW1wJTNCdXRtX21lZGl1bSUzRHdlYiUyNmFtcCUzQnV0bV9jYW1wYWlnbiUzRGJhc2VfbGlua3MlMjZhbXAlM0J1dG1fdGVybSUzRGhvbWVwYWdlX2xpbmslMjIlMjB0YXJnZXQlM0QlMjJfYmxhbmslMjIlMjByZWwlM0QlMjJub29wZW5lciUyMiUzRSUyME1peGNsb3VkJTNDJTJGYSUzRSUzQyUyRnAlM0UlM0MlMkZkaXYlM0UlM0MlMkZkaXYlM0U=[\/vc_raw_html][vc_column_text]<\/p>\n<h2>T\u00e9moignage de Djibril du Cameroun<\/h2>\n<p>[\/vc_column_text][vc_column_text]Je m\u2019appelle Anne Marie, mes amies m\u2019appellent Djibril, certaines m\u2019appellent Ma\u00eetre Gims.<\/p>\n<p>Merci d\u00e9j\u00e0 pour l\u2019occasion qui m\u2019est permise de pouvoir parler de ma violence. Bien que je ne sais pas si \u00e7a sera facile de le faire, mais si j\u2019ai accept\u00e9 c\u2019est que je\u2026je vais faire quelque chose quand m\u00eame.<\/p>\n<p>Euh, commen\u00e7ant par la d\u00e9finition, j\u2019entends par violence bas\u00e9e sur le genre. Je dirai d\u2019abord genre, je pense genre, je dirai juste que c\u2019est la repr\u00e9sentation que chacun se fait de soi-m\u00eame hein! Parce que tu peux \u00eatre femme et que tu te sentes comme un homme. L\u00e0 c\u2019est d\u00e9j\u00e0 le genre. Donc, moi je prends \u00e7a comme \u00e7a.<\/p>\n<p>Et en parlant maintenant de la violence bas\u00e9e sur le genre, c\u2019est l\u2019ensemble des s\u00e9vices, et mauvais traitements, je pense. Et mauvais traitements que pourrait subir, un individu par rapport \u00e0 la repr\u00e9sentation qu\u2019il se fait de lui-m\u00eame. C\u2019est comme \u00e7a que je prends \u00e7a.[\/vc_column_text][vc_column_text css=&#8221;.vc_custom_1513397890325{margin-top: 25px !important;margin-bottom: 25px !important;}&#8221; el_class=&#8221;q_audio_content_quotes&#8221;]<\/p>\n<blockquote><p>&#8220;Tu es lesbienne, tu baises d\u2019habitude avec les femmes, comment tu peux \u00eatre la honte de la famille?&#8221;<\/p><\/blockquote>\n<p>[\/vc_column_text][vc_column_text]Et pour, euh, la premi\u00e8re exp\u00e9rience de ce type de violence. C\u2019est o\u00f9 c\u2019\u00e9tait vraiment dur pour moi. Parce que ma premi\u00e8re (sanglots) pardon, ma premi\u00e8re exp\u00e9rience, \u00e9tait en famille. Donc euh, c\u2019\u00e9tait, c\u2019est ce que je ne supporte g\u00e9n\u00e9ralement pas. Et je d\u00e9teste parler de \u00e7a (sanglots).<\/p>\n<p>Disons un matin comme \u00e7a, je me suis lev\u00e9e je suis all\u00e9e en cours. Et j\u2019avais cours ce jour de, je crois, de 8h \u00e0 18h. Quand j\u2019\u00e9tais en cours, \u00e0 partir de 16h30 mon t\u00e9l\u00e9phone commence \u00e0 sonner. C\u2019est d\u2019abord papa qui m\u2019appelle, apr\u00e8s c\u2019est mon grand fr\u00e8re qui m\u2019appelle, toutes les tantes qui m\u2019appellent et tout \u00e7a. Et je ne r\u00e9pondais toujours pas (pleurs) bon comme je disais. Tout le monde m\u2019appelle \u00e0 la fois, et puis c\u2019est \u00e0 19h que j\u2019arrive \u00e0 la maison. Je trouve tout le monde, toute la famille qui \u00e9tait l\u00e0. Mon p\u00e8re, mes fr\u00e8res et tout \u00e7a. Mon grand fr\u00e8re commence \u00e0 me violenter, commence \u00e0 me battre. \u00ab Tu es lesbienne, tu baises d\u2019habitude avec les femmes, comment tu peux \u00eatre la honte de la famille ?\u00bb comment tu peux faire ceci, comment tu peux faire cela. Tout ce que j\u2019avais \u00e0\u2026 j\u2019\u00e9tais sans d\u00e9fense. Tout ce que j\u2019avais \u00e0 faire c\u2019est, commencer \u00e0 nier. Je ne sais rien de tout ce que vous racontez, qu\u2019est ce qui se passe? Et tout \u00e7a, qu\u2019est ce qui se passe? Ils m\u2019ont bien frapp\u00e9s. A un moment donn\u00e9, mon p\u00e8re a dit, mais tiens, il faut quand m\u00eame lui dire quelque chose par rapport \u00e0 ce qu\u2019on lui reproche! (sanglot) et c\u2019est comme \u00e7a, mon p\u00e8re commence \u00e0 me dire qu\u2019on lui a dit que j\u2019\u00e9tais lesbienne, que je sortais avec les femmes depuis longtemps. Et il n\u2019\u00e9tait jamais au courant, et il n\u2019a jamais\u2026 il n\u2019a jamais, il ne m\u2019a jamais vu avec un homme, c\u2019est pourquoi il est l\u00e0, et il veut savoir pourquoi, j\u2019ai d\u00e9cid\u00e9 de faire un mauvais choix de vie. Tout ce que je pouvais dire (pleurs) c\u2019\u00e9tait que (pleurs) c\u2019\u00e9tait que je ne suis pas (sanglots), je ne le suis pas donc euh, qu\u2019il n\u2019aille pas chercher ce qu\u2019il n\u2019y a pas. Parce que je ne le suis pas. Donc, et apr\u00e8s \u00e7a, mon grand fr\u00e8re encore a continu\u00e9 \u00e0 me battre, j\u2019ai donc pris la fuite.<\/p>\n<p>(Pleurs) je suis partie, et lorsque je suis partie, je suis arriv\u00e9e chez une amie. Elle m\u2019a dit qu\u2019elle ne pouvait pas me garder chez elle. Mais il fallait que je dorme quelque part. Ce jour-l\u00e0 m\u00eame \u00e9tait tr\u00e8s mauvaise journ\u00e9e, c\u2019est-\u00e0-dire que j\u2019\u00e9tais en train de saigner[1]. J\u2019ai pass\u00e9 toute la journ\u00e9e sans prendre un bain. Non seulement j\u2019\u00e9tais sale, j\u2019\u00e9tais bourr\u00e9e de poussi\u00e8re, parce qu\u2019on me tra\u00eenait un peu partout ; ma propre famille en plus, me trainait un peu partout et tout le quartier \u00e9tait l\u00e0. Tout le monde \u00e9tait l\u00e0. Et n\u2019importe qui criait lesbienne et tout \u00e7a, machin et tout. Mon amie a dit qu\u2019elle ne pouvait pas m\u2019h\u00e9berger. Je n\u2019avais qu\u2019un ami d\u2019enfance, qui me faisait la cour. Alors comme il avait quitt\u00e9 le quartier, j\u2019ai suppos\u00e9 qu\u2019il n\u2019\u00e9tait pas au courant de cette histoire. Donc, c\u2019est chez lui que je pouvais, je pouvais me refugier. Je suis all\u00e9e chez lui. J\u2019ai d\u2019abord&#8230; J\u2019ai pass\u00e9 \u00e0 peu pr\u00e8s 2 semaines chez lui. Apr\u00e8s 2 semaines il a commenc\u00e9 \u00e0 me harceler, il voulait des rapports sexuels avec moi. Il me harcelait, il me harcelait. (sanglots) Une nuit, lui aussi, il a essay\u00e9 de me violer (pleurs) il a essay\u00e9 de me violer. J\u2019ai vraiment, je me suis vraiment battue, j\u2019ai d\u00fb quitter sa maison \u00e0 2 heures du matin. Un quartier o\u00f9 je ne connaissais pratiquement personne (pleurs) je ne connaissais personne, je suis all\u00e9e\u2026 (pleurs) j\u2019ai pass\u00e9 la nuit dans la rue (pleurs), j\u2019ai pass\u00e9 la nuit dans la rue.<\/p>\n<p>Le matin, j\u2019ai essay\u00e9 d\u2019appeler un ami qui habitait de l\u2019autre c\u00f4t\u00e9, il m\u2019a dit qu\u2019il pouvait m\u2019h\u00e9berger chez eux. Et quand je suis arriv\u00e9e chez eux, j\u2019ai fait un mois, puis j\u2019ai fait deux. Et c\u2019est quand le deuxi\u00e8me mois commen\u00e7ait \u00e0 s\u2019achever que ma famille, commen\u00e7ait \u00e0 me chercher. J\u2019apprenais seulement les nouvelles de mes amiEs qui m\u2019appelaient pour me dire que \u00ab que tes grands fr\u00e8res, avec les anti-gangs sont en train de te chercher, et toutes les lesbiennes qu\u2019ils arr\u00eatent, ils essayent de les menacer, il y a d\u00e9j\u00e0 quatre personnes qui sont d\u00e9j\u00e0 en cellules, parce qu\u2019ils marchaient avec toi, parce qu\u2019elles marchaient avec toi, il faut que tu rentres \u00bb.<\/p>\n<p><a href=\"http:\/\/qayn.org\/djibril\/\" data-cke-saved-href=\"#_ftnref1\">[1]<\/a>\u00a0Les menstrues[\/vc_column_text][\/vc_column][vc_column width=&#8221;1\/3&#8243;][vc_column_text]Moi je leur ai dit que je ne pouvais pas rentrer. D\u00e9fendez-vous comme vous pouvez, moi je me sens \u00e0 l\u2019aise ici. Et ici, moi je n\u2019ai pas de probl\u00e8mes, je n\u2019ai pas de pressions. Donc je suis rest\u00e9e, apr\u00e8s\u00a0; un jour mon p\u00e8re m\u2019appelle tout en larmes, il pleure, il pleure, il pleure. Qu\u2019est-ce qu\u2019il fallait que je fasse?<\/p>\n<p>Comme c\u2019est\u2026 en fait mon p\u00e8re c\u2019est l\u2019\u00eatre le plus cher de ma vie, je l\u2019aime tellement, je n\u2019ai pas voulu le blesser. Parce que ce jour, beaucoup de gens m\u2019ont battu. Mais lui il n\u2019a pas lev\u00e9 le petit doigt.\u00a0 <strong>C\u2019est comme si dans son coin, il voulait faire quelque chose, mais il ne pouvait pas parce qu\u2019il y avait tout ce monde-l\u00e0<\/strong>,\u00a0je ne sais pas (sanglot) il m\u2019a appel\u00e9 au t\u00e9l\u00e9phone, il pleurait, j\u2019ai bien voulu rentrer \u00e0 la maison. C\u2019est comme \u00e7a que cette ann\u00e9e-l\u00e0 m\u00eame j\u2019ai laiss\u00e9 l\u2019\u00e9cole. J\u2019ai laiss\u00e9 l\u2019\u00e9cole, donc euh. Donc quand je suis revenue \u00e0 la maison, euh on m\u2019a pos\u00e9 des questions par rapport \u00e0 \u00e7a. Je suis rest\u00e9e, j\u2019\u00e9tais oblig\u00e9e de laisser les cours. Parce que j\u2019avais\u2026j\u2019avais \u00e9norm\u00e9ment rat\u00e9. Et c\u2019est comme \u00e7a aussi que mon p\u00e8re s\u2019est d\u00e9courag\u00e9 pour ma scolarit\u00e9, mes fr\u00e8res aussi. Donc je me sentais seule. Je me sentais, j\u2019\u00e9tais un peu comme si j\u2019\u00e9tais abandonn\u00e9e. Mais mon p\u00e8re quand m\u00eame me soutenait, avec un peu d\u2019argent de poche.<\/p>\n<p>Et euh!!! bon, je dirais que c\u2019\u00e9tait ma premi\u00e8re exp\u00e9rience, c\u2019est \u00e7a hein!! <strong>En famille. J\u2019\u00e9tais en famille, la personne \u00e9tait tr\u00e8s proche, oui, la personne \u00e9tait tr\u00e8s proche. Parce que c\u2019\u00e9tait ma tante qui avait organis\u00e9 tout \u00e7a, qui avait mont\u00e9 le coup.<\/strong> C\u2019est vrai que, c\u2019\u00e9tait aussi une n\u00e9gligence de notre part.\u00a0 Parce que j\u2019\u00e9tais en bo\u00eete la veille, avec des amiEs. Nous sommes rentr\u00e9Es ensemble tous chez nous. Et le matin je les ai laiss\u00e9s pour aller \u00e0 l\u2019\u00e9cole. Derri\u00e8re, je ne savais pas ce qu\u2019elles faisaient mais elles avaient oubli\u00e9 de bien fermer la porte. Et ma tante a d\u00fb voir. Elle ne savait pas comment \u00e7a se faisait, donc elle a d\u00fb faire appel \u00e0 la famille, en leur disant que je suis lesbienne. Et c\u2019est comme \u00e7a que j\u2019ai re\u00e7u tout ce que je viens de vous dire plus haut.[\/vc_column_text][vc_column_text css=&#8221;.vc_custom_1513397903600{margin-top: 25px !important;margin-bottom: 25px !important;}&#8221; el_class=&#8221;q_audio_content_quotes&#8221;]<\/p>\n<blockquote><p>M\u00eame un bandit ici, on ne le br\u00fble pas comme \u00e7a!<\/p><\/blockquote>\n<p>[\/vc_column_text][vc_column_text]C\u2019est vrai que, ce n\u2019est pas seulement \u00e7a. J\u2019en ai re\u00e7u, des violences, une fois dans ma famille, une fois avec ma partenaire et une fois avec la population. Donc je dirai que j\u2019ai, j\u2019ai vraiment eu ma dose en fait (rire) j\u2019ai vraiment eu ma dose. Ma premi\u00e8re fois en famille j\u2019ai d\u00e9j\u00e0 dit \u00e7a plus haut. Avec ma partenaire d\u00e9j\u00e0, en fait c\u2019\u00e9tait une femme mari\u00e9e, qui se faisait passer pour une femme non mari\u00e9e, en fait. Donc euh, on est sorties ensemble. A un moment donn\u00e9, elle m\u2019a dit que, elle ne voulait plus de la relation. Moi j\u2019ai dit que ok, il n\u2019y a pas de soucis. Donc on s\u2019est s\u00e9par\u00e9es, chacune \u00e9tait de son c\u00f4t\u00e9. Parce qu\u2019elle l\u2019avait dit, chacune \u00e9tait libre de refaire sa vie comme bon lui semblait. J\u2019avais refait la mienne, elle avait refait la sienne. Donc il y avait rien \u00e0 cirer dans la vie de l\u2019autre. Elle atterrit chez moi, un de ces matins \u00e0 2h du matin. Parce qu\u2019avec ce que j\u2019avais eu en famille, j\u2019ai d\u00e9cid\u00e9 de m\u2019\u00e9clipser, aller me trouver, une petite chambre que je pouvais louer, et \u00eatre plus tranquille. Donc, c\u2019est comme \u00e7a qu\u2019elle arrive chez moi \u00e0 2h. Je suis avec ma petite amie, en train de dormir, elle frappe \u00e0 ma porte. Et quand j\u2019ouvre, elle commence avec juste des menaces, elle commence \u00e0 me casser tout \u00e0 la maison. Pourquoi est-ce que je l\u2019ai remplac\u00e9 aussi t\u00f4t et tout et tout. Comme \u00e7a la population. La population alors commence \u00e0 courir pour voir ce qui se passe, curiosit\u00e9. Qu\u2019est ce qui se passe l\u00e0-bas? Qu\u2019est ce qui se passe. J\u2019ai essay\u00e9 de la calmer, on a discut\u00e9 de 2h du matin \u00e0 6h30. Et l\u00e0 c\u2019\u00e9tait la totale. Parce que tout le monde \u00e9tait l\u00e0 et tout le monde qui allait au travail tr\u00e8s t\u00f4t, ceux qui allaient au march\u00e9, ceux qui euh, bref tout le monde qui vaquait \u00e0 leurs occupations quoi! Donc tout le monde \u00e9tait l\u00e0 et vivait la sc\u00e8ne comme si c\u2019\u00e9tait un film t\u00e9l\u00e9. Ils regardaient\u2026d\u2019autres se moquaient. D\u2019autres essayaient de calmer la situation, d\u2019autres me mena\u00e7aient et tout \u00e7a. Et par la suite, j\u2019ai appel\u00e9 un ami qui est\u2026qui a essay\u00e9 de calmer la situation. Mais plus tard, quand je suis rentr\u00e9e au quartier, les gars (rire), tout le quartier m\u2019avait appr\u00eat\u00e9 des roues pour me\u2026 ils disaient, si je descends dans ce quartier, on met les roues et on me br\u00fble. Donc j\u2019ai d\u00fb quitter de chez moi, tout ce que j\u2019ai pu faire, c\u2019est appeler ma petite amie, qui \u00e9tait rest\u00e9e dans la chambre. Je lui ai demand\u00e9 d\u2019essayer de plier ses v\u00eatements \u00e0 elle et sortir, comme on l\u2019a conna\u00eet pas. De sortir avec les cl\u00e9s, qu\u2019elle aille chez elle. Et quand \u00e7a sera un peu plus calme, j\u2019allais l\u2019appeler. Donc c\u2019est comme \u00e7a que je suis partie, je dormais chez les amiEs, aujourd\u2019hui chez celui-ci, demain chez celui-l\u00e0. J\u2019ai d\u00fb faire \u00e7a pendant je crois peut-\u00eatre 3 \u00e0 4mois. Pour pouvoir me retrouver une autre chambre et recommencer une nouvelle vie. Disons que l\u00e0 c\u2019\u00e9tait celle de ma petite amie. Donc euh j\u2019ai (rire) \u00e9chapp\u00e9 belle en fait. Les roues que j\u2019avais vu qui \u00e9taient pr\u00e9vues pour moi, (rire) m\u00eame un bandit ici, on ne le br\u00fble pas comme \u00e7a! Donc c\u2019\u00e9tait un peu \u00e7a.[\/vc_column_text][\/vc_column][vc_column width=&#8221;1\/3&#8243;][vc_single_image image=&#8221;419&#8243; img_size=&#8221;full&#8221; qode_css_animation=&#8221;&#8221;][vc_column_text css=&#8221;.vc_custom_1513482671606{margin-top: 25px !important;margin-bottom: 25px !important;}&#8221;]<\/p>\n<p style=\"font-size: 13px;\">Xonanji<\/p>\n<p>[\/vc_column_text][vc_column_text css=&#8221;.vc_custom_1513397870674{margin-top: 25px !important;margin-bottom: 25px !important;}&#8221; el_class=&#8221;q_audio_content_quotes&#8221;]<\/p>\n<blockquote><p>\u201cIl n\u2019\u00e9tait jamais au courant, et il n\u2019a jamais\u2026 il n\u2019a jamais, il ne m\u2019a jamais vu avec un homme, c\u2019est pourquoi il est l\u00e0, et il veut savoir pourquoi, j\u2019ai d\u00e9cid\u00e9 de faire un mauvais choix de vie\u201d<\/p><\/blockquote>\n<p>[\/vc_column_text][vc_column_text]Pour le premier cas, j\u2019ai rien fait, aucune action. Je n\u2019ai fait recours \u00e0 aucune justice hein! Personne. C\u2019\u00e9tait ma famille, je ne pouvais pas quand m\u00eame porter plainte \u00e0 ma famille. Ce qu\u2019on allait me dire c\u2019\u00e9tait d\u2019aller r\u00e9soudre ce probl\u00e8me en famille. Les probl\u00e8mes de familles se r\u00e9solvent en famille, donc euh\u2026 Ce que j\u2019ai fait, c\u2019\u00e9tait juste me casser. Et comme je ne connaissais pas trop. Je ne connaissais pas encore trop mes droits, en tant que LGBT. En tant que lesbienne, je ne connaissais pas encore mes droits. Et pour la seconde fois, je me suis approch\u00e9e vers une OBC, on a essay\u00e9 de g\u00e9rer \u00e7a dans le communautaire. C\u2019est un peu \u00e7a.<\/p>\n<p>Pour mon implication dans la d\u00e9fense des droits, dans la d\u00e9fense contre des violences bas\u00e9es sur le genre, en fait, pour moi c\u2019est d\u2019abord m\u2019impliquer dans la d\u00e9fense des droits, des LGBT. \u00c7a c\u2019est s\u00fbr. M\u2019impliquer d\u00e9j\u00e0, parce que ce que j\u2019ai v\u00e9cu. Je n\u2019aimerais pas que demain, que quelqu\u2019un d\u2019autre revive \u00e7a. Parce que ce que j\u2019ai v\u00e9cu, jusqu\u2019aujourd\u2019hui quand j\u2019essaie d\u2019en parler. Je ne peux pas tenir la conversation sans verser une larme. Parce que ce jour, j\u2019ai \u00e9t\u00e9 tellement choqu\u00e9e. Et ma famille aussi. Je sais que \u00e7a a \u00e9t\u00e9 une d\u00e9ception pour elle. Parce que d\u00e9j\u00e0 je suis, l\u2019unique fille, d\u2019une famille de sept enfants. Je suis l\u2019unique fille, ils se disaient que comme chez nous en Afrique, ils ont beaucoup mis\u00e9 sur moi\u00a0: \u00ab\u00a0Notre s\u0153ur va se marier, elle va avoir des enfants, elle va fonder une famille et tout \u00e7a bon\u00a0\u00a0\u00bb! Et comme c\u2019\u00e9tait une d\u00e9ception, c\u2019\u00e9tait normal, qu\u2019ils fassent \u00e7a.<\/p>\n<p>Donc pour que ceux qui viennent ou ceux qui sont l\u00e0 subissent pas la m\u00eame chose, j\u2019aimerais tellement m\u2019impliquer pour la d\u00e9fense des droits des LGBT et essayer de contribuer \u00e0 la r\u00e9duction de ces violences de ce genre. Parce que \u00eatre violent\u00e9E par sa famille\u00a0; c\u2019est la chose la plus mauvaise qu\u2019il soit. Parce que ce que j\u2019avais ressenti le premier jour avec ma famille. La deuxi\u00e8me fois que les gens me disaient qu\u2019on va te br\u00fbler, \u00e7a n\u2019avait pas d\u2019effet sur moi. Le premier\u00a0 jour, j\u2019ai tent\u00e9 de me suicider, pas une fois, pas deux fois. Apr\u00e8s je me suis dit pourquoi me suicider. Apr\u00e8s comme tout le monde me dit, il faut sortir dans \u00e7a. J\u2019ai dit c\u2019est un truc o\u00f9 on ne peut sortir, je ne savais m\u00eame pas que l\u2019orientation sexuelle \u00e9tait inn\u00e9e hein\u00a0! Je ne savais pas\u00a0! J\u2019ai m\u00eame essayer de laisser tomber pour refaire une vie euh pour plaire \u00e0 la soci\u00e9t\u00e9 et tout, mais c\u2019est pas sortie. Donc l\u00e0 maintenant, je n\u2019aimerais pas que quelqu\u2019un d\u2019autre tombe dans ce p\u00e9trin. Que quelqu\u2019un d\u2019autre vive \u00e7a. Donc je veux juste dire, m\u2019impliquer fortement dans la d\u00e9fense des droits des LGBT, et enfin de contribuer \u00e0 la r\u00e9duction des violences de ce genre-l\u00e0. C\u2019est ce que je tiens \u00e0 dire. Je suis vraiment optimiste, l\u00e0-dessus. Tr\u00e8s optimiste, j\u2019irai jusqu\u2019au bout. Et devenir comme les autres s\u2019il le faut. S\u2019il faut faire en sorte que ce comportement animal l\u00e0 changent dans les m\u0153urs des africains, je le ferai.[\/vc_column_text][vc_column_text]<\/p>\n<p>&nbsp;<\/p>\n<p><a href=\"http:\/\/qayn.org\/djibril\/\">[1]<\/a>[1]\u00a0Organisation \u00e0 base communautaire (G\u00e9n\u00e9ralement ceux sont des associations de lutte contre le VIH ou de prise en charge des personnes vivant avec la maladie)[\/vc_column_text][\/vc_column][\/vc_row]<\/p>\n<\/div>","protected":false},"excerpt":{"rendered":"<p>[vc_row css_animation=&#8221;&#8221; row_type=&#8221;row&#8221; use_row_as_full_screen_section=&#8221;no&#8221; type=&#8221;grid&#8221; angled_section=&#8221;no&#8221; text_align=&#8221;left&#8221; background_image_as_pattern=&#8221;without_pattern&#8221; padding_top=&#8221;50&#8243; padding_bottom=&#8221;50&#8243; el_class=&#8221;single_audio_wrapper&#8221;][vc_column width=&#8221;1\/3&#8243;][vc_raw_html]JTNDZGl2JTIwY2xhc3MlM0QlMjJhdWRpb19wbGF5X3dyYXBwZXIlMjIlM0UlMEElM0NkaXYlMjBjbGFzcyUzRCUyMnBsYXklMjIlMjBpZCUzRCUyMjElMjIlM0UlM0NpJTIwY2xhc3MlM0QlMjJmYSUyMGZhLXBsYXklMjIlM0UlM0MlMkZpJTNFJTNDJTJGZGl2JTNFJTBBJTNDYXVkaW8lMjBpZCUzRCUyMnNvdW5kMSUyMiUzRSUzQ3NvdXJjZSUyMHNyYyUzRCUyMmh0dHAlM0ElMkYlMkZxYS5ndGVjaGRlbW8uY29tJTJGd3AtY29udGVudCUyRnVwbG9hZHMlMkYyMDE3JTJGMTIlMkYxNi1WT0lYLTE2LUVYUEVSSUVOQ0VTLV8tREpJQlJJTC1DYW1lcm91bi5tcDMlMjIlMjB0eXBlJTNEJTIyYXVkaW8lMkZvZ2clMjIlMjAlMkYlM0UlM0MlMkZhdWRpbyUzRSUwQSUzQ2RpdiUyMGNsYXNzJTNEJTIyYXVkaW9fcmlnaHQlMjIlM0UlM0NoMyUzRSUzQ2ElMjBocmVmJTNEJTIyaHR0cCUzQSUyRiUyRnd3dy5taXhjbG91ZC5jb20lMkZRQVlOJTJGMTYtdm9peC0xNi1leHBlcmllbmNlcy1kamlicmlsLWNhbWVyb3VuJTJGJTNGdXRtX3NvdXJjZSUzRHdpZGdldCUyNmFtcCUzQmFtcCUzQnV0bV9tZWRpdW0lM0R3ZWIlMjZhbXAlM0JhbXAlM0J1dG1fY2FtcGFpZ24lM0RiYXNlX2xpbmtzJTI2YW1wJTNCYW1wJTNCdXRtX3Rlcm0lM0RyZXNvdXJjZV9saW5rJTIyJTIwdGFyZ2V0JTNEJTIyX2JsYW5rJTIyJTIwcmVsJTNEJTIybm9vcGVuZXIlMjIlM0UxNiUyMFZPSVglMkMlMjAxNiUyMEVYUEVSSUVOQ0VTJTIwJTNBJTIwREpJQlJJTCUyMCUyOENhbWVyb3VuJTI5JTNDJTJGYSUzRSUzQyUyRmgzJTNFJTBBJTNDcCUzRWJ5JTIwJTNDYSUyMGhyZWYlM0QlMjJodHRwJTNBJTJGJTJGd3d3Lm1peGNsb3VkLmNvbSUyRlFBWU4lMkYlM0Z1dG1fc291cmNlJTNEd2lkZ2V0JTI2YW1wJTNCYW1wJTNCdXRtX21lZGl1bSUzRHdlYiUyNmFtcCUzQmFtcCUzQnV0bV9jYW1wYWlnbiUzRGJhc2VfbGlua3MlMjZhbXAlM0JhbXAlM0J1dG1fdGVybSUzRHByb2ZpbGVfbGluayUyMiUyMHRhcmdldCUzRCUyMl9ibGFuayUyMiUyMHJlbCUzRCUyMm5vb3BlbmVyJTIyJTNFUWF5biUzQyUyRmElM0UlMjBvbiUyMCUzQ2ElMjBocmVmJTNEJTIyaHR0cCUzQSUyRiUyRnd3dy5taXhjbG91ZC5jb20lMkYlM0Z1dG1fc291cmNlJTNEd2lkZ2V0JTI2YW1wJTNCdXRtX21lZGl1bSUzRHdlYiUyNmFtcCUzQnV0bV9jYW1wYWlnbiUzRGJhc2VfbGlua3MlMjZhbXAlM0J1dG1fdGVybSUzRGhvbWVwYWdlX2xpbmslMjIlMjB0YXJnZXQlM0QlMjJfYmxhbmslMjIlMjByZWwlM0QlMjJub29wZW5lciUyMiUzRSUyME1peGNsb3VkJTNDJTJGYSUzRSUzQyUyRnAlM0UlM0MlMkZkaXYlM0UlM0MlMkZkaXYlM0U=[\/vc_raw_html][vc_column_text] T\u00e9moignage de Djibril du Cameroun [\/vc_column_text][vc_column_text]Je m\u2019appelle Anne Marie, mes amies m\u2019appellent Djibril, certaines m\u2019appellent Ma\u00eetre Gims. Merci&#8230;<\/p>\n","protected":false},"author":1,"featured_media":0,"parent":0,"menu_order":0,"comment_status":"closed","ping_status":"closed","template":"full_width.php","meta":{"rs_blank_template":"","rs_page_bg_color":"","slide_template_v7":"","footnotes":""},"class_list":["post-423","page","type-page","status-publish","hentry"],"_links":{"self":[{"href":"https:\/\/qayn.org\/en\/wp-json\/wp\/v2\/pages\/423","targetHints":{"allow":["GET"]}}],"collection":[{"href":"https:\/\/qayn.org\/en\/wp-json\/wp\/v2\/pages"}],"about":[{"href":"https:\/\/qayn.org\/en\/wp-json\/wp\/v2\/types\/page"}],"author":[{"embeddable":true,"href":"https:\/\/qayn.org\/en\/wp-json\/wp\/v2\/users\/1"}],"replies":[{"embeddable":true,"href":"https:\/\/qayn.org\/en\/wp-json\/wp\/v2\/comments?post=423"}],"version-history":[{"count":17,"href":"https:\/\/qayn.org\/en\/wp-json\/wp\/v2\/pages\/423\/revisions"}],"predecessor-version":[{"id":2366,"href":"https:\/\/qayn.org\/en\/wp-json\/wp\/v2\/pages\/423\/revisions\/2366"}],"wp:attachment":[{"href":"https:\/\/qayn.org\/en\/wp-json\/wp\/v2\/media?parent=423"}],"curies":[{"name":"wp","href":"https:\/\/api.w.org\/{rel}","templated":true}]}}