{"id":2812,"date":"2018-01-20T13:54:55","date_gmt":"2018-01-20T13:54:55","guid":{"rendered":"http:\/\/qayn.org\/en\/?page_id=2812"},"modified":"2018-01-24T03:36:33","modified_gmt":"2018-01-24T03:36:33","slug":"blog-2","status":"publish","type":"page","link":"https:\/\/qayn.org\/en\/blog-2\/","title":{"rendered":"Blog"},"content":{"rendered":"<div class=\"wpb-content-wrapper\"><p>[vc_row css_animation=&#8221;&#8221; row_type=&#8221;row&#8221; use_row_as_full_screen_section=&#8221;no&#8221; type=&#8221;full_width&#8221; angled_section=&#8221;no&#8221; text_align=&#8221;left&#8221; background_image_as_pattern=&#8221;without_pattern&#8221;][vc_column][vc_column_text]<div class=\"q_blog_outer\">\n            <a href=\"https:\/\/qayn.org\/en\/blog\/covid-19\/\"><img decoding=\"async\" src=\"https:\/\/qayn.org\/wp-content\/uploads\/2020\/03\/Unity-min.jpg\"><\/a>\n            <h2><a href=\"https:\/\/qayn.org\/en\/blog\/covid-19\/\">COVID-19<\/a><\/h2>\n            <p><\/p>\n            <div class=\"read_more_button\">\n                <a itemprop=\"url\" href=\"https:\/\/qayn.org\/en\/blog\/covid-19\/\" target=\"_self\" title=\"Blog\">READ MORE<\/a>\n            <\/div>\n            <\/div>\n            <div class=\"q_blog_outer\">\n            <a href=\"https:\/\/qayn.org\/en\/blog\/la-3eme-ecole-activiste-de-qayn-une-aventure-interieure\/\"><img decoding=\"async\" src=\"https:\/\/qayn.org\/wp-content\/uploads\/2017\/11\/blog1.jpg\"><\/a>\n            <h2><a href=\"https:\/\/qayn.org\/en\/blog\/la-3eme-ecole-activiste-de-qayn-une-aventure-interieure\/\">La 3\u00e8me Ecole activiste de QAYN : Une aventure int\u00e9rieure<\/a><\/h2>\n            <p>J\u2019\u00e9tais \u00e0 Cotonou, au B\u00e9nin, du 6 au 10 juin de cette ann\u00e9e de gr\u00e2ce 2016. A la 3e Ecole activiste organis\u00e9e par QAYN, comme chaque deux ans depuis maintenant 6 ans, pour les femmes Queer, lesbiennes et bisexuelles et les personnes \u00ab Trans \u00bb d\u2019Afrique de l\u2019Ouest francophone et du Cameroun.<\/p>\n            <div class=\"read_more_button\">\n                <a itemprop=\"url\" href=\"https:\/\/qayn.org\/en\/blog\/la-3eme-ecole-activiste-de-qayn-une-aventure-interieure\/\" target=\"_self\" title=\"Blog\">READ MORE<\/a>\n            <\/div>\n            <\/div>\n            <div class=\"q_blog_outer\">\n            <a href=\"https:\/\/qayn.org\/en\/blog\/no-ifs-no-buts\/\"><img decoding=\"async\" src=\"https:\/\/qayn.org\/wp-content\/uploads\/2017\/11\/blog3.jpg\"><\/a>\n            <h2><a href=\"https:\/\/qayn.org\/en\/blog\/no-ifs-no-buts\/\">No Ifs. No Buts<\/a><\/h2>\n            <p>The thing was that in Cotonou, from 6-10 June, over 30 LBTQ activists met to talk about trans*, queer and feminist activism. It all began with a single thread that each participant attached to her\/his\/their wrist and passed it across to another person, threading through all the participants until a web was spun.<\/p>\n            <div class=\"read_more_button\">\n                <a itemprop=\"url\" href=\"https:\/\/qayn.org\/en\/blog\/no-ifs-no-buts\/\" target=\"_self\" title=\"Blog\">READ MORE<\/a>\n            <\/div>\n            <\/div>\n            [\/vc_column_text][\/vc_column][\/vc_row]<\/p>\n<\/div>","protected":false},"excerpt":{"rendered":"<p>[vc_row css_animation=&#8221;&#8221; row_type=&#8221;row&#8221; use_row_as_full_screen_section=&#8221;no&#8221; type=&#8221;full_width&#8221; angled_section=&#8221;no&#8221; text_align=&#8221;left&#8221; background_image_as_pattern=&#8221;without_pattern&#8221;][vc_column][vc_column_text][\/vc_column_text][\/vc_column][\/vc_row]<\/p>\n","protected":false},"author":1,"featured_media":0,"parent":0,"menu_order":0,"comment_status":"closed","ping_status":"closed","template":"","meta":{"rs_blank_template":"","rs_page_bg_color":"","slide_template_v7":"","footnotes":""},"class_list":["post-2812","page","type-page","status-publish","hentry"],"_links":{"self":[{"href":"https:\/\/qayn.org\/en\/wp-json\/wp\/v2\/pages\/2812","targetHints":{"allow":["GET"]}}],"collection":[{"href":"https:\/\/qayn.org\/en\/wp-json\/wp\/v2\/pages"}],"about":[{"href":"https:\/\/qayn.org\/en\/wp-json\/wp\/v2\/types\/page"}],"author":[{"embeddable":true,"href":"https:\/\/qayn.org\/en\/wp-json\/wp\/v2\/users\/1"}],"replies":[{"embeddable":true,"href":"https:\/\/qayn.org\/en\/wp-json\/wp\/v2\/comments?post=2812"}],"version-history":[{"count":2,"href":"https:\/\/qayn.org\/en\/wp-json\/wp\/v2\/pages\/2812\/revisions"}],"predecessor-version":[{"id":2847,"href":"https:\/\/qayn.org\/en\/wp-json\/wp\/v2\/pages\/2812\/revisions\/2847"}],"wp:attachment":[{"href":"https:\/\/qayn.org\/en\/wp-json\/wp\/v2\/media?parent=2812"}],"curies":[{"name":"wp","href":"https:\/\/api.w.org\/{rel}","templated":true}]}}