{"id":208,"date":"2017-10-27T09:24:35","date_gmt":"2017-10-27T09:24:35","guid":{"rendered":"http:\/\/websource.co\/qayn\/en\/?page_id=208"},"modified":"2017-12-15T01:38:42","modified_gmt":"2017-12-15T01:38:42","slug":"video","status":"publish","type":"page","link":"https:\/\/qayn.org\/en\/video\/","title":{"rendered":"Videos"},"content":{"rendered":"<div class=\"wpb-content-wrapper\"><p>[vc_row css_animation=&#8221;&#8221; row_type=&#8221;row&#8221; use_row_as_full_screen_section=&#8221;no&#8221; type=&#8221;full_width&#8221; angled_section=&#8221;no&#8221; text_align=&#8221;left&#8221; background_image_as_pattern=&#8221;without_pattern&#8221; background_color=&#8221;#8d0b22&#8243; padding_top=&#8221;50&#8243; padding_bottom=&#8221;50&#8243; el_class=&#8221;color_section video_top_wrapper&#8221;][vc_column][vc_row_inner row_type=&#8221;row&#8221; type=&#8221;grid&#8221; text_align=&#8221;left&#8221; css_animation=&#8221;&#8221;][vc_column_inner][vc_column_text]<\/p>\n<h2>Visibility and engagement<\/h2>\n<p>[\/vc_column_text][vc_separator type=&#8221;transparent&#8221; down=&#8221;10&#8243;][vc_column_text]How do we link our different struggles? To begin with, by becoming aware of the crosscutting and intersectional nature of our needs: access to healthcare, equitable treatment, justice, respect of identity, freedom to dispose of one\u2019s own body, equality of rights. Then, by organizing and participating in collectives spaces and activities such as training workshops, forums, information campaigns or conferences on women\u2019s rights. To better formulate these struggles, we also have to document our lives and share our experiences. This will enable leadership development and visibility. Finally, women\u2019s living conditions \u2013 Trans* women and FSF &#8211; will not change unless we mobilize to bring about changes to homophobic and sexist laws.<\/p>\n<p>These are some the reflections and engagements shared by participants of our 3rd Activist School in this video series on African queer feminist activism. [\/vc_column_text][\/vc_column_inner][\/vc_row_inner][\/vc_column][\/vc_row][vc_row css_animation=&#8221;&#8221; row_type=&#8221;row&#8221; use_row_as_full_screen_section=&#8221;no&#8221; type=&#8221;full_width&#8221; angled_section=&#8221;no&#8221; text_align=&#8221;left&#8221; background_image_as_pattern=&#8221;without_pattern&#8221; background_color=&#8221;#ffffff&#8221; padding_top=&#8221;50&#8243; padding_bottom=&#8221;50&#8243; el_class=&#8221;video_boxes&#8221;][vc_column][vc_row_inner row_type=&#8221;row&#8221; type=&#8221;grid&#8221; text_align=&#8221;left&#8221; css_animation=&#8221;&#8221;][vc_column_inner width=&#8221;1\/2&#8243;]<div class=\"qode_video_box\"><a itemprop=\"image\" class=\"qode_video_image\" href=\"https:\/\/vimeo.com\/181239225\" data-rel=\"prettyPhoto\"><img loading=\"lazy\" decoding=\"async\" width=\"750\" height=\"425\" src=\"https:\/\/qayn.org\/wp-content\/uploads\/2017\/10\/video5.jpg\" class=\"attachment-full size-full\" alt=\"\" srcset=\"https:\/\/qayn.org\/wp-content\/uploads\/2017\/10\/video5.jpg 750w, https:\/\/qayn.org\/wp-content\/uploads\/2017\/10\/video5-300x170.jpg 300w, https:\/\/qayn.org\/wp-content\/uploads\/2017\/10\/video5-700x397.jpg 700w\" sizes=\"auto, (max-width: 750px) 100vw, 750px\" \/><span class=\"qode_video_box_button_holder\"><span class=\"qode_video_box_button\"><span class=\"qode_video_box_button_arrow\"><\/span><\/span><\/span><\/a><\/div>[vc_separator type=&#8221;transparent&#8221; down=&#8221;15&#8243;][vc_column_text]<\/p>\n<h4>Lola<\/h4>\n<p>[\/vc_column_text][vc_column_text]Lola du Cameroun nous parle de son engagement politique et personnel entant qu&#8217;activiste queer f\u00e9ministe et les outils qu&#8217;elle exploite pour militer.[\/vc_column_text][\/vc_column_inner][vc_column_inner width=&#8221;1\/2&#8243;]<div class=\"qode_video_box\"><a itemprop=\"image\" class=\"qode_video_image\" href=\"https:\/\/vimeo.com\/194144014\" data-rel=\"prettyPhoto\"><img loading=\"lazy\" decoding=\"async\" width=\"750\" height=\"425\" src=\"https:\/\/qayn.org\/wp-content\/uploads\/2017\/10\/video1.jpg\" class=\"attachment-full size-full\" alt=\"\" srcset=\"https:\/\/qayn.org\/wp-content\/uploads\/2017\/10\/video1.jpg 750w, https:\/\/qayn.org\/wp-content\/uploads\/2017\/10\/video1-300x170.jpg 300w, https:\/\/qayn.org\/wp-content\/uploads\/2017\/10\/video1-700x397.jpg 700w\" sizes=\"auto, (max-width: 750px) 100vw, 750px\" \/><span class=\"qode_video_box_button_holder\"><span class=\"qode_video_box_button\"><span class=\"qode_video_box_button_arrow\"><\/span><\/span><\/span><\/a><\/div>[vc_separator type=&#8221;transparent&#8221; down=&#8221;15&#8243;][vc_column_text]<\/p>\n<h4>T-REZ<\/h4>\n<p>[\/vc_column_text][vc_column_text]Le personnel est politique: T-Rez nous parle des difficult\u00e9s a fond\u00e9 une famille entant que femmes et m\u00e8res queer au Cameroun &#8211; ce qui l&#8217;a amen\u00e9 vers l&#8217;activisme.[\/vc_column_text][\/vc_column_inner][\/vc_row_inner][vc_row_inner row_type=&#8221;row&#8221; type=&#8221;grid&#8221; text_align=&#8221;left&#8221; padding_top=&#8221;40&#8243; css_animation=&#8221;&#8221;][vc_column_inner width=&#8221;1\/2&#8243;]<div class=\"qode_video_box\"><a itemprop=\"image\" class=\"qode_video_image\" href=\"https:\/\/vimeo.com\/194150765\" data-rel=\"prettyPhoto\"><img loading=\"lazy\" decoding=\"async\" width=\"750\" height=\"425\" src=\"https:\/\/qayn.org\/wp-content\/uploads\/2017\/10\/video2.jpg\" class=\"attachment-full size-full\" alt=\"\" srcset=\"https:\/\/qayn.org\/wp-content\/uploads\/2017\/10\/video2.jpg 750w, https:\/\/qayn.org\/wp-content\/uploads\/2017\/10\/video2-300x170.jpg 300w, https:\/\/qayn.org\/wp-content\/uploads\/2017\/10\/video2-700x397.jpg 700w\" sizes=\"auto, (max-width: 750px) 100vw, 750px\" \/><span class=\"qode_video_box_button_holder\"><span class=\"qode_video_box_button\"><span class=\"qode_video_box_button_arrow\"><\/span><\/span><\/span><\/a><\/div>[vc_separator type=&#8221;transparent&#8221; down=&#8221;15&#8243;][vc_column_text]<\/p>\n<h4>ADO JUNIOR<\/h4>\n<p>[\/vc_column_text][vc_column_text]La fluidit\u00e9 de nos identit\u00e9s et son impact sur notre activisme &#8211; Ado de Lesbian Life Association C\u00f4te d&#8217;Ivoire (LLACA) nous parle de son exp\u00e9rience et des d\u00e9fis \u00e0 jongler entre les communaut\u00e9s lesbiennes et trans* d&#8217;Abidjan.[\/vc_column_text][\/vc_column_inner][vc_column_inner width=&#8221;1\/2&#8243;]<div class=\"qode_video_box\"><a itemprop=\"image\" class=\"qode_video_image\" href=\"https:\/\/vimeo.com\/181245445\" data-rel=\"prettyPhoto\"><img loading=\"lazy\" decoding=\"async\" width=\"750\" height=\"425\" src=\"https:\/\/qayn.org\/wp-content\/uploads\/2017\/10\/video3.jpg\" class=\"attachment-full size-full\" alt=\"\" srcset=\"https:\/\/qayn.org\/wp-content\/uploads\/2017\/10\/video3.jpg 750w, https:\/\/qayn.org\/wp-content\/uploads\/2017\/10\/video3-300x170.jpg 300w, https:\/\/qayn.org\/wp-content\/uploads\/2017\/10\/video3-700x397.jpg 700w\" sizes=\"auto, (max-width: 750px) 100vw, 750px\" \/><span class=\"qode_video_box_button_holder\"><span class=\"qode_video_box_button\"><span class=\"qode_video_box_button_arrow\"><\/span><\/span><\/span><\/a><\/div>[vc_separator type=&#8221;transparent&#8221; down=&#8221;15&#8243;][vc_column_text]<\/p>\n<h4>MC<\/h4>\n<p>[\/vc_column_text][vc_column_text]MC nous parle de son exp\u00e9rience entant que personne trans*, f\u00e9ministe et noire et ses difficult\u00e9s \u00e0 naviguer ces diff\u00e9rentes identit\u00e9s &#8211; que ce soit en Europe ou son retour en C\u00f4te d&#8217;Ivoire.[\/vc_column_text][\/vc_column_inner][\/vc_row_inner][vc_row_inner row_type=&#8221;row&#8221; type=&#8221;grid&#8221; text_align=&#8221;left&#8221; padding_top=&#8221;40&#8243; css_animation=&#8221;&#8221;][vc_column_inner width=&#8221;1\/2&#8243;]<div class=\"qode_video_box\"><a itemprop=\"image\" class=\"qode_video_image\" href=\"https:\/\/vimeo.com\/181247080\" data-rel=\"prettyPhoto\"><img loading=\"lazy\" decoding=\"async\" width=\"750\" height=\"425\" src=\"https:\/\/qayn.org\/wp-content\/uploads\/2017\/10\/video4.jpg\" class=\"attachment-full size-full\" alt=\"\" srcset=\"https:\/\/qayn.org\/wp-content\/uploads\/2017\/10\/video4.jpg 750w, https:\/\/qayn.org\/wp-content\/uploads\/2017\/10\/video4-300x170.jpg 300w, https:\/\/qayn.org\/wp-content\/uploads\/2017\/10\/video4-700x397.jpg 700w\" sizes=\"auto, (max-width: 750px) 100vw, 750px\" \/><span class=\"qode_video_box_button_holder\"><span class=\"qode_video_box_button\"><span class=\"qode_video_box_button_arrow\"><\/span><\/span><\/span><\/a><\/div>[vc_separator type=&#8221;transparent&#8221; down=&#8221;15&#8243;][vc_column_text]<\/p>\n<h4>MALIKA<\/h4>\n<p>[\/vc_column_text][vc_column_text]Comment articul\u00e9 les besoins des femmes trans* et motiver la communaut\u00e9 \u00e0 s&#8217;organiser? Telle est la mission de Malika et de sa nouvelle association, GET Inclusion.[\/vc_column_text][\/vc_column_inner][vc_column_inner width=&#8221;1\/2&#8243;]<div class=\"qode_video_box\"><a itemprop=\"image\" class=\"qode_video_image\" href=\"https:\/\/vimeo.com\/185554617\" data-rel=\"prettyPhoto\"><img loading=\"lazy\" decoding=\"async\" width=\"750\" height=\"425\" src=\"https:\/\/qayn.org\/wp-content\/uploads\/2017\/10\/video6.jpg\" class=\"attachment-full size-full\" alt=\"\" srcset=\"https:\/\/qayn.org\/wp-content\/uploads\/2017\/10\/video6.jpg 750w, https:\/\/qayn.org\/wp-content\/uploads\/2017\/10\/video6-300x170.jpg 300w, https:\/\/qayn.org\/wp-content\/uploads\/2017\/10\/video6-700x397.jpg 700w\" sizes=\"auto, (max-width: 750px) 100vw, 750px\" \/><span class=\"qode_video_box_button_holder\"><span class=\"qode_video_box_button\"><span class=\"qode_video_box_button_arrow\"><\/span><\/span><\/span><\/a><\/div>[vc_separator type=&#8221;transparent&#8221; down=&#8221;15&#8243;][vc_column_text]<\/p>\n<h4>CREDO<\/h4>\n<p>[\/vc_column_text][vc_column_text]Credo, la Secr\u00e9taire g\u00e9n\u00e9rale de AFRO-Benin nous parle des d\u00e9fis de mobilisation de leurs membres qui sont des jeunes femmes queer issues de milieux d\u00e9favoris\u00e9s.[\/vc_column_text][\/vc_column_inner][\/vc_row_inner][vc_row_inner row_type=&#8221;row&#8221; type=&#8221;grid&#8221; text_align=&#8221;left&#8221; padding_top=&#8221;50&#8243; css_animation=&#8221;&#8221;][vc_column_inner width=&#8221;1\/2&#8243;]<div class=\"qode_video_box\"><a itemprop=\"image\" class=\"qode_video_image\" href=\"https:\/\/vimeo.com\/185556395\" data-rel=\"prettyPhoto\"><img loading=\"lazy\" decoding=\"async\" width=\"750\" height=\"425\" src=\"https:\/\/qayn.org\/wp-content\/uploads\/2017\/10\/video7.jpg\" class=\"attachment-full size-full\" alt=\"\" srcset=\"https:\/\/qayn.org\/wp-content\/uploads\/2017\/10\/video7.jpg 750w, https:\/\/qayn.org\/wp-content\/uploads\/2017\/10\/video7-300x170.jpg 300w, https:\/\/qayn.org\/wp-content\/uploads\/2017\/10\/video7-700x397.jpg 700w\" sizes=\"auto, (max-width: 750px) 100vw, 750px\" \/><span class=\"qode_video_box_button_holder\"><span class=\"qode_video_box_button\"><span class=\"qode_video_box_button_arrow\"><\/span><\/span><\/span><\/a><\/div>[vc_separator type=&#8221;transparent&#8221; down=&#8221;15&#8243;][vc_column_text]<\/p>\n<h4>GAI<\/h4>\n<p>[\/vc_column_text][vc_column_text]Pour Gai, la condition de femme de sa m\u00e8re la r\u00e9volt\u00e9 depuis le bas \u00e2ge et \u00e0 contribuer \u00e0 sa prise de conscience entant que activiste. A travers son engagement au sein de QAYN, Gai a d\u00e9velopp\u00e9 sa propre compr\u00e9hension de son identit\u00e9 qui informe actuellement son activisme.[\/vc_column_text][\/vc_column_inner][vc_column_inner width=&#8221;1\/2&#8243;][\/vc_column_inner][\/vc_row_inner][\/vc_column][\/vc_row]<\/p>\n<\/div>","protected":false},"excerpt":{"rendered":"<p>[vc_row css_animation=&#8221;&#8221; row_type=&#8221;row&#8221; use_row_as_full_screen_section=&#8221;no&#8221; type=&#8221;full_width&#8221; angled_section=&#8221;no&#8221; text_align=&#8221;left&#8221; background_image_as_pattern=&#8221;without_pattern&#8221; background_color=&#8221;#8d0b22&#8243; padding_top=&#8221;50&#8243; padding_bottom=&#8221;50&#8243; el_class=&#8221;color_section video_top_wrapper&#8221;][vc_column][vc_row_inner row_type=&#8221;row&#8221; type=&#8221;grid&#8221; text_align=&#8221;left&#8221; css_animation=&#8221;&#8221;][vc_column_inner][vc_column_text] Visibility and engagement [\/vc_column_text][vc_separator type=&#8221;transparent&#8221; down=&#8221;10&#8243;][vc_column_text]How do we link our different struggles? To&#8230;<\/p>\n","protected":false},"author":1,"featured_media":0,"parent":0,"menu_order":0,"comment_status":"closed","ping_status":"closed","template":"full_width.php","meta":{"rs_blank_template":"","rs_page_bg_color":"","slide_template_v7":"","footnotes":""},"class_list":["post-208","page","type-page","status-publish","hentry"],"_links":{"self":[{"href":"https:\/\/qayn.org\/en\/wp-json\/wp\/v2\/pages\/208","targetHints":{"allow":["GET"]}}],"collection":[{"href":"https:\/\/qayn.org\/en\/wp-json\/wp\/v2\/pages"}],"about":[{"href":"https:\/\/qayn.org\/en\/wp-json\/wp\/v2\/types\/page"}],"author":[{"embeddable":true,"href":"https:\/\/qayn.org\/en\/wp-json\/wp\/v2\/users\/1"}],"replies":[{"embeddable":true,"href":"https:\/\/qayn.org\/en\/wp-json\/wp\/v2\/comments?post=208"}],"version-history":[{"count":33,"href":"https:\/\/qayn.org\/en\/wp-json\/wp\/v2\/pages\/208\/revisions"}],"predecessor-version":[{"id":2128,"href":"https:\/\/qayn.org\/en\/wp-json\/wp\/v2\/pages\/208\/revisions\/2128"}],"wp:attachment":[{"href":"https:\/\/qayn.org\/en\/wp-json\/wp\/v2\/media?parent=208"}],"curies":[{"name":"wp","href":"https:\/\/api.w.org\/{rel}","templated":true}]}}