{"id":1300,"date":"2017-11-20T10:50:49","date_gmt":"2017-11-20T10:50:49","guid":{"rendered":"http:\/\/qa.gtechdemo.com\/en\/activist-school\/"},"modified":"2017-12-14T05:18:59","modified_gmt":"2017-12-14T05:18:59","slug":"activist-school","status":"publish","type":"page","link":"https:\/\/qayn.org\/en\/activist-school\/","title":{"rendered":"Activist School"},"content":{"rendered":"<div class=\"wpb-content-wrapper\"><p>[vc_row css_animation=&#8221;&#8221; row_type=&#8221;row&#8221; use_row_as_full_screen_section=&#8221;no&#8221; type=&#8221;grid&#8221; angled_section=&#8221;no&#8221; text_align=&#8221;left&#8221; background_image_as_pattern=&#8221;without_pattern&#8221; padding_top=&#8221;50&#8243; padding_bottom=&#8221;50&#8243; el_class=&#8221;single_report_wrapper&#8221;][vc_column][vc_column_text]<span lang=\"FR\">Sous<\/span><span lang=\"FR\">\u00a0<\/span><span lang=\"FR\">le th\u00e8me,\u00a0<b>Activisme Queer F\u00e9ministe en Afrique de l\u2019Ouest Francophone \u2013 D\u00e9finitions, enjeux et opportunit\u00e9s<\/b>\u00a0la troisi\u00e8me Ecole Activiste de QAYN tenue en Juin 2016, a r\u00e9uni 33 activistes LBQFSF et trans* venant de 7 pays dont 6 de la sous-r\u00e9gion (B\u00e9nin, Burkina Faso, C\u00f4te d\u2019Ivoire, Mali, S\u00e9n\u00e9gal, Togo) et du Cameroun dans l\u2019objectif de revenir aux points de depart de notre activisme \u00e0 travers \u00e0 une r\u00e9flexion critique sur les engagements individuels et collectifs entant qu\u2019activistes LBQFSF et trans*\u00a0; \u00e0 examiner sous divers angles, le POURQUOI des engagements\u00a0; d\u2019affiner les compr\u00e9hensions des dimensions politiques des luttes dans lesquelles les participant-e-s s\u2019impliquent, pour ensemble, d\u00e9finir le COMMENT des actions.<\/span>[\/vc_column_text][vc_row_inner row_type=&#8221;row&#8221; type=&#8221;full_width&#8221; text_align=&#8221;center&#8221; padding_top=&#8221;10&#8243; padding_bottom=&#8221;30&#8243; css_animation=&#8221;&#8221;][vc_column_inner][vc_column_text]<\/p>\n<p style=\"text-align: center;\"><a class=\"fancybox-inline qbutton large center enlarge\" style=\"color: #ffffff; border-color: #eb7e2b; background-color: #eb7e2b; padding-left: 29px; padding-right: 29px;\" href=\"#contact_form_pop\" data-hover-background-color=\"#eb7e2b\" data-hover-border-color=\"#eb7e2b\" data-hover-color=\"#ffffff\">DOWNLOAD<\/a><\/p>\n<div class=\"fancybox-hidden\" style=\"display: none;\">\n<div id=\"contact_form_pop\" class=\"hentry popup_form_wapper\" style=\"width: 460px; max-width: 100%; text-align: center;\">\n<h3>Download Now!<\/h3>\n\n<div class=\"wpcf7 no-js\" id=\"wpcf7-f1291-o1\" lang=\"fr-FR\" dir=\"ltr\" data-wpcf7-id=\"1291\">\n<div class=\"screen-reader-response\"><p role=\"status\" aria-live=\"polite\" aria-atomic=\"true\"><\/p> <ul><\/ul><\/div>\n<form action=\"\/en\/wp-json\/wp\/v2\/pages\/1300#wpcf7-f1291-o1\" method=\"post\" class=\"wpcf7-form init\" aria-label=\"Formulaire de contact\" novalidate=\"novalidate\" data-status=\"init\">\n<fieldset class=\"hidden-fields-container\"><input type=\"hidden\" name=\"_wpcf7\" value=\"1291\" \/><input type=\"hidden\" name=\"_wpcf7_version\" value=\"6.1.5\" \/><input type=\"hidden\" name=\"_wpcf7_locale\" value=\"fr_FR\" \/><input type=\"hidden\" name=\"_wpcf7_unit_tag\" value=\"wpcf7-f1291-o1\" \/><input type=\"hidden\" name=\"_wpcf7_container_post\" value=\"0\" \/><input type=\"hidden\" name=\"_wpcf7_posted_data_hash\" value=\"\" \/>\n<\/fieldset>\n<p><label> <span class=\"wpcf7-form-control-wrap\" data-name=\"your-name\"><input size=\"40\" maxlength=\"400\" class=\"wpcf7-form-control wpcf7-text wpcf7-validates-as-required\" aria-required=\"true\" aria-invalid=\"false\" placeholder=\"Name\" value=\"\" type=\"text\" name=\"your-name\" \/><\/span> <\/label>\n<\/p>\n<p><label> <span class=\"wpcf7-form-control-wrap\" data-name=\"your-email\"><input size=\"40\" maxlength=\"400\" class=\"wpcf7-form-control wpcf7-email wpcf7-validates-as-required wpcf7-text wpcf7-validates-as-email\" aria-required=\"true\" aria-invalid=\"false\" placeholder=\"Email\" value=\"\" type=\"email\" name=\"your-email\" \/><\/span> <\/label>\n<\/p>\n<p><label> <span class=\"wpcf7-form-control-wrap\" data-name=\"text-912\"><input size=\"40\" maxlength=\"400\" class=\"wpcf7-form-control wpcf7-text wpcf7-validates-as-required\" aria-required=\"true\" aria-invalid=\"false\" placeholder=\"Country\" value=\"\" type=\"text\" name=\"text-912\" \/><\/span> <\/label>\n<\/p>\n<p><label> <span class=\"wpcf7-form-control-wrap\" data-name=\"text-913\"><input size=\"40\" maxlength=\"400\" class=\"wpcf7-form-control wpcf7-text wpcf7-validates-as-required\" aria-required=\"true\" aria-invalid=\"false\" placeholder=\"Affiliation\/Organization\" value=\"\" type=\"text\" name=\"text-913\" \/><\/span> <\/label>\n<\/p>\n<p><input class=\"wpcf7-form-control wpcf7-submit has-spinner\" type=\"submit\" value=\"DOWNLOAD\" \/>\n<\/p><div class=\"wpcf7-response-output\" aria-hidden=\"true\"><\/div>\n<\/form>\n<\/div>\n\n<\/div>\n<\/div>\n<p>[\/vc_column_text][\/vc_column_inner][\/vc_row_inner][vc_column_text]Le pr\u00e9sent rapport rend compte du d\u00e9roulement des 5 jours de l\u2019\u00e9cole des activistes.[\/vc_column_text][vc_row_inner row_type=&#8221;row&#8221; type=&#8221;full_width&#8221; text_align=&#8221;center&#8221; padding_top=&#8221;10&#8243; css_animation=&#8221;&#8221;][vc_column_inner]<a  itemprop=\"url\" href=\"http:\/\/qayn.org\/en\/movement-building\/\" target=\"_self\" data-hover-background-color=#eb7e2b data-hover-border-color=#eb7e2b data-hover-color=#ffffff class=\"qbutton  large center enlarge\" style=\"color: #ffffff; border-color: #eb7e2b; background-color: #eb7e2b;\">Return to Outcome Reports<\/a>[\/vc_column_inner][\/vc_row_inner][\/vc_column][\/vc_row]<\/p>\n<\/div>","protected":false},"excerpt":{"rendered":"<p>[vc_row css_animation=&#8221;&#8221; row_type=&#8221;row&#8221; use_row_as_full_screen_section=&#8221;no&#8221; type=&#8221;grid&#8221; angled_section=&#8221;no&#8221; text_align=&#8221;left&#8221; background_image_as_pattern=&#8221;without_pattern&#8221; padding_top=&#8221;50&#8243; padding_bottom=&#8221;50&#8243; el_class=&#8221;single_report_wrapper&#8221;][vc_column][vc_column_text]Sous\u00a0le th\u00e8me,\u00a0Activisme Queer F\u00e9ministe en Afrique de l\u2019Ouest Francophone \u2013 D\u00e9finitions, enjeux et opportunit\u00e9s\u00a0la troisi\u00e8me Ecole Activiste de QAYN tenue&#8230;<\/p>\n","protected":false},"author":1,"featured_media":0,"parent":0,"menu_order":0,"comment_status":"closed","ping_status":"closed","template":"full_width.php","meta":{"rs_blank_template":"","rs_page_bg_color":"","slide_template_v7":"","footnotes":""},"class_list":["post-1300","page","type-page","status-publish","hentry"],"_links":{"self":[{"href":"https:\/\/qayn.org\/en\/wp-json\/wp\/v2\/pages\/1300","targetHints":{"allow":["GET"]}}],"collection":[{"href":"https:\/\/qayn.org\/en\/wp-json\/wp\/v2\/pages"}],"about":[{"href":"https:\/\/qayn.org\/en\/wp-json\/wp\/v2\/types\/page"}],"author":[{"embeddable":true,"href":"https:\/\/qayn.org\/en\/wp-json\/wp\/v2\/users\/1"}],"replies":[{"embeddable":true,"href":"https:\/\/qayn.org\/en\/wp-json\/wp\/v2\/comments?post=1300"}],"version-history":[{"count":6,"href":"https:\/\/qayn.org\/en\/wp-json\/wp\/v2\/pages\/1300\/revisions"}],"predecessor-version":[{"id":1987,"href":"https:\/\/qayn.org\/en\/wp-json\/wp\/v2\/pages\/1300\/revisions\/1987"}],"wp:attachment":[{"href":"https:\/\/qayn.org\/en\/wp-json\/wp\/v2\/media?parent=1300"}],"curies":[{"name":"wp","href":"https:\/\/api.w.org\/{rel}","templated":true}]}}